{"id":8492,"date":"2026-05-05T15:34:50","date_gmt":"2026-05-05T12:34:50","guid":{"rendered":"https:\/\/atauni.edu.tr\/resim-bolumu\/?page_id=8492"},"modified":"2026-05-05T15:47:05","modified_gmt":"2026-05-05T12:47:05","slug":"lisansustu-dersler","status":"publish","type":"page","link":"https:\/\/atauni.edu.tr\/resim-bolumu\/lisansustu-dersler\/","title":{"rendered":"Lisans\u00fcst\u00fc Dersler"},"content":{"rendered":"\t\t<div data-elementor-type=\"wp-page\" data-elementor-id=\"8492\" class=\"elementor elementor-8492\" data-elementor-post-type=\"page\">\n\t\t\t\t\t\t<section class=\"elementor-section elementor-top-section elementor-element elementor-element-e31b32e elementor-section-boxed elementor-section-height-default elementor-section-height-default\" data-id=\"e31b32e\" data-element_type=\"section\">\n\t\t\t\t\t\t<div class=\"elementor-container elementor-column-gap-default\">\n\t\t\t\t\t<div class=\"elementor-column elementor-col-100 elementor-top-column elementor-element elementor-element-6bc8510\" data-id=\"6bc8510\" data-element_type=\"column\">\n\t\t\t<div class=\"elementor-widget-wrap elementor-element-populated\">\n\t\t\t\t\t\t<div class=\"elementor-element elementor-element-857a8c1 elementor-widget elementor-widget-text-editor\" data-id=\"857a8c1\" data-element_type=\"widget\" data-widget_type=\"text-editor.default\">\n\t\t\t\t<div class=\"elementor-widget-container\">\n\t\t\t\t\t\t\t\t\t<p><span style=\"font-weight: bolder\">G\u00fczel Sanatlar Enstit\u00fcs\u00fc\u2019ne ba\u011fl\u0131 Resim tezli y\u00fcksek lisans program\u0131na ait m\u00fcfredat derslerine eri\u015fmek i\u00e7in <a href=\"https:\/\/obs.atauni.edu.tr\/moduller\/dbp\/eobs\/birimDetay\/3296\/Resim%20-%20Sanat%20Dal%C4%B1%20-%20Tezli%20Y%C3%BCksek%20Lisans%20Program%C4%B1%20(3296)?\">buraya t\u0131klay\u0131n.<\/a><\/span><\/p>\n<p><em>A\u00e7\u0131lan sayfada \u201cM\u00fcfredat Dersleri ve AKTS Kredileri\u201d d\u00fc\u011fmesi t\u0131kland\u0131ktan sonra giri\u015f y\u0131l\u0131n\u0131 se\u00e7erek diledi\u011finiz y\u0131la ait m\u00fcfredat i\u00e7eri\u011fine eri\u015febilirsiniz.&nbsp;<\/em><\/p>\n<p><em>&nbsp;<\/em><span style=\"font-size: 1rem;letter-spacing: 0px\">Lisans\u00fcst\u00fc e\u011fitim hakk\u0131nda detayl\u0131 bilgi i\u00e7in<\/span><span style=\"font-size: 1rem;letter-spacing: 0px\">&nbsp;<\/span><a href=\"https:\/\/atauni.edu.tr\/guzel-sanatlar-enstitusu\" style=\"font-size: 1rem;letter-spacing: 0px\">buraya t\u0131klay\u0131n\u0131z.<\/a><\/p>\t\t\t\t\t\t\t\t<\/div>\n\t\t\t\t<\/div>\n\t\t\t\t\t<\/div>\n\t\t<\/div>\n\t\t\t\t\t<\/div>\n\t\t<\/section>\n\t\t\t\t<\/div>\n\t\t","protected":false},"excerpt":{"rendered":"<p>G\u00fczel Sanatlar Enstit\u00fcs\u00fc\u2019ne ba\u011fl\u0131 Resim tezli y\u00fcksek lisans program\u0131na ait m\u00fcfredat derslerine eri\u015fmek i\u00e7in buraya t\u0131klay\u0131n. A\u00e7\u0131lan sayfada \u201cM\u00fcfredat Dersleri ve AKTS Kredileri\u201d d\u00fc\u011fmesi t\u0131kland\u0131ktan sonra giri\u015f y\u0131l\u0131n\u0131 se\u00e7erek diledi\u011finiz y\u0131la ait m\u00fcfredat i\u00e7eri\u011fine eri\u015febilirsiniz.&nbsp; &nbsp;Lisans\u00fcst\u00fc e\u011fitim hakk\u0131nda detayl\u0131 bilgi i\u00e7in&nbsp;buraya t\u0131klay\u0131n\u0131z.<\/p>\n","protected":false},"author":133,"featured_media":0,"parent":0,"menu_order":0,"comment_status":"closed","ping_status":"closed","template":"","meta":{"footnotes":""},"class_list":["post-8492","page","type-page","status-publish","hentry"],"_links":{"self":[{"href":"https:\/\/atauni.edu.tr\/resim-bolumu\/wp-json\/wp\/v2\/pages\/8492","targetHints":{"allow":["GET"]}}],"collection":[{"href":"https:\/\/atauni.edu.tr\/resim-bolumu\/wp-json\/wp\/v2\/pages"}],"about":[{"href":"https:\/\/atauni.edu.tr\/resim-bolumu\/wp-json\/wp\/v2\/types\/page"}],"author":[{"embeddable":true,"href":"https:\/\/atauni.edu.tr\/resim-bolumu\/wp-json\/wp\/v2\/users\/133"}],"replies":[{"embeddable":true,"href":"https:\/\/atauni.edu.tr\/resim-bolumu\/wp-json\/wp\/v2\/comments?post=8492"}],"version-history":[{"count":7,"href":"https:\/\/atauni.edu.tr\/resim-bolumu\/wp-json\/wp\/v2\/pages\/8492\/revisions"}],"predecessor-version":[{"id":8501,"href":"https:\/\/atauni.edu.tr\/resim-bolumu\/wp-json\/wp\/v2\/pages\/8492\/revisions\/8501"}],"wp:attachment":[{"href":"https:\/\/atauni.edu.tr\/resim-bolumu\/wp-json\/wp\/v2\/media?parent=8492"}],"curies":[{"name":"wp","href":"https:\/\/api.w.org\/{rel}","templated":true}]}}