{"id":8525,"date":"2026-05-05T16:44:12","date_gmt":"2026-05-05T13:44:12","guid":{"rendered":"https:\/\/atauni.edu.tr\/resim-bolumu\/?page_id=8525"},"modified":"2026-05-06T09:47:52","modified_gmt":"2026-05-06T06:47:52","slug":"resim-programi-egitim-plani-2025-2026","status":"publish","type":"page","link":"https:\/\/atauni.edu.tr\/resim-bolumu\/resim-programi-egitim-plani-2025-2026\/","title":{"rendered":"Resim Program\u0131 E\u011fitim Plan\u0131 (2025-2026)"},"content":{"rendered":"\t\t<div data-elementor-type=\"wp-page\" data-elementor-id=\"8525\" class=\"elementor elementor-8525\" data-elementor-post-type=\"page\">\n\t\t\t\t\t\t<section class=\"elementor-section elementor-top-section elementor-element elementor-element-318d82a elementor-section-boxed elementor-section-height-default elementor-section-height-default\" data-id=\"318d82a\" data-element_type=\"section\">\n\t\t\t\t\t\t<div class=\"elementor-container elementor-column-gap-default\">\n\t\t\t\t\t<div class=\"elementor-column elementor-col-100 elementor-top-column elementor-element elementor-element-14e97ba\" data-id=\"14e97ba\" data-element_type=\"column\">\n\t\t\t<div class=\"elementor-widget-wrap elementor-element-populated\">\n\t\t\t\t\t\t<div class=\"elementor-element elementor-element-c6c8e84 elementor-widget elementor-widget-text-editor\" data-id=\"c6c8e84\" data-element_type=\"widget\" data-widget_type=\"text-editor.default\">\n\t\t\t\t<div class=\"elementor-widget-container\">\n\t\t\t\t\t\t\t\t\t<p style=\"margin: 0px 0px 1rem;line-height: 1.5em\">Resim B\u00f6l\u00fcm\u00fc lisans program\u0131nda a\u015fa\u011f\u0131daki dersler okutulmaktad\u0131r. E\u011fitim plan\u0131 yap\u0131sal olarak; zorunlu, se\u00e7meli ve \u00fcniversite se\u00e7meli tiplerinde olmak \u00fczere, alan i\u00e7i ve alan d\u0131\u015f\u0131 derslerden olu\u015fmaktad\u0131r. Alan i\u00e7i zorunlu ve se\u00e7meli dersler y\u00fcz y\u00fcze, alan d\u0131\u015f\u0131 ve \u00fcniversite se\u00e7meli dersler y\u00fcz y\u00fcze ve\/veya \u00e7evrimi\u00e7i \u015fekilde yap\u0131labilmektedir.\u00a0<\/p><div>\u00a0<\/div>\t\t\t\t\t\t\t\t<\/div>\n\t\t\t\t<\/div>\n\t\t\t\t\t<\/div>\n\t\t<\/div>\n\t\t\t\t\t<\/div>\n\t\t<\/section>\n\t\t\t\t<section class=\"elementor-section elementor-top-section elementor-element elementor-element-0a53a26 elementor-section-boxed elementor-section-height-default elementor-section-height-default\" data-id=\"0a53a26\" data-element_type=\"section\">\n\t\t\t\t\t\t<div class=\"elementor-container elementor-column-gap-default\">\n\t\t\t\t\t<div class=\"elementor-column elementor-col-100 elementor-top-column elementor-element elementor-element-1979a8c\" data-id=\"1979a8c\" data-element_type=\"column\">\n\t\t\t<div class=\"elementor-widget-wrap elementor-element-populated\">\n\t\t\t\t\t\t<div class=\"elementor-element elementor-element-2459c7d elementor-widget elementor-widget-heading\" data-id=\"2459c7d\" data-element_type=\"widget\" data-widget_type=\"heading.default\">\n\t\t\t\t<div class=\"elementor-widget-container\">\n\t\t\t\t\t<h2 class=\"elementor-heading-title elementor-size-default\"><h5 style=\"white-space: normal\">E\u011fitim plan\u0131 ders da\u011f\u0131l\u0131m\u0131 tablosu<span style=\"font-family: Roboto, sans-serif;font-size: 2rem;font-weight: 600;white-space: pre-wrap;letter-spacing: 0px;text-align: left;float: none\"><\/span><\/h5><\/h2>\t\t\t\t<\/div>\n\t\t\t\t<\/div>\n\t\t\t\t\t<\/div>\n\t\t<\/div>\n\t\t\t\t\t<\/div>\n\t\t<\/section>\n\t\t\t\t<section class=\"elementor-section elementor-top-section elementor-element elementor-element-7836ef6 elementor-section-boxed elementor-section-height-default elementor-section-height-default\" data-id=\"7836ef6\" data-element_type=\"section\">\n\t\t\t\t\t\t<div class=\"elementor-container elementor-column-gap-default\">\n\t\t\t\t\t<div class=\"elementor-column elementor-col-100 elementor-top-column elementor-element elementor-element-e9e6587\" data-id=\"e9e6587\" data-element_type=\"column\">\n\t\t\t<div class=\"elementor-widget-wrap elementor-element-populated\">\n\t\t\t\t\t\t<div class=\"elementor-element elementor-element-99d1caf elementor-widget elementor-widget-text-editor\" data-id=\"99d1caf\" data-element_type=\"widget\" data-widget_type=\"text-editor.default\">\n\t\t\t\t<div class=\"elementor-widget-container\">\n\t\t\t\t\t\t\t\t\t<table style=\"height: 394px\" width=\"599\">\n<tbody>\n<tr>\n<td width=\"235\">\n<p><strong>Ders T\u00fcr\u00fc<\/strong><\/p>\n<\/td>\n<td width=\"74\">\n<p><strong>Kredi<\/strong><\/p>\n<\/td>\n<td width=\"149\">\n<p><strong>Toplam Krediye Oran\u0131 (%)<\/strong><\/p>\n<\/td>\n<td width=\"86\">\n<p><strong>AKTS<\/strong><\/p>\n<\/td>\n<td width=\"138\">\n<p><strong>Toplam AKTS\u2019ye Oran\u0131 (%)<\/strong><\/p>\n<\/td>\n<\/tr>\n<tr>\n<td width=\"235\">\n<p>Alan i\u00e7i zorunlu ders<\/p>\n<\/td>\n<td width=\"74\">\n<p>89<\/p>\n<\/td>\n<td width=\"149\">\n<p>60,5<\/p>\n<\/td>\n<td width=\"86\">\n<p>152<\/p>\n<\/td>\n<td width=\"138\">\n<p>63,3<\/p>\n<\/td>\n<\/tr>\n<tr>\n<td width=\"235\">\n<p>Alan i\u00e7i se\u00e7meli ders<\/p>\n<\/td>\n<td width=\"74\">\n<p>28<\/p>\n<\/td>\n<td width=\"149\">\n<p>19,2<\/p>\n<\/td>\n<td width=\"86\">\n<p>42<\/p>\n<\/td>\n<td width=\"138\">\n<p>17,5<\/p>\n<\/td>\n<\/tr>\n<tr>\n<td width=\"235\">\n<p>Ortak zorunlu ders<\/p>\n<\/td>\n<td width=\"74\">\n<p>18<\/p>\n<\/td>\n<td width=\"149\">\n<p>12,3<\/p>\n<\/td>\n<td width=\"86\">\n<p>28<\/p>\n<\/td>\n<td width=\"138\">\n<p>11,7<\/p>\n<\/td>\n<\/tr>\n<tr>\n<td width=\"235\">\n<p>\u00dcniversite se\u00e7meli ders<\/p>\n<\/td>\n<td width=\"74\">\n<p>12<\/p>\n<\/td>\n<td width=\"149\">\n<p>7,5<\/p>\n<\/td>\n<td width=\"86\">\n<p>18<\/p>\n<\/td>\n<td width=\"138\">\n<p>7,5<\/p>\n<\/td>\n<\/tr>\n<tr>\n<td width=\"235\">\n<p><strong>TOPLAM<\/strong><\/p>\n<\/td>\n<td width=\"74\">\n<p><strong>147<\/strong><\/p>\n<\/td>\n<td width=\"149\">\n<p>100<\/p>\n<\/td>\n<td width=\"86\">\n<p><strong>240<\/strong><\/p>\n<\/td>\n<td width=\"138\">\n<p>100<\/p>\n<\/td>\n<\/tr>\n<\/tbody>\n<\/table>\t\t\t\t\t\t\t\t<\/div>\n\t\t\t\t<\/div>\n\t\t\t\t\t<\/div>\n\t\t<\/div>\n\t\t\t\t\t<\/div>\n\t\t<\/section>\n\t\t\t\t<section class=\"elementor-section elementor-top-section elementor-element elementor-element-16ca658 elementor-section-boxed elementor-section-height-default elementor-section-height-default\" data-id=\"16ca658\" data-element_type=\"section\">\n\t\t\t\t\t\t<div class=\"elementor-container elementor-column-gap-default\">\n\t\t\t\t\t<div class=\"elementor-column elementor-col-100 elementor-top-column elementor-element elementor-element-b1f5ac1\" data-id=\"b1f5ac1\" data-element_type=\"column\">\n\t\t\t<div class=\"elementor-widget-wrap elementor-element-populated\">\n\t\t\t\t\t\t<div class=\"elementor-element elementor-element-bbecf29 elementor-widget elementor-widget-text-editor\" data-id=\"bbecf29\" data-element_type=\"widget\" data-widget_type=\"text-editor.default\">\n\t\t\t\t<div class=\"elementor-widget-container\">\n\t\t\t\t\t\t\t\t\t<p>Alan i\u00e7i zorunlu ders say\u0131s\u0131 \u2013 26<\/p><p>Alan i\u00e7i se\u00e7meli ders havuzunda yer alan ders say\u0131s\u0131 \u2013 18<\/p>\t\t\t\t\t\t\t\t<\/div>\n\t\t\t\t<\/div>\n\t\t\t\t\t<\/div>\n\t\t<\/div>\n\t\t\t\t\t<\/div>\n\t\t<\/section>\n\t\t\t\t<\/div>\n\t\t","protected":false},"excerpt":{"rendered":"<p>Resim B\u00f6l\u00fcm\u00fc lisans program\u0131nda a\u015fa\u011f\u0131daki dersler okutulmaktad\u0131r. E\u011fitim plan\u0131 yap\u0131sal olarak; zorunlu, se\u00e7meli ve \u00fcniversite se\u00e7meli tiplerinde olmak \u00fczere, alan i\u00e7i ve alan d\u0131\u015f\u0131 derslerden olu\u015fmaktad\u0131r. Alan i\u00e7i zorunlu ve se\u00e7meli dersler y\u00fcz y\u00fcze, alan d\u0131\u015f\u0131 ve \u00fcniversite se\u00e7meli dersler y\u00fcz y\u00fcze ve\/veya \u00e7evrimi\u00e7i \u015fekilde yap\u0131labilmektedir.\u00a0 \u00a0 E\u011fitim plan\u0131 ders da\u011f\u0131l\u0131m\u0131 tablosu Ders T\u00fcr\u00fc Kredi [&hellip;]<\/p>\n","protected":false},"author":133,"featured_media":0,"parent":0,"menu_order":0,"comment_status":"closed","ping_status":"closed","template":"","meta":{"footnotes":""},"class_list":["post-8525","page","type-page","status-publish","hentry"],"_links":{"self":[{"href":"https:\/\/atauni.edu.tr\/resim-bolumu\/wp-json\/wp\/v2\/pages\/8525","targetHints":{"allow":["GET"]}}],"collection":[{"href":"https:\/\/atauni.edu.tr\/resim-bolumu\/wp-json\/wp\/v2\/pages"}],"about":[{"href":"https:\/\/atauni.edu.tr\/resim-bolumu\/wp-json\/wp\/v2\/types\/page"}],"author":[{"embeddable":true,"href":"https:\/\/atauni.edu.tr\/resim-bolumu\/wp-json\/wp\/v2\/users\/133"}],"replies":[{"embeddable":true,"href":"https:\/\/atauni.edu.tr\/resim-bolumu\/wp-json\/wp\/v2\/comments?post=8525"}],"version-history":[{"count":13,"href":"https:\/\/atauni.edu.tr\/resim-bolumu\/wp-json\/wp\/v2\/pages\/8525\/revisions"}],"predecessor-version":[{"id":8558,"href":"https:\/\/atauni.edu.tr\/resim-bolumu\/wp-json\/wp\/v2\/pages\/8525\/revisions\/8558"}],"wp:attachment":[{"href":"https:\/\/atauni.edu.tr\/resim-bolumu\/wp-json\/wp\/v2\/media?parent=8525"}],"curies":[{"name":"wp","href":"https:\/\/api.w.org\/{rel}","templated":true}]}}