{"id":8635,"date":"2026-05-06T13:02:22","date_gmt":"2026-05-06T10:02:22","guid":{"rendered":"https:\/\/atauni.edu.tr\/resim-bolumu\/?page_id=8635"},"modified":"2026-05-06T14:30:50","modified_gmt":"2026-05-06T11:30:50","slug":"paydaslarimiz","status":"publish","type":"page","link":"https:\/\/atauni.edu.tr\/resim-bolumu\/paydaslarimiz\/","title":{"rendered":"Payda\u015flar\u0131m\u0131z"},"content":{"rendered":"\t\t<div data-elementor-type=\"wp-page\" data-elementor-id=\"8635\" class=\"elementor elementor-8635\" data-elementor-post-type=\"page\">\n\t\t\t\t\t\t<section class=\"elementor-section elementor-top-section elementor-element elementor-element-f3ba69a elementor-section-boxed elementor-section-height-default elementor-section-height-default\" data-id=\"f3ba69a\" data-element_type=\"section\">\n\t\t\t\t\t\t<div class=\"elementor-container elementor-column-gap-default\">\n\t\t\t\t\t<div class=\"elementor-column elementor-col-100 elementor-top-column elementor-element elementor-element-a56874c\" data-id=\"a56874c\" data-element_type=\"column\">\n\t\t\t<div class=\"elementor-widget-wrap elementor-element-populated\">\n\t\t\t\t\t\t<div class=\"elementor-element elementor-element-0c48e0f elementor-widget elementor-widget-text-editor\" data-id=\"0c48e0f\" data-element_type=\"widget\" data-widget_type=\"text-editor.default\">\n\t\t\t\t<div class=\"elementor-widget-container\">\n\t\t\t\t\t\t\t\t\t<h1>Payda\u015flar\u0131m\u0131z<\/h1>\n<div data-elementor-type=\"wp-page\" data-elementor-id=\"7624\" data-elementor-post-type=\"page\">\n<section data-id=\"6b848d4\" data-element_type=\"section\">\n<div>\n<div data-id=\"dc5edce\" data-element_type=\"column\">\n<div>\n<div data-id=\"9e6566e\" data-element_type=\"widget\" data-widget_type=\"text-editor.default\">\n<div>\n<h3>\u0130\u00e7 Payda\u015flar\u0131m\u0131z<\/h3>\n<ul>\n<li>B\u00f6l\u00fcm \u00f6\u011fretim elemanlar\u0131<\/li>\n<li>\u00d6\u011frencilerimiz<\/li>\n<\/ul>\n<h3>D\u0131\u015f Payda\u015flar\u0131m\u0131z<\/h3>\n<ul>\n<li>Mezunlar\u0131m\u0131z<\/li>\n<li>Fak\u00fclte ya da \u00fcniversitenin di\u011fer birimlerindeki \u00d6\u011fretim Elemanlar\u0131<\/li>\n<li>Sivil Toplum Kurulu\u015flar\u0131 (Toplumsal Duyarl\u0131l\u0131k Projeleri kapsam\u0131nda farkl\u0131 kurulu\u015flarla y\u00fcr\u00fct\u00fclen \u00e7al\u0131\u015fmalardan hareketle baz\u0131 \u00f6rnekler a\u015fa\u011f\u0131da sunulmu\u015ftur.)\n<ul>\n<li>L\u00f6sev<\/li>\n<li>TEMA<\/li><li>K\u0131z\u0131lay<\/li>\n<\/ul>\n<\/li>\n<li>T\u00fcrkiye Radyo Televizyon Kurumu (TRT)<\/li>\n<li>T.C. K\u00fclt\u00fcr ve Turizm Bakanl\u0131\u011f\u0131<\/li>\n<li>T.C. Mill\u00ee E\u011fitim Bakanl\u0131\u011f\u0131<\/li>\n<li>T.C. Gen\u00e7lik ve Spor Bakanl\u0131\u011f\u0131<\/li>\n<li>Anaokullar\u0131<\/li>\n<li>\u00d6zel Okullar<\/li>\n<li>Aile ve Sosyal Hizmetler Bakanl\u0131\u011f\u0131<\/li>\n<li>Resim alan\u0131nda \u00e7al\u0131\u015fmalar yapan akademisyenler, ba\u011f\u0131ms\u0131z ressamlar ve destek kurulu\u015flar\u0131<\/li>\n<li>M\u00fczik yay\u0131nc\u0131l\u0131\u011f\u0131 yapan bas\u0131n kurulu\u015flar\u0131 ba\u015fta olmak \u00fczere t\u00fcm medya organizasyonlar\u0131<\/li>\n<li>G\u00f6rsel Sanatlar Derne\u011fi (GSD)<\/li>\n<li>T\u00fcrkiye Ressamlar Derne\u011fi<\/li>\n<li>M\u00fczeler ve sanat galerileri ba\u015fta olmak \u00fczere, k\u00fclt\u00fcr ve sanat alan\u0131nda faaliyet g\u00f6steren t\u00fcm kurum ve kurulu\u015flar.<\/li>\n<\/ul>\n<\/div>\n<\/div>\n<\/div>\n<\/div>\n<\/div>\n<\/section>\n<\/div>\t\t\t\t\t\t\t\t<\/div>\n\t\t\t\t<\/div>\n\t\t\t\t\t<\/div>\n\t\t<\/div>\n\t\t\t\t\t<\/div>\n\t\t<\/section>\n\t\t\t\t<\/div>\n\t\t","protected":false},"excerpt":{"rendered":"<p>Payda\u015flar\u0131m\u0131z \u0130\u00e7 Payda\u015flar\u0131m\u0131z B\u00f6l\u00fcm \u00f6\u011fretim elemanlar\u0131 \u00d6\u011frencilerimiz D\u0131\u015f Payda\u015flar\u0131m\u0131z Mezunlar\u0131m\u0131z Fak\u00fclte ya da \u00fcniversitenin di\u011fer birimlerindeki \u00d6\u011fretim Elemanlar\u0131 Sivil Toplum Kurulu\u015flar\u0131 (Toplumsal Duyarl\u0131l\u0131k Projeleri kapsam\u0131nda farkl\u0131 kurulu\u015flarla y\u00fcr\u00fct\u00fclen \u00e7al\u0131\u015fmalardan hareketle baz\u0131 \u00f6rnekler a\u015fa\u011f\u0131da sunulmu\u015ftur.) L\u00f6sev TEMA K\u0131z\u0131lay T\u00fcrkiye Radyo Televizyon Kurumu (TRT) T.C. K\u00fclt\u00fcr ve Turizm Bakanl\u0131\u011f\u0131 T.C. Mill\u00ee E\u011fitim Bakanl\u0131\u011f\u0131 T.C. Gen\u00e7lik ve Spor [&hellip;]<\/p>\n","protected":false},"author":133,"featured_media":0,"parent":0,"menu_order":0,"comment_status":"closed","ping_status":"closed","template":"","meta":{"footnotes":""},"class_list":["post-8635","page","type-page","status-publish","hentry"],"_links":{"self":[{"href":"https:\/\/atauni.edu.tr\/resim-bolumu\/wp-json\/wp\/v2\/pages\/8635","targetHints":{"allow":["GET"]}}],"collection":[{"href":"https:\/\/atauni.edu.tr\/resim-bolumu\/wp-json\/wp\/v2\/pages"}],"about":[{"href":"https:\/\/atauni.edu.tr\/resim-bolumu\/wp-json\/wp\/v2\/types\/page"}],"author":[{"embeddable":true,"href":"https:\/\/atauni.edu.tr\/resim-bolumu\/wp-json\/wp\/v2\/users\/133"}],"replies":[{"embeddable":true,"href":"https:\/\/atauni.edu.tr\/resim-bolumu\/wp-json\/wp\/v2\/comments?post=8635"}],"version-history":[{"count":4,"href":"https:\/\/atauni.edu.tr\/resim-bolumu\/wp-json\/wp\/v2\/pages\/8635\/revisions"}],"predecessor-version":[{"id":8641,"href":"https:\/\/atauni.edu.tr\/resim-bolumu\/wp-json\/wp\/v2\/pages\/8635\/revisions\/8641"}],"wp:attachment":[{"href":"https:\/\/atauni.edu.tr\/resim-bolumu\/wp-json\/wp\/v2\/media?parent=8635"}],"curies":[{"name":"wp","href":"https:\/\/api.w.org\/{rel}","templated":true}]}}