{"id":8643,"date":"2026-05-06T14:37:57","date_gmt":"2026-05-06T11:37:57","guid":{"rendered":"https:\/\/atauni.edu.tr\/resim-bolumu\/?page_id=8643"},"modified":"2026-05-06T14:39:51","modified_gmt":"2026-05-06T11:39:51","slug":"resim-bolumu-ogretim-elemanlari-ic-paydas-memnuniyet-anketi","status":"publish","type":"page","link":"https:\/\/atauni.edu.tr\/resim-bolumu\/resim-bolumu-ogretim-elemanlari-ic-paydas-memnuniyet-anketi\/","title":{"rendered":"Resim B\u00f6l\u00fcm\u00fc \u00d6\u011fretim Elemanlar\u0131 (\u0130\u00e7 Payda\u015f) Memnuniyet Anketi"},"content":{"rendered":"\t\t<div data-elementor-type=\"wp-page\" data-elementor-id=\"8643\" class=\"elementor elementor-8643\" data-elementor-post-type=\"page\">\n\t\t\t\t\t\t<section class=\"elementor-section elementor-top-section elementor-element elementor-element-441353e elementor-section-boxed elementor-section-height-default elementor-section-height-default\" data-id=\"441353e\" data-element_type=\"section\">\n\t\t\t\t\t\t<div class=\"elementor-container elementor-column-gap-default\">\n\t\t\t\t\t<div class=\"elementor-column elementor-col-100 elementor-top-column elementor-element elementor-element-f9b4782\" data-id=\"f9b4782\" data-element_type=\"column\">\n\t\t\t<div class=\"elementor-widget-wrap elementor-element-populated\">\n\t\t\t\t\t\t<div class=\"elementor-element elementor-element-5bf4f5b elementor-widget elementor-widget-text-editor\" data-id=\"5bf4f5b\" data-element_type=\"widget\" data-widget_type=\"text-editor.default\">\n\t\t\t\t<div class=\"elementor-widget-container\">\n\t\t\t\t\t\t\t\t\t<p>Resim B\u00f6l\u00fcm\u00fc \u00d6\u011fretim Elemanlar\u0131 (\u0130\u00e7 Payda\u015f) Memnuniyet Anketi, b\u00f6l\u00fcm\u00fcm\u00fcz\u00fcn e\u011fitim-\u00f6\u011fretim s\u00fcre\u00e7lerinin de\u011ferlendirilmesi ve s\u00fcrekli iyile\u015ftirilmesi amac\u0131yla haz\u0131rlanm\u0131\u015ft\u0131r. Bu anket ile \u00f6\u011fretim elemanlar\u0131n\u0131n g\u00f6r\u00fc\u015f, \u00f6neri ve memnuniyet d\u00fczeyleri d\u00fczenli olarak izlenerek b\u00f6l\u00fcm i\u00e7i kalite geli\u015ftirme \u00e7al\u0131\u015fmalar\u0131na katk\u0131 sa\u011flanmas\u0131 hedeflenmektedir.<\/p><p>Anketi doldurmak i\u00e7in <a href=\"https:\/\/forms.gle\/ja9PUQpDRhjAsQNL8\"><span style=\"text-decoration: underline\">t\u0131klay\u0131n\u0131z.<\/span><\/a><\/p>\t\t\t\t\t\t\t\t<\/div>\n\t\t\t\t<\/div>\n\t\t\t\t\t<\/div>\n\t\t<\/div>\n\t\t\t\t\t<\/div>\n\t\t<\/section>\n\t\t\t\t<\/div>\n\t\t","protected":false},"excerpt":{"rendered":"<p>Resim B\u00f6l\u00fcm\u00fc \u00d6\u011fretim Elemanlar\u0131 (\u0130\u00e7 Payda\u015f) Memnuniyet Anketi, b\u00f6l\u00fcm\u00fcm\u00fcz\u00fcn e\u011fitim-\u00f6\u011fretim s\u00fcre\u00e7lerinin de\u011ferlendirilmesi ve s\u00fcrekli iyile\u015ftirilmesi amac\u0131yla haz\u0131rlanm\u0131\u015ft\u0131r. Bu anket ile \u00f6\u011fretim elemanlar\u0131n\u0131n g\u00f6r\u00fc\u015f, \u00f6neri ve memnuniyet d\u00fczeyleri d\u00fczenli olarak izlenerek b\u00f6l\u00fcm i\u00e7i kalite geli\u015ftirme \u00e7al\u0131\u015fmalar\u0131na katk\u0131 sa\u011flanmas\u0131 hedeflenmektedir. Anketi doldurmak i\u00e7in t\u0131klay\u0131n\u0131z.<\/p>\n","protected":false},"author":133,"featured_media":0,"parent":0,"menu_order":0,"comment_status":"closed","ping_status":"closed","template":"","meta":{"footnotes":""},"class_list":["post-8643","page","type-page","status-publish","hentry"],"_links":{"self":[{"href":"https:\/\/atauni.edu.tr\/resim-bolumu\/wp-json\/wp\/v2\/pages\/8643","targetHints":{"allow":["GET"]}}],"collection":[{"href":"https:\/\/atauni.edu.tr\/resim-bolumu\/wp-json\/wp\/v2\/pages"}],"about":[{"href":"https:\/\/atauni.edu.tr\/resim-bolumu\/wp-json\/wp\/v2\/types\/page"}],"author":[{"embeddable":true,"href":"https:\/\/atauni.edu.tr\/resim-bolumu\/wp-json\/wp\/v2\/users\/133"}],"replies":[{"embeddable":true,"href":"https:\/\/atauni.edu.tr\/resim-bolumu\/wp-json\/wp\/v2\/comments?post=8643"}],"version-history":[{"count":4,"href":"https:\/\/atauni.edu.tr\/resim-bolumu\/wp-json\/wp\/v2\/pages\/8643\/revisions"}],"predecessor-version":[{"id":8648,"href":"https:\/\/atauni.edu.tr\/resim-bolumu\/wp-json\/wp\/v2\/pages\/8643\/revisions\/8648"}],"wp:attachment":[{"href":"https:\/\/atauni.edu.tr\/resim-bolumu\/wp-json\/wp\/v2\/media?parent=8643"}],"curies":[{"name":"wp","href":"https:\/\/api.w.org\/{rel}","templated":true}]}}