{"id":8649,"date":"2026-05-06T14:41:57","date_gmt":"2026-05-06T11:41:57","guid":{"rendered":"https:\/\/atauni.edu.tr\/resim-bolumu\/?page_id=8649"},"modified":"2026-05-06T14:42:55","modified_gmt":"2026-05-06T11:42:55","slug":"resim-bolumu-danisman-degerlendirme-anketi","status":"publish","type":"page","link":"https:\/\/atauni.edu.tr\/resim-bolumu\/resim-bolumu-danisman-degerlendirme-anketi\/","title":{"rendered":"Resim B\u00f6l\u00fcm\u00fc\u00a0Dan\u0131\u015fman De\u011ferlendirme Anketi\u00a0\u00a0"},"content":{"rendered":"\t\t<div data-elementor-type=\"wp-page\" data-elementor-id=\"8649\" class=\"elementor elementor-8649\" data-elementor-post-type=\"page\">\n\t\t\t\t\t\t<section class=\"elementor-section elementor-top-section elementor-element elementor-element-25539ae elementor-section-boxed elementor-section-height-default elementor-section-height-default\" data-id=\"25539ae\" data-element_type=\"section\">\n\t\t\t\t\t\t<div class=\"elementor-container elementor-column-gap-default\">\n\t\t\t\t\t<div class=\"elementor-column elementor-col-100 elementor-top-column elementor-element elementor-element-53cccfc\" data-id=\"53cccfc\" data-element_type=\"column\">\n\t\t\t<div class=\"elementor-widget-wrap elementor-element-populated\">\n\t\t\t\t\t\t<div class=\"elementor-element elementor-element-447eb7f elementor-widget elementor-widget-text-editor\" data-id=\"447eb7f\" data-element_type=\"widget\" data-widget_type=\"text-editor.default\">\n\t\t\t\t<div class=\"elementor-widget-container\">\n\t\t\t\t\t\t\t\t\t<div class=\"pointer-events-none -mt-px h-px translate-y-[calc(var(--scroll-root-safe-area-inset-bottom)-14*var(--spacing))]\" aria-hidden=\"true\">\u00a0<\/div><section class=\"text-token-text-primary w-full focus:outline-none [--shadow-height:45px] has-data-writing-block:pointer-events-none has-data-writing-block:-mt-(--shadow-height) has-data-writing-block:pt-(--shadow-height) [&amp;:has([data-writing-block])&gt;*]:pointer-events-auto [content-visibility:auto] supports-[content-visibility:auto]:[contain-intrinsic-size:auto_100lvh] R6Vx5W_threadScrollVars scroll-mb-[calc(var(--scroll-root-safe-area-inset-bottom,0px)+var(--thread-response-height))] scroll-mt-[calc(var(--header-height)+min(200px,max(70px,20svh)))]\" dir=\"auto\" data-turn-id=\"request-WEB:2b2890b7-c1f3-4788-96c8-306d99f26c5c-8\" data-testid=\"conversation-turn-4\" data-scroll-anchor=\"false\" data-turn=\"assistant\"><div class=\"text-base my-auto mx-auto pb-10 [--thread-content-margin:var(--thread-content-margin-xs,calc(var(--spacing)*4))] @w-sm\/main:[--thread-content-margin:var(--thread-content-margin-sm,calc(var(--spacing)*6))] @w-lg\/main:[--thread-content-margin:var(--thread-content-margin-lg,calc(var(--spacing)*16))] px-(--thread-content-margin)\"><div class=\"[--thread-content-max-width:40rem] @w-lg\/main:[--thread-content-max-width:48rem] mx-auto max-w-(--thread-content-max-width) flex-1 group\/turn-messages focus-visible:outline-hidden relative flex w-full min-w-0 flex-col agent-turn\"><div class=\"flex max-w-full flex-col gap-4 grow\"><div class=\"min-h-8 text-message relative flex w-full flex-col items-end gap-2 text-start break-words whitespace-normal outline-none keyboard-focused:focus-ring [.text-message+&amp;]:mt-1\" dir=\"auto\" data-message-author-role=\"assistant\" data-message-id=\"5a3dade8-b1bb-48b3-979d-2e8d0e5f4361\" data-message-model-slug=\"gpt-5-3-mini\" data-turn-start-message=\"true\"><div class=\"flex w-full flex-col gap-1 empty:hidden\"><div class=\"markdown prose dark:prose-invert w-full wrap-break-word light markdown-new-styling\"><p data-start=\"0\" data-end=\"309\" data-is-last-node=\"\" data-is-only-node=\"\">Resim B\u00f6l\u00fcm\u00fc Dan\u0131\u015fman De\u011ferlendirme Anketi, \u00f6\u011frencilerin akademik dan\u0131\u015fmanl\u0131k s\u00fcrecine ili\u015fkin deneyim, g\u00f6r\u00fc\u015f ve memnuniyet d\u00fczeylerini belirlemek amac\u0131yla haz\u0131rlanm\u0131\u015ft\u0131r. Bu anket ile dan\u0131\u015fmanl\u0131k hizmetlerinin etkinli\u011fi de\u011ferlendirilerek b\u00f6l\u00fcm i\u00e7i iyile\u015ftirme \u00e7al\u0131\u015fmalar\u0131na katk\u0131 sa\u011flanmas\u0131 hedeflenmektedir.<\/p><p data-start=\"0\" data-end=\"309\" data-is-last-node=\"\" data-is-only-node=\"\">Anketi doldurmak i\u00e7in <a href=\"https:\/\/forms.gle\/MdyeCW9WE8MZn7hR8\"><span style=\"text-decoration: underline\">t\u0131klay\u0131n\u0131z.<\/span><\/a><\/p><\/div><\/div><\/div><\/div><div class=\"z-0 flex min-h-[46px] justify-start\">\u00a0<\/div><div class=\"mt-3 w-full empty:hidden\"><div class=\"text-center\">\u00a0<\/div><\/div><\/div><\/div><\/section>\t\t\t\t\t\t\t\t<\/div>\n\t\t\t\t<\/div>\n\t\t\t\t\t<\/div>\n\t\t<\/div>\n\t\t\t\t\t<\/div>\n\t\t<\/section>\n\t\t\t\t<\/div>\n\t\t","protected":false},"excerpt":{"rendered":"<p>\u00a0 Resim B\u00f6l\u00fcm\u00fc Dan\u0131\u015fman De\u011ferlendirme Anketi, \u00f6\u011frencilerin akademik dan\u0131\u015fmanl\u0131k s\u00fcrecine ili\u015fkin deneyim, g\u00f6r\u00fc\u015f ve memnuniyet d\u00fczeylerini belirlemek amac\u0131yla haz\u0131rlanm\u0131\u015ft\u0131r. Bu anket ile dan\u0131\u015fmanl\u0131k hizmetlerinin etkinli\u011fi de\u011ferlendirilerek b\u00f6l\u00fcm i\u00e7i iyile\u015ftirme \u00e7al\u0131\u015fmalar\u0131na katk\u0131 sa\u011flanmas\u0131 hedeflenmektedir. Anketi doldurmak i\u00e7in t\u0131klay\u0131n\u0131z. \u00a0\u00a0<\/p>\n","protected":false},"author":133,"featured_media":0,"parent":0,"menu_order":0,"comment_status":"closed","ping_status":"closed","template":"","meta":{"footnotes":""},"class_list":["post-8649","page","type-page","status-publish","hentry"],"_links":{"self":[{"href":"https:\/\/atauni.edu.tr\/resim-bolumu\/wp-json\/wp\/v2\/pages\/8649","targetHints":{"allow":["GET"]}}],"collection":[{"href":"https:\/\/atauni.edu.tr\/resim-bolumu\/wp-json\/wp\/v2\/pages"}],"about":[{"href":"https:\/\/atauni.edu.tr\/resim-bolumu\/wp-json\/wp\/v2\/types\/page"}],"author":[{"embeddable":true,"href":"https:\/\/atauni.edu.tr\/resim-bolumu\/wp-json\/wp\/v2\/users\/133"}],"replies":[{"embeddable":true,"href":"https:\/\/atauni.edu.tr\/resim-bolumu\/wp-json\/wp\/v2\/comments?post=8649"}],"version-history":[{"count":4,"href":"https:\/\/atauni.edu.tr\/resim-bolumu\/wp-json\/wp\/v2\/pages\/8649\/revisions"}],"predecessor-version":[{"id":8654,"href":"https:\/\/atauni.edu.tr\/resim-bolumu\/wp-json\/wp\/v2\/pages\/8649\/revisions\/8654"}],"wp:attachment":[{"href":"https:\/\/atauni.edu.tr\/resim-bolumu\/wp-json\/wp\/v2\/media?parent=8649"}],"curies":[{"name":"wp","href":"https:\/\/api.w.org\/{rel}","templated":true}]}}