{"id":8655,"date":"2026-05-06T14:43:17","date_gmt":"2026-05-06T11:43:17","guid":{"rendered":"https:\/\/atauni.edu.tr\/resim-bolumu\/?page_id=8655"},"modified":"2026-05-06T14:44:18","modified_gmt":"2026-05-06T11:44:18","slug":"ogrenci-ders-degerlendirme-ve-akts-is-yuku-anketi","status":"publish","type":"page","link":"https:\/\/atauni.edu.tr\/resim-bolumu\/ogrenci-ders-degerlendirme-ve-akts-is-yuku-anketi\/","title":{"rendered":"\u00d6\u011frenci Ders De\u011ferlendirme ve AKTS \u0130\u015f Y\u00fck\u00fc Anketi"},"content":{"rendered":"\t\t<div data-elementor-type=\"wp-page\" data-elementor-id=\"8655\" class=\"elementor elementor-8655\" data-elementor-post-type=\"page\">\n\t\t\t\t\t\t<section class=\"elementor-section elementor-top-section elementor-element elementor-element-b12d58e elementor-section-boxed elementor-section-height-default elementor-section-height-default\" data-id=\"b12d58e\" data-element_type=\"section\">\n\t\t\t\t\t\t<div class=\"elementor-container elementor-column-gap-default\">\n\t\t\t\t\t<div class=\"elementor-column elementor-col-100 elementor-top-column elementor-element elementor-element-c0cffbd\" data-id=\"c0cffbd\" data-element_type=\"column\">\n\t\t\t<div class=\"elementor-widget-wrap elementor-element-populated\">\n\t\t\t\t\t\t<div class=\"elementor-element elementor-element-35e41be elementor-widget elementor-widget-text-editor\" data-id=\"35e41be\" data-element_type=\"widget\" data-widget_type=\"text-editor.default\">\n\t\t\t\t<div class=\"elementor-widget-container\">\n\t\t\t\t\t\t\t\t\t<p>\u00d6\u011frenci Ders De\u011ferlendirme ve AKTS \u0130\u015f Y\u00fck\u00fc Anketi, \u00f6\u011frencilerin ald\u0131klar\u0131 derslerin i\u00e7eri\u011fi, i\u015fleni\u015fi ve \u00f6\u011frenme kazan\u0131mlar\u0131na ili\u015fkin g\u00f6r\u00fc\u015flerini almak amac\u0131yla haz\u0131rlanm\u0131\u015ft\u0131r. Ayr\u0131ca derslerin AKTS kapsam\u0131nda \u00f6ng\u00f6r\u00fclen i\u015f y\u00fck\u00fcn\u00fcn \u00f6\u011frenci deneyimiyle ne \u00f6l\u00e7\u00fcde \u00f6rt\u00fc\u015ft\u00fc\u011f\u00fcn\u00fc de\u011ferlendirmeye y\u00f6nelik veriler toplanarak e\u011fitim-\u00f6\u011fretim s\u00fcre\u00e7lerinin geli\u015ftirilmesine katk\u0131 sa\u011flanmas\u0131 hedeflenmektedir.<\/p><p>Anketi doldurmak i\u00e7in <a href=\"https:\/\/forms.gle\/V3MEagDRyWwMERoh8\"><span style=\"text-decoration: underline\">t\u0131klay\u0131n\u0131z.<\/span><\/a><\/p>\t\t\t\t\t\t\t\t<\/div>\n\t\t\t\t<\/div>\n\t\t\t\t\t<\/div>\n\t\t<\/div>\n\t\t\t\t\t<\/div>\n\t\t<\/section>\n\t\t\t\t<\/div>\n\t\t","protected":false},"excerpt":{"rendered":"<p>\u00d6\u011frenci Ders De\u011ferlendirme ve AKTS \u0130\u015f Y\u00fck\u00fc Anketi, \u00f6\u011frencilerin ald\u0131klar\u0131 derslerin i\u00e7eri\u011fi, i\u015fleni\u015fi ve \u00f6\u011frenme kazan\u0131mlar\u0131na ili\u015fkin g\u00f6r\u00fc\u015flerini almak amac\u0131yla haz\u0131rlanm\u0131\u015ft\u0131r. Ayr\u0131ca derslerin AKTS kapsam\u0131nda \u00f6ng\u00f6r\u00fclen i\u015f y\u00fck\u00fcn\u00fcn \u00f6\u011frenci deneyimiyle ne \u00f6l\u00e7\u00fcde \u00f6rt\u00fc\u015ft\u00fc\u011f\u00fcn\u00fc de\u011ferlendirmeye y\u00f6nelik veriler toplanarak e\u011fitim-\u00f6\u011fretim s\u00fcre\u00e7lerinin geli\u015ftirilmesine katk\u0131 sa\u011flanmas\u0131 hedeflenmektedir. Anketi doldurmak i\u00e7in t\u0131klay\u0131n\u0131z.<\/p>\n","protected":false},"author":133,"featured_media":0,"parent":0,"menu_order":0,"comment_status":"closed","ping_status":"closed","template":"","meta":{"footnotes":""},"class_list":["post-8655","page","type-page","status-publish","hentry"],"_links":{"self":[{"href":"https:\/\/atauni.edu.tr\/resim-bolumu\/wp-json\/wp\/v2\/pages\/8655","targetHints":{"allow":["GET"]}}],"collection":[{"href":"https:\/\/atauni.edu.tr\/resim-bolumu\/wp-json\/wp\/v2\/pages"}],"about":[{"href":"https:\/\/atauni.edu.tr\/resim-bolumu\/wp-json\/wp\/v2\/types\/page"}],"author":[{"embeddable":true,"href":"https:\/\/atauni.edu.tr\/resim-bolumu\/wp-json\/wp\/v2\/users\/133"}],"replies":[{"embeddable":true,"href":"https:\/\/atauni.edu.tr\/resim-bolumu\/wp-json\/wp\/v2\/comments?post=8655"}],"version-history":[{"count":4,"href":"https:\/\/atauni.edu.tr\/resim-bolumu\/wp-json\/wp\/v2\/pages\/8655\/revisions"}],"predecessor-version":[{"id":8660,"href":"https:\/\/atauni.edu.tr\/resim-bolumu\/wp-json\/wp\/v2\/pages\/8655\/revisions\/8660"}],"wp:attachment":[{"href":"https:\/\/atauni.edu.tr\/resim-bolumu\/wp-json\/wp\/v2\/media?parent=8655"}],"curies":[{"name":"wp","href":"https:\/\/api.w.org\/{rel}","templated":true}]}}