{"id":8673,"date":"2026-05-06T14:48:14","date_gmt":"2026-05-06T11:48:14","guid":{"rendered":"https:\/\/atauni.edu.tr\/resim-bolumu\/?page_id=8673"},"modified":"2026-05-06T14:49:36","modified_gmt":"2026-05-06T11:49:36","slug":"resim-bolumu-dis-paydas-mezun-anketi","status":"publish","type":"page","link":"https:\/\/atauni.edu.tr\/resim-bolumu\/resim-bolumu-dis-paydas-mezun-anketi\/","title":{"rendered":"\u00a0Resim B\u00f6l\u00fcm\u00fc D\u0131\u015f Payda\u015f (Mezun) Anketi"},"content":{"rendered":"\t\t<div data-elementor-type=\"wp-page\" data-elementor-id=\"8673\" class=\"elementor elementor-8673\" data-elementor-post-type=\"page\">\n\t\t\t\t\t\t<section class=\"elementor-section elementor-top-section elementor-element elementor-element-113d9e7 elementor-section-boxed elementor-section-height-default elementor-section-height-default\" data-id=\"113d9e7\" data-element_type=\"section\">\n\t\t\t\t\t\t<div class=\"elementor-container elementor-column-gap-default\">\n\t\t\t\t\t<div class=\"elementor-column elementor-col-100 elementor-top-column elementor-element elementor-element-7ad729c\" data-id=\"7ad729c\" data-element_type=\"column\">\n\t\t\t<div class=\"elementor-widget-wrap elementor-element-populated\">\n\t\t\t\t\t\t<div class=\"elementor-element elementor-element-097c68b elementor-widget elementor-widget-text-editor\" data-id=\"097c68b\" data-element_type=\"widget\" data-widget_type=\"text-editor.default\">\n\t\t\t\t<div class=\"elementor-widget-container\">\n\t\t\t\t\t\t\t\t\t<p>Resim B\u00f6l\u00fcm\u00fc D\u0131\u015f Payda\u015f (Mezun) Anketi, b\u00f6l\u00fcm mezunlar\u0131n\u0131n e\u011fitim s\u00fcrecine ili\u015fkin deneyimlerini, mezuniyet sonras\u0131 mesleki geli\u015fimlerini ve b\u00f6l\u00fcm\u00fcn sundu\u011fu kazan\u0131mlara dair de\u011ferlendirmelerini almak amac\u0131yla haz\u0131rlanm\u0131\u015ft\u0131r. Bu anketten elde edilen geri bildirimler do\u011frultusunda b\u00f6l\u00fcm\u00fcn e\u011fitim-\u00f6\u011fretim kalitesinin geli\u015ftirilmesi hedeflenmektedir.<\/p><p>Anketi doldurmak i\u00e7in <a href=\"https:\/\/forms.gle\/p1vJ76Cw1M2itZd69\"><span style=\"text-decoration: underline\">t\u0131klay\u0131n\u0131z<\/span><\/a><\/p>\t\t\t\t\t\t\t\t<\/div>\n\t\t\t\t<\/div>\n\t\t\t\t\t<\/div>\n\t\t<\/div>\n\t\t\t\t\t<\/div>\n\t\t<\/section>\n\t\t\t\t<\/div>\n\t\t","protected":false},"excerpt":{"rendered":"<p>Resim B\u00f6l\u00fcm\u00fc D\u0131\u015f Payda\u015f (Mezun) Anketi, b\u00f6l\u00fcm mezunlar\u0131n\u0131n e\u011fitim s\u00fcrecine ili\u015fkin deneyimlerini, mezuniyet sonras\u0131 mesleki geli\u015fimlerini ve b\u00f6l\u00fcm\u00fcn sundu\u011fu kazan\u0131mlara dair de\u011ferlendirmelerini almak amac\u0131yla haz\u0131rlanm\u0131\u015ft\u0131r. Bu anketten elde edilen geri bildirimler do\u011frultusunda b\u00f6l\u00fcm\u00fcn e\u011fitim-\u00f6\u011fretim kalitesinin geli\u015ftirilmesi hedeflenmektedir. Anketi doldurmak i\u00e7in t\u0131klay\u0131n\u0131z<\/p>\n","protected":false},"author":133,"featured_media":0,"parent":0,"menu_order":0,"comment_status":"closed","ping_status":"closed","template":"","meta":{"footnotes":""},"class_list":["post-8673","page","type-page","status-publish","hentry"],"_links":{"self":[{"href":"https:\/\/atauni.edu.tr\/resim-bolumu\/wp-json\/wp\/v2\/pages\/8673","targetHints":{"allow":["GET"]}}],"collection":[{"href":"https:\/\/atauni.edu.tr\/resim-bolumu\/wp-json\/wp\/v2\/pages"}],"about":[{"href":"https:\/\/atauni.edu.tr\/resim-bolumu\/wp-json\/wp\/v2\/types\/page"}],"author":[{"embeddable":true,"href":"https:\/\/atauni.edu.tr\/resim-bolumu\/wp-json\/wp\/v2\/users\/133"}],"replies":[{"embeddable":true,"href":"https:\/\/atauni.edu.tr\/resim-bolumu\/wp-json\/wp\/v2\/comments?post=8673"}],"version-history":[{"count":4,"href":"https:\/\/atauni.edu.tr\/resim-bolumu\/wp-json\/wp\/v2\/pages\/8673\/revisions"}],"predecessor-version":[{"id":8678,"href":"https:\/\/atauni.edu.tr\/resim-bolumu\/wp-json\/wp\/v2\/pages\/8673\/revisions\/8678"}],"wp:attachment":[{"href":"https:\/\/atauni.edu.tr\/resim-bolumu\/wp-json\/wp\/v2\/media?parent=8673"}],"curies":[{"name":"wp","href":"https:\/\/api.w.org\/{rel}","templated":true}]}}