{"id":5728,"date":"2021-07-13T11:33:38","date_gmt":"2021-07-13T08:33:38","guid":{"rendered":"https:\/\/portaltest.atauni.edu.tr\/bilgisayar-muhendisligi\/?page_id=5728"},"modified":"2025-06-24T00:14:06","modified_gmt":"2025-06-23T21:14:06","slug":"anabilim-dali-tanitimi","status":"publish","type":"page","link":"https:\/\/atauni.edu.tr\/resim-is-egitimi-abd\/anabilim-dali-tanitimi\/","title":{"rendered":"Anabilim Dal\u0131 Tan\u0131t\u0131m\u0131"},"content":{"rendered":"\t\t<div data-elementor-type=\"wp-page\" data-elementor-id=\"5728\" class=\"elementor elementor-5728\" data-elementor-post-type=\"page\">\n\t\t\t\t\t\t<section class=\"elementor-section elementor-top-section elementor-element elementor-element-730d320 elementor-section-boxed elementor-section-height-default elementor-section-height-default\" data-id=\"730d320\" data-element_type=\"section\">\n\t\t\t\t\t\t<div class=\"elementor-container elementor-column-gap-default\">\n\t\t\t\t\t<div class=\"elementor-column elementor-col-100 elementor-top-column elementor-element elementor-element-753d0860\" data-id=\"753d0860\" data-element_type=\"column\">\n\t\t\t<div class=\"elementor-widget-wrap\">\n\t\t\t\t\t\t\t<\/div>\n\t\t<\/div>\n\t\t\t\t\t<\/div>\n\t\t<\/section>\n\t\t\t\t<section class=\"elementor-section elementor-top-section elementor-element elementor-element-9be811a elementor-section-boxed elementor-section-height-default elementor-section-height-default\" data-id=\"9be811a\" data-element_type=\"section\">\n\t\t\t\t\t\t<div class=\"elementor-container elementor-column-gap-default\">\n\t\t\t\t\t<div class=\"elementor-column elementor-col-100 elementor-top-column elementor-element elementor-element-1ed847b7\" data-id=\"1ed847b7\" data-element_type=\"column\">\n\t\t\t<div class=\"elementor-widget-wrap elementor-element-populated\">\n\t\t\t\t\t\t<div class=\"elementor-element elementor-element-4ce0d07f elementor-widget elementor-widget-heading\" data-id=\"4ce0d07f\" data-element_type=\"widget\" data-widget_type=\"heading.default\">\n\t\t\t\t<div class=\"elementor-widget-container\">\n\t\t\t\t\t<h2 class=\"elementor-heading-title elementor-size-default\">B\u00f6l\u00fcm Tan\u0131t\u0131m\u0131<\/h2>\t\t\t\t<\/div>\n\t\t\t\t<\/div>\n\t\t\t\t<div class=\"elementor-element elementor-element-63260862 elementor-widget-divider--view-line elementor-widget elementor-widget-divider\" data-id=\"63260862\" data-element_type=\"widget\" data-widget_type=\"divider.default\">\n\t\t\t\t<div class=\"elementor-widget-container\">\n\t\t\t\t\t\t\t<div class=\"elementor-divider\">\n\t\t\t<span class=\"elementor-divider-separator\">\n\t\t\t\t\t\t<\/span>\n\t\t<\/div>\n\t\t\t\t\t\t<\/div>\n\t\t\t\t<\/div>\n\t\t\t\t\t<\/div>\n\t\t<\/div>\n\t\t\t\t\t<\/div>\n\t\t<\/section>\n\t\t\t\t<section class=\"elementor-section elementor-top-section elementor-element elementor-element-681db8b elementor-section-boxed elementor-section-height-default elementor-section-height-default\" data-id=\"681db8b\" data-element_type=\"section\">\n\t\t\t\t\t\t<div class=\"elementor-container elementor-column-gap-default\">\n\t\t\t\t\t<div class=\"elementor-column elementor-col-100 elementor-top-column elementor-element elementor-element-ad4dac5\" data-id=\"ad4dac5\" data-element_type=\"column\">\n\t\t\t<div class=\"elementor-widget-wrap elementor-element-populated\">\n\t\t\t\t\t\t<div class=\"elementor-element elementor-element-6d0b7f2 elementor-widget elementor-widget-text-editor\" data-id=\"6d0b7f2\" data-element_type=\"widget\" data-widget_type=\"text-editor.default\">\n\t\t\t\t<div class=\"elementor-widget-container\">\n\t\t\t\t\t\t\t\t\t<h5>Resim-i\u015f \u00d6\u011fretmenli\u011fi Program\u0131 \u00d6zel Yetenek S\u0131nav\u0131na Ait Bilgiler<\/h5><p>* Aday\u0131n ba\u015fvuru yapabilmesi i\u00e7in TYT puan\u0131n\u0131n en d\u00fc\u015f\u00fck 800.000 inci (sekizy\u00fczbin) s\u0131rada olmas\u0131 gerekmektedir.<br \/>* Yabanc\u0131 uyruklu adaylar i\u00e7in, Atat\u00fcrk \u00dcniversitesi taraf\u0131ndan kabul edilen minimum ba\u015fvuru \u015fart\u0131n\u0131 sa\u011flamak gerekmektedir.<br \/>Bu ko\u015fular\u0131 sa\u011flayan aday \u00d6zel Yetenek S\u0131nav\u0131\u2019na girmeye hak kazan\u0131r. \u00d6zel Yetenek S\u0131nav\u0131\u2019ndan ald\u0131\u011f\u0131 puan, TYT ve YTYT puan\u0131 hesaplanarak en y\u00fcksek puana sahip toplam 20 ki\u015fi (kontenjan de\u011fi\u015fiklik g\u00f6sterebilir) al\u0131n\u0131r.<\/p><p>Yetenek s\u0131nav\u0131 tek a\u015famal\u0131 imgesel resim \u00fczerinden de\u011ferlendirilir. S\u0131nav k\u00e2\u011f\u0131tlar\u0131, m\u00fch\u00fcrl\u00fc olarak fak\u00fclte taraf\u0131ndan verilir. S\u0131nav j\u00fcrisi, se\u00e7me s\u0131nav\u0131na giren adaylar\u0131n s\u0131nav k\u00e2\u011f\u0131tlar\u0131n\u0131, kimlik bilgileri a\u00e7\u0131lmadan, BA\u015eARILI\/BA\u015eARISIZ olarak de\u011ferlendirir. De\u011ferlendirme, 100 (y\u00fcz) puan \u00fczerinden yap\u0131l\u0131r. 50 puandan a\u015fa\u011f\u0131 puan alan adaylar, BA\u015eARISIZ say\u0131larak de\u011ferlendirme d\u0131\u015f\u0131 b\u0131rak\u0131l\u0131r. Ba\u015far\u0131l\u0131 olan adaylar, aday numaras\u0131na g\u00f6re ilan edilir.<\/p><p><b>Yeterliliklerin sertifikaland\u0131r\u0131lmas\u0131 ve diploma<br \/><\/b><\/p><p>Kurum, diploma ve di\u011fer belgelerin d\u00fczenlenmesini Atat\u00fcrk \u00dcniversitesi\u2019nin ilgili y\u00f6nergesine g\u00f6re uygulamaktad\u0131r. 240 AKTS + En az 4,00 \u00fczerinden 2,00 ortalama bir \u00f6\u011frencinin mezun olabilmesi i\u00e7in gereklidir. \u00d6\u011frencilerin mezuniyetleri \u00d6\u011frenci Bilgi Sisteminde yer alan tabloya g\u00f6re denetlenir, transkriptleri tek tek incelenerek eksik derslerinin olup olmad\u0131\u011f\u0131na bak\u0131l\u0131r. Kurumda, mezuniyet i\u00e7in b\u00fct\u00fcn ko\u015fullar\u0131n\u0131 yerine getirerek mezuniyet hakk\u0131 kazanan \u00f6\u011frencilere \u201cLisans Diplomas\u0131\u201d d\u00fczenlenir. Diploman\u0131n \u00f6n y\u00fcz\u00fcnde \u00f6\u011frencinin do\u011fum tarihi, do\u011fum yeri, ad\u0131 ve soyad\u0131\\ kurum ad\u0131, mezuniyet tarihi, diploma numaras\u0131\\ diplomay\u0131 onaylayanlar\u0131n ad\u0131, soyad\u0131, unvan\u0131, imzas\u0131 bulunur. Diploman\u0131n arka y\u00fcz\u00fcnde ise T.C. kimlik numaras\u0131 ya da yabanc\u0131 uyruklular i\u00e7in pasaport numaras\u0131, okul numaras\u0131, anne ve baba ad\u0131, \u00f6\u011frenci i\u015fleri dairesi ba\u015fkan\u0131 imzas\u0131 vard\u0131r. Diploma ve ge\u00e7ici mezuniyet belgesindeki bilgiler, mezuniyet tarihi esas al\u0131narak yaz\u0131l\u0131r. Diplomalara foto\u011fraf yap\u0131\u015ft\u0131r\u0131lmaz, mezuniyet ortalamas\u0131 belirtilmez. Diploma eki, kay\u0131tl\u0131 olduklar\u0131 programlar\u0131 ba\u015far\u0131yla tamamlayan \u00f6\u011frencilere diploma ile birlikte verilen bir belgedir. Diploma Ekinde mezuniyet tarihi, diploma numaras\u0131, al\u0131nan derecenin d\u00fczeyi, not durum (transkript) bilgileri ve ulusal e\u011fitim sistemi hakk\u0131nda bilgiler yer al\u0131r. Diploma ekinin \u00f6\u011frenci ve kurumlara sundu\u011fu kazan\u0131mlar aras\u0131nda Y\u00fcksek\u00f6\u011fretimde saydaml\u0131\u011f\u0131 sa\u011flamas\u0131, diploma gibi e\u011fitim belgelerinin s\u00fcratle dikkate al\u0131nmas\u0131, hareketlili\u011fi kolayla\u015ft\u0131rmas\u0131; ya\u015fam boyu e\u011fitimi ula\u015f\u0131labilir k\u0131lmas\u0131 gibi hususlar vard\u0131r. Ayn\u0131 zamanda sahip olunan diploma ve beceriler hakk\u0131nda \u00e2dil, g\u00fcvenilir ve yetkin bilgi verir. Diploma eki, diploman\u0131n akademik ve profesyonel anlamda tan\u0131nmas\u0131n\u0131 kolayla\u015ft\u0131r\u0131r, ancak diploman\u0131n yerini alamaz ve uluslararas\u0131 akademik tan\u0131n\u0131rl\u0131\u011f\u0131 garanti etmez. Diploma eki, \u00d6\u011frenci \u0130\u015fleri Dairesi Ba\u015fkan\u0131 taraf\u0131ndan imzalan\u0131r.\u00a0<b><br \/><\/b><\/p>\t\t\t\t\t\t\t\t<\/div>\n\t\t\t\t<\/div>\n\t\t\t\t<div class=\"elementor-element elementor-element-2f96b3d elementor-widget elementor-widget-text-editor\" data-id=\"2f96b3d\" data-element_type=\"widget\" data-widget_type=\"text-editor.default\">\n\t\t\t\t<div class=\"elementor-widget-container\">\n\t\t\t\t\t\t\t\t\t<h5><strong>K\u0131sa Vadeli Hedefler<\/strong><\/h5><ul><li>Resim-i\u015f e\u011fitimi ve ilgili alanlara y\u00f6nelik sorunlar i\u00e7in farkl\u0131 disiplinlerin kat\u0131l\u0131m\u0131n\u0131n sa\u011fland\u0131\u011f\u0131 alternatif \u00e7\u00f6z\u00fcm \u00f6neri paketleri haz\u0131rlamak ve bilimsel \u00e7\u00f6z\u00fcmler \u00fcretmek.<\/li><li>\u00d6\u011frencileri ulusal ve uluslararas\u0131 plastik ve estetik kriterlere sahip \u00e7al\u0131\u015fmalara y\u00f6nlendirmek.<\/li><li>Resim-i\u015f e\u011fitimi ile ilgili alanlarda ortaya \u00e7\u0131kan \u00fcr\u00fcnlerin \u00f6l\u00e7me ve de\u011ferlendirme kriterlerini belirlemek.<\/li><\/ul><h5><strong>Orta Vadeli Hedefler<\/strong><\/h5><ul><li>Resim-i\u015f e\u011fitimi alan\u0131nda ulusal ve uluslararas\u0131 d\u00fczeyde ilgili resmi ve sivil toplum kurulu\u015flar\u0131yla diyalog i\u00e7inde ortak \u00e7al\u0131\u015fmalar yapmak.<\/li><li>Sanat, k\u00fclt\u00fcr ve e\u011fitim konular\u0131nda resmi ve sivil toplum kurulu\u015flar\u0131yla i\u015fbirli\u011fi yaparak ve projeler geli\u015ftirmek.<\/li><\/ul><h5><strong>Uzun Vadeli Hedefler<\/strong><\/h5><ul><li>Resim-i\u015f e\u011fitimine y\u00f6nelik ulusal ve uluslararas\u0131 d\u00fczeyde kongre, sempozyum, \u00e7al\u0131\u015ftay, konferans, panel, seminer, s\u00f6yle\u015fi, at\u00f6lye \u00e7al\u0131\u015fmas\u0131, kurs, sergi, anma g\u00fcnleri gibi bilimsel toplant\u0131 ve faaliyetler d\u00fczenlemek.<\/li><li>Ulusal ve uluslararas\u0131 yetkinli\u011fe sahip, yenilik\u00e7i bir yakla\u015f\u0131mla sanat e\u011fitimi veren, etkili ileti\u015fim becerilerini kullanan, do\u011fru karar al\u0131p uygulayan, ya\u015fam boyu \u00f6\u011frenme ve \u00f6\u011fretmeyi ilke edinmi\u015f giri\u015fimci g\u00f6rsel sanatlar \u00f6\u011fretmeni yeti\u015ftiren; \u00e7a\u011fda\u015f e\u011fitim ve ara\u015ft\u0131rma stratejileri olu\u015fturan \u00f6nder bir b\u00f6l\u00fcm olmak<\/li><\/ul>\t\t\t\t\t\t\t\t<\/div>\n\t\t\t\t<\/div>\n\t\t\t\t\t<\/div>\n\t\t<\/div>\n\t\t\t\t\t<\/div>\n\t\t<\/section>\n\t\t\t\t<\/div>\n\t\t","protected":false},"excerpt":{"rendered":"<p>B\u00f6l\u00fcm Tan\u0131t\u0131m\u0131 Resim-i\u015f \u00d6\u011fretmenli\u011fi Program\u0131 \u00d6zel Yetenek S\u0131nav\u0131na Ait Bilgiler * Aday\u0131n ba\u015fvuru yapabilmesi i\u00e7in TYT puan\u0131n\u0131n en d\u00fc\u015f\u00fck 800.000 inci (sekizy\u00fczbin) s\u0131rada olmas\u0131 gerekmektedir.* Yabanc\u0131 uyruklu adaylar i\u00e7in, Atat\u00fcrk \u00dcniversitesi taraf\u0131ndan kabul edilen minimum ba\u015fvuru \u015fart\u0131n\u0131 sa\u011flamak gerekmektedir.Bu ko\u015fular\u0131 sa\u011flayan aday \u00d6zel Yetenek S\u0131nav\u0131\u2019na girmeye hak kazan\u0131r. \u00d6zel Yetenek S\u0131nav\u0131\u2019ndan ald\u0131\u011f\u0131 puan, TYT ve [&hellip;]<\/p>\n","protected":false},"author":1,"featured_media":0,"parent":0,"menu_order":0,"comment_status":"closed","ping_status":"closed","template":"elementor_header_footer","meta":{"footnotes":""},"class_list":["post-5728","page","type-page","status-publish","hentry"],"_links":{"self":[{"href":"https:\/\/atauni.edu.tr\/resim-is-egitimi-abd\/wp-json\/wp\/v2\/pages\/5728","targetHints":{"allow":["GET"]}}],"collection":[{"href":"https:\/\/atauni.edu.tr\/resim-is-egitimi-abd\/wp-json\/wp\/v2\/pages"}],"about":[{"href":"https:\/\/atauni.edu.tr\/resim-is-egitimi-abd\/wp-json\/wp\/v2\/types\/page"}],"author":[{"embeddable":true,"href":"https:\/\/atauni.edu.tr\/resim-is-egitimi-abd\/wp-json\/wp\/v2\/users\/1"}],"replies":[{"embeddable":true,"href":"https:\/\/atauni.edu.tr\/resim-is-egitimi-abd\/wp-json\/wp\/v2\/comments?post=5728"}],"version-history":[{"count":30,"href":"https:\/\/atauni.edu.tr\/resim-is-egitimi-abd\/wp-json\/wp\/v2\/pages\/5728\/revisions"}],"predecessor-version":[{"id":6688,"href":"https:\/\/atauni.edu.tr\/resim-is-egitimi-abd\/wp-json\/wp\/v2\/pages\/5728\/revisions\/6688"}],"wp:attachment":[{"href":"https:\/\/atauni.edu.tr\/resim-is-egitimi-abd\/wp-json\/wp\/v2\/media?parent=5728"}],"curies":[{"name":"wp","href":"https:\/\/api.w.org\/{rel}","templated":true}]}}