{"id":6642,"date":"2025-06-19T20:55:15","date_gmt":"2025-06-19T17:55:15","guid":{"rendered":"https:\/\/birimler.atauni.edu.tr\/resim-is-egitimi-abd\/?page_id=6642"},"modified":"2025-06-19T21:14:30","modified_gmt":"2025-06-19T18:14:30","slug":"akreditasyon","status":"publish","type":"page","link":"https:\/\/atauni.edu.tr\/resim-is-egitimi-abd\/anasayfa\/akreditasyon\/","title":{"rendered":"Akreditasyon"},"content":{"rendered":"\n<p><\/p>\n\n\n\n<p>Akreditasyon y\u00fcksek\u00f6\u011fretim programlar\u0131nda y\u00fcr\u00fct\u00fclen\u00a0e\u011fitim-\u00f6\u011fretim ve ara\u015ft\u0131rma faaliyetleri ile idari hizmetlerin, ba\u011f\u0131ms\u0131z ve yetkin kurulu\u015flar taraf\u0131ndan,\u00a0kalite ve evrensel \u00f6l\u00e7\u00fctler do\u011frultusunda\u00a0onaylanmas\u0131 ve belli aral\u0131klarla tekrar de\u011ferlendirilmesi i\u015flemidir.<\/p>\n\n\n\n<p>Kaz\u0131m Karabekir E\u011fitim Fak\u00fcltesi b\u00fcnyesinde \u00f6\u011fretim kalitemizin daha da y\u00fckseltilmesine katk\u0131da bulunmak amac\u0131yla akreditasyon kapsam\u0131ndaki bir\u00e7ok faaliyet ilgili komisyonlar taraf\u0131ndan y\u00fcr\u00fct\u00fclmektedir.<\/p>\n\n\n\n<p><strong>Program Koordinat\u00f6r\u00fc:<\/strong>&nbsp;Dr. \u00d6\u011fr. \u00dcyesi Ba\u015fak G\u00dcL\u00dcM<\/p>\n\n\n\n<p><strong>Program Koordinat\u00f6r Yard\u0131mc\u0131s\u0131:<\/strong>&nbsp;Ar\u015f. G\u00f6r. Ezgi Merve ERTAN<\/p>\n\n\n\n<p><strong>\u00dcye:&nbsp;<\/strong>Prof. Dr. \u015eeyda ERASLAN TA\u015ePINAR<br><strong>\u00dcye:<\/strong>&nbsp;Prof. Dr. Muhammet Emin KAYSER\u0130L\u0130&nbsp;<br><\/p>\n","protected":false},"excerpt":{"rendered":"<p>Akreditasyon y\u00fcksek\u00f6\u011fretim programlar\u0131nda y\u00fcr\u00fct\u00fclen\u00a0e\u011fitim-\u00f6\u011fretim ve ara\u015ft\u0131rma faaliyetleri ile idari hizmetlerin, ba\u011f\u0131ms\u0131z ve yetkin kurulu\u015flar taraf\u0131ndan,\u00a0kalite ve evrensel \u00f6l\u00e7\u00fctler do\u011frultusunda\u00a0onaylanmas\u0131 ve belli aral\u0131klarla tekrar de\u011ferlendirilmesi i\u015flemidir. Kaz\u0131m Karabekir E\u011fitim Fak\u00fcltesi b\u00fcnyesinde \u00f6\u011fretim kalitemizin daha da y\u00fckseltilmesine katk\u0131da bulunmak amac\u0131yla akreditasyon kapsam\u0131ndaki bir\u00e7ok faaliyet ilgili komisyonlar taraf\u0131ndan y\u00fcr\u00fct\u00fclmektedir. Program Koordinat\u00f6r\u00fc:&nbsp;Dr. \u00d6\u011fr. \u00dcyesi Ba\u015fak G\u00dcL\u00dcM Program Koordinat\u00f6r Yard\u0131mc\u0131s\u0131:&nbsp;Ar\u015f. [&hellip;]<\/p>\n","protected":false},"author":475,"featured_media":0,"parent":68,"menu_order":0,"comment_status":"closed","ping_status":"closed","template":"","meta":{"footnotes":""},"class_list":["post-6642","page","type-page","status-publish","hentry"],"_links":{"self":[{"href":"https:\/\/atauni.edu.tr\/resim-is-egitimi-abd\/wp-json\/wp\/v2\/pages\/6642","targetHints":{"allow":["GET"]}}],"collection":[{"href":"https:\/\/atauni.edu.tr\/resim-is-egitimi-abd\/wp-json\/wp\/v2\/pages"}],"about":[{"href":"https:\/\/atauni.edu.tr\/resim-is-egitimi-abd\/wp-json\/wp\/v2\/types\/page"}],"author":[{"embeddable":true,"href":"https:\/\/atauni.edu.tr\/resim-is-egitimi-abd\/wp-json\/wp\/v2\/users\/475"}],"replies":[{"embeddable":true,"href":"https:\/\/atauni.edu.tr\/resim-is-egitimi-abd\/wp-json\/wp\/v2\/comments?post=6642"}],"version-history":[{"count":3,"href":"https:\/\/atauni.edu.tr\/resim-is-egitimi-abd\/wp-json\/wp\/v2\/pages\/6642\/revisions"}],"predecessor-version":[{"id":6646,"href":"https:\/\/atauni.edu.tr\/resim-is-egitimi-abd\/wp-json\/wp\/v2\/pages\/6642\/revisions\/6646"}],"up":[{"embeddable":true,"href":"https:\/\/atauni.edu.tr\/resim-is-egitimi-abd\/wp-json\/wp\/v2\/pages\/68"}],"wp:attachment":[{"href":"https:\/\/atauni.edu.tr\/resim-is-egitimi-abd\/wp-json\/wp\/v2\/media?parent=6642"}],"curies":[{"name":"wp","href":"https:\/\/api.w.org\/{rel}","templated":true}]}}