{"id":6648,"date":"2025-06-23T23:37:06","date_gmt":"2025-06-23T20:37:06","guid":{"rendered":"https:\/\/birimler.atauni.edu.tr\/resim-is-egitimi-abd\/?page_id=6648"},"modified":"2025-06-23T23:51:04","modified_gmt":"2025-06-23T20:51:04","slug":"ogretmenlik-uygulamasi","status":"publish","type":"page","link":"https:\/\/atauni.edu.tr\/resim-is-egitimi-abd\/ogretmenlik-uygulamasi\/","title":{"rendered":"\u00d6\u011fretmenlik Uygulamas\u0131"},"content":{"rendered":"\t\t<div data-elementor-type=\"wp-page\" data-elementor-id=\"6648\" class=\"elementor elementor-6648\" data-elementor-post-type=\"page\">\n\t\t\t\t\t\t<section class=\"elementor-section elementor-top-section elementor-element elementor-element-d241504 elementor-section-boxed elementor-section-height-default elementor-section-height-default\" data-id=\"d241504\" data-element_type=\"section\">\n\t\t\t\t\t\t<div class=\"elementor-container elementor-column-gap-default\">\n\t\t\t\t\t<div class=\"elementor-column elementor-col-100 elementor-top-column elementor-element elementor-element-ef8feb3\" data-id=\"ef8feb3\" data-element_type=\"column\">\n\t\t\t<div class=\"elementor-widget-wrap elementor-element-populated\">\n\t\t\t\t\t\t<div class=\"elementor-element elementor-element-29c343d elementor-widget elementor-widget-button\" data-id=\"29c343d\" data-element_type=\"widget\" data-widget_type=\"button.default\">\n\t\t\t\t<div class=\"elementor-widget-container\">\n\t\t\t\t\t\t\t\t\t<div class=\"elementor-button-wrapper\">\n\t\t\t\t\t<a class=\"elementor-button elementor-button-link elementor-size-sm\" href=\"\">\n\t\t\t\t\t\t<span class=\"elementor-button-content-wrapper\">\n\t\t\t\t\t\t\t\t\t<span class=\"elementor-button-text\">Kaz\u0131m Karabekir E\u011fitim Fak\u00fcltesi \u00d6\u011fretmenlik Uygulamas\u0131 Klavuzu<\/span>\n\t\t\t\t\t<\/span>\n\t\t\t\t\t<\/a>\n\t\t\t\t<\/div>\n\t\t\t\t\t\t\t\t<\/div>\n\t\t\t\t<\/div>\n\t\t\t\t\t<\/div>\n\t\t<\/div>\n\t\t\t\t\t<\/div>\n\t\t<\/section>\n\t\t\t\t<section class=\"elementor-section elementor-top-section elementor-element elementor-element-dd514a3 elementor-section-boxed elementor-section-height-default elementor-section-height-default\" data-id=\"dd514a3\" data-element_type=\"section\">\n\t\t\t\t\t\t<div class=\"elementor-container elementor-column-gap-default\">\n\t\t\t\t\t<div class=\"elementor-column elementor-col-100 elementor-top-column elementor-element elementor-element-ff041c8\" data-id=\"ff041c8\" data-element_type=\"column\">\n\t\t\t<div class=\"elementor-widget-wrap elementor-element-populated\">\n\t\t\t\t\t\t<div class=\"elementor-element elementor-element-df7fc03 elementor-widget elementor-widget-button\" data-id=\"df7fc03\" data-element_type=\"widget\" data-widget_type=\"button.default\">\n\t\t\t\t<div class=\"elementor-widget-container\">\n\t\t\t\t\t\t\t\t\t<div class=\"elementor-button-wrapper\">\n\t\t\t\t\t<a class=\"elementor-button elementor-button-link elementor-size-sm\" href=\"\">\n\t\t\t\t\t\t<span class=\"elementor-button-content-wrapper\">\n\t\t\t\t\t\t\t\t\t<span class=\"elementor-button-text\">\u00d6\u011fretmenlik Uygulamas\u0131-I Dersi D\u00f6nem Plan\u0131<\/span>\n\t\t\t\t\t<\/span>\n\t\t\t\t\t<\/a>\n\t\t\t\t<\/div>\n\t\t\t\t\t\t\t\t<\/div>\n\t\t\t\t<\/div>\n\t\t\t\t\t<\/div>\n\t\t<\/div>\n\t\t\t\t\t<\/div>\n\t\t<\/section>\n\t\t\t\t<section class=\"elementor-section elementor-top-section elementor-element elementor-element-6002c99 elementor-section-boxed elementor-section-height-default elementor-section-height-default\" data-id=\"6002c99\" data-element_type=\"section\">\n\t\t\t\t\t\t<div class=\"elementor-container elementor-column-gap-default\">\n\t\t\t\t\t<div class=\"elementor-column elementor-col-100 elementor-top-column elementor-element elementor-element-395e3f2\" data-id=\"395e3f2\" data-element_type=\"column\">\n\t\t\t<div class=\"elementor-widget-wrap elementor-element-populated\">\n\t\t\t\t\t\t<div class=\"elementor-element elementor-element-bf9b8ee elementor-widget elementor-widget-button\" data-id=\"bf9b8ee\" data-element_type=\"widget\" data-widget_type=\"button.default\">\n\t\t\t\t<div class=\"elementor-widget-container\">\n\t\t\t\t\t\t\t\t\t<div class=\"elementor-button-wrapper\">\n\t\t\t\t\t<a class=\"elementor-button elementor-button-link elementor-size-sm\" href=\"\">\n\t\t\t\t\t\t<span class=\"elementor-button-content-wrapper\">\n\t\t\t\t\t\t\t\t\t<span class=\"elementor-button-text\">Ogretmenlik Uygulamasi-II Dersi Donem Plan\u0131<\/span>\n\t\t\t\t\t<\/span>\n\t\t\t\t\t<\/a>\n\t\t\t\t<\/div>\n\t\t\t\t\t\t\t\t<\/div>\n\t\t\t\t<\/div>\n\t\t\t\t\t<\/div>\n\t\t<\/div>\n\t\t\t\t\t<\/div>\n\t\t<\/section>\n\t\t\t\t<\/div>\n\t\t","protected":false},"excerpt":{"rendered":"<p>Kaz\u0131m Karabekir E\u011fitim Fak\u00fcltesi \u00d6\u011fretmenlik Uygulamas\u0131 Klavuzu \u00d6\u011fretmenlik Uygulamas\u0131-I Dersi D\u00f6nem Plan\u0131 Ogretmenlik Uygulamasi-II Dersi Donem Plan\u0131<\/p>\n","protected":false},"author":475,"featured_media":0,"parent":0,"menu_order":0,"comment_status":"closed","ping_status":"closed","template":"","meta":{"footnotes":""},"class_list":["post-6648","page","type-page","status-publish","hentry"],"_links":{"self":[{"href":"https:\/\/atauni.edu.tr\/resim-is-egitimi-abd\/wp-json\/wp\/v2\/pages\/6648","targetHints":{"allow":["GET"]}}],"collection":[{"href":"https:\/\/atauni.edu.tr\/resim-is-egitimi-abd\/wp-json\/wp\/v2\/pages"}],"about":[{"href":"https:\/\/atauni.edu.tr\/resim-is-egitimi-abd\/wp-json\/wp\/v2\/types\/page"}],"author":[{"embeddable":true,"href":"https:\/\/atauni.edu.tr\/resim-is-egitimi-abd\/wp-json\/wp\/v2\/users\/475"}],"replies":[{"embeddable":true,"href":"https:\/\/atauni.edu.tr\/resim-is-egitimi-abd\/wp-json\/wp\/v2\/comments?post=6648"}],"version-history":[{"count":16,"href":"https:\/\/atauni.edu.tr\/resim-is-egitimi-abd\/wp-json\/wp\/v2\/pages\/6648\/revisions"}],"predecessor-version":[{"id":6666,"href":"https:\/\/atauni.edu.tr\/resim-is-egitimi-abd\/wp-json\/wp\/v2\/pages\/6648\/revisions\/6666"}],"wp:attachment":[{"href":"https:\/\/atauni.edu.tr\/resim-is-egitimi-abd\/wp-json\/wp\/v2\/media?parent=6648"}],"curies":[{"name":"wp","href":"https:\/\/api.w.org\/{rel}","templated":true}]}}