{"id":5638,"date":"2021-07-13T09:49:25","date_gmt":"2021-07-13T06:49:25","guid":{"rendered":"https:\/\/portaltest.atauni.edu.tr\/bilgisayar-muhendisligi\/?page_id=5638"},"modified":"2023-01-16T12:57:47","modified_gmt":"2023-01-16T09:57:47","slug":"tarihce","status":"publish","type":"page","link":"https:\/\/atauni.edu.tr\/rus-dili-ve-edebiyati\/tarihce\/","title":{"rendered":"Tarih\u00e7e"},"content":{"rendered":"\t\t<div data-elementor-type=\"wp-page\" data-elementor-id=\"5638\" class=\"elementor elementor-5638\" data-elementor-post-type=\"page\">\n\t\t\t\t\t\t<section class=\"elementor-section elementor-top-section elementor-element elementor-element-730d320 elementor-section-boxed elementor-section-height-default elementor-section-height-default\" data-id=\"730d320\" data-element_type=\"section\">\n\t\t\t\t\t\t<div class=\"elementor-container elementor-column-gap-default\">\n\t\t\t\t\t<div class=\"elementor-column elementor-col-100 elementor-top-column elementor-element elementor-element-753d0860\" data-id=\"753d0860\" data-element_type=\"column\">\n\t\t\t<div class=\"elementor-widget-wrap\">\n\t\t\t\t\t\t\t<\/div>\n\t\t<\/div>\n\t\t\t\t\t<\/div>\n\t\t<\/section>\n\t\t\t\t<section class=\"elementor-section elementor-top-section elementor-element elementor-element-9be811a elementor-section-boxed elementor-section-height-default elementor-section-height-default\" data-id=\"9be811a\" data-element_type=\"section\">\n\t\t\t\t\t\t<div class=\"elementor-container elementor-column-gap-default\">\n\t\t\t\t\t<div class=\"elementor-column elementor-col-100 elementor-top-column elementor-element elementor-element-1ed847b7\" data-id=\"1ed847b7\" data-element_type=\"column\">\n\t\t\t<div class=\"elementor-widget-wrap elementor-element-populated\">\n\t\t\t\t\t\t<div class=\"elementor-element elementor-element-4ce0d07f elementor-widget elementor-widget-heading\" data-id=\"4ce0d07f\" data-element_type=\"widget\" data-widget_type=\"heading.default\">\n\t\t\t\t<div class=\"elementor-widget-container\">\n\t\t\t\t\t<h2 class=\"elementor-heading-title elementor-size-default\">Tarih\u00e7e<\/h2>\t\t\t\t<\/div>\n\t\t\t\t<\/div>\n\t\t\t\t<div class=\"elementor-element elementor-element-63260862 elementor-widget-divider--view-line elementor-widget elementor-widget-divider\" data-id=\"63260862\" data-element_type=\"widget\" data-widget_type=\"divider.default\">\n\t\t\t\t<div class=\"elementor-widget-container\">\n\t\t\t\t\t\t\t<div class=\"elementor-divider\">\n\t\t\t<span class=\"elementor-divider-separator\">\n\t\t\t\t\t\t<\/span>\n\t\t<\/div>\n\t\t\t\t\t\t<\/div>\n\t\t\t\t<\/div>\n\t\t\t\t\t<\/div>\n\t\t<\/div>\n\t\t\t\t\t<\/div>\n\t\t<\/section>\n\t\t\t\t<section class=\"elementor-section elementor-top-section elementor-element elementor-element-681db8b elementor-section-boxed elementor-section-height-default elementor-section-height-default\" data-id=\"681db8b\" data-element_type=\"section\">\n\t\t\t\t\t\t<div class=\"elementor-container elementor-column-gap-default\">\n\t\t\t\t\t<div class=\"elementor-column elementor-col-100 elementor-top-column elementor-element elementor-element-ad4dac5\" data-id=\"ad4dac5\" data-element_type=\"column\">\n\t\t\t<div class=\"elementor-widget-wrap elementor-element-populated\">\n\t\t\t\t\t\t<div class=\"elementor-element elementor-element-3568c24 elementor-widget elementor-widget-image\" data-id=\"3568c24\" data-element_type=\"widget\" data-widget_type=\"image.default\">\n\t\t\t\t<div class=\"elementor-widget-container\">\n\t\t\t\t\t\t\t\t\t\t\t\t\t\t\t<img fetchpriority=\"high\" decoding=\"async\" width=\"400\" height=\"226\" src=\"https:\/\/atauni.edu.tr\/rus-dili-ve-edebiyati\/wp-content\/uploads\/sites\/149\/2021\/12\/rusedebiyat1.png\" class=\"attachment-large size-large wp-image-6389\" alt=\"\" srcset=\"https:\/\/atauni.edu.tr\/rus-dili-ve-edebiyati\/wp-content\/uploads\/sites\/149\/2021\/12\/rusedebiyat1.png 400w, https:\/\/atauni.edu.tr\/rus-dili-ve-edebiyati\/wp-content\/uploads\/sites\/149\/2021\/12\/rusedebiyat1-300x170.png 300w\" sizes=\"(max-width: 400px) 100vw, 400px\" \/>\t\t\t\t\t\t\t\t\t\t\t\t\t\t\t<\/div>\n\t\t\t\t<\/div>\n\t\t\t\t<div class=\"elementor-element elementor-element-2f96b3d elementor-widget elementor-widget-text-editor\" data-id=\"2f96b3d\" data-element_type=\"widget\" data-widget_type=\"text-editor.default\">\n\t\t\t\t<div class=\"elementor-widget-container\">\n\t\t\t\t\t\t\t\t\t<div>\n<h2><span style=\"color: #63646b;font-size: 14px;font-weight: 400;background-color: #fafafa\">Atat\u00fcrk \u00dcniversitesi Edebiyat Fak\u00fcltesinde faaliyet g\u00f6steren Rus Dili ve Edebiyat\u0131 B\u00f6l\u00fcm\u00fc 1995 y\u0131l\u0131nda kurulmu\u015f ancak 2010 y\u0131l\u0131nda e\u011fitim-\u00f6\u011fretim faaliyetlerine ba\u015flam\u0131\u015ft\u0131r.&nbsp; B\u00f6l\u00fcm\u00fcm\u00fcz 2011 y\u0131l\u0131nda \u00f6\u011frenci &nbsp;almaya ba\u015flam\u0131\u015ft\u0131r. \u0130kinci \u00f6\u011fretim program\u0131n\u0131n bulunmad\u0131\u011f\u0131&nbsp; b\u00f6l\u00fcm\u00fcm\u00fczde 2 profes\u00f6r, 1 do\u00e7ent 5 doktor \u00f6\u011fretim \u00fcyesi 2 Ar\u015f. G\u00f6r. Dr. toplam 9 \u00f6\u011fretim \u00fcyesi ve eleman\u0131 \u00e7al\u0131\u015fmaktad\u0131r. Haz\u0131rl\u0131k s\u0131n\u0131f\u0131m\u0131z mevcut olup, 2 d\u00f6nem 1 y\u0131l s\u00fcrmektedir, iki d\u00f6nemde de vize ve final ortalamalar\u0131 65 ve \u00fczerinde olan \u00f6\u011frenciler birinci s\u0131n\u0131fa ge\u00e7meye hak kazan\u0131rlar. B\u00f6l\u00fcm\u00fcm\u00fcz\u00fc kazanan \u00f6\u011frenciler YDS Rus\u00e7a s\u0131nav\u0131ndan 80 ve \u00fczeri puan ald\u0131klar\u0131n\u0131 belgelemeleri durumunda haz\u0131rl\u0131k s\u0131n\u0131f\u0131n\u0131 ge\u00e7ebilirler. B\u00f6l\u00fcmdeki akademisyenlerimiz Rus dilbilimi, Rus edebiyat\u0131, Rus halkbilimi, k\u00fclt\u00fcr bilimi ve kar\u015f\u0131la\u015ft\u0131rmal\u0131 ara\u015ft\u0131rmalar ve \u00e7al\u0131\u015fmalar yapmaktad\u0131rlar. T\u00fcrkiye\u2019de 22 \u00fcniversitede Rus Dili ve Edebiyat\u0131 B\u00f6l\u00fcm\u00fc bulunmaktad\u0131r. 14 \u00fcniversitede b\u00f6l\u00fcm aktif olarak \u00f6\u011frenci almaktad\u0131r. B\u00f6l\u00fcm\u00fcm\u00fcz kurulu\u015f tarihi bak\u0131m\u0131ndan 5. s\u0131rada yer almaktad\u0131r. B\u00f6l\u00fcm\u00fcm\u00fczden mezun olan \u00f6\u011frenciler, iyi derece Rus\u00e7a konu\u015fma, okuma, anlama, ileti\u015fim kurma becerisinin yan\u0131s\u0131ra; Rus edebiyat\u0131, tarihi ve k\u00fclt\u00fcr\u00fc hakk\u0131nda da bilgi sahibi olurlar. \u0130leri d\u00fczey yabanc\u0131 dil bilgisi ve becerisine sahip olarak, dil e\u011fitmenli\u011fi, \u00e7evirmenlik ve turizm sekt\u00f6r\u00fcnde meslek kazan\u0131m\u0131 elde ederler. Bu programda; Rus Dili, Rus K\u00fclt\u00fcr\u00fc, Rus Edebiyat\u0131 ve Rusya Tarihi &nbsp;gibi bilim dallar\u0131 \u00f6\u011fretilmektedir. Bu bilim dallar\u0131n\u0131 \u00f6\u011frenerek yeti\u015fen \u00f6\u011frencilerimiz, K\u00fclt\u00fcr ve Turizm Bakanl\u0131\u011f\u0131, D\u0131\u015f \u0130li\u015fkiler, Turizm Kurulu\u015flar\u0131, El\u00e7ilikler, Terc\u00fcme B\u00fcrolar\u0131, Bas\u0131n Yay\u0131n Enformasyon Genel M\u00fcd\u00fcrl\u00fc\u011f\u00fc, \u0130\u00e7i\u015fleri Bakanl\u0131\u011f\u0131 gibi kurum ve kurulu\u015flarda istihdam edilmektedirler. B\u00f6l\u00fcm\u00fcm\u00fczde donan\u0131ml\u0131 akademisyenlerin bulunmas\u0131, yabanc\u0131 uyruklu \u00f6\u011fretim \u00fcyeleri sayesinde \u00f6\u011frencilerin Rus\u00e7a pratik yapma imkan\u0131 bulmas\u0131, alan\u0131nda uzman akademisyenlerin bulunmas\u0131, \u00fcniversitemizin k\u00f6kl\u00fc bir \u00fcniversite olmas\u0131, kamp\u00fcs\u00fcm\u00fcz\u00fcn geni\u015f ve d\u00fczenli olmas\u0131 b\u00f6l\u00fcm\u00fcm\u00fcz\u00fc \u00fclkemizdeki di\u011fer \u00fcniversitedeki b\u00f6l\u00fcmlerden ay\u0131ran ve \u00f6\u011frencilerin tercih etmesini sa\u011flayan \u00f6zellikler aras\u0131nda say\u0131labilir. G\u00fcn\u00fcm\u00fczde &nbsp;uluslararas\u0131 bir ileti\u015fim arac\u0131na d\u00f6n\u00fc\u015fen &nbsp;ve bir d\u00fcnya dili olan \u0130ngilizcenin sahip oldu\u011fu pop\u00fclariteye sahip olmaya aday bir dil olan Rus\u00e7an\u0131n as\u0131rlardan beri Avrupa&#8217;n\u0131n siyasetinde, tarihinde, felsefesinde ve k\u00fclt\u00fcr\u00fcnde \u00e7ok \u00f6nemli bir rol oynad\u0131\u011f\u0131 bilinmektedir. Rus\u00e7a, yakla\u015f\u0131k olarak 150 milyon ki\u015finin ana dilidir. Avrupa&#8217;n\u0131n ekonomi politikas\u0131nda, bilimsel ara\u015ft\u0131rmalar\u0131nda, be\u015feri \u00e7al\u0131\u015fmalar\u0131nda ve genel k\u00fclt\u00fcr meselelerinde merkezi bir konumda yer almaktad\u0131r. Uluslararas\u0131 kongrelerde, siyasi m\u00fczakerelerde ve ticari fuarlarda Rus\u00e7a, \u00f6nemli bir yere sahiptir. Ayr\u0131ca, entelekt\u00fcel miras\u0131m\u0131z\u0131n bir par\u00e7as\u0131 olan &nbsp;felsefi ve edeb\u00ee gelene\u011fin de dilidir. Bu zengin bilgi kayna\u011f\u0131n\u0131n kilidini a\u00e7acak en iyi anahtar tabii ki Rus dilini \u00f6\u011frenmektir. Bir dili \u00f6\u011frenmek, basit bir faaliyet gibi g\u00f6r\u00fcnebilir; ancak o dili konu\u015fan insanlar\u0131n edebiyat\u0131, k\u00fclt\u00fcr\u00fc, folkloru ve tarihi \u00f6\u011frenildi\u011finde ne kadar zengin ve zenginle\u015ftirici bir tecr\u00fcbe oldu\u011fu m\u00fc\u015fahede edilir. Dolay\u0131s\u0131yla Rus\u00e7a e\u011fitimi, sadece kelimelerin, deyimlerin ve dilsel yap\u0131lar\u0131n k\u00f6r\u00fc k\u00f6r\u00fcne ezberlenmesini gerektiren bir e\u011fitim anlay\u0131\u015f\u0131 de\u011fildir. Rus dilini etkili bir \u015fekilde \u00f6\u011frenme sanat\u0131, Rus\u00e7a konu\u015fan insanlar\u0131n d\u00fcnya g\u00f6r\u00fc\u015f\u00fcn\u00fc, k\u00fclt\u00fcr\u00fcn\u00fc, sanat\u0131n\u0131, \u00f6\u011frenmek ve \u00f6\u011fretmek; onlar gibi d\u00fc\u015f\u00fcnmeye \u00e7al\u0131\u015fmakt\u0131r. Bunun yan\u0131 s\u0131ra; &nbsp;Avrupa tarihini, felsefini, siyasetini, k\u00fclt\u00fcrel geli\u015fmelerini de ayn\u0131 oranda takip etme anlay\u0131\u015f\u0131d\u0131r.&nbsp;<\/span><\/h2>\n<\/div>\n<div>&nbsp;<\/div>\t\t\t\t\t\t\t\t<\/div>\n\t\t\t\t<\/div>\n\t\t\t\t\t<\/div>\n\t\t<\/div>\n\t\t\t\t\t<\/div>\n\t\t<\/section>\n\t\t\t\t<\/div>\n\t\t","protected":false},"excerpt":{"rendered":"<p>Tarih\u00e7e Atat\u00fcrk \u00dcniversitesi Edebiyat Fak\u00fcltesinde faaliyet g\u00f6steren Rus Dili ve Edebiyat\u0131 B\u00f6l\u00fcm\u00fc 1995 y\u0131l\u0131nda kurulmu\u015f ancak 2010 y\u0131l\u0131nda e\u011fitim-\u00f6\u011fretim faaliyetlerine ba\u015flam\u0131\u015ft\u0131r.&nbsp; B\u00f6l\u00fcm\u00fcm\u00fcz 2011 y\u0131l\u0131nda \u00f6\u011frenci &nbsp;almaya ba\u015flam\u0131\u015ft\u0131r. \u0130kinci \u00f6\u011fretim program\u0131n\u0131n bulunmad\u0131\u011f\u0131&nbsp; b\u00f6l\u00fcm\u00fcm\u00fczde 2 profes\u00f6r, 1 do\u00e7ent 5 doktor \u00f6\u011fretim \u00fcyesi 2 Ar\u015f. G\u00f6r. Dr. toplam 9 \u00f6\u011fretim \u00fcyesi ve eleman\u0131 \u00e7al\u0131\u015fmaktad\u0131r. Haz\u0131rl\u0131k s\u0131n\u0131f\u0131m\u0131z mevcut olup, [&hellip;]<\/p>\n","protected":false},"author":1,"featured_media":0,"parent":0,"menu_order":0,"comment_status":"closed","ping_status":"closed","template":"","meta":{"footnotes":""},"class_list":["post-5638","page","type-page","status-publish","hentry"],"_links":{"self":[{"href":"https:\/\/atauni.edu.tr\/rus-dili-ve-edebiyati\/wp-json\/wp\/v2\/pages\/5638","targetHints":{"allow":["GET"]}}],"collection":[{"href":"https:\/\/atauni.edu.tr\/rus-dili-ve-edebiyati\/wp-json\/wp\/v2\/pages"}],"about":[{"href":"https:\/\/atauni.edu.tr\/rus-dili-ve-edebiyati\/wp-json\/wp\/v2\/types\/page"}],"author":[{"embeddable":true,"href":"https:\/\/atauni.edu.tr\/rus-dili-ve-edebiyati\/wp-json\/wp\/v2\/users\/1"}],"replies":[{"embeddable":true,"href":"https:\/\/atauni.edu.tr\/rus-dili-ve-edebiyati\/wp-json\/wp\/v2\/comments?post=5638"}],"version-history":[{"count":37,"href":"https:\/\/atauni.edu.tr\/rus-dili-ve-edebiyati\/wp-json\/wp\/v2\/pages\/5638\/revisions"}],"predecessor-version":[{"id":7292,"href":"https:\/\/atauni.edu.tr\/rus-dili-ve-edebiyati\/wp-json\/wp\/v2\/pages\/5638\/revisions\/7292"}],"wp:attachment":[{"href":"https:\/\/atauni.edu.tr\/rus-dili-ve-edebiyati\/wp-json\/wp\/v2\/media?parent=5638"}],"curies":[{"name":"wp","href":"https:\/\/api.w.org\/{rel}","templated":true}]}}