{"id":5682,"date":"2021-07-13T10:10:01","date_gmt":"2021-07-13T07:10:01","guid":{"rendered":"https:\/\/portaltest.atauni.edu.tr\/bilgisayar-muhendisligi\/?page_id=5682"},"modified":"2025-02-08T16:21:10","modified_gmt":"2025-02-08T13:21:10","slug":"misyon-vizyon-ve-temel-degerler","status":"publish","type":"page","link":"https:\/\/atauni.edu.tr\/rus-dili-ve-edebiyati\/misyon-vizyon-ve-temel-degerler\/","title":{"rendered":"Misyon, Vizyon ve Temel De\u011ferler"},"content":{"rendered":"\t\t<div data-elementor-type=\"wp-page\" data-elementor-id=\"5682\" class=\"elementor elementor-5682\" data-elementor-post-type=\"page\">\n\t\t\t\t\t\t<section class=\"elementor-section elementor-top-section elementor-element elementor-element-730d320 elementor-section-boxed elementor-section-height-default elementor-section-height-default\" data-id=\"730d320\" data-element_type=\"section\">\n\t\t\t\t\t\t<div class=\"elementor-container elementor-column-gap-default\">\n\t\t\t\t\t<div class=\"elementor-column elementor-col-100 elementor-top-column elementor-element elementor-element-753d0860\" data-id=\"753d0860\" data-element_type=\"column\">\n\t\t\t<div class=\"elementor-widget-wrap\">\n\t\t\t\t\t\t\t<\/div>\n\t\t<\/div>\n\t\t\t\t\t<\/div>\n\t\t<\/section>\n\t\t\t\t<section class=\"elementor-section elementor-top-section elementor-element elementor-element-9be811a elementor-section-boxed elementor-section-height-default elementor-section-height-default\" data-id=\"9be811a\" data-element_type=\"section\">\n\t\t\t\t\t\t<div class=\"elementor-container elementor-column-gap-default\">\n\t\t\t\t\t<div class=\"elementor-column elementor-col-100 elementor-top-column elementor-element elementor-element-1ed847b7\" data-id=\"1ed847b7\" data-element_type=\"column\">\n\t\t\t<div class=\"elementor-widget-wrap elementor-element-populated\">\n\t\t\t\t\t\t<div class=\"elementor-element elementor-element-4ce0d07f elementor-widget elementor-widget-heading\" data-id=\"4ce0d07f\" data-element_type=\"widget\" data-widget_type=\"heading.default\">\n\t\t\t\t<div class=\"elementor-widget-container\">\n\t\t\t\t\t<h2 class=\"elementor-heading-title elementor-size-default\">Misyon, Vizyon ve Temel De\u011ferler<\/h2>\t\t\t\t<\/div>\n\t\t\t\t<\/div>\n\t\t\t\t<div class=\"elementor-element elementor-element-63260862 elementor-widget-divider--view-line elementor-widget elementor-widget-divider\" data-id=\"63260862\" data-element_type=\"widget\" data-widget_type=\"divider.default\">\n\t\t\t\t<div class=\"elementor-widget-container\">\n\t\t\t\t\t\t\t<div class=\"elementor-divider\">\n\t\t\t<span class=\"elementor-divider-separator\">\n\t\t\t\t\t\t<\/span>\n\t\t<\/div>\n\t\t\t\t\t\t<\/div>\n\t\t\t\t<\/div>\n\t\t\t\t\t<\/div>\n\t\t<\/div>\n\t\t\t\t\t<\/div>\n\t\t<\/section>\n\t\t\t\t<section class=\"elementor-section elementor-top-section elementor-element elementor-element-681db8b elementor-section-boxed elementor-section-height-default elementor-section-height-default\" data-id=\"681db8b\" data-element_type=\"section\">\n\t\t\t\t\t\t<div class=\"elementor-container elementor-column-gap-default\">\n\t\t\t\t\t<div class=\"elementor-column elementor-col-100 elementor-top-column elementor-element elementor-element-ad4dac5\" data-id=\"ad4dac5\" data-element_type=\"column\">\n\t\t\t<div class=\"elementor-widget-wrap elementor-element-populated\">\n\t\t\t\t\t\t<div class=\"elementor-element elementor-element-b25a386 elementor-widget elementor-widget-image\" data-id=\"b25a386\" data-element_type=\"widget\" data-widget_type=\"image.default\">\n\t\t\t\t<div class=\"elementor-widget-container\">\n\t\t\t\t\t\t\t\t\t\t\t\t\t\t\t<img decoding=\"async\" src=\"http:\/\/birimler.atauni.edu.tr\/rus-dili-ve-edebiyati\/wp-content\/uploads\/sites\/149\/2021\/12\/RUSCA-BILMEK.jpg\" title=\"\" alt=\"\" loading=\"lazy\" \/>\t\t\t\t\t\t\t\t\t\t\t\t\t\t\t<\/div>\n\t\t\t\t<\/div>\n\t\t\t\t<div class=\"elementor-element elementor-element-2f96b3d elementor-widget elementor-widget-text-editor\" data-id=\"2f96b3d\" data-element_type=\"widget\" data-widget_type=\"text-editor.default\">\n\t\t\t\t<div class=\"elementor-widget-container\">\n\t\t\t\t\t\t\t\t\t<div><p><strong>Misyon<\/strong><\/p><p>Rus Dili ve Edebiyat\u0131 B\u00f6l\u00fcm\u00fc olarak, \u00f6\u011frencilerimize \u00e7a\u011fda\u015f ve kapsaml\u0131 bir e\u011fitim sunarak, dil becerileri, edebiyat ve k\u00fclt\u00fcr bilgisi alan\u0131nda derin bir anlay\u0131\u015f kazand\u0131rmay\u0131 hedefliyoruz. Program\u0131m\u0131z, \u00f6\u011frencilere Rus\u00e7an\u0131n dil yap\u0131s\u0131n\u0131 ve kullan\u0131m\u0131n\u0131 uzmanl\u0131k d\u00fczeyinde \u00f6\u011fretirken, ayn\u0131 zamanda Rus k\u00fclt\u00fcr\u00fc, tarihi ve edebiyat\u0131 konular\u0131nda geni\u015f bir perspektif sunar.<br \/>Mezunlar\u0131m\u0131z\u0131n hem akademik hem de profesyonel ya\u015famlar\u0131nda yarat\u0131c\u0131, ele\u015ftirel ve analitik d\u00fc\u015f\u00fcnebilen, etik de\u011ferlere sahip bireyler olarak \u00f6ne \u00e7\u0131kmalar\u0131n\u0131 sa\u011flamay\u0131 ama\u00e7l\u0131yoruz. Ayr\u0131ca, bilimsel ara\u015ft\u0131rmalar ve toplumsal katk\u0131 projeleri yoluyla, yerel ve uluslararas\u0131 payda\u015flarla etkile\u015fim i\u00e7inde topluma hizmet etmeyi ve k\u00fclt\u00fcrleraras\u0131 diyalo\u011fa katk\u0131da bulunmay\u0131 ilke ediniyoruz.<\/p><p>\u00a0<\/p><p><strong>Vizyon<\/strong><\/p><p>Rus Dili ve Edebiyat\u0131 alan\u0131nda hem ulusal hem de uluslararas\u0131 d\u00fczeyde \u00f6nc\u00fc ve tan\u0131nan bir b\u00f6l\u00fcm olmay\u0131 hedefliyoruz. E\u011fitim programlar\u0131m\u0131z\u0131, s\u00fcrekli iyile\u015ftirme ve yenilik\u00e7ilik ilkeleri do\u011frultusunda geli\u015ftirerek, \u00f6\u011frencilerimizin dil yetkinliklerini k\u00fcresel standartlarda bir seviyeye ula\u015ft\u0131rmay\u0131 ve i\u015fverenler taraf\u0131ndan tercih edilen mezunlar olmalar\u0131n\u0131 sa\u011flamay\u0131 ama\u00e7l\u0131yoruz.<\/p><p>B\u00f6l\u00fcm\u00fcm\u00fcz, Rusya ve T\u00fcrk d\u00fcnyas\u0131 aras\u0131nda k\u00fclt\u00fcrel k\u00f6pr\u00fcler kurarak, disiplinler aras\u0131 i\u015f birli\u011fi ve ara\u015ft\u0131rmalar yoluyla akademik ve profesyonel alanlarda fark yarat\u0131r. Uzman kadrosu, uluslararas\u0131 i\u015f birli\u011fi a\u011flar\u0131 ve toplum odakl\u0131 projeleriyle, sadece bir e\u011fitim kurumu de\u011fil, ayn\u0131 zamanda k\u00fclt\u00fcrel ve akademik bir merkez olma vizyonunu benimser.<\/p><\/div><div>\u00a0<\/div>\t\t\t\t\t\t\t\t<\/div>\n\t\t\t\t<\/div>\n\t\t\t\t\t<\/div>\n\t\t<\/div>\n\t\t\t\t\t<\/div>\n\t\t<\/section>\n\t\t\t\t<\/div>\n\t\t","protected":false},"excerpt":{"rendered":"<p>Misyon, Vizyon ve Temel De\u011ferler Misyon Rus Dili ve Edebiyat\u0131 B\u00f6l\u00fcm\u00fc olarak, \u00f6\u011frencilerimize \u00e7a\u011fda\u015f ve kapsaml\u0131 bir e\u011fitim sunarak, dil becerileri, edebiyat ve k\u00fclt\u00fcr bilgisi alan\u0131nda derin bir anlay\u0131\u015f kazand\u0131rmay\u0131 hedefliyoruz. Program\u0131m\u0131z, \u00f6\u011frencilere Rus\u00e7an\u0131n dil yap\u0131s\u0131n\u0131 ve kullan\u0131m\u0131n\u0131 uzmanl\u0131k d\u00fczeyinde \u00f6\u011fretirken, ayn\u0131 zamanda Rus k\u00fclt\u00fcr\u00fc, tarihi ve edebiyat\u0131 konular\u0131nda geni\u015f bir perspektif sunar.Mezunlar\u0131m\u0131z\u0131n hem akademik [&hellip;]<\/p>\n","protected":false},"author":1,"featured_media":0,"parent":0,"menu_order":0,"comment_status":"closed","ping_status":"closed","template":"elementor_header_footer","meta":{"footnotes":""},"class_list":["post-5682","page","type-page","status-publish","hentry"],"_links":{"self":[{"href":"https:\/\/atauni.edu.tr\/rus-dili-ve-edebiyati\/wp-json\/wp\/v2\/pages\/5682","targetHints":{"allow":["GET"]}}],"collection":[{"href":"https:\/\/atauni.edu.tr\/rus-dili-ve-edebiyati\/wp-json\/wp\/v2\/pages"}],"about":[{"href":"https:\/\/atauni.edu.tr\/rus-dili-ve-edebiyati\/wp-json\/wp\/v2\/types\/page"}],"author":[{"embeddable":true,"href":"https:\/\/atauni.edu.tr\/rus-dili-ve-edebiyati\/wp-json\/wp\/v2\/users\/1"}],"replies":[{"embeddable":true,"href":"https:\/\/atauni.edu.tr\/rus-dili-ve-edebiyati\/wp-json\/wp\/v2\/comments?post=5682"}],"version-history":[{"count":14,"href":"https:\/\/atauni.edu.tr\/rus-dili-ve-edebiyati\/wp-json\/wp\/v2\/pages\/5682\/revisions"}],"predecessor-version":[{"id":7828,"href":"https:\/\/atauni.edu.tr\/rus-dili-ve-edebiyati\/wp-json\/wp\/v2\/pages\/5682\/revisions\/7828"}],"wp:attachment":[{"href":"https:\/\/atauni.edu.tr\/rus-dili-ve-edebiyati\/wp-json\/wp\/v2\/media?parent=5682"}],"curies":[{"name":"wp","href":"https:\/\/api.w.org\/{rel}","templated":true}]}}