{"id":5728,"date":"2021-07-13T11:33:38","date_gmt":"2021-07-13T08:33:38","guid":{"rendered":"https:\/\/portaltest.atauni.edu.tr\/bilgisayar-muhendisligi\/?page_id=5728"},"modified":"2022-12-02T15:25:27","modified_gmt":"2022-12-02T12:25:27","slug":"bolum-tanitimi","status":"publish","type":"page","link":"https:\/\/atauni.edu.tr\/rus-dili-ve-edebiyati\/bolum-tanitimi\/","title":{"rendered":"B\u00f6l\u00fcm Tan\u0131t\u0131m\u0131"},"content":{"rendered":"\t\t<div data-elementor-type=\"wp-page\" data-elementor-id=\"5728\" class=\"elementor elementor-5728\" data-elementor-post-type=\"page\">\n\t\t\t\t\t\t<section class=\"elementor-section elementor-top-section elementor-element elementor-element-730d320 elementor-section-boxed elementor-section-height-default elementor-section-height-default\" data-id=\"730d320\" data-element_type=\"section\">\n\t\t\t\t\t\t<div class=\"elementor-container elementor-column-gap-default\">\n\t\t\t\t\t<div class=\"elementor-column elementor-col-100 elementor-top-column elementor-element elementor-element-753d0860\" data-id=\"753d0860\" data-element_type=\"column\">\n\t\t\t<div class=\"elementor-widget-wrap\">\n\t\t\t\t\t\t\t<\/div>\n\t\t<\/div>\n\t\t\t\t\t<\/div>\n\t\t<\/section>\n\t\t\t\t<section class=\"elementor-section elementor-top-section elementor-element elementor-element-9be811a elementor-section-boxed elementor-section-height-default elementor-section-height-default\" data-id=\"9be811a\" data-element_type=\"section\">\n\t\t\t\t\t\t<div class=\"elementor-container elementor-column-gap-default\">\n\t\t\t\t\t<div class=\"elementor-column elementor-col-100 elementor-top-column elementor-element elementor-element-1ed847b7\" data-id=\"1ed847b7\" data-element_type=\"column\">\n\t\t\t<div class=\"elementor-widget-wrap elementor-element-populated\">\n\t\t\t\t\t\t<div class=\"elementor-element elementor-element-63260862 elementor-widget-divider--view-line elementor-widget elementor-widget-divider\" data-id=\"63260862\" data-element_type=\"widget\" data-widget_type=\"divider.default\">\n\t\t\t\t<div class=\"elementor-widget-container\">\n\t\t\t\t\t\t\t<div class=\"elementor-divider\">\n\t\t\t<span class=\"elementor-divider-separator\">\n\t\t\t\t\t\t<\/span>\n\t\t<\/div>\n\t\t\t\t\t\t<\/div>\n\t\t\t\t<\/div>\n\t\t\t\t\t<\/div>\n\t\t<\/div>\n\t\t\t\t\t<\/div>\n\t\t<\/section>\n\t\t\t\t<section class=\"elementor-section elementor-top-section elementor-element elementor-element-681db8b elementor-section-boxed elementor-section-height-default elementor-section-height-default\" data-id=\"681db8b\" data-element_type=\"section\">\n\t\t\t\t\t\t<div class=\"elementor-container elementor-column-gap-default\">\n\t\t\t\t\t<div class=\"elementor-column elementor-col-100 elementor-top-column elementor-element elementor-element-ad4dac5\" data-id=\"ad4dac5\" data-element_type=\"column\">\n\t\t\t<div class=\"elementor-widget-wrap elementor-element-populated\">\n\t\t\t\t\t\t<div class=\"elementor-element elementor-element-2f96b3d elementor-widget elementor-widget-text-editor\" data-id=\"2f96b3d\" data-element_type=\"widget\" data-widget_type=\"text-editor.default\">\n\t\t\t\t<div class=\"elementor-widget-container\">\n\t\t\t\t\t\t\t\t\t<div><p><div class=\"wp-playlist wp-video-playlist wp-playlist-light\">\n\t\t<video controls=\"controls\" preload=\"none\" width=\"640\"\n\t\t height=\"427\"\t><\/video>\n\t<div class=\"wp-playlist-next\"><\/div>\n\t<div class=\"wp-playlist-prev\"><\/div>\n\t<noscript>\n\t<ol>\n\t\t<li><a href='https:\/\/atauni.edu.tr\/rus-dili-ve-edebiyati\/wp-content\/uploads\/sites\/149\/2020\/07\/Ataturk-Universitesi-Tanitim-Filmi.mp4'>Atat\u00fcrk \u00dcniversitesi Tan\u0131t\u0131m Filmi<\/a><\/li>\t<\/ol>\n\t<\/noscript>\n\t<script type=\"application\/json\" class=\"wp-playlist-script\">{\"type\":\"video\",\"tracklist\":true,\"tracknumbers\":true,\"images\":true,\"artists\":true,\"tracks\":[{\"src\":\"https:\/\/atauni.edu.tr\/rus-dili-ve-edebiyati\/wp-content\/uploads\/sites\/149\/2020\/07\/Ataturk-Universitesi-Tanitim-Filmi.mp4\",\"type\":\"video\/mp4\",\"title\":\"Atat\\u00fcrk \\u00dcniversitesi Tan\\u0131t\\u0131m Filmi\",\"caption\":\"\",\"description\":\"\",\"meta\":{\"length_formatted\":\"2:02\"},\"dimensions\":{\"original\":{\"width\":720,\"height\":480},\"resized\":{\"width\":640,\"height\":427}},\"image\":{\"src\":\"https:\/\/atauni.edu.tr\/rus-dili-ve-edebiyati\/wp-includes\/images\/media\/video.svg\",\"width\":48,\"height\":64},\"thumb\":{\"src\":\"https:\/\/atauni.edu.tr\/rus-dili-ve-edebiyati\/wp-includes\/images\/media\/video.svg\",\"width\":48,\"height\":64}}]}<\/script>\n<\/div>\n\t<\/p><p style=\"margin-bottom: 10px;color: #000000;font-family: 'Roboto Condensed', sans-serif;font-size: 14px;font-weight: 400\"><span style=\"color: #63646b;font-family: Ubuntu;background-color: #fafafa\">Atat\u00fcrk \u00dcniversitesi Edebiyat Fak\u00fcltesinde faaliyet g\u00f6steren Rus Dili ve Edebiyat\u0131 B\u00f6l\u00fcm\u00fc 1995 y\u0131l\u0131nda kurulmu\u015f ancak 2010 y\u0131l\u0131nda e\u011fitim-\u00f6\u011fretim faaliyetlerine ba\u015flam\u0131\u015ft\u0131r. 2011 y\u0131l\u0131nda \u00f6\u011frenci \u00a0almaya ba\u015flayan ve\u00a0 \u0130kinci \u00f6\u011fretim program\u0131n\u0131n bulunmad\u0131\u011f\u0131\u00a0 b\u00f6l\u00fcm\u00fcm\u00fczde; 2 Profes\u00f6r, 2 Do\u00e7ent, 5 Doktor \u00d6\u011fretim \u00dcyesi 2 Ar\u015f. G\u00f6r. Dr. toplam 11 \u00f6\u011fretim \u00fcyesi ve eleman\u0131 \u00e7al\u0131\u015fmaktad\u0131r. Haz\u0131rl\u0131k s\u0131n\u0131f\u0131m\u0131z mevcut olup, 2 d\u00f6nem 1 y\u0131l s\u00fcrmektedir, iki d\u00f6nemde de vize ve final ortalamalar\u0131 65 ve \u00fczerinde olan \u00f6\u011frenciler birinci s\u0131n\u0131fa ge\u00e7meye hak kazan\u0131rlar. B\u00f6l\u00fcm\u00fcm\u00fcz\u00fc kazanan \u00f6\u011frenciler YDS Rus\u00e7a s\u0131nav\u0131ndan 80 ve \u00fczeri puan ald\u0131klar\u0131n\u0131 belgelemeleri durumunda haz\u0131rl\u0131k s\u0131n\u0131f\u0131n\u0131 ge\u00e7ebilirler. B\u00f6l\u00fcmdeki akademisyenlerimiz Rus dilbilimi, Rus edebiyat\u0131, Rus halkbilimi, k\u00fclt\u00fcr bilimi ve kar\u015f\u0131la\u015ft\u0131rmal\u0131 ara\u015ft\u0131rmalar ve \u00e7al\u0131\u015fmalar yapmaktad\u0131rlar. T\u00fcrkiye\u2019de 22 \u00fcniversitede Rus Dili ve Edebiyat\u0131 B\u00f6l\u00fcm\u00fc bulunmaktad\u0131r. 14 \u00fcniversitede b\u00f6l\u00fcm aktif olarak \u00f6\u011frenci almaktad\u0131r. B\u00f6l\u00fcm\u00fcm\u00fcz kurulu\u015f tarihi bak\u0131m\u0131ndan 5. s\u0131rada yer almaktad\u0131r. B\u00f6l\u00fcm\u00fcm\u00fczden mezun olan \u00f6\u011frenciler, iyi derece Rus\u00e7a konu\u015fma, okuma, anlama, ileti\u015fim kurma becerisinin yan\u0131s\u0131ra; Rus edebiyat\u0131, tarihi ve k\u00fclt\u00fcr\u00fc hakk\u0131nda da bilgi sahibi olurlar. \u0130leri d\u00fczey yabanc\u0131 dil bilgisi ve becerisine sahip olarak, dil e\u011fitmenli\u011fi, \u00e7evirmenlik ve turizm sekt\u00f6r\u00fcnde meslek kazan\u0131m\u0131 elde ederler. Bu programda; Rus Dili, Rus K\u00fclt\u00fcr\u00fc, Rus Edebiyat\u0131 ve Rusya Tarihi \u00a0gibi bilim dallar\u0131 \u00f6\u011fretilmektedir. Bu bilim dallar\u0131n\u0131 \u00f6\u011frenerek yeti\u015fen \u00f6\u011frencilerimiz, K\u00fclt\u00fcr ve Turizm Bakanl\u0131\u011f\u0131, D\u0131\u015f \u0130li\u015fkiler, Turizm Kurulu\u015flar\u0131, El\u00e7ilikler, Terc\u00fcme B\u00fcrolar\u0131, Bas\u0131n Yay\u0131n Enformasyon Genel M\u00fcd\u00fcrl\u00fc\u011f\u00fc, \u0130\u00e7i\u015fleri Bakanl\u0131\u011f\u0131 gibi kurum ve kurulu\u015flarda istihdam edilmektedirler. B\u00f6l\u00fcm\u00fcm\u00fczde donan\u0131ml\u0131 akademisyenlerin bulunmas\u0131, yabanc\u0131 uyruklu \u00f6\u011fretim \u00fcyeleri sayesinde \u00f6\u011frencilerin Rus\u00e7a pratik yapma imkan\u0131 bulmas\u0131, alan\u0131nda uzman akademisyenlerin bulunmas\u0131, \u00fcniversitemizin k\u00f6kl\u00fc bir \u00fcniversite olmas\u0131, kamp\u00fcs\u00fcm\u00fcz\u00fcn geni\u015f ve d\u00fczenli olmas\u0131 b\u00f6l\u00fcm\u00fcm\u00fcz\u00fc \u00fclkemizdeki di\u011fer \u00fcniversitedeki b\u00f6l\u00fcmlerden ay\u0131ran ve \u00f6\u011frencilerin tercih etmesini sa\u011flayan \u00f6zellikler aras\u0131nda say\u0131labilir. G\u00fcn\u00fcm\u00fczde \u00a0uluslararas\u0131 bir ileti\u015fim arac\u0131na d\u00f6n\u00fc\u015fen \u00a0ve bir d\u00fcnya dili olan \u0130ngilizcenin sahip oldu\u011fu pop\u00fclariteye sahip olmaya aday bir dil olan Rus\u00e7an\u0131n as\u0131rlardan beri Avrupa&#8217;n\u0131n siyasetinde, tarihinde, felsefesinde ve k\u00fclt\u00fcr\u00fcnde \u00e7ok \u00f6nemli bir rol oynad\u0131\u011f\u0131 bilinmektedir. Rus\u00e7a, yakla\u015f\u0131k olarak 150 milyon ki\u015finin ana dilidir. Avrupa&#8217;n\u0131n ekonomi politikas\u0131nda, bilimsel ara\u015ft\u0131rmalar\u0131nda, be\u015feri \u00e7al\u0131\u015fmalar\u0131nda ve genel k\u00fclt\u00fcr meselelerinde merkezi bir konumda yer almaktad\u0131r. Uluslararas\u0131 kongrelerde, siyasi m\u00fczakerelerde ve ticari fuarlarda Rus\u00e7a, \u00f6nemli bir yere sahiptir. Ayr\u0131ca, entelekt\u00fcel miras\u0131m\u0131z\u0131n bir par\u00e7as\u0131 olan \u00a0felsefi ve edeb\u00ee gelene\u011fin de dilidir. Bu zengin bilgi kayna\u011f\u0131n\u0131n kilidini a\u00e7acak en iyi anahtar tabii ki Rus dilini \u00f6\u011frenmektir. Bir dili \u00f6\u011frenmek, basit bir faaliyet gibi g\u00f6r\u00fcnebilir; ancak o dili konu\u015fan insanlar\u0131n edebiyat\u0131, k\u00fclt\u00fcr\u00fc, folkloru ve tarihi \u00f6\u011frenildi\u011finde ne kadar zengin ve zenginle\u015ftirici bir tecr\u00fcbe oldu\u011fu m\u00fc\u015fahede edilir. Dolay\u0131s\u0131yla Rus\u00e7a e\u011fitimi, sadece kelimelerin, deyimlerin ve dilsel yap\u0131lar\u0131n k\u00f6r\u00fc k\u00f6r\u00fcne ezberlenmesini gerektiren bir e\u011fitim anlay\u0131\u015f\u0131 de\u011fildir. Rus dilini etkili bir \u015fekilde \u00f6\u011frenme sanat\u0131, Rus\u00e7a konu\u015fan insanlar\u0131n d\u00fcnya g\u00f6r\u00fc\u015f\u00fcn\u00fc, k\u00fclt\u00fcr\u00fcn\u00fc, sanat\u0131n\u0131, \u00f6\u011frenmek ve \u00f6\u011fretmek; onlar gibi d\u00fc\u015f\u00fcnmeye \u00e7al\u0131\u015fmakt\u0131r. Bunun yan\u0131 s\u0131ra; \u00a0Avrupa tarihini, felsefini, siyasetini, k\u00fclt\u00fcrel geli\u015fmelerini de ayn\u0131 oranda takip etme anlay\u0131\u015f\u0131d\u0131r.\u00a0<\/span><\/p><p style=\"margin-bottom: 10px;color: #000000;font-family: 'Roboto Condensed', sans-serif;font-size: 14px;font-weight: 400\">B\u00f6l\u00fcm\u00fcm\u00fcz\u00fcn misyonu ve vizyonu; \u00e7a\u011fda\u015f, \u00fclke ve d\u00fcnya sorunlar\u0131na duyarl\u0131 olup \u00e7\u00f6z\u00fcm \u00fcreten,ileti\u015fim ve e\u011fitim teknolojilerini kullanabilen, farkl\u0131 bilim dallar\u0131 aras\u0131nda ili\u015fki kurabilen ve bilgilerini farkl\u0131 alanlara uygulayabilen, ho\u015fg\u00f6r\u00fc ve \u00f6z g\u00fcveni y\u00fcksek olan, mesle\u011fine adanm\u0131\u015fl\u0131k duygusuna sahip bilim adam\u0131 yeti\u015ftirmektir.\u00a0<span style=\"letter-spacing: 0px\">B\u00f6l\u00fcm\u00fcm\u00fcz\u00fcn amac\u0131, birle\u015fmi\u015f milletlerin resmi dillerinden birisi olan ve\u00a0Hint-Avrupa dil ailesinin Slav Dilleri grubunun Do\u011fu Slav Dilleri alt grubuna mensup dillerden birisi olan\u00a0Rus\u00e7ay\u0131, etkin bir \u015fekilde \u00f6\u011fretmektir. \u00d6\u011frencilerimize \u00f6\u011fretilen zengin dil bilgisinin yan\u0131 s\u0131ra onlar\u0131 edebiyat, sanat ve k\u00fclt\u00fcr alan\u0131nda donan\u0131ml\u0131 ve birikimli bir bilgiye sahip k\u0131lmak di\u011fer bir amac\u0131m\u0131zd\u0131r. \u00d6\u011frencilerimizin yabanc\u0131 dil ve edebiyat alanlar\u0131nda ayd\u0131n birer birey olarak yeti\u015ftirilmesi de ama\u00e7lar\u0131m\u0131z aras\u0131nda bulunmaktad\u0131r.<\/span><\/p><\/div><div>\u00a0<\/div>\t\t\t\t\t\t\t\t<\/div>\n\t\t\t\t<\/div>\n\t\t\t\t\t<\/div>\n\t\t<\/div>\n\t\t\t\t\t<\/div>\n\t\t<\/section>\n\t\t\t\t<section class=\"elementor-section elementor-top-section elementor-element elementor-element-64ec57e elementor-section-boxed elementor-section-height-default elementor-section-height-default\" data-id=\"64ec57e\" data-element_type=\"section\">\n\t\t\t\t\t\t<div class=\"elementor-container elementor-column-gap-default\">\n\t\t\t\t\t<div class=\"elementor-column elementor-col-100 elementor-top-column elementor-element elementor-element-7475f35\" data-id=\"7475f35\" data-element_type=\"column\">\n\t\t\t<div class=\"elementor-widget-wrap elementor-element-populated\">\n\t\t\t\t\t\t<div class=\"elementor-element elementor-element-a8b5a97 elementor-widget elementor-widget-video\" data-id=\"a8b5a97\" data-element_type=\"widget\" data-settings=\"{&quot;youtube_url&quot;:&quot;https:\\\/\\\/www.youtube.com\\\/watch?v=BJBsa7v2xMw&quot;,&quot;video_type&quot;:&quot;youtube&quot;,&quot;controls&quot;:&quot;yes&quot;}\" data-widget_type=\"video.default\">\n\t\t\t\t<div class=\"elementor-widget-container\">\n\t\t\t\t\t\t\t<div class=\"elementor-wrapper elementor-open-inline\">\n\t\t\t<div class=\"elementor-video\"><\/div>\t\t<\/div>\n\t\t\t\t\t\t<\/div>\n\t\t\t\t<\/div>\n\t\t\t\t\t<\/div>\n\t\t<\/div>\n\t\t\t\t\t<\/div>\n\t\t<\/section>\n\t\t\t\t<\/div>\n\t\t","protected":false},"excerpt":{"rendered":"<p>Atat\u00fcrk \u00dcniversitesi Edebiyat Fak\u00fcltesinde faaliyet g\u00f6steren Rus Dili ve Edebiyat\u0131 B\u00f6l\u00fcm\u00fc 1995 y\u0131l\u0131nda kurulmu\u015f ancak 2010 y\u0131l\u0131nda e\u011fitim-\u00f6\u011fretim faaliyetlerine ba\u015flam\u0131\u015ft\u0131r. 2011 y\u0131l\u0131nda \u00f6\u011frenci \u00a0almaya ba\u015flayan ve\u00a0 \u0130kinci \u00f6\u011fretim program\u0131n\u0131n bulunmad\u0131\u011f\u0131\u00a0 b\u00f6l\u00fcm\u00fcm\u00fczde; 2 Profes\u00f6r, 2 Do\u00e7ent, 5 Doktor \u00d6\u011fretim \u00dcyesi 2 Ar\u015f. G\u00f6r. Dr. toplam 11 \u00f6\u011fretim \u00fcyesi ve eleman\u0131 \u00e7al\u0131\u015fmaktad\u0131r. Haz\u0131rl\u0131k s\u0131n\u0131f\u0131m\u0131z mevcut olup, 2 [&hellip;]<\/p>\n","protected":false},"author":1,"featured_media":0,"parent":0,"menu_order":0,"comment_status":"closed","ping_status":"closed","template":"elementor_header_footer","meta":{"footnotes":""},"class_list":["post-5728","page","type-page","status-publish","hentry"],"_links":{"self":[{"href":"https:\/\/atauni.edu.tr\/rus-dili-ve-edebiyati\/wp-json\/wp\/v2\/pages\/5728","targetHints":{"allow":["GET"]}}],"collection":[{"href":"https:\/\/atauni.edu.tr\/rus-dili-ve-edebiyati\/wp-json\/wp\/v2\/pages"}],"about":[{"href":"https:\/\/atauni.edu.tr\/rus-dili-ve-edebiyati\/wp-json\/wp\/v2\/types\/page"}],"author":[{"embeddable":true,"href":"https:\/\/atauni.edu.tr\/rus-dili-ve-edebiyati\/wp-json\/wp\/v2\/users\/1"}],"replies":[{"embeddable":true,"href":"https:\/\/atauni.edu.tr\/rus-dili-ve-edebiyati\/wp-json\/wp\/v2\/comments?post=5728"}],"version-history":[{"count":77,"href":"https:\/\/atauni.edu.tr\/rus-dili-ve-edebiyati\/wp-json\/wp\/v2\/pages\/5728\/revisions"}],"predecessor-version":[{"id":7231,"href":"https:\/\/atauni.edu.tr\/rus-dili-ve-edebiyati\/wp-json\/wp\/v2\/pages\/5728\/revisions\/7231"}],"wp:attachment":[{"href":"https:\/\/atauni.edu.tr\/rus-dili-ve-edebiyati\/wp-json\/wp\/v2\/media?parent=5728"}],"curies":[{"name":"wp","href":"https:\/\/api.w.org\/{rel}","templated":true}]}}