{"id":5734,"date":"2021-07-13T11:37:45","date_gmt":"2021-07-13T08:37:45","guid":{"rendered":"https:\/\/portaltest.atauni.edu.tr\/bilgisayar-muhendisligi\/?page_id=5734"},"modified":"2022-08-24T15:05:28","modified_gmt":"2022-08-24T12:05:28","slug":"ogrenci-deneyimi","status":"publish","type":"page","link":"https:\/\/atauni.edu.tr\/rus-dili-ve-edebiyati\/ogrenci-deneyimi\/","title":{"rendered":"\u00d6\u011frenci Deneyimi"},"content":{"rendered":"\t\t<div data-elementor-type=\"wp-page\" data-elementor-id=\"5734\" class=\"elementor elementor-5734\" data-elementor-post-type=\"page\">\n\t\t\t\t\t\t<section class=\"elementor-section elementor-top-section elementor-element elementor-element-730d320 elementor-section-boxed elementor-section-height-default elementor-section-height-default\" data-id=\"730d320\" data-element_type=\"section\">\n\t\t\t\t\t\t<div class=\"elementor-container elementor-column-gap-default\">\n\t\t\t\t\t<div class=\"elementor-column elementor-col-100 elementor-top-column elementor-element elementor-element-753d0860\" data-id=\"753d0860\" data-element_type=\"column\">\n\t\t\t<div class=\"elementor-widget-wrap\">\n\t\t\t\t\t\t\t<\/div>\n\t\t<\/div>\n\t\t\t\t\t<\/div>\n\t\t<\/section>\n\t\t\t\t<section class=\"elementor-section elementor-top-section elementor-element elementor-element-9be811a elementor-section-boxed elementor-section-height-default elementor-section-height-default\" data-id=\"9be811a\" data-element_type=\"section\">\n\t\t\t\t\t\t<div class=\"elementor-container elementor-column-gap-default\">\n\t\t\t\t\t<div class=\"elementor-column elementor-col-100 elementor-top-column elementor-element elementor-element-1ed847b7\" data-id=\"1ed847b7\" data-element_type=\"column\">\n\t\t\t<div class=\"elementor-widget-wrap elementor-element-populated\">\n\t\t\t\t\t\t<div class=\"elementor-element elementor-element-4ce0d07f elementor-widget elementor-widget-heading\" data-id=\"4ce0d07f\" data-element_type=\"widget\" data-widget_type=\"heading.default\">\n\t\t\t\t<div class=\"elementor-widget-container\">\n\t\t\t\t\t<h2 class=\"elementor-heading-title elementor-size-default\">\u00d6\u011frenci Deneyimi<\/h2>\t\t\t\t<\/div>\n\t\t\t\t<\/div>\n\t\t\t\t<div class=\"elementor-element elementor-element-63260862 elementor-widget-divider--view-line elementor-widget elementor-widget-divider\" data-id=\"63260862\" data-element_type=\"widget\" data-widget_type=\"divider.default\">\n\t\t\t\t<div class=\"elementor-widget-container\">\n\t\t\t\t\t\t\t<div class=\"elementor-divider\">\n\t\t\t<span class=\"elementor-divider-separator\">\n\t\t\t\t\t\t<\/span>\n\t\t<\/div>\n\t\t\t\t\t\t<\/div>\n\t\t\t\t<\/div>\n\t\t\t\t\t<\/div>\n\t\t<\/div>\n\t\t\t\t\t<\/div>\n\t\t<\/section>\n\t\t\t\t<section class=\"elementor-section elementor-top-section elementor-element elementor-element-4debb41 elementor-section-boxed elementor-section-height-default elementor-section-height-default\" data-id=\"4debb41\" data-element_type=\"section\">\n\t\t\t\t\t\t<div class=\"elementor-container elementor-column-gap-default\">\n\t\t\t\t\t<div class=\"elementor-column elementor-col-100 elementor-top-column elementor-element elementor-element-28420b1\" data-id=\"28420b1\" data-element_type=\"column\">\n\t\t\t<div class=\"elementor-widget-wrap elementor-element-populated\">\n\t\t\t\t\t\t<div class=\"elementor-element elementor-element-326ee56 elementor-widget elementor-widget-heading\" data-id=\"326ee56\" data-element_type=\"widget\" data-widget_type=\"heading.default\">\n\t\t\t\t<div class=\"elementor-widget-container\">\n\t\t\t\t\t<h2 class=\"elementor-heading-title elementor-size-default\"><h1><span style=\"background:#FAFAFA\">\u00d6\u011frenci Deneyimi:<\/span><\/h1><\/h2>\t\t\t\t<\/div>\n\t\t\t\t<\/div>\n\t\t\t\t\t<\/div>\n\t\t<\/div>\n\t\t\t\t\t<\/div>\n\t\t<\/section>\n\t\t\t\t<section class=\"elementor-section elementor-top-section elementor-element elementor-element-12cdaf4 elementor-section-boxed elementor-section-height-default elementor-section-height-default\" data-id=\"12cdaf4\" data-element_type=\"section\">\n\t\t\t\t\t\t<div class=\"elementor-container elementor-column-gap-default\">\n\t\t\t\t\t<div class=\"elementor-column elementor-col-100 elementor-top-column elementor-element elementor-element-e8fbdaa\" data-id=\"e8fbdaa\" data-element_type=\"column\">\n\t\t\t<div class=\"elementor-widget-wrap elementor-element-populated\">\n\t\t\t\t\t\t<div class=\"elementor-element elementor-element-3863618 elementor-widget elementor-widget-text-editor\" data-id=\"3863618\" data-element_type=\"widget\" data-widget_type=\"text-editor.default\">\n\t\t\t\t<div class=\"elementor-widget-container\">\n\t\t\t\t\t\t\t\t\t<p class=\"MsoNoSpacing\"><span style=\"background: #FAFAFA\">Atat\u00fcrk \u00dcniversitesi Edebiyat Fak\u00fcltesinde faaliyet g\u00f6steren Rus Dili ve Edebiyat\u0131 B\u00f6l\u00fcm\u00fc 1995 Y\u0131l\u0131n\u2019da kurulmu\u015f ancak 2010 y\u0131l\u0131nda e\u011fitim-\u00f6\u011fretim faaliyetlerine ba\u015flam\u0131\u015ft\u0131r. 2011 y\u0131l\u0131nda \u00f6\u011frenci almaya ba\u015flayan ve\u00a0\u0130kinci \u00f6\u011fretim program\u0131n\u0131n bulunmad\u0131\u011f\u0131\u00a0 b\u00f6l\u00fcm\u00fcm\u00fczde; 2 profes\u00f6r, 3 doktor \u00f6\u011fretim \u00fcyesi 2 Ar\u015f. G\u00f6r. Dr. toplam 7 \u00f6\u011fretim \u00fcyesi ve eleman\u0131 \u00e7al\u0131\u015fmaktad\u0131r.<\/span><\/p>\t\t\t\t\t\t\t\t<\/div>\n\t\t\t\t<\/div>\n\t\t\t\t\t<\/div>\n\t\t<\/div>\n\t\t\t\t\t<\/div>\n\t\t<\/section>\n\t\t\t\t<section class=\"elementor-section elementor-top-section elementor-element elementor-element-3d33f70 elementor-section-boxed elementor-section-height-default elementor-section-height-default\" data-id=\"3d33f70\" data-element_type=\"section\">\n\t\t\t\t\t\t<div class=\"elementor-container elementor-column-gap-default\">\n\t\t\t\t\t<div class=\"elementor-column elementor-col-100 elementor-top-column elementor-element elementor-element-78b298e\" data-id=\"78b298e\" data-element_type=\"column\">\n\t\t\t<div class=\"elementor-widget-wrap elementor-element-populated\">\n\t\t\t\t\t\t<div class=\"elementor-element elementor-element-cd3d0b1 elementor-widget elementor-widget-text-editor\" data-id=\"cd3d0b1\" data-element_type=\"widget\" data-widget_type=\"text-editor.default\">\n\t\t\t\t<div class=\"elementor-widget-container\">\n\t\t\t\t\t\t\t\t\t<p class=\"MsoNormal\"><b>B\u00f6l\u00fcm\u00fcm\u00fczde okuyan \u00f6\u011frencilerimizin vermi\u015f oldu\u011fu r\u00f6portaj i\u00e7in a\u015fa\u011f\u0131daki videoyu izleyebilirsiniz.<\/b><\/p><p class=\"MsoNormal\"><i>Youtube Linki:<\/i><\/p><p><span style=\"font-size: 11.0pt;line-height: 107%;font-family: 'Calibri',sans-serif\"><a href=\"https:\/\/www.youtube.com\/watch?v=OR849_ZvNg0\">https:\/\/www.youtube.com\/watch?v=OR849_ZvNg0<\/a><\/span><\/p>\t\t\t\t\t\t\t\t<\/div>\n\t\t\t\t<\/div>\n\t\t\t\t\t<\/div>\n\t\t<\/div>\n\t\t\t\t\t<\/div>\n\t\t<\/section>\n\t\t\t\t<section class=\"elementor-section elementor-top-section elementor-element elementor-element-3ea48ab elementor-section-boxed elementor-section-height-default elementor-section-height-default\" data-id=\"3ea48ab\" data-element_type=\"section\">\n\t\t\t\t\t\t<div class=\"elementor-container elementor-column-gap-default\">\n\t\t\t\t\t<div class=\"elementor-column elementor-col-100 elementor-top-column elementor-element elementor-element-fe7a4da\" data-id=\"fe7a4da\" data-element_type=\"column\">\n\t\t\t<div class=\"elementor-widget-wrap elementor-element-populated\">\n\t\t\t\t\t\t<div class=\"elementor-element elementor-element-71aa5d6 elementor-widget elementor-widget-video\" data-id=\"71aa5d6\" data-element_type=\"widget\" data-settings=\"{&quot;youtube_url&quot;:&quot;https:\\\/\\\/www.youtube.com\\\/watch?v=OR849_ZvNg0&quot;,&quot;video_type&quot;:&quot;youtube&quot;,&quot;controls&quot;:&quot;yes&quot;}\" data-widget_type=\"video.default\">\n\t\t\t\t<div class=\"elementor-widget-container\">\n\t\t\t\t\t\t\t<div class=\"elementor-wrapper elementor-open-inline\">\n\t\t\t<div class=\"elementor-video\"><\/div>\t\t<\/div>\n\t\t\t\t\t\t<\/div>\n\t\t\t\t<\/div>\n\t\t\t\t\t<\/div>\n\t\t<\/div>\n\t\t\t\t\t<\/div>\n\t\t<\/section>\n\t\t\t\t<\/div>\n\t\t","protected":false},"excerpt":{"rendered":"<p>\u00d6\u011frenci Deneyimi \u00d6\u011frenci Deneyimi: Atat\u00fcrk \u00dcniversitesi Edebiyat Fak\u00fcltesinde faaliyet g\u00f6steren Rus Dili ve Edebiyat\u0131 B\u00f6l\u00fcm\u00fc 1995 Y\u0131l\u0131n\u2019da kurulmu\u015f ancak 2010 y\u0131l\u0131nda e\u011fitim-\u00f6\u011fretim faaliyetlerine ba\u015flam\u0131\u015ft\u0131r. 2011 y\u0131l\u0131nda \u00f6\u011frenci almaya ba\u015flayan ve\u00a0\u0130kinci \u00f6\u011fretim program\u0131n\u0131n bulunmad\u0131\u011f\u0131\u00a0 b\u00f6l\u00fcm\u00fcm\u00fczde; 2 profes\u00f6r, 3 doktor \u00f6\u011fretim \u00fcyesi 2 Ar\u015f. G\u00f6r. Dr. toplam 7 \u00f6\u011fretim \u00fcyesi ve eleman\u0131 \u00e7al\u0131\u015fmaktad\u0131r. B\u00f6l\u00fcm\u00fcm\u00fczde okuyan \u00f6\u011frencilerimizin vermi\u015f [&hellip;]<\/p>\n","protected":false},"author":1,"featured_media":0,"parent":0,"menu_order":0,"comment_status":"closed","ping_status":"closed","template":"elementor_header_footer","meta":{"footnotes":""},"class_list":["post-5734","page","type-page","status-publish","hentry"],"_links":{"self":[{"href":"https:\/\/atauni.edu.tr\/rus-dili-ve-edebiyati\/wp-json\/wp\/v2\/pages\/5734","targetHints":{"allow":["GET"]}}],"collection":[{"href":"https:\/\/atauni.edu.tr\/rus-dili-ve-edebiyati\/wp-json\/wp\/v2\/pages"}],"about":[{"href":"https:\/\/atauni.edu.tr\/rus-dili-ve-edebiyati\/wp-json\/wp\/v2\/types\/page"}],"author":[{"embeddable":true,"href":"https:\/\/atauni.edu.tr\/rus-dili-ve-edebiyati\/wp-json\/wp\/v2\/users\/1"}],"replies":[{"embeddable":true,"href":"https:\/\/atauni.edu.tr\/rus-dili-ve-edebiyati\/wp-json\/wp\/v2\/comments?post=5734"}],"version-history":[{"count":32,"href":"https:\/\/atauni.edu.tr\/rus-dili-ve-edebiyati\/wp-json\/wp\/v2\/pages\/5734\/revisions"}],"predecessor-version":[{"id":7148,"href":"https:\/\/atauni.edu.tr\/rus-dili-ve-edebiyati\/wp-json\/wp\/v2\/pages\/5734\/revisions\/7148"}],"wp:attachment":[{"href":"https:\/\/atauni.edu.tr\/rus-dili-ve-edebiyati\/wp-json\/wp\/v2\/media?parent=5734"}],"curies":[{"name":"wp","href":"https:\/\/api.w.org\/{rel}","templated":true}]}}