{"id":6863,"date":"2022-03-03T14:58:54","date_gmt":"2022-03-03T11:58:54","guid":{"rendered":"https:\/\/birimler.atauni.edu.tr\/rus-dili-ve-edebiyati\/?page_id=6863"},"modified":"2025-09-30T14:24:48","modified_gmt":"2025-09-30T11:24:48","slug":"ataturk-universitesi-rus-dili-kulubu","status":"publish","type":"page","link":"https:\/\/atauni.edu.tr\/rus-dili-ve-edebiyati\/ataturk-universitesi-rus-dili-kulubu\/","title":{"rendered":"Atat\u00fcrk \u00dcniversitesi Rus Dili Kul\u00fcb\u00fc"},"content":{"rendered":"\n<p><strong>Kul\u00fcb\u00fcm\u00fcz\u00fcn Ad\u0131:<\/strong><\/p>\n\n\n\n<p>\u201c<strong><em>Rus Dili Kul\u00fcb\u00fc<\/em><\/strong>\u201d<\/p>\n\n\n\n<p><strong>Hakk\u0131m\u0131zda:<\/strong><\/p>\n\n\n\n<p>Atat\u00fcrk \u00dcniversitesi b\u00fcnyesinde kurulan ve uluslararas\u0131 d\u00fczeyde etkile\u015fim alan\u0131na sahip olan Rus Dili Kul\u00fcb\u00fc, ad\u0131ndan da anla\u015f\u0131laca\u011f\u0131 \u00fczere Rus dili ve k\u00fclt\u00fcr\u00fcne ilgi duyan \u00f6\u011frencileri bir araya getirmeyi ama\u00e7lamaktad\u0131r. Kul\u00fcb\u00fcm\u00fcz yaln\u0131zca Rus Dili ve Edebiyat\u0131 \u00f6\u011frencilerine de\u011fil, \u00fcniversitemizin t\u00fcm \u00f6\u011frencilerine a\u00e7\u0131kt\u0131r. Samimi ve dostane ortam\u0131yla farkl\u0131 b\u00f6l\u00fcmlerden \u00f6\u011frencilerin kayna\u015fmas\u0131na zemin haz\u0131rlamaktad\u0131r.<\/p>\n\n\n\n<p><strong>Amac\u0131m\u0131z:<\/strong><\/p>\n\n\n\n<p>Rus Dili ve Edebiyat\u0131 b\u00f6l\u00fcm\u00fcnde okuyan ya da farkl\u0131 b\u00f6l\u00fcmlerde \u00f6\u011frenim g\u00f6ren \u00f6\u011frencilerin Rus dili, k\u00fclt\u00fcr\u00fc, edebiyat\u0131 ve tarihini en iyi \u015fekilde tan\u0131malar\u0131n\u0131 sa\u011flamak temel hedefimizdir. B\u00f6ylece \u00f6\u011frencilerimizin, mezuniyet sonras\u0131 akademik ve mesleki hayatlar\u0131nda bu birikimlerini en verimli \u015fekilde kullanarak katk\u0131 sa\u011flamalar\u0131 ama\u00e7lanmaktad\u0131r.<\/p>\n\n\n\n<p><strong>\u00c7al\u0131\u015fma Prensibimiz:<\/strong><\/p>\n\n\n\n<p>Disiplin + \u00d6zveri = Ba\u015far\u0131<\/p>\n\n\n\n<p>\u00dcyelik \u015eartlar\u0131:<\/p>\n\n\n\n<ul class=\"wp-block-list\">\n<li>Sadece Atat\u00fcrk \u00dcniversitesi \u00f6\u011frencileri kul\u00fcbe \u00fcye olabilir.<\/li>\n\n\n\n<li>\u00dcyelik ba\u015fvurusu, \u00d6\u011frenci Bilgi Sistemi (OBS) \u00fczerinden yap\u0131l\u0131r. OBS \u00fczerinden kul\u00fcp \u00fcyelik taahh\u00fctnamesinin onaylanmas\u0131yla \u00fcyelik s\u00fcreci tamamlan\u0131r.<\/li>\n\n\n\n<li>Bir \u00f6\u011frenci birden fazla kul\u00fcbe \u00fcye olabilir; ancak yaln\u0131zca kendi fak\u00fcltesi\/y\u00fcksekokulu b\u00fcnyesindeki kul\u00fcb\u00fcn y\u00f6netiminde g\u00f6rev alabilir.<\/li>\n\n\n\n<li>A\u00e7\u0131k\u00f6\u011fretim ve uzaktan \u00f6\u011fretim \u00f6\u011frencileri kul\u00fcplere \u00fcye olamaz.<\/li>\n\n\n\n<li>Y\u00fcksek lisans ve doktora \u00f6\u011frencileri kul\u00fcplere \u00fcye olabilir; fakat kul\u00fcp kuramaz ve y\u00f6netiminde yer alamaz.<\/li>\n<\/ul>\n\n\n\n<p><strong>Kul\u00fcp Organlar\u0131m\u0131z:<\/strong><\/p>\n\n\n\n<p>Genel Kurul<\/p>\n\n\n\n<p>Y\u00f6netim Kurulu<\/p>\n\n\n\n<p>Denetim Kurulu<\/p>\n\n\n\n<p><strong>Genel Kurul:<\/strong><\/p>\n\n\n\n<p>Genel kurul kul\u00fcb\u00fcn genel karar organ\u0131d\u0131r.<\/p>\n\n\n\n<p>Genel kurulu kul\u00fcbe kay\u0131tl\u0131 \u00fcyelerden olu\u015fur.<\/p>\n\n\n\n<p>Genel kurul, her y\u0131l Ekim ay\u0131 sonuna kadar yap\u0131l\u0131r.<\/p>\n\n\n\n<p>Genel kurulun ola\u011fan toplant\u0131 tarihi, y\u00f6netim kurulu taraf\u0131ndan, toplant\u0131 tarihinden 15 g\u00fcn \u00f6nce \u00fcyelere bildirilir.<\/p>\n\n\n\n<p>Ola\u011fan\u00fcst\u00fc genel kurul toplant\u0131s\u0131 kul\u00fcp \u00fcyelerinin 1\/3 n\u00fcn yaz\u0131l\u0131 iste\u011fi ile yap\u0131l\u0131r ve toplant\u0131 bir hafta (7 g\u00fcn) \u00f6nceden \u00fcyelere bildirilir.<\/p>\n\n\n\n<p>Genel kurulun toplant\u0131 yeter say\u0131s\u0131 mevcut \u00fcyelerin yar\u0131dan bir fazlas\u0131d\u0131r.<\/p>\n\n\n\n<p>Genel Kurul karar yeter say\u0131s\u0131 toplant\u0131ya kat\u0131lan \u00fcyelerin salt \u00e7o\u011funlu\u011fudur. Ancak kul\u00fcb\u00fcn feshi ile \u00fcyelikten \u00e7\u0131karma kararlar\u0131nda karar yeter say\u0131s\u0131 genel kurul toplant\u0131s\u0131na kat\u0131lanlar\u0131n 2\/3\u2019d\u00fcr.<\/p>\n\n\n\n<p>Se\u00e7imler, gizli oy a\u00e7\u0131k say\u0131m esas\u0131na g\u00f6re yap\u0131l\u0131r.<\/p>\n\n\n\n<p><strong>Genel Kurulun G\u00f6rev ve Yetkileri<\/strong><\/p>\n\n\n\n<p>a) Ba\u015fkan ve sekreter se\u00e7ilir ve ba\u015fkan\u0131n y\u00f6netiminde toplant\u0131 s\u00fcrd\u00fcr\u00fcl\u00fcr.<\/p>\n\n\n\n<p>b) Kul\u00fcp t\u00fcz\u00fc\u011f\u00fcn\u00fc, Atat\u00fcrk \u00dcniversitesi \u00d6\u011frenci Kul\u00fcp Y\u00f6nergesi ile y\u00fcr\u00fcrl\u00fckteki konu ile ilgili di\u011fer mevzuat h\u00fck\u00fcmlerine ve kul\u00fcp ama\u00e7lar\u0131na uygunlu\u011fu a\u00e7\u0131s\u0131ndan inceleyerek karara ba\u011flar.<\/p>\n\n\n\n<p>c) Y\u00f6netim ve Denetim Kurulu \u00fcyelerini se\u00e7er.<\/p>\n\n\n\n<p>d) \u00dcyelikten \u00e7\u0131karma \u00f6nerilerini karara ba\u011flar.<\/p>\n\n\n\n<p>e) Y\u00f6netim ve denetim kurullar\u0131 taraf\u0131ndan sunulan faaliyet ve denetleme raporlar\u0131n\u0131 inceleyerek karara ba\u011flar.<\/p>\n\n\n\n<p><strong>Y\u00f6netim Kurulu<\/strong><\/p>\n\n\n\n<p>Y\u00f6netim kurulu kul\u00fcb\u00fcn y\u00fcr\u00fctme organ\u0131d\u0131r.<\/p>\n\n\n\n<p>Kul\u00fcp dan\u0131\u015fman\u0131 y\u00f6netim kurulunun do\u011fal \u00fcyesidir ancak oy kullanamaz.<\/p>\n\n\n\n<p>Her akademik y\u0131l\u0131n ba\u015f\u0131nda genel kurul taraf\u0131ndan ilgili akademik y\u0131l\u0131 i\u00e7in se\u00e7ilen 7 asil ve 3 yedek \u00fcyeden olu\u015fur.<\/p>\n\n\n\n<p>Bir \u00fcye kendi Fak\u00fcltesi\/Y\u00fcksekokulu d\u0131\u015f\u0131nda ve birden fazla kul\u00fcp y\u00f6netiminde, y\u00f6netim kurulu \u00fcyesi olamaz.<\/p>\n\n\n\n<p>Y\u00fcksek\u00f6\u011fretim kurumlar\u0131 \u00f6\u011frenci disiplin y\u00f6netmeli\u011fi kapsam\u0131nda herhangi bir disiplin cezas\u0131 alm\u0131\u015f \u00f6\u011frenciler, kul\u00fcb\u00fcn y\u00f6netim kurulunda g\u00f6rev alamazlar y\u00f6netici iken ceza alan \u00f6\u011frenciler bu g\u00f6revi b\u0131rakmak zorundad\u0131r.<\/p>\n\n\n\n<p><strong>Y\u00f6netim Kurulunun G\u00f6rev ve Yetkileri<\/strong><\/p>\n\n\n\n<p>a) \u00dcyeler kendi aralar\u0131nda g\u00f6rev da\u011f\u0131l\u0131m\u0131 yaparak Ba\u015fkan, ba\u015fkan yard\u0131mc\u0131s\u0131 ve sekreteri se\u00e7erler. Y\u00f6netim kurulunda kararlar \u00fcyelerin salt \u00e7o\u011funlu\u011fu ile al\u0131n\u0131r.<\/p>\n\n\n\n<p>b) Y\u00f6netim Kurulu \u00fcyelerinden birer ki\u015fi faaliyet sorumlusu, e\u011fitim sorumlusu ve malzeme sorumlusu olarak ba\u015fkan taraf\u0131ndan g\u00f6revlendirilir.<\/p>\n\n\n\n<p>c) Kul\u00fcp t\u00fcz\u00fc\u011f\u00fcn\u00fc haz\u0131rlayarak genel kurul onay\u0131na sunar.<\/p>\n\n\n\n<p>d) Y\u00f6netim Kurulu, \u00e7al\u0131\u015fmalar\u0131n Atat\u00fcrk \u00dcniversitesi \u00d6\u011frenci Kul\u00fcpleri y\u00f6nergesine uygun y\u00fcr\u00fct\u00fclmesi ve denetlenmesi hususunda genel kurula, ilgili akademik birim y\u00f6netimine ve koordinasyon kuruluna kar\u015f\u0131 sorumludur.<\/p>\n\n\n\n<p>e) Y\u0131ll\u0131k faaliyet program\u0131 haz\u0131rlayarak koordinasyon kuruluna sunar.<\/p>\n\n\n\n<p>f) Kul\u00fcb\u00fcn t\u00fcm etkinliklerde koordinasyon kurulunun onay\u0131n\u0131 al\u0131r.<\/p>\n\n\n\n<p>g) Kul\u00fcb\u00fcn demirba\u015f e\u015fyalar\u0131n\u0131n korunmas\u0131ndan dan\u0131\u015fmana kar\u015f\u0131 sorumludur.<\/p>\n\n\n\n<p>Y\u00f6netim Kurulu, genel kurul karar\u0131 ile g\u00f6revden al\u0131n\u0131r.<\/p>\n\n\n\n<p><strong>Denetleme Kurulu<\/strong><\/p>\n\n\n\n<p>Denetleme kurulu, genel kurul ad\u0131na, y\u00f6netim kurulunu ve kul\u00fcp faaliyetlerini denetler.<\/p>\n\n\n\n<p>Denetleme kurulu, genel kurul taraf\u0131ndan se\u00e7ilen \u00fc\u00e7 as\u0131l ve \u00fc\u00e7 yedek \u00fcyeden olu\u015fur.<\/p>\n\n\n\n<p>Denetleme kurulunda karar yeter say\u0131s\u0131 kurul \u00fcyelerinin salt \u00e7o\u011funlu\u011fudur.<\/p>\n\n\n\n<p>Denetleme kurulu y\u0131lda en az bir defa denetim yaparak genel kurula rapor sunar.<\/p>\n\n\n\n<p>Denetleme kurulu genel kurul karar\u0131 ile g\u00f6revden al\u0131nabilir.<\/p>\n\n\n\n<p><strong>Denetleme Kurulunun G\u00f6rev ve Yetkileri<\/strong><\/p>\n\n\n\n<p>a) Kul\u00fcb\u00fcn evrak\u0131n\u0131, defterlerini ve demirba\u015f e\u015fyan\u0131n durumunu inceler.<\/p>\n\n\n\n<p>b) Kul\u00fcp faaliyetlerinin y\u00f6netmelik h\u00fck\u00fcmlerine g\u00f6re uygunlu\u011funu denetler.<\/p>\n\n\n\n<p>c) Gere\u011finde y\u00f6netim kurulunu yaz\u0131 ile uyar\u0131r.<\/p>\n\n\n\n<p>d) Gerekli g\u00f6rd\u00fc\u011f\u00fc hallerde genel kurulu ola\u011fan\u00fcst\u00fc toplant\u0131ya \u00e7a\u011f\u0131r\u0131r.<\/p>\n\n\n\n<p>e) Genel kurula rapor verir.<\/p>\n\n\n\n<p><strong>AKADEM\u0130K DANI\u015eMAN<\/strong><\/p>\n\n\n\n<p><strong>Ar\u015f. G\u00f6r. Onur YILDIZ<\/strong><\/p>\n\n\n\n<p>Y\u00d6NET\u0130M KURULU \u00dcYELER\u0130 ve Y\u00d6NET\u0130M KURULU YEDEK \u00dcYELER\u0130&nbsp;&nbsp;&nbsp;&nbsp;&nbsp;&nbsp;&nbsp;&nbsp;&nbsp;&nbsp;&nbsp;&nbsp;<\/p>\n\n\n\n<figure class=\"wp-block-table\"><table class=\"has-fixed-layout\"><tbody><tr><td>Ad\u0131 Soyad\u0131<\/td><td>Program<\/td><td>G\u00f6rev<\/td><\/tr><tr><td>Tar\u0131k ERGEN<\/td><td>Rus Dili ve Edebiyat\u0131 B\u00f6l\u00fcm\u00fc<\/td><td>Ba\u015fkan<\/td><\/tr><tr><td>Emre S\u0130F\u0130L<\/td><td>Rus Dili ve Edebiyat\u0131 B\u00f6l\u00fcm\u00fc<\/td><td>Ba\u015fkan Yard\u0131mc\u0131s\u0131<\/td><\/tr><tr><td>Mira\u00e7 DURMU\u015e<\/td><td>Rus Dili ve Edebiyat\u0131 B\u00f6l\u00fcm\u00fc<\/td><td>Ba\u015fkan Yard\u0131mc\u0131s\u0131<\/td><\/tr><tr><td>Zehra Belgin GEZEN<\/td><td>Rus Dili ve Edebiyat\u0131 B\u00f6l\u00fcm\u00fc<\/td><td>Ba\u015fkan Yard\u0131mc\u0131s\u0131<\/td><\/tr><tr><td>Cem ERT\u00dcRK<\/td><td>Rus Dili ve Edebiyat\u0131 B\u00f6l\u00fcm\u00fc<\/td><td>Sayman<\/td><\/tr><tr><td>Islam TANRIVERD\u0130<\/td><td>Rus Dili ve Edebiyat\u0131 B\u00f6l\u00fcm\u00fc<\/td><td>Sayman<\/td><\/tr><tr><td>\u0130brahim SERT<\/td><td>Rus Dili ve Edebiyat\u0131 B\u00f6l\u00fcm\u00fc<\/td><td>Sayman<\/td><\/tr><tr><td>Ay\u015fe Tuana \u00d6ZDEM\u0130R<\/td><td>Rus Dili ve Edebiyat\u0131 B\u00f6l\u00fcm\u00fc<\/td><td>Yazman<\/td><\/tr><tr><td>Yi\u011fit Berke YILDIRIM<\/td><td>Rus Dili ve Edebiyat\u0131 B\u00f6l\u00fcm\u00fc<\/td><td>Yazman<\/td><\/tr><tr><td>Zeynep BA\u015e<\/td><td>Rus Dili ve Edebiyat\u0131 B\u00f6l\u00fcm\u00fc<\/td><td>Yazman<\/td><\/tr><tr><td>Hayrunnisa KULA\u00c7<\/td><td>Rus Dili ve Edebiyat\u0131 B\u00f6l\u00fcm\u00fc<\/td><td>Y\u00f6netim Kurulu \u00dcyesi<\/td><\/tr><tr><td>Reyhan Eyl\u00fcl YORGAN<\/td><td>Rus Dili ve Edebiyat\u0131 B\u00f6l\u00fcm\u00fc<\/td><td>Y\u00f6netim Kurulu \u00dcyesi<\/td><\/tr><tr><td>Selin TURAN<\/td><td>Rus Dili ve Edebiyat\u0131 B\u00f6l\u00fcm\u00fc<\/td><td>Y\u00f6netim Kurulu \u00dcyesi<\/td><\/tr><tr><td>Nazife ARSLAN<\/td><td>Rus Dili ve Edebiyat\u0131 B\u00f6l\u00fcm\u00fc<\/td><td>Y\u00f6netim Kurulu Yedek \u00dcyesi<\/td><\/tr><tr><td>Caner \u00d6ZDEM\u0130R<\/td><td>Rus Dili ve Edebiyat\u0131 B\u00f6l\u00fcm\u00fc<\/td><td>Y\u00f6netim Kurulu Yedek \u00dcyesi<\/td><\/tr><tr><td>G\u00f6kdeniz ERDA\u011e<\/td><td>Rus Dili ve Edebiyat\u0131 B\u00f6l\u00fcm\u00fc<\/td><td>Denetleme Kurulu Ba\u015fkan\u0131<\/td><\/tr><tr><td>Ezgi PEKTA\u015e<\/td><td>Rus Dili ve Edebiyat\u0131 B\u00f6l\u00fcm\u00fc<\/td><td>Denetleme Kurulu \u00dcyesi<\/td><\/tr><tr><td>Tu\u011f\u00e7e YAZICI<\/td><td>Rus Dili ve Edebiyat\u0131 B\u00f6l\u00fcm\u00fc<\/td><td>Denetleme Kurulu \u00dcyesi<\/td><\/tr><tr><td>Meryem SEVG\u0130N<\/td><td>Rus Dili ve Edebiyat\u0131 B\u00f6l\u00fcm\u00fc<\/td><td>Denetleme Kurulu Yedek \u00dcyesi<\/td><\/tr><tr><td>Emirhan KAHYA<\/td><td>Rus Dili ve Edebiyat\u0131 B\u00f6l\u00fcm\u00fc<\/td><td>Denetleme Kurulu Yedek \u00dcyesi<\/td><\/tr><\/tbody><\/table><\/figure>\n","protected":false},"excerpt":{"rendered":"<p>Kul\u00fcb\u00fcm\u00fcz\u00fcn Ad\u0131: \u201cRus Dili Kul\u00fcb\u00fc\u201d Hakk\u0131m\u0131zda: Atat\u00fcrk \u00dcniversitesi b\u00fcnyesinde kurulan ve uluslararas\u0131 d\u00fczeyde etkile\u015fim alan\u0131na sahip olan Rus Dili Kul\u00fcb\u00fc, ad\u0131ndan da anla\u015f\u0131laca\u011f\u0131 \u00fczere Rus dili ve k\u00fclt\u00fcr\u00fcne ilgi duyan \u00f6\u011frencileri bir araya getirmeyi ama\u00e7lamaktad\u0131r. Kul\u00fcb\u00fcm\u00fcz yaln\u0131zca Rus Dili ve Edebiyat\u0131 \u00f6\u011frencilerine de\u011fil, \u00fcniversitemizin t\u00fcm \u00f6\u011frencilerine a\u00e7\u0131kt\u0131r. Samimi ve dostane ortam\u0131yla farkl\u0131 b\u00f6l\u00fcmlerden \u00f6\u011frencilerin kayna\u015fmas\u0131na [&hellip;]<\/p>\n","protected":false},"author":287,"featured_media":0,"parent":0,"menu_order":0,"comment_status":"closed","ping_status":"closed","template":"","meta":{"footnotes":""},"class_list":["post-6863","page","type-page","status-publish","hentry"],"_links":{"self":[{"href":"https:\/\/atauni.edu.tr\/rus-dili-ve-edebiyati\/wp-json\/wp\/v2\/pages\/6863","targetHints":{"allow":["GET"]}}],"collection":[{"href":"https:\/\/atauni.edu.tr\/rus-dili-ve-edebiyati\/wp-json\/wp\/v2\/pages"}],"about":[{"href":"https:\/\/atauni.edu.tr\/rus-dili-ve-edebiyati\/wp-json\/wp\/v2\/types\/page"}],"author":[{"embeddable":true,"href":"https:\/\/atauni.edu.tr\/rus-dili-ve-edebiyati\/wp-json\/wp\/v2\/users\/287"}],"replies":[{"embeddable":true,"href":"https:\/\/atauni.edu.tr\/rus-dili-ve-edebiyati\/wp-json\/wp\/v2\/comments?post=6863"}],"version-history":[{"count":3,"href":"https:\/\/atauni.edu.tr\/rus-dili-ve-edebiyati\/wp-json\/wp\/v2\/pages\/6863\/revisions"}],"predecessor-version":[{"id":8144,"href":"https:\/\/atauni.edu.tr\/rus-dili-ve-edebiyati\/wp-json\/wp\/v2\/pages\/6863\/revisions\/8144"}],"wp:attachment":[{"href":"https:\/\/atauni.edu.tr\/rus-dili-ve-edebiyati\/wp-json\/wp\/v2\/media?parent=6863"}],"curies":[{"name":"wp","href":"https:\/\/api.w.org\/{rel}","templated":true}]}}