{"id":7588,"date":"2024-03-01T16:22:38","date_gmt":"2024-03-01T13:22:38","guid":{"rendered":"https:\/\/birimler.atauni.edu.tr\/rus-dili-ve-edebiyati\/?page_id=7588"},"modified":"2024-03-01T16:31:18","modified_gmt":"2024-03-01T13:31:18","slug":"anabilim-dallari-2","status":"publish","type":"page","link":"https:\/\/atauni.edu.tr\/rus-dili-ve-edebiyati\/anabilim-dallari-2\/","title":{"rendered":"Anabilim Dallar\u0131"},"content":{"rendered":"\t\t<div data-elementor-type=\"wp-page\" data-elementor-id=\"7588\" class=\"elementor elementor-7588\" data-elementor-post-type=\"page\">\n\t\t\t\t\t\t<section class=\"elementor-section elementor-top-section elementor-element elementor-element-f5347dd elementor-section-boxed elementor-section-height-default elementor-section-height-default\" data-id=\"f5347dd\" data-element_type=\"section\">\n\t\t\t\t\t\t<div class=\"elementor-container elementor-column-gap-default\">\n\t\t\t\t\t<div class=\"elementor-column elementor-col-100 elementor-top-column elementor-element elementor-element-44d227b\" data-id=\"44d227b\" data-element_type=\"column\">\n\t\t\t<div class=\"elementor-widget-wrap elementor-element-populated\">\n\t\t\t\t\t\t<div class=\"elementor-element elementor-element-539d5bf elementor-widget elementor-widget-text-editor\" data-id=\"539d5bf\" data-element_type=\"widget\" data-widget_type=\"text-editor.default\">\n\t\t\t\t<div class=\"elementor-widget-container\">\n\t\t\t\t\t\t\t\t\t<p>Rus Dili ve Edebiyat\u0131 Anabilim Dal\u0131\u00a0<br \/><br \/><\/p><p>Dr. \u00d6\u011fr. \u00dcyesi Rahman \u00d6zdemir (Ba\u015fkan)<\/p><p>Prof. Dr. Salavat A\u0131upov<\/p><p>Prof. Dr. Svetlana A\u0131upova<\/p><p>Do\u00e7. Dr. Nad\u0131\u0131a Senchylo -Tatl\u0131l\u0131oglu<\/p><p>Do\u00e7. Dr. Oksana Kravchuk<\/p><p>Do\u00e7. Dr. San\u0131ya Nurgal\u0131yeva<\/p><p>Dr. \u00d6\u011fr. \u00dcyesi Hadi Bak<\/p><p>Dr. \u00d6\u011fr. \u00dcyesi Muhammed Ta\u015fkesenligil<\/p><div class=\"ad-soyad\">Dr. \u00d6\u011fr. \u00dcyesi Olha Bo\u0131ko<\/div><div>\u00a0<\/div><div><div class=\"ad-soyad\">Ar\u015f. G\u00f6r. Dr. Can Karayel<\/div><div>\u00a0<\/div><div><div class=\"ad-soyad\">Ar\u015f. G\u00f6r. Dr. \u00d6zlem \u00dcnsal<\/div><div>\u00a0<\/div><\/div><div><div class=\"ad-soyad\">Ar\u015f. G\u00f6r. Onur Y\u0131ld\u0131z<\/div><\/div><div>\u00a0<\/div><\/div><p>\u00a0<\/p>\t\t\t\t\t\t\t\t<\/div>\n\t\t\t\t<\/div>\n\t\t\t\t\t<\/div>\n\t\t<\/div>\n\t\t\t\t\t<\/div>\n\t\t<\/section>\n\t\t\t\t<\/div>\n\t\t","protected":false},"excerpt":{"rendered":"<p>Rus Dili ve Edebiyat\u0131 Anabilim Dal\u0131\u00a0 Dr. \u00d6\u011fr. \u00dcyesi Rahman \u00d6zdemir (Ba\u015fkan) Prof. Dr. Salavat A\u0131upov Prof. Dr. Svetlana A\u0131upova Do\u00e7. Dr. Nad\u0131\u0131a Senchylo -Tatl\u0131l\u0131oglu Do\u00e7. Dr. Oksana Kravchuk Do\u00e7. Dr. San\u0131ya Nurgal\u0131yeva Dr. \u00d6\u011fr. \u00dcyesi Hadi Bak Dr. \u00d6\u011fr. \u00dcyesi Muhammed Ta\u015fkesenligil Dr. \u00d6\u011fr. \u00dcyesi Olha Bo\u0131ko\u00a0Ar\u015f. G\u00f6r. Dr. Can Karayel\u00a0Ar\u015f. G\u00f6r. Dr. \u00d6zlem [&hellip;]<\/p>\n","protected":false},"author":287,"featured_media":0,"parent":0,"menu_order":0,"comment_status":"closed","ping_status":"closed","template":"","meta":{"footnotes":""},"class_list":["post-7588","page","type-page","status-publish","hentry"],"_links":{"self":[{"href":"https:\/\/atauni.edu.tr\/rus-dili-ve-edebiyati\/wp-json\/wp\/v2\/pages\/7588","targetHints":{"allow":["GET"]}}],"collection":[{"href":"https:\/\/atauni.edu.tr\/rus-dili-ve-edebiyati\/wp-json\/wp\/v2\/pages"}],"about":[{"href":"https:\/\/atauni.edu.tr\/rus-dili-ve-edebiyati\/wp-json\/wp\/v2\/types\/page"}],"author":[{"embeddable":true,"href":"https:\/\/atauni.edu.tr\/rus-dili-ve-edebiyati\/wp-json\/wp\/v2\/users\/287"}],"replies":[{"embeddable":true,"href":"https:\/\/atauni.edu.tr\/rus-dili-ve-edebiyati\/wp-json\/wp\/v2\/comments?post=7588"}],"version-history":[{"count":13,"href":"https:\/\/atauni.edu.tr\/rus-dili-ve-edebiyati\/wp-json\/wp\/v2\/pages\/7588\/revisions"}],"predecessor-version":[{"id":7603,"href":"https:\/\/atauni.edu.tr\/rus-dili-ve-edebiyati\/wp-json\/wp\/v2\/pages\/7588\/revisions\/7603"}],"wp:attachment":[{"href":"https:\/\/atauni.edu.tr\/rus-dili-ve-edebiyati\/wp-json\/wp\/v2\/media?parent=7588"}],"curies":[{"name":"wp","href":"https:\/\/api.w.org\/{rel}","templated":true}]}}