{"id":7837,"date":"2025-02-08T16:29:05","date_gmt":"2025-02-08T13:29:05","guid":{"rendered":"https:\/\/birimler.atauni.edu.tr\/rus-dili-ve-edebiyati\/?page_id=7837"},"modified":"2025-02-08T16:36:09","modified_gmt":"2025-02-08T13:36:09","slug":"anketler","status":"publish","type":"page","link":"https:\/\/atauni.edu.tr\/rus-dili-ve-edebiyati\/anketler\/","title":{"rendered":"Anketler"},"content":{"rendered":"\n<p><a href=\"https:\/\/docs.google.com\/forms\/d\/e\/1FAIpQLScZG6PAeaUeEX18UWW2MK_WQEnc06iZYmYLNnn2NdqIj6m-Pg\/viewform\">https:\/\/docs.google.com\/forms\/d\/e\/1FAIpQLScZG6PAeaUeEX18UWW2MK_WQEnc06iZYmYLNnn2NdqIj6m-Pg\/viewform<\/a><\/p>\n\n\n\n<p><a href=\"https:\/\/docs.google.com\/forms\/d\/e\/1FAIpQLSdC9qU0q36KQuZG0Bm8ioxNuIcZanYuA1wl0I615BIAqgmkhw\/viewform\">https:\/\/docs.google.com\/forms\/d\/e\/1FAIpQLSdC9qU0q36KQuZG0Bm8ioxNuIcZanYuA1wl0I615BIAqgmkhw\/viewform<\/a><\/p>\n\n\n\n<div class=\"wp-block-file\"><a id=\"wp-block-file--media-e78e2231-4a6d-47c3-a662-8b9dfdd003a5\" href=\"https:\/\/birimler.atauni.edu.tr\/rus-dili-ve-edebiyati\/wp-content\/uploads\/sites\/149\/2025\/02\/Lisans-Anket-Raporu.docx\">Lisans Anket Raporu<\/a><a href=\"https:\/\/birimler.atauni.edu.tr\/rus-dili-ve-edebiyati\/wp-content\/uploads\/sites\/149\/2025\/02\/Lisans-Anket-Raporu.docx\" class=\"wp-block-file__button wp-element-button\" download aria-describedby=\"wp-block-file--media-e78e2231-4a6d-47c3-a662-8b9dfdd003a5\">\u0130ndir<\/a><\/div>\n\n\n\n<div class=\"wp-block-file\"><a id=\"wp-block-file--media-bfac7d57-522a-449f-a1df-2f7e2d59c160\" href=\"https:\/\/birimler.atauni.edu.tr\/rus-dili-ve-edebiyati\/wp-content\/uploads\/sites\/149\/2025\/02\/Hazirlik-Sinifi-Anket-Raporu-1.docx\">Haz\u0131rl\u0131k S\u0131n\u0131f\u0131 Anket Raporu<\/a><a href=\"https:\/\/birimler.atauni.edu.tr\/rus-dili-ve-edebiyati\/wp-content\/uploads\/sites\/149\/2025\/02\/Hazirlik-Sinifi-Anket-Raporu-1.docx\" class=\"wp-block-file__button wp-element-button\" download aria-describedby=\"wp-block-file--media-bfac7d57-522a-449f-a1df-2f7e2d59c160\">\u0130ndir<\/a><\/div>\n\n\n\n<p><\/p>\n","protected":false},"excerpt":{"rendered":"<p>https:\/\/docs.google.com\/forms\/d\/e\/1FAIpQLScZG6PAeaUeEX18UWW2MK_WQEnc06iZYmYLNnn2NdqIj6m-Pg\/viewform https:\/\/docs.google.com\/forms\/d\/e\/1FAIpQLSdC9qU0q36KQuZG0Bm8ioxNuIcZanYuA1wl0I615BIAqgmkhw\/viewform<\/p>\n","protected":false},"author":287,"featured_media":0,"parent":0,"menu_order":0,"comment_status":"closed","ping_status":"closed","template":"","meta":{"footnotes":""},"class_list":["post-7837","page","type-page","status-publish","hentry"],"_links":{"self":[{"href":"https:\/\/atauni.edu.tr\/rus-dili-ve-edebiyati\/wp-json\/wp\/v2\/pages\/7837","targetHints":{"allow":["GET"]}}],"collection":[{"href":"https:\/\/atauni.edu.tr\/rus-dili-ve-edebiyati\/wp-json\/wp\/v2\/pages"}],"about":[{"href":"https:\/\/atauni.edu.tr\/rus-dili-ve-edebiyati\/wp-json\/wp\/v2\/types\/page"}],"author":[{"embeddable":true,"href":"https:\/\/atauni.edu.tr\/rus-dili-ve-edebiyati\/wp-json\/wp\/v2\/users\/287"}],"replies":[{"embeddable":true,"href":"https:\/\/atauni.edu.tr\/rus-dili-ve-edebiyati\/wp-json\/wp\/v2\/comments?post=7837"}],"version-history":[{"count":4,"href":"https:\/\/atauni.edu.tr\/rus-dili-ve-edebiyati\/wp-json\/wp\/v2\/pages\/7837\/revisions"}],"predecessor-version":[{"id":7848,"href":"https:\/\/atauni.edu.tr\/rus-dili-ve-edebiyati\/wp-json\/wp\/v2\/pages\/7837\/revisions\/7848"}],"wp:attachment":[{"href":"https:\/\/atauni.edu.tr\/rus-dili-ve-edebiyati\/wp-json\/wp\/v2\/media?parent=7837"}],"curies":[{"name":"wp","href":"https:\/\/api.w.org\/{rel}","templated":true}]}}