{"id":8055,"date":"2025-06-26T13:42:15","date_gmt":"2025-06-26T10:42:15","guid":{"rendered":"https:\/\/birimler.atauni.edu.tr\/rus-dili-ve-edebiyati\/?page_id=8055"},"modified":"2025-07-03T14:03:28","modified_gmt":"2025-07-03T11:03:28","slug":"haberler","status":"publish","type":"page","link":"https:\/\/atauni.edu.tr\/rus-dili-ve-edebiyati\/haberler\/","title":{"rendered":"Haberler"},"content":{"rendered":"\t\t<div data-elementor-type=\"wp-page\" data-elementor-id=\"8055\" class=\"elementor elementor-8055\" data-elementor-post-type=\"page\">\n\t\t\t\t\t\t<section class=\"elementor-section elementor-top-section elementor-element elementor-element-2422453 elementor-section-boxed elementor-section-height-default elementor-section-height-default\" data-id=\"2422453\" data-element_type=\"section\">\n\t\t\t\t\t\t<div class=\"elementor-container elementor-column-gap-default\">\n\t\t\t\t\t<div class=\"elementor-column elementor-col-100 elementor-top-column elementor-element elementor-element-69be8f0\" data-id=\"69be8f0\" data-element_type=\"column\">\n\t\t\t<div class=\"elementor-widget-wrap elementor-element-populated\">\n\t\t\t\t\t\t<div class=\"elementor-element elementor-element-cea4c01 elementor-widget elementor-widget-shortcode\" data-id=\"cea4c01\" data-element_type=\"widget\" data-widget_type=\"shortcode.default\">\n\t\t\t\t<div class=\"elementor-widget-container\">\n\t\t\t\t\t\t\t<div class=\"elementor-shortcode\"><form method=\"get\" class=\"row g-3\" style=\"margin-bottom: 20px;\"><div class=\"col-md-3\"><input type=\"text\" name=\"haber_ara\" class=\"form-control\" placeholder=\"Haber ara...\" value=\"\"><\/div><div class=\"col-md-3\"><input type=\"date\" name=\"baslangic_tarihi\" class=\"form-control\" value=\"\"><\/div><div class=\"col-md-3\"><input type=\"date\" name=\"bitis_tarihi\" class=\"form-control\" value=\"\"><\/div><div class=\"col-md-3\"><button type=\"submit\" class=\"btn btn-secondary w-50\">Filtrele<\/button><\/div><\/form><ul class=\"kategori-yazilari-liste\"><li style=\"display: flex; margin-bottom: 10px; align-items: center;\"><div class=\"post-thumbnail\" style=\"margin-right: 15px;\"><a href=\"https:\/\/atauni.edu.tr\/rus-dili-ve-edebiyati\/haberler\/dr-ogr-uyesi-hadi-bak-hocamizdan-bolum-dergimizi-russian-insights-tanitan-uluslararasi-makale\/\"><img decoding=\"async\" width=\"150\" height=\"150\" src=\"https:\/\/atauni.edu.tr\/rus-dili-ve-edebiyati\/wp-content\/uploads\/sites\/149\/2026\/02\/652550c51c1c6-150x150.jpg\" class=\"attachment-thumbnail size-thumbnail wp-post-image\" alt=\"\" \/><\/a><\/div><div class=\"post-content\" style=\"flex-grow: 1;\"><span class=\"post-date habertarih\" style=\"display: block; font-weight: bold; margin-bottom: 5px;\">12 \u015eubat 2026<\/span><a class=\"haberbaslik\" href=\"https:\/\/atauni.edu.tr\/rus-dili-ve-edebiyati\/haberler\/dr-ogr-uyesi-hadi-bak-hocamizdan-bolum-dergimizi-russian-insights-tanitan-uluslararasi-makale\/\">Dr. \u00d6\u011fr. \u00dcyesi Hadi BAK Hocam\u0131zdan B\u00f6l\u00fcm Dergimizi (Russian Insights) Tan\u0131tan Uluslararas\u0131 Makale<\/a><\/div><\/li><li style=\"display: flex; margin-bottom: 10px; align-items: center;\"><div class=\"post-thumbnail\" style=\"margin-right: 15px;\"><a href=\"https:\/\/atauni.edu.tr\/rus-dili-ve-edebiyati\/haberler\/dr-ogr-uyesi-olha-boiko-v-uluslararasi-edebiyat-konferansinda-sunum-gerceklestirdi\/\"><img decoding=\"async\" width=\"150\" height=\"150\" src=\"https:\/\/atauni.edu.tr\/rus-dili-ve-edebiyati\/wp-content\/uploads\/sites\/149\/2026\/02\/1000026092-150x150.jpg\" class=\"attachment-thumbnail size-thumbnail wp-post-image\" alt=\"\" \/><\/a><\/div><div class=\"post-content\" style=\"flex-grow: 1;\"><span class=\"post-date habertarih\" style=\"display: block; font-weight: bold; margin-bottom: 5px;\">3 \u015eubat 2026<\/span><a class=\"haberbaslik\" href=\"https:\/\/atauni.edu.tr\/rus-dili-ve-edebiyati\/haberler\/dr-ogr-uyesi-olha-boiko-v-uluslararasi-edebiyat-konferansinda-sunum-gerceklestirdi\/\">Dr. \u00d6\u011fr. \u00dcyesi Olha Boiko, V. Uluslararas\u0131 Edebiyat Konferans\u0131\u2019nda Sunum Ger\u00e7ekle\u015ftirdi<\/a><\/div><\/li><li style=\"display: flex; margin-bottom: 10px; align-items: center;\"><div class=\"post-thumbnail\" style=\"margin-right: 15px;\"><a href=\"https:\/\/atauni.edu.tr\/rus-dili-ve-edebiyati\/haberler\/bolum-ogrencimiz-kadir-magacdostoyevskinin-yansimalari-uluslararasi-resim-yarismasinda-finalist-oldu\/\"><img decoding=\"async\" width=\"150\" height=\"150\" src=\"https:\/\/atauni.edu.tr\/rus-dili-ve-edebiyati\/wp-content\/uploads\/sites\/149\/2025\/11\/WhatsApp-Image-2025-11-19-at-17.23.04-1-150x150.jpeg\" class=\"attachment-thumbnail size-thumbnail wp-post-image\" alt=\"\" \/><\/a><\/div><div class=\"post-content\" style=\"flex-grow: 1;\"><span class=\"post-date habertarih\" style=\"display: block; font-weight: bold; margin-bottom: 5px;\">20 Kas\u0131m 2025<\/span><a class=\"haberbaslik\" href=\"https:\/\/atauni.edu.tr\/rus-dili-ve-edebiyati\/haberler\/bolum-ogrencimiz-kadir-magacdostoyevskinin-yansimalari-uluslararasi-resim-yarismasinda-finalist-oldu\/\">B\u00f6l\u00fcm \u00d6\u011frencimiz Kadir Ma\u011fa\u00e7,\u201cDostoyevski\u2019nin Yans\u0131malar\u0131\u201d Uluslararas\u0131 Resim Yar\u0131\u015fmas\u0131\u2019nda Finalist Oldu<\/a><\/div><\/li><li style=\"display: flex; margin-bottom: 10px; align-items: center;\"><div class=\"post-thumbnail\" style=\"margin-right: 15px;\"><a href=\"https:\/\/atauni.edu.tr\/rus-dili-ve-edebiyati\/haberler\/puskin-enstitusunden-prof-dr-elmira-afanasyeva-ataturk-universitesinde-yogun-bir-akademik-program-gerceklestirdi\/\"><img loading=\"lazy\" decoding=\"async\" width=\"150\" height=\"150\" src=\"https:\/\/atauni.edu.tr\/rus-dili-ve-edebiyati\/wp-content\/uploads\/sites\/149\/2025\/11\/5-150x150.jpeg\" class=\"attachment-thumbnail size-thumbnail wp-post-image\" alt=\"\" \/><\/a><\/div><div class=\"post-content\" style=\"flex-grow: 1;\"><span class=\"post-date habertarih\" style=\"display: block; font-weight: bold; margin-bottom: 5px;\">18 Kas\u0131m 2025<\/span><a class=\"haberbaslik\" href=\"https:\/\/atauni.edu.tr\/rus-dili-ve-edebiyati\/haberler\/puskin-enstitusunden-prof-dr-elmira-afanasyeva-ataturk-universitesinde-yogun-bir-akademik-program-gerceklestirdi\/\">Pu\u015fkin Enstit\u00fcs\u00fc\u2019nden Prof. Dr. Elmira Afanasyeva Atat\u00fcrk \u00dcniversitesi\u2019nde Yo\u011fun Bir Akademik Program Ger\u00e7ekle\u015ftirdi<\/a><\/div><\/li><li style=\"display: flex; margin-bottom: 10px; align-items: center;\"><div class=\"post-thumbnail\" style=\"margin-right: 15px;\"><a href=\"https:\/\/atauni.edu.tr\/rus-dili-ve-edebiyati\/haberler\/puskin-enstitusunden-prof-dr-elmira-afanasyeva-erzurumun-tarihi-ve-kulturel-zenginliklerini-kesfetti\/\"><img loading=\"lazy\" decoding=\"async\" width=\"150\" height=\"150\" src=\"https:\/\/atauni.edu.tr\/rus-dili-ve-edebiyati\/wp-content\/uploads\/sites\/149\/2025\/11\/1-150x150.jpeg\" class=\"attachment-thumbnail size-thumbnail wp-post-image\" alt=\"\" \/><\/a><\/div><div class=\"post-content\" style=\"flex-grow: 1;\"><span class=\"post-date habertarih\" style=\"display: block; font-weight: bold; margin-bottom: 5px;\">12 Kas\u0131m 2025<\/span><a class=\"haberbaslik\" href=\"https:\/\/atauni.edu.tr\/rus-dili-ve-edebiyati\/haberler\/puskin-enstitusunden-prof-dr-elmira-afanasyeva-erzurumun-tarihi-ve-kulturel-zenginliklerini-kesfetti\/\">Pu\u015fkin Enstit\u00fcs\u00fc\u2019nden Prof. Dr. Elmira Afanasyeva Erzurum\u2019un Tarih\u00ee ve K\u00fclt\u00fcrel Zenginliklerini Ke\u015ffetti<\/a><\/div><\/li><li style=\"display: flex; margin-bottom: 10px; align-items: center;\"><div class=\"post-thumbnail\" style=\"margin-right: 15px;\"><a href=\"https:\/\/atauni.edu.tr\/rus-dili-ve-edebiyati\/haberler\/doc-dr-oksana-kravchuk-baltik-pedagoji-yuksekokulunda-cevrimici-ders-verdi\/\"><img loading=\"lazy\" decoding=\"async\" width=\"150\" height=\"150\" src=\"https:\/\/atauni.edu.tr\/rus-dili-ve-edebiyati\/wp-content\/uploads\/sites\/149\/2025\/10\/1-1-150x150.jpg\" class=\"attachment-thumbnail size-thumbnail wp-post-image\" alt=\"\" \/><\/a><\/div><div class=\"post-content\" style=\"flex-grow: 1;\"><span class=\"post-date habertarih\" style=\"display: block; font-weight: bold; margin-bottom: 5px;\">22 Ekim 2025<\/span><a class=\"haberbaslik\" href=\"https:\/\/atauni.edu.tr\/rus-dili-ve-edebiyati\/haberler\/doc-dr-oksana-kravchuk-baltik-pedagoji-yuksekokulunda-cevrimici-ders-verdi\/\">Do\u00e7. Dr. Oksana Kravchuk Balt\u0131k Pedagoji Y\u00fcksekokulunda \u00c7evrimi\u00e7i Ders Verdi<\/a><\/div><\/li><li style=\"display: flex; margin-bottom: 10px; align-items: center;\"><div class=\"post-thumbnail\" style=\"margin-right: 15px;\"><a href=\"https:\/\/atauni.edu.tr\/rus-dili-ve-edebiyati\/haberler\/akademisyenler-ve-ogrenciler-sair-puskin-filmi-icin-bir-araya-geldi\/\"><img loading=\"lazy\" decoding=\"async\" width=\"150\" height=\"150\" src=\"https:\/\/atauni.edu.tr\/rus-dili-ve-edebiyati\/wp-content\/uploads\/sites\/149\/2025\/10\/IMG-20251012-WA0007-1-150x150.jpg\" class=\"attachment-thumbnail size-thumbnail wp-post-image\" alt=\"\" \/><\/a><\/div><div class=\"post-content\" style=\"flex-grow: 1;\"><span class=\"post-date habertarih\" style=\"display: block; font-weight: bold; margin-bottom: 5px;\">13 Ekim 2025<\/span><a class=\"haberbaslik\" href=\"https:\/\/atauni.edu.tr\/rus-dili-ve-edebiyati\/haberler\/akademisyenler-ve-ogrenciler-sair-puskin-filmi-icin-bir-araya-geldi\/\">Akademisyenler ve \u00d6\u011frenciler \u201c\u015eair Pu\u015fkin\u201d Filmi \u0130\u00e7in Bir Araya Geldi<\/a><\/div><\/li><li style=\"display: flex; margin-bottom: 10px; align-items: center;\"><div class=\"post-thumbnail\" style=\"margin-right: 15px;\"><a href=\"https:\/\/atauni.edu.tr\/rus-dili-ve-edebiyati\/haberler\/bolumumuz-ogretim-uyesi-dr-olha-boiko-ukraynada-duzenlenen-uluslararasi-konferansta-bildiri-sundu\/\"><img loading=\"lazy\" decoding=\"async\" width=\"150\" height=\"150\" src=\"https:\/\/atauni.edu.tr\/rus-dili-ve-edebiyati\/wp-content\/uploads\/sites\/149\/2025\/10\/scrin1-1-150x150.png\" class=\"attachment-thumbnail size-thumbnail wp-post-image\" alt=\"\" \/><\/a><\/div><div class=\"post-content\" style=\"flex-grow: 1;\"><span class=\"post-date habertarih\" style=\"display: block; font-weight: bold; margin-bottom: 5px;\">12 Ekim 2025<\/span><a class=\"haberbaslik\" href=\"https:\/\/atauni.edu.tr\/rus-dili-ve-edebiyati\/haberler\/bolumumuz-ogretim-uyesi-dr-olha-boiko-ukraynada-duzenlenen-uluslararasi-konferansta-bildiri-sundu\/\">Dr. \u00d6\u011fr. \u00dcyesi Olha Boiko, Uluslararas\u0131 Dilbilim Konferan\u0131nda Atat\u00fcrk \u00dcniversitesini Temsil Etti<\/a><\/div><\/li><li style=\"display: flex; margin-bottom: 10px; align-items: center;\"><div class=\"post-thumbnail\" style=\"margin-right: 15px;\"><a href=\"https:\/\/atauni.edu.tr\/rus-dili-ve-edebiyati\/haberler\/rde-bolum-oryantasyonu\/\"><img loading=\"lazy\" decoding=\"async\" width=\"150\" height=\"150\" src=\"https:\/\/atauni.edu.tr\/rus-dili-ve-edebiyati\/wp-content\/uploads\/sites\/149\/2025\/10\/IMG-20251001-WA0016-150x150.jpg\" class=\"attachment-thumbnail size-thumbnail wp-post-image\" alt=\"\" \/><\/a><\/div><div class=\"post-content\" style=\"flex-grow: 1;\"><span class=\"post-date habertarih\" style=\"display: block; font-weight: bold; margin-bottom: 5px;\">2 Ekim 2025<\/span><a class=\"haberbaslik\" href=\"https:\/\/atauni.edu.tr\/rus-dili-ve-edebiyati\/haberler\/rde-bolum-oryantasyonu\/\">RDE B\u00f6l\u00fcm Oryantasyonu<\/a><\/div><\/li><li style=\"display: flex; margin-bottom: 10px; align-items: center;\"><div class=\"post-thumbnail\" style=\"margin-right: 15px;\"><a href=\"https:\/\/atauni.edu.tr\/rus-dili-ve-edebiyati\/haberler\/russian-insightsin-yeni-sayisi-yayimlandi\/\"><img loading=\"lazy\" decoding=\"async\" width=\"150\" height=\"150\" src=\"https:\/\/atauni.edu.tr\/rus-dili-ve-edebiyati\/wp-content\/uploads\/sites\/149\/2025\/08\/Ekran-goruntusu-2025-08-21-135705_960x720-150x150.jpg\" class=\"attachment-thumbnail size-thumbnail wp-post-image\" alt=\"\" \/><\/a><\/div><div class=\"post-content\" style=\"flex-grow: 1;\"><span class=\"post-date habertarih\" style=\"display: block; font-weight: bold; margin-bottom: 5px;\">25 A\u011fustos 2025<\/span><a class=\"haberbaslik\" href=\"https:\/\/atauni.edu.tr\/rus-dili-ve-edebiyati\/haberler\/russian-insightsin-yeni-sayisi-yayimlandi\/\">Russian Insights\u2019\u0131n Yeni Say\u0131s\u0131 Yay\u0131mland\u0131!<\/a><\/div><\/li><\/ul><nav class=\"pagination\" style=\"margin-top: 20px;\"><ul class='page-numbers'>\n\t<li><span aria-current=\"page\" class=\"page-numbers current\">1<\/span><\/li>\n\t<li><a class=\"page-numbers\" href=\"https:\/\/atauni.edu.tr\/rus-dili-ve-edebiyati\/wp-json\/wp\/v2\/pages\/8055\/page\/2\/\">2<\/a><\/li>\n\t<li><a class=\"page-numbers\" href=\"https:\/\/atauni.edu.tr\/rus-dili-ve-edebiyati\/wp-json\/wp\/v2\/pages\/8055\/page\/3\/\">3<\/a><\/li>\n\t<li><span class=\"page-numbers dots\">&hellip;<\/span><\/li>\n\t<li><a class=\"page-numbers\" href=\"https:\/\/atauni.edu.tr\/rus-dili-ve-edebiyati\/wp-json\/wp\/v2\/pages\/8055\/page\/9\/\">9<\/a><\/li>\n\t<li><a class=\"next page-numbers\" href=\"https:\/\/atauni.edu.tr\/rus-dili-ve-edebiyati\/wp-json\/wp\/v2\/pages\/8055\/page\/2\/\">Sonraki &raquo;<\/a><\/li>\n<\/ul>\n<\/nav><\/div>\n\t\t\t\t\t\t<\/div>\n\t\t\t\t<\/div>\n\t\t\t\t\t<\/div>\n\t\t<\/div>\n\t\t\t\t\t<\/div>\n\t\t<\/section>\n\t\t\t\t<\/div>\n\t\t","protected":false},"excerpt":{"rendered":"","protected":false},"author":8,"featured_media":0,"parent":0,"menu_order":0,"comment_status":"closed","ping_status":"closed","template":"","meta":{"footnotes":""},"class_list":["post-8055","page","type-page","status-publish","hentry"],"_links":{"self":[{"href":"https:\/\/atauni.edu.tr\/rus-dili-ve-edebiyati\/wp-json\/wp\/v2\/pages\/8055","targetHints":{"allow":["GET"]}}],"collection":[{"href":"https:\/\/atauni.edu.tr\/rus-dili-ve-edebiyati\/wp-json\/wp\/v2\/pages"}],"about":[{"href":"https:\/\/atauni.edu.tr\/rus-dili-ve-edebiyati\/wp-json\/wp\/v2\/types\/page"}],"author":[{"embeddable":true,"href":"https:\/\/atauni.edu.tr\/rus-dili-ve-edebiyati\/wp-json\/wp\/v2\/users\/8"}],"replies":[{"embeddable":true,"href":"https:\/\/atauni.edu.tr\/rus-dili-ve-edebiyati\/wp-json\/wp\/v2\/comments?post=8055"}],"version-history":[{"count":4,"href":"https:\/\/atauni.edu.tr\/rus-dili-ve-edebiyati\/wp-json\/wp\/v2\/pages\/8055\/revisions"}],"predecessor-version":[{"id":8074,"href":"https:\/\/atauni.edu.tr\/rus-dili-ve-edebiyati\/wp-json\/wp\/v2\/pages\/8055\/revisions\/8074"}],"wp:attachment":[{"href":"https:\/\/atauni.edu.tr\/rus-dili-ve-edebiyati\/wp-json\/wp\/v2\/media?parent=8055"}],"curies":[{"name":"wp","href":"https:\/\/api.w.org\/{rel}","templated":true}]}}