{"id":8058,"date":"2025-06-26T13:42:40","date_gmt":"2025-06-26T10:42:40","guid":{"rendered":"https:\/\/birimler.atauni.edu.tr\/rus-dili-ve-edebiyati\/?page_id=8058"},"modified":"2025-07-03T14:03:16","modified_gmt":"2025-07-03T11:03:16","slug":"etkinlikler","status":"publish","type":"page","link":"https:\/\/atauni.edu.tr\/rus-dili-ve-edebiyati\/etkinlikler\/","title":{"rendered":"Etkinlikler"},"content":{"rendered":"\t\t<div data-elementor-type=\"wp-page\" data-elementor-id=\"8058\" class=\"elementor elementor-8058\" data-elementor-post-type=\"page\">\n\t\t\t\t\t\t<section class=\"elementor-section elementor-top-section elementor-element elementor-element-3432466 elementor-section-boxed elementor-section-height-default elementor-section-height-default\" data-id=\"3432466\" data-element_type=\"section\">\n\t\t\t\t\t\t<div class=\"elementor-container elementor-column-gap-default\">\n\t\t\t\t\t<div class=\"elementor-column elementor-col-100 elementor-top-column elementor-element elementor-element-332f5b7\" data-id=\"332f5b7\" data-element_type=\"column\">\n\t\t\t<div class=\"elementor-widget-wrap elementor-element-populated\">\n\t\t\t\t\t\t<div class=\"elementor-element elementor-element-c6299e1 elementor-widget elementor-widget-shortcode\" data-id=\"c6299e1\" data-element_type=\"widget\" data-widget_type=\"shortcode.default\">\n\t\t\t\t<div class=\"elementor-widget-container\">\n\t\t\t\t\t\t\t<div class=\"elementor-shortcode\"><form method=\"get\" class=\"row g-3\" style=\"margin-bottom: 20px;\"><div class=\"col-md-3\"><input type=\"text\" name=\"etkinlik_ara\" class=\"form-control\" placeholder=\"Etkinlik ara...\" value=\"\"><\/div><div class=\"col-md-3\"><input type=\"date\" name=\"baslangic_tarihi\" class=\"form-control\" value=\"\"><\/div><div class=\"col-md-3\"><input type=\"date\" name=\"bitis_tarihi\" class=\"form-control\" value=\"\"><\/div><div class=\"col-md-3\"><button type=\"submit\" class=\"btn btn-secondary w-50\">Filtrele<\/button><\/div><\/form><div class=\"etkinlikler-grid-container\" style=\"display: grid; grid-template-columns: repeat(3, 1fr); gap: 20px;\"><div class=\"etkinlik-grid-item\"><div class=\"etkinlik-thumbnail\"><img fetchpriority=\"high\" decoding=\"async\" width=\"300\" height=\"225\" src=\"https:\/\/atauni.edu.tr\/rus-dili-ve-edebiyati\/wp-content\/uploads\/sites\/149\/2024\/05\/1_960x720-300x225.jpg\" class=\"img-fluid wp-post-image\" alt=\"\" srcset=\"https:\/\/atauni.edu.tr\/rus-dili-ve-edebiyati\/wp-content\/uploads\/sites\/149\/2024\/05\/1_960x720-300x225.jpg 300w, https:\/\/atauni.edu.tr\/rus-dili-ve-edebiyati\/wp-content\/uploads\/sites\/149\/2024\/05\/1_960x720-768x576.jpg 768w, https:\/\/atauni.edu.tr\/rus-dili-ve-edebiyati\/wp-content\/uploads\/sites\/149\/2024\/05\/1_960x720-600x450.jpg 600w, https:\/\/atauni.edu.tr\/rus-dili-ve-edebiyati\/wp-content\/uploads\/sites\/149\/2024\/05\/1_960x720-560x420.jpg 560w, https:\/\/atauni.edu.tr\/rus-dili-ve-edebiyati\/wp-content\/uploads\/sites\/149\/2024\/05\/1_960x720.jpg 960w\" sizes=\"(max-width: 300px) 100vw, 300px\" \/><\/div><div class=\"etkinlik-datee\"><span class=\"day\">04<\/span><span class=\"month\">May\u0131s<\/span><span class=\"year\">2024<\/span><\/div><a href=\"https:\/\/atauni.edu.tr\/rus-dili-ve-edebiyati\/etkinlikler\/moskova-sehir-pedagoji-universitesinde-masterclass-etkinligi\/\" class=\"etkinlik-titlee\">Moskova \u015eehir Pedagoji \u00dcniversitesi\u2019nde Masterclass Etkinli\u011fi<\/a><\/div><div class=\"etkinlik-grid-item\"><div class=\"etkinlik-thumbnail\"><img decoding=\"async\" width=\"300\" height=\"225\" src=\"https:\/\/atauni.edu.tr\/rus-dili-ve-edebiyati\/wp-content\/uploads\/sites\/149\/2022\/12\/WhatsApp-Image-2022-12-08-at-12.58.19_960x720-300x225.jpg\" class=\"img-fluid wp-post-image\" alt=\"\" srcset=\"https:\/\/atauni.edu.tr\/rus-dili-ve-edebiyati\/wp-content\/uploads\/sites\/149\/2022\/12\/WhatsApp-Image-2022-12-08-at-12.58.19_960x720-300x225.jpg 300w, https:\/\/atauni.edu.tr\/rus-dili-ve-edebiyati\/wp-content\/uploads\/sites\/149\/2022\/12\/WhatsApp-Image-2022-12-08-at-12.58.19_960x720-768x576.jpg 768w, https:\/\/atauni.edu.tr\/rus-dili-ve-edebiyati\/wp-content\/uploads\/sites\/149\/2022\/12\/WhatsApp-Image-2022-12-08-at-12.58.19_960x720-600x450.jpg 600w, https:\/\/atauni.edu.tr\/rus-dili-ve-edebiyati\/wp-content\/uploads\/sites\/149\/2022\/12\/WhatsApp-Image-2022-12-08-at-12.58.19_960x720-560x420.jpg 560w, https:\/\/atauni.edu.tr\/rus-dili-ve-edebiyati\/wp-content\/uploads\/sites\/149\/2022\/12\/WhatsApp-Image-2022-12-08-at-12.58.19_960x720.jpg 960w\" sizes=\"(max-width: 300px) 100vw, 300px\" \/><\/div><div class=\"etkinlik-datee\"><span class=\"day\">08<\/span><span class=\"month\">Aral\u0131k<\/span><span class=\"year\">2022<\/span><\/div><a href=\"https:\/\/atauni.edu.tr\/rus-dili-ve-edebiyati\/etkinlikler\/uluslarasi-cevrimici-santranc-turnuvasi-ogren-ve-kazan\/\" class=\"etkinlik-titlee\">Uluslaras\u0131 \u00c7evrimi\u00e7i Santran\u00e7 Turnuvas\u0131 \u201c \u00d6\u011fren ve Kazan!\u201d<\/a><\/div><div class=\"etkinlik-grid-item\"><div class=\"etkinlik-thumbnail\"><img decoding=\"async\" width=\"300\" height=\"233\" src=\"https:\/\/atauni.edu.tr\/rus-dili-ve-edebiyati\/wp-content\/uploads\/sites\/149\/2021\/12\/onizleme.jpg2_-300x233.jpg\" class=\"img-fluid wp-post-image\" alt=\"\" srcset=\"https:\/\/atauni.edu.tr\/rus-dili-ve-edebiyati\/wp-content\/uploads\/sites\/149\/2021\/12\/onizleme.jpg2_-300x233.jpg 300w, https:\/\/atauni.edu.tr\/rus-dili-ve-edebiyati\/wp-content\/uploads\/sites\/149\/2021\/12\/onizleme.jpg2_-1024x796.jpg 1024w, https:\/\/atauni.edu.tr\/rus-dili-ve-edebiyati\/wp-content\/uploads\/sites\/149\/2021\/12\/onizleme.jpg2_-768x597.jpg 768w, https:\/\/atauni.edu.tr\/rus-dili-ve-edebiyati\/wp-content\/uploads\/sites\/149\/2021\/12\/onizleme.jpg2_-1536x1194.jpg 1536w, https:\/\/atauni.edu.tr\/rus-dili-ve-edebiyati\/wp-content\/uploads\/sites\/149\/2021\/12\/onizleme.jpg2_-2048x1592.jpg 2048w, https:\/\/atauni.edu.tr\/rus-dili-ve-edebiyati\/wp-content\/uploads\/sites\/149\/2021\/12\/onizleme.jpg2_-600x466.jpg 600w, https:\/\/atauni.edu.tr\/rus-dili-ve-edebiyati\/wp-content\/uploads\/sites\/149\/2021\/12\/onizleme.jpg2_-560x435.jpg 560w\" sizes=\"(max-width: 300px) 100vw, 300px\" \/><\/div><div class=\"etkinlik-datee\"><span class=\"day\">27<\/span><span class=\"month\">Ekim<\/span><span class=\"year\">2021<\/span><\/div><a href=\"https:\/\/atauni.edu.tr\/rus-dili-ve-edebiyati\/etkinlikler\/rus-dili-ve-edebiyati-bolumunun-%d0%bc%d0%b5%d0%b6%d0%ba%d1%83%d0%bb%d1%8c%d1%82%d1%83%d1%80%d0%bd%d1%8b%d0%b5-%d0%b4%d0%b8%d0%b0%d0%bb%d0%be%d0%b3%d0%b8-%d0%b2-%d1%81%d1%82%d1%83%d0%b4%d0%b5\/\" class=\"etkinlik-titlee\">Rus Dili Ve Edebiyat\u0131 B\u00f6l\u00fcm\u00fcn\u00fcn \u201c\u041c\u0435\u0436\u043a\u0443\u043b\u044c\u0442\u0443\u0440\u043d\u044b\u0435 \u0414\u0438\u0430\u043b\u043e\u0433\u0438 \u0412 \u0421\u0442\u0443\u0434\u0435\u043d\u0447\u0435\u0441\u043a\u043e\u0439 \u0421\u0440\u0435\u0434\u0435&#8221; \u00d6\u011frenci Ortam\u0131nda K\u00fclt\u00fcrleraras\u0131 Diyaloglar\u201d Etkinli\u011fi<\/a><\/div><\/div><div class=\"pagination\" style=\"margin-top: 20px;\"><\/div><\/div>\n\t\t\t\t\t\t<\/div>\n\t\t\t\t<\/div>\n\t\t\t\t\t<\/div>\n\t\t<\/div>\n\t\t\t\t\t<\/div>\n\t\t<\/section>\n\t\t\t\t<\/div>\n\t\t","protected":false},"excerpt":{"rendered":"","protected":false},"author":8,"featured_media":0,"parent":0,"menu_order":0,"comment_status":"closed","ping_status":"closed","template":"","meta":{"footnotes":""},"class_list":["post-8058","page","type-page","status-publish","hentry"],"_links":{"self":[{"href":"https:\/\/atauni.edu.tr\/rus-dili-ve-edebiyati\/wp-json\/wp\/v2\/pages\/8058","targetHints":{"allow":["GET"]}}],"collection":[{"href":"https:\/\/atauni.edu.tr\/rus-dili-ve-edebiyati\/wp-json\/wp\/v2\/pages"}],"about":[{"href":"https:\/\/atauni.edu.tr\/rus-dili-ve-edebiyati\/wp-json\/wp\/v2\/types\/page"}],"author":[{"embeddable":true,"href":"https:\/\/atauni.edu.tr\/rus-dili-ve-edebiyati\/wp-json\/wp\/v2\/users\/8"}],"replies":[{"embeddable":true,"href":"https:\/\/atauni.edu.tr\/rus-dili-ve-edebiyati\/wp-json\/wp\/v2\/comments?post=8058"}],"version-history":[{"count":4,"href":"https:\/\/atauni.edu.tr\/rus-dili-ve-edebiyati\/wp-json\/wp\/v2\/pages\/8058\/revisions"}],"predecessor-version":[{"id":8071,"href":"https:\/\/atauni.edu.tr\/rus-dili-ve-edebiyati\/wp-json\/wp\/v2\/pages\/8058\/revisions\/8071"}],"wp:attachment":[{"href":"https:\/\/atauni.edu.tr\/rus-dili-ve-edebiyati\/wp-json\/wp\/v2\/media?parent=8058"}],"curies":[{"name":"wp","href":"https:\/\/api.w.org\/{rel}","templated":true}]}}