{"id":8092,"date":"2025-07-14T11:43:33","date_gmt":"2025-07-14T08:43:33","guid":{"rendered":"https:\/\/birimler.atauni.edu.tr\/rus-dili-ve-edebiyati\/?page_id=8092"},"modified":"2025-07-14T11:47:04","modified_gmt":"2025-07-14T08:47:04","slug":"2025-yks-aday-ogrenci","status":"publish","type":"page","link":"https:\/\/atauni.edu.tr\/rus-dili-ve-edebiyati\/2025-yks-aday-ogrenci\/","title":{"rendered":"2025 YKS Aday \u00d6\u011frenci"},"content":{"rendered":"\n<div class=\"wp-block-file\"><a id=\"wp-block-file--media-939a0ef3-e75b-49f9-8059-73263fd5da6c\" href=\"https:\/\/birimler.atauni.edu.tr\/rus-dili-ve-edebiyati\/wp-content\/uploads\/sites\/149\/2025\/07\/RDE-Kosul-ve-Aciklamalar.docx\">RDE Ko\u015ful ve A\u00e7\u0131klamalar<\/a><a href=\"https:\/\/birimler.atauni.edu.tr\/rus-dili-ve-edebiyati\/wp-content\/uploads\/sites\/149\/2025\/07\/RDE-Kosul-ve-Aciklamalar.docx\" class=\"wp-block-file__button wp-element-button\" download aria-describedby=\"wp-block-file--media-939a0ef3-e75b-49f9-8059-73263fd5da6c\">\u0130ndir<\/a><\/div>\n","protected":false},"excerpt":{"rendered":"","protected":false},"author":287,"featured_media":0,"parent":0,"menu_order":0,"comment_status":"closed","ping_status":"closed","template":"","meta":{"footnotes":""},"class_list":["post-8092","page","type-page","status-publish","hentry"],"_links":{"self":[{"href":"https:\/\/atauni.edu.tr\/rus-dili-ve-edebiyati\/wp-json\/wp\/v2\/pages\/8092","targetHints":{"allow":["GET"]}}],"collection":[{"href":"https:\/\/atauni.edu.tr\/rus-dili-ve-edebiyati\/wp-json\/wp\/v2\/pages"}],"about":[{"href":"https:\/\/atauni.edu.tr\/rus-dili-ve-edebiyati\/wp-json\/wp\/v2\/types\/page"}],"author":[{"embeddable":true,"href":"https:\/\/atauni.edu.tr\/rus-dili-ve-edebiyati\/wp-json\/wp\/v2\/users\/287"}],"replies":[{"embeddable":true,"href":"https:\/\/atauni.edu.tr\/rus-dili-ve-edebiyati\/wp-json\/wp\/v2\/comments?post=8092"}],"version-history":[{"count":2,"href":"https:\/\/atauni.edu.tr\/rus-dili-ve-edebiyati\/wp-json\/wp\/v2\/pages\/8092\/revisions"}],"predecessor-version":[{"id":8097,"href":"https:\/\/atauni.edu.tr\/rus-dili-ve-edebiyati\/wp-json\/wp\/v2\/pages\/8092\/revisions\/8097"}],"wp:attachment":[{"href":"https:\/\/atauni.edu.tr\/rus-dili-ve-edebiyati\/wp-json\/wp\/v2\/media?parent=8092"}],"curies":[{"name":"wp","href":"https:\/\/api.w.org\/{rel}","templated":true}]}}