{"id":5638,"date":"2021-07-13T09:49:25","date_gmt":"2021-07-13T06:49:25","guid":{"rendered":"https:\/\/portaltest.atauni.edu.tr\/bilgisayar-muhendisligi\/?page_id=5638"},"modified":"2026-05-06T12:54:22","modified_gmt":"2026-05-06T09:54:22","slug":"tarihce","status":"publish","type":"page","link":"https:\/\/atauni.edu.tr\/saglik-bakim-hizmetleri\/tarihce\/","title":{"rendered":"Tarih\u00e7e"},"content":{"rendered":"\t\t<div data-elementor-type=\"wp-page\" data-elementor-id=\"5638\" class=\"elementor elementor-5638\" data-elementor-post-type=\"page\">\n\t\t\t\t\t\t<section class=\"elementor-section elementor-top-section elementor-element elementor-element-730d320 elementor-section-boxed elementor-section-height-default elementor-section-height-default\" data-id=\"730d320\" data-element_type=\"section\">\n\t\t\t\t\t\t<div class=\"elementor-container elementor-column-gap-default\">\n\t\t\t\t\t<div class=\"elementor-column elementor-col-100 elementor-top-column elementor-element elementor-element-753d0860\" data-id=\"753d0860\" data-element_type=\"column\">\n\t\t\t<div class=\"elementor-widget-wrap\">\n\t\t\t\t\t\t\t<\/div>\n\t\t<\/div>\n\t\t\t\t\t<\/div>\n\t\t<\/section>\n\t\t\t\t<section class=\"elementor-section elementor-top-section elementor-element elementor-element-74ca4bb elementor-section-boxed elementor-section-height-default elementor-section-height-default\" data-id=\"74ca4bb\" data-element_type=\"section\">\n\t\t\t\t\t\t<div class=\"elementor-container elementor-column-gap-default\">\n\t\t\t\t\t<div class=\"elementor-column elementor-col-100 elementor-top-column elementor-element elementor-element-ca29147\" data-id=\"ca29147\" data-element_type=\"column\">\n\t\t\t<div class=\"elementor-widget-wrap\">\n\t\t\t\t\t\t\t<\/div>\n\t\t<\/div>\n\t\t\t\t\t<\/div>\n\t\t<\/section>\n\t\t\t\t<section class=\"elementor-section elementor-top-section elementor-element elementor-element-9be811a elementor-section-boxed elementor-section-height-default elementor-section-height-default\" data-id=\"9be811a\" data-element_type=\"section\">\n\t\t\t\t\t\t<div class=\"elementor-container elementor-column-gap-default\">\n\t\t\t\t\t<div class=\"elementor-column elementor-col-100 elementor-top-column elementor-element elementor-element-1ed847b7\" data-id=\"1ed847b7\" data-element_type=\"column\">\n\t\t\t<div class=\"elementor-widget-wrap elementor-element-populated\">\n\t\t\t\t\t\t<div class=\"elementor-element elementor-element-4ce0d07f elementor-widget elementor-widget-heading\" data-id=\"4ce0d07f\" data-element_type=\"widget\" data-widget_type=\"heading.default\">\n\t\t\t\t<div class=\"elementor-widget-container\">\n\t\t\t\t\t<h2 class=\"elementor-heading-title elementor-size-default\">Genel Bilgi\/Tarih\u00e7e\n\nAtat\u00fcrk \u00dcniversitesi Sa\u011fl\u0131k Bak\u0131m Hizmetleri B\u00f6l\u00fcm\u00fc, sa\u011fl\u0131k hizmetleri alan\u0131nda nitelikli ara insan g\u00fcc\u00fc yeti\u015ftirme hedefi do\u011frultusunda e\u011fitim-\u00f6\u011fretim faaliyetlerini s\u00fcrd\u00fcren k\u00f6kl\u00fc bir akademik birimdir. B\u00f6l\u00fcm, toplumun de\u011fi\u015fen sa\u011fl\u0131k gereksinimlerine uyum sa\u011flayabilen, etik de\u011ferlere ba\u011fl\u0131, bilimsel geli\u015fmeleri takip eden ve uygulama becerileri g\u00fc\u00e7l\u00fc sa\u011fl\u0131k teknikerleri yeti\u015ftirmeyi ama\u00e7lamaktad\u0131r.\n\nKurulu\u015fundan itibaren \u00f6\u011frenci merkezli e\u011fitim anlay\u0131\u015f\u0131n\u0131 benimseyen b\u00f6l\u00fcm\u00fcm\u00fcz; teorik bilgi ile uygulama becerisini b\u00fct\u00fcnle\u015ftiren e\u011fitim modeli do\u011frultusunda faaliyet g\u00f6stermektedir. E\u011fitim s\u00fcre\u00e7lerinde \u00e7a\u011fda\u015f \u00f6\u011fretim y\u00f6ntemleri kullan\u0131lmakta, \u00f6\u011frencilerin mesleki bilgi, beceri ve yetkinliklerini geli\u015ftirmeye y\u00f6nelik uygulama a\u011f\u0131rl\u0131kl\u0131 e\u011fitim anlay\u0131\u015f\u0131 \u00f6n planda tutulmaktad\u0131r.\n\nB\u00f6l\u00fcm b\u00fcnyesinde y\u00fcr\u00fct\u00fclen programlarda; sa\u011fl\u0131k alan\u0131ndaki g\u00fcncel bilimsel geli\u015fmeler, dijitalle\u015fme s\u00fcre\u00e7leri, kalite g\u00fcvencesi uygulamalar\u0131 ve sekt\u00f6r ihtiya\u00e7lar\u0131 do\u011frultusunda s\u00fcrekli iyile\u015ftirme \u00e7al\u0131\u015fmalar\u0131 ger\u00e7ekle\u015ftirilmektedir. Bu kapsamda m\u00fcfredatlar d\u00fczenli olarak g\u00fcncellenmekte, i\u00e7 ve d\u0131\u015f payda\u015f g\u00f6r\u00fc\u015fleri de\u011ferlendirilmekte ve e\u011fitim \u00e7\u0131kt\u0131lar\u0131n\u0131n ulusal\/uluslararas\u0131 standartlara uygunlu\u011fu g\u00f6zetilmektedir.\n\nAtat\u00fcrk \u00dcniversitesi Sa\u011fl\u0131k Bak\u0131m Hizmetleri B\u00f6l\u00fcm\u00fc, \u00f6\u011frencilerin yaln\u0131zca akademik geli\u015fimini de\u011fil; ileti\u015fim becerileri y\u00fcksek, ekip \u00e7al\u0131\u015fmas\u0131na yatk\u0131n, toplumsal sorumluluk bilincine sahip ve ya\u015fam boyu \u00f6\u011frenmeyi benimseyen bireyler olarak yeti\u015fmelerini de hedeflemektedir.\n\nKalite odakl\u0131 e\u011fitim anlay\u0131\u015f\u0131 do\u011frultusunda b\u00f6l\u00fcm\u00fcm\u00fczde akreditasyon ve program de\u011ferlendirme \u00e7al\u0131\u015fmalar\u0131 s\u00fcrd\u00fcr\u00fclmekte olup, e\u011fitim-\u00f6\u011fretim s\u00fcre\u00e7lerinin s\u00fcrekli geli\u015ftirilmesi i\u00e7in akademik ve sekt\u00f6rel i\u015f birlikleri g\u00fc\u00e7lendirilmektedir. B\u00f6l\u00fcm\u00fcm\u00fcz, sa\u011fl\u0131k hizmetlerinin ihtiya\u00e7 duydu\u011fu nitelikli insan kayna\u011f\u0131n\u0131 yeti\u015ftirmeye katk\u0131 sunmaya devam etmektedir.\n\nDo\u00e7. Dr. G\u00fcl\u015fah YILDIZ DEN\u0130Z\nB\u00f6l\u00fcm Ba\u015fkan\u0131\nAtat\u00fcrk \u00dcniversitesi\nSa\u011fl\u0131k Bak\u0131m Hizmetleri B\u00f6l\u00fcm\u00fc<br><br><\/h2>\t\t\t\t<\/div>\n\t\t\t\t<\/div>\n\t\t\t\t<div class=\"elementor-element elementor-element-63260862 elementor-widget-divider--view-line elementor-widget elementor-widget-divider\" data-id=\"63260862\" data-element_type=\"widget\" data-widget_type=\"divider.default\">\n\t\t\t\t<div class=\"elementor-widget-container\">\n\t\t\t\t\t\t\t<div class=\"elementor-divider\">\n\t\t\t<span class=\"elementor-divider-separator\">\n\t\t\t\t\t\t<\/span>\n\t\t<\/div>\n\t\t\t\t\t\t<\/div>\n\t\t\t\t<\/div>\n\t\t\t\t\t<\/div>\n\t\t<\/div>\n\t\t\t\t\t<\/div>\n\t\t<\/section>\n\t\t\t\t<section class=\"elementor-section elementor-top-section elementor-element elementor-element-681db8b elementor-section-boxed elementor-section-height-default elementor-section-height-default\" data-id=\"681db8b\" data-element_type=\"section\">\n\t\t\t\t\t\t<div class=\"elementor-container elementor-column-gap-default\">\n\t\t\t\t\t<div class=\"elementor-column elementor-col-100 elementor-top-column elementor-element elementor-element-ad4dac5\" data-id=\"ad4dac5\" data-element_type=\"column\">\n\t\t\t<div class=\"elementor-widget-wrap elementor-element-populated\">\n\t\t\t\t\t\t\t<\/div>\n\t\t<\/div>\n\t\t\t\t\t<\/div>\n\t\t<\/section>\n\t\t\t\t<section class=\"elementor-section elementor-top-section elementor-element elementor-element-eae92d9 elementor-section-boxed elementor-section-height-default elementor-section-height-default\" data-id=\"eae92d9\" data-element_type=\"section\">\n\t\t\t\t\t\t<div class=\"elementor-container elementor-column-gap-default\">\n\t\t\t\t\t<div class=\"elementor-column elementor-col-100 elementor-top-column elementor-element elementor-element-32bd0ba\" data-id=\"32bd0ba\" data-element_type=\"column\">\n\t\t\t<div class=\"elementor-widget-wrap elementor-element-populated\">\n\t\t\t\t\t\t<div class=\"elementor-element elementor-element-7fa5463 elementor-widget elementor-widget-text-editor\" data-id=\"7fa5463\" data-element_type=\"widget\" data-widget_type=\"text-editor.default\">\n\t\t\t\t<div class=\"elementor-widget-container\">\n\t\t\t\t\t\t\t\t\t<p>Lorem ipsum dolor sit amet, consectetur adipiscing elit. Ut elit tellus, luctus nec ullamcorper mattis, pulvinar dapibus leo.<\/p>\t\t\t\t\t\t\t\t<\/div>\n\t\t\t\t<\/div>\n\t\t\t\t\t<\/div>\n\t\t<\/div>\n\t\t\t\t\t<\/div>\n\t\t<\/section>\n\t\t\t\t<\/div>\n\t\t","protected":false},"excerpt":{"rendered":"<p>Genel Bilgi\/Tarih\u00e7e Atat\u00fcrk \u00dcniversitesi Sa\u011fl\u0131k Bak\u0131m Hizmetleri B\u00f6l\u00fcm\u00fc, sa\u011fl\u0131k hizmetleri alan\u0131nda nitelikli ara insan g\u00fcc\u00fc yeti\u015ftirme hedefi do\u011frultusunda e\u011fitim-\u00f6\u011fretim faaliyetlerini s\u00fcrd\u00fcren k\u00f6kl\u00fc bir akademik birimdir. B\u00f6l\u00fcm, toplumun de\u011fi\u015fen sa\u011fl\u0131k gereksinimlerine uyum sa\u011flayabilen, etik de\u011ferlere ba\u011fl\u0131, bilimsel geli\u015fmeleri takip eden ve uygulama becerileri g\u00fc\u00e7l\u00fc sa\u011fl\u0131k teknikerleri yeti\u015ftirmeyi ama\u00e7lamaktad\u0131r. Kurulu\u015fundan itibaren \u00f6\u011frenci merkezli e\u011fitim anlay\u0131\u015f\u0131n\u0131 benimseyen b\u00f6l\u00fcm\u00fcm\u00fcz; [&hellip;]<\/p>\n","protected":false},"author":1,"featured_media":0,"parent":0,"menu_order":0,"comment_status":"closed","ping_status":"closed","template":"","meta":{"footnotes":""},"class_list":["post-5638","page","type-page","status-publish","hentry"],"_links":{"self":[{"href":"https:\/\/atauni.edu.tr\/saglik-bakim-hizmetleri\/wp-json\/wp\/v2\/pages\/5638","targetHints":{"allow":["GET"]}}],"collection":[{"href":"https:\/\/atauni.edu.tr\/saglik-bakim-hizmetleri\/wp-json\/wp\/v2\/pages"}],"about":[{"href":"https:\/\/atauni.edu.tr\/saglik-bakim-hizmetleri\/wp-json\/wp\/v2\/types\/page"}],"author":[{"embeddable":true,"href":"https:\/\/atauni.edu.tr\/saglik-bakim-hizmetleri\/wp-json\/wp\/v2\/users\/1"}],"replies":[{"embeddable":true,"href":"https:\/\/atauni.edu.tr\/saglik-bakim-hizmetleri\/wp-json\/wp\/v2\/comments?post=5638"}],"version-history":[{"count":24,"href":"https:\/\/atauni.edu.tr\/saglik-bakim-hizmetleri\/wp-json\/wp\/v2\/pages\/5638\/revisions"}],"predecessor-version":[{"id":6238,"href":"https:\/\/atauni.edu.tr\/saglik-bakim-hizmetleri\/wp-json\/wp\/v2\/pages\/5638\/revisions\/6238"}],"wp:attachment":[{"href":"https:\/\/atauni.edu.tr\/saglik-bakim-hizmetleri\/wp-json\/wp\/v2\/media?parent=5638"}],"curies":[{"name":"wp","href":"https:\/\/api.w.org\/{rel}","templated":true}]}}