{"id":5791,"date":"2021-07-13T13:07:15","date_gmt":"2021-07-13T10:07:15","guid":{"rendered":"https:\/\/portaltest.atauni.edu.tr\/bilgisayar-muhendisligi\/?page_id=5791"},"modified":"2021-08-27T15:49:32","modified_gmt":"2021-08-27T12:49:32","slug":"staj","status":"publish","type":"page","link":"https:\/\/atauni.edu.tr\/saglik-bakim-hizmetleri\/staj\/","title":{"rendered":"Staj"},"content":{"rendered":"\t\t<div data-elementor-type=\"wp-page\" data-elementor-id=\"5791\" class=\"elementor elementor-5791\" data-elementor-post-type=\"page\">\n\t\t\t\t\t\t<section class=\"elementor-section elementor-top-section elementor-element elementor-element-730d320 elementor-section-boxed elementor-section-height-default elementor-section-height-default\" data-id=\"730d320\" data-element_type=\"section\">\n\t\t\t\t\t\t<div class=\"elementor-container elementor-column-gap-default\">\n\t\t\t\t\t<div class=\"elementor-column elementor-col-100 elementor-top-column elementor-element elementor-element-753d0860\" data-id=\"753d0860\" data-element_type=\"column\">\n\t\t\t<div class=\"elementor-widget-wrap\">\n\t\t\t\t\t\t\t<\/div>\n\t\t<\/div>\n\t\t\t\t\t<\/div>\n\t\t<\/section>\n\t\t\t\t<section class=\"elementor-section elementor-top-section elementor-element elementor-element-9be811a elementor-section-boxed elementor-section-height-default elementor-section-height-default\" data-id=\"9be811a\" data-element_type=\"section\">\n\t\t\t\t\t\t<div class=\"elementor-container elementor-column-gap-default\">\n\t\t\t\t\t<div class=\"elementor-column elementor-col-100 elementor-top-column elementor-element elementor-element-1ed847b7\" data-id=\"1ed847b7\" data-element_type=\"column\">\n\t\t\t<div class=\"elementor-widget-wrap elementor-element-populated\">\n\t\t\t\t\t\t<div class=\"elementor-element elementor-element-4ce0d07f elementor-widget elementor-widget-heading\" data-id=\"4ce0d07f\" data-element_type=\"widget\" data-widget_type=\"heading.default\">\n\t\t\t\t<div class=\"elementor-widget-container\">\n\t\t\t\t\t<h2 class=\"elementor-heading-title elementor-size-default\">Staj<\/h2>\t\t\t\t<\/div>\n\t\t\t\t<\/div>\n\t\t\t\t<div class=\"elementor-element elementor-element-63260862 elementor-widget-divider--view-line elementor-widget elementor-widget-divider\" data-id=\"63260862\" data-element_type=\"widget\" data-widget_type=\"divider.default\">\n\t\t\t\t<div class=\"elementor-widget-container\">\n\t\t\t\t\t\t\t<div class=\"elementor-divider\">\n\t\t\t<span class=\"elementor-divider-separator\">\n\t\t\t\t\t\t<\/span>\n\t\t<\/div>\n\t\t\t\t\t\t<\/div>\n\t\t\t\t<\/div>\n\t\t\t\t\t<\/div>\n\t\t<\/div>\n\t\t\t\t\t<\/div>\n\t\t<\/section>\n\t\t\t\t<section class=\"elementor-section elementor-top-section elementor-element elementor-element-10e8347 elementor-section-boxed elementor-section-height-default elementor-section-height-default\" data-id=\"10e8347\" data-element_type=\"section\">\n\t\t\t\t\t\t<div class=\"elementor-container elementor-column-gap-default\">\n\t\t\t\t\t<div class=\"elementor-column elementor-col-100 elementor-top-column elementor-element elementor-element-795ab05\" data-id=\"795ab05\" data-element_type=\"column\">\n\t\t\t<div class=\"elementor-widget-wrap elementor-element-populated\">\n\t\t\t\t\t\t<div class=\"elementor-element elementor-element-4524745 elementor-widget elementor-widget-text-editor\" data-id=\"4524745\" data-element_type=\"widget\" data-widget_type=\"text-editor.default\">\n\t\t\t\t<div class=\"elementor-widget-container\">\n\t\t\t\t\t\t\t\t\t<p>Atat\u00fcrk \u00dcniversitesi Sa\u011fl\u0131k Bak\u0131m Hizmetleri b\u00fcnyesinde sunulan staj olanaklar\u0131, \u00f6\u011frencilerin teorik bilgileri prati\u011fe d\u00f6kerek deneyim kazanmalar\u0131n\u0131 ama\u00e7l\u0131yor. Bu programlar arac\u0131l\u0131\u011f\u0131yla, gelece\u011fin sa\u011fl\u0131k profesyonelleri hem teorik bilgilerini peki\u015ftiriyor hem de ger\u00e7ek bir sa\u011fl\u0131k ortam\u0131nda \u00e7al\u0131\u015fman\u0131n gerektirdi\u011fi becerileri kazan\u0131yor.<\/p>\n<p>Staj programlar\u0131, \u00f6\u011frencilerin kendi alanlar\u0131na \u00f6zg\u00fc uygulamalar\u0131 \u00f6\u011frenmelerine ve sa\u011fl\u0131k sekt\u00f6r\u00fcn\u00fcn farkl\u0131 b\u00f6l\u00fcmlerinde g\u00f6rev alan profesyonellerle i\u015fbirli\u011fi i\u00e7erisinde \u00e7al\u0131\u015fmalar\u0131na olanak tan\u0131r. Bu sayede, \u00f6\u011frenciler sadece teknik becerilerini geli\u015ftirmekle kalmaz, ayn\u0131 zamanda ileti\u015fim, problem \u00e7\u00f6zme ve tak\u0131m \u00e7al\u0131\u015fmas\u0131 gibi \u00f6nemli soft skills kazan\u0131m\u0131 da sa\u011flar.<\/p>\n<p>Atat\u00fcrk \u00dcniversitesi Sa\u011fl\u0131k Bak\u0131m Hizmetleri, stajyerlerin e\u011fitim s\u00fcre\u00e7lerini desteklemek amac\u0131yla deneyimli sa\u011fl\u0131k profesyonelleriyle birlikte \u00e7al\u0131\u015f\u0131r. Bu uzmanlar, \u00f6\u011frencilere rehberlik eder, \u0438\u0445 developmentine katk\u0131da bulunur ve ger\u00e7ek bir sa\u011fl\u0131k ortam\u0131nda kar\u015f\u0131la\u015fabilecekleri durumlara kar\u015f\u0131 haz\u0131rlar.<\/p>\n<p>Staj programlar\u0131n\u0131n kapsam\u0131, \u00f6\u011frencilerin ald\u0131klar\u0131 teorik e\u011fitimi peki\u015ftirmek ve pratik deneyim kazanmalar\u0131n\u0131 i\u00e7erir. Programlar genellikle, hastane veya klinik gibi ger\u00e7ek sa\u011fl\u0131k ortamlar\u0131nda y\u00fcr\u00fct\u00fcl\u00fcr ve \u00f6\u011frencilere hasta bak\u0131m\u0131ndan laboratuvar \u00e7al\u0131\u015fmas\u0131na kadar \u00e7e\u015fitli sa\u011fl\u0131k hizmetleri hakk\u0131nda detal\u0131 bir tecr\u00fcbe sa\u011flar.<\/p>\n<p>Atat\u00fcrk \u00dcniversitesi Sa\u011fl\u0131k Bak\u0131m Hizmetleri, stajyerlerin e\u011fitimden ald\u0131klar\u0131 verimi art\u0131rmak i\u00e7in s\u00fcrekli olarak programlar\u0131n\u0131 g\u00fcnceller ve sa\u011fl\u0131k sekt\u00f6r\u00fcn\u00fcn gereksinimlerine uygun \u015fekilde ch\u1ec9nhe eder. Bu yakla\u015f\u0131m, \u00f6\u011frencilerin mezun olduktan sonra i\u015f piyasas\u0131na daha haz\u0131r ve self-g\u00fcvenli bir \u015fekilde girmelerini sa\u011flar.<\/p>\t\t\t\t\t\t\t\t<\/div>\n\t\t\t\t<\/div>\n\t\t\t\t\t<\/div>\n\t\t<\/div>\n\t\t\t\t\t<\/div>\n\t\t<\/section>\n\t\t\t\t<\/div>\n\t\t","protected":false},"excerpt":{"rendered":"<p>Staj Lorem Ipsum Nedir? Lorem Ipsum, dizgi ve bask\u0131 end\u00fcstrisinde kullan\u0131lan m\u0131g\u0131r metinlerdir. Lorem Ipsum, ad\u0131 bilinmeyen bir matbaac\u0131n\u0131n bir hurufat numune kitab\u0131 olu\u015fturmak \u00fczere bir yaz\u0131 galerisini alarak kar\u0131\u015ft\u0131rd\u0131\u011f\u0131 1500&#8217;lerden beri end\u00fcstri standard\u0131 sahte metinler olarak kullan\u0131lm\u0131\u015ft\u0131r. Be\u015fy\u00fcz y\u0131l boyunca varl\u0131\u011f\u0131n\u0131 s\u00fcrd\u00fcrmekle kalmam\u0131\u015f, ayn\u0131 zamanda pek de\u011fi\u015fmeden elektronik dizgiye de s\u0131\u00e7ram\u0131\u015ft\u0131r. 1960&#8217;larda Lorem Ipsum [&hellip;]<\/p>\n","protected":false},"author":1,"featured_media":0,"parent":0,"menu_order":0,"comment_status":"closed","ping_status":"closed","template":"elementor_header_footer","meta":{"footnotes":""},"class_list":["post-5791","page","type-page","status-publish","hentry"],"_links":{"self":[{"href":"https:\/\/atauni.edu.tr\/saglik-bakim-hizmetleri\/wp-json\/wp\/v2\/pages\/5791","targetHints":{"allow":["GET"]}}],"collection":[{"href":"https:\/\/atauni.edu.tr\/saglik-bakim-hizmetleri\/wp-json\/wp\/v2\/pages"}],"about":[{"href":"https:\/\/atauni.edu.tr\/saglik-bakim-hizmetleri\/wp-json\/wp\/v2\/types\/page"}],"author":[{"embeddable":true,"href":"https:\/\/atauni.edu.tr\/saglik-bakim-hizmetleri\/wp-json\/wp\/v2\/users\/1"}],"replies":[{"embeddable":true,"href":"https:\/\/atauni.edu.tr\/saglik-bakim-hizmetleri\/wp-json\/wp\/v2\/comments?post=5791"}],"version-history":[{"count":8,"href":"https:\/\/atauni.edu.tr\/saglik-bakim-hizmetleri\/wp-json\/wp\/v2\/pages\/5791\/revisions"}],"predecessor-version":[{"id":6094,"href":"https:\/\/atauni.edu.tr\/saglik-bakim-hizmetleri\/wp-json\/wp\/v2\/pages\/5791\/revisions\/6094"}],"wp:attachment":[{"href":"https:\/\/atauni.edu.tr\/saglik-bakim-hizmetleri\/wp-json\/wp\/v2\/media?parent=5791"}],"curies":[{"name":"wp","href":"https:\/\/api.w.org\/{rel}","templated":true}]}}