{"id":6737,"date":"2024-12-17T15:46:01","date_gmt":"2024-12-17T12:46:01","guid":{"rendered":"https:\/\/birimler.atauni.edu.tr\/saglik-bilimleri-enstitusu\/?page_id=6737"},"modified":"2026-01-19T11:15:04","modified_gmt":"2026-01-19T08:15:04","slug":"enstitu-kalite-komisyonu","status":"publish","type":"page","link":"https:\/\/atauni.edu.tr\/saglik-bilimleri-enstitusu\/enstitu-kalite-komisyonu\/","title":{"rendered":"Kalite Komisyonu"},"content":{"rendered":"\t\t<div data-elementor-type=\"wp-page\" data-elementor-id=\"6737\" class=\"elementor elementor-6737\" data-elementor-post-type=\"page\">\n\t\t\t\t\t\t<section class=\"elementor-section elementor-top-section elementor-element elementor-element-bb02c3e elementor-section-boxed elementor-section-height-default elementor-section-height-default\" data-id=\"bb02c3e\" data-element_type=\"section\">\n\t\t\t\t\t\t<div class=\"elementor-container elementor-column-gap-default\">\n\t\t\t\t\t<div class=\"elementor-column elementor-col-100 elementor-top-column elementor-element elementor-element-e0b1c3b\" data-id=\"e0b1c3b\" data-element_type=\"column\">\n\t\t\t<div class=\"elementor-widget-wrap elementor-element-populated\">\n\t\t\t\t\t\t<div class=\"elementor-element elementor-element-a94fbbe elementor-widget elementor-widget-heading\" data-id=\"a94fbbe\" data-element_type=\"widget\" data-widget_type=\"heading.default\">\n\t\t\t\t<div class=\"elementor-widget-container\">\n\t\t\t\t\t<h2 class=\"elementor-heading-title elementor-size-default\">Sa\u011fl\u0131k Bilimleri Komisyonlar\u0131<\/h2>\t\t\t\t<\/div>\n\t\t\t\t<\/div>\n\t\t\t\t<div class=\"elementor-element elementor-element-e5426d5 elementor-widget-divider--view-line elementor-widget elementor-widget-divider\" data-id=\"e5426d5\" data-element_type=\"widget\" data-widget_type=\"divider.default\">\n\t\t\t\t<div class=\"elementor-widget-container\">\n\t\t\t\t\t\t\t<div class=\"elementor-divider\">\n\t\t\t<span class=\"elementor-divider-separator\">\n\t\t\t\t\t\t<\/span>\n\t\t<\/div>\n\t\t\t\t\t\t<\/div>\n\t\t\t\t<\/div>\n\t\t\t\t\t<\/div>\n\t\t<\/div>\n\t\t\t\t\t<\/div>\n\t\t<\/section>\n\t\t\t\t<section class=\"elementor-section elementor-top-section elementor-element elementor-element-10a791a elementor-section-boxed elementor-section-height-default elementor-section-height-default\" data-id=\"10a791a\" data-element_type=\"section\">\n\t\t\t\t\t\t<div class=\"elementor-container elementor-column-gap-default\">\n\t\t\t\t\t<div class=\"elementor-column elementor-col-100 elementor-top-column elementor-element elementor-element-a6bcd51\" data-id=\"a6bcd51\" data-element_type=\"column\">\n\t\t\t<div class=\"elementor-widget-wrap elementor-element-populated\">\n\t\t\t\t\t\t<div class=\"elementor-element elementor-element-e95af7d elementor-widget elementor-widget-heading\" data-id=\"e95af7d\" data-element_type=\"widget\" data-widget_type=\"heading.default\">\n\t\t\t\t<div class=\"elementor-widget-container\">\n\t\t\t\t\t<h2 class=\"elementor-heading-title elementor-size-default\">Kalite Komisyonu<\/h2>\t\t\t\t<\/div>\n\t\t\t\t<\/div>\n\t\t\t\t\t<\/div>\n\t\t<\/div>\n\t\t\t\t\t<\/div>\n\t\t<\/section>\n\t\t\t\t<section class=\"elementor-section elementor-top-section elementor-element elementor-element-d1e73a2 elementor-section-boxed elementor-section-height-default elementor-section-height-default\" data-id=\"d1e73a2\" data-element_type=\"section\">\n\t\t\t\t\t\t<div class=\"elementor-container elementor-column-gap-default\">\n\t\t\t\t\t<div class=\"elementor-column elementor-col-100 elementor-top-column elementor-element elementor-element-18d0358\" data-id=\"18d0358\" data-element_type=\"column\">\n\t\t\t<div class=\"elementor-widget-wrap elementor-element-populated\">\n\t\t\t\t\t\t<div class=\"elementor-element elementor-element-c6038e2 elementor-widget elementor-widget-text-editor\" data-id=\"c6038e2\" data-element_type=\"widget\" data-widget_type=\"text-editor.default\">\n\t\t\t\t<div class=\"elementor-widget-container\">\n\t\t\t\t\t\t\t\t\t<p><strong>Prof. Dr. Ahmet KIZILTUN\u00c7<\/strong> (Ba\u015fkan)<\/p><p><strong>Prof. Dr. Fatma DEM\u0130RKAYA M\u0130LO\u011eLU<\/strong> (Ba\u015fkan Yard\u0131mc\u0131s\u0131)<\/p><p><strong>Prof. Dr. Hilal \u00d6ZBEK<\/strong>\u00a0(\u00dcye) Enst. Mdr. Yrd.<\/p><p><strong>Do\u00e7. Dr. Mehmet Cemal ADIG\u00dcZEL<\/strong>\u00a0(\u00dcye) Enst. Mdr. Yrd.<\/p><p><strong>Do\u00e7. Dr. Esra LALO\u011eLU<\/strong> (\u00dcye)<\/p><p><strong>Do\u00e7. Dr. Ay\u015feg\u00fcl YAYLA<\/strong> (\u00dcye)<\/p><p><strong>Dr. \u00d6\u011fr. \u00dcyesi Mevra AYDIN \u00c7\u0130L <\/strong>(\u00dcye)<\/p><p><strong>Dr. \u00d6\u011fr. \u00dcyesi Meltem S\u00dcMB\u00dcLL\u00dc<\/strong> (\u00dcye)<\/p><p><strong>Dr. \u00d6\u011fr. \u00dcyesi Hatice POLAT<\/strong> (\u00dcye)<\/p><p><strong>Ar\u015f. G\u00f6r. Emir Enis YURDG\u00dcL\u00dc<\/strong> (\u00d6\u011frenci Temsilcisi)<\/p><p><strong>Bedia KUTLU<\/strong> (Raport\u00f6r)<\/p>\t\t\t\t\t\t\t\t<\/div>\n\t\t\t\t<\/div>\n\t\t\t\t\t<\/div>\n\t\t<\/div>\n\t\t\t\t\t<\/div>\n\t\t<\/section>\n\t\t\t\t<\/div>\n\t\t","protected":false},"excerpt":{"rendered":"<p>Sa\u011fl\u0131k Bilimleri Komisyonlar\u0131 Kalite Komisyonu Prof. Dr. Ahmet KIZILTUN\u00c7 (Ba\u015fkan) Prof. Dr. Fatma DEM\u0130RKAYA M\u0130LO\u011eLU (Ba\u015fkan Yard\u0131mc\u0131s\u0131) Prof. Dr. Hilal \u00d6ZBEK\u00a0(\u00dcye) Enst. Mdr. Yrd. Do\u00e7. Dr. Mehmet Cemal ADIG\u00dcZEL\u00a0(\u00dcye) Enst. Mdr. Yrd. Do\u00e7. Dr. Esra LALO\u011eLU (\u00dcye) Do\u00e7. Dr. Ay\u015feg\u00fcl YAYLA (\u00dcye) Dr. \u00d6\u011fr. \u00dcyesi Mevra AYDIN \u00c7\u0130L (\u00dcye) Dr. \u00d6\u011fr. \u00dcyesi Meltem S\u00dcMB\u00dcLL\u00dc (\u00dcye) [&hellip;]<\/p>\n","protected":false},"author":632,"featured_media":0,"parent":0,"menu_order":0,"comment_status":"closed","ping_status":"closed","template":"elementor_header_footer","meta":{"footnotes":""},"class_list":["post-6737","page","type-page","status-publish","hentry"],"_links":{"self":[{"href":"https:\/\/atauni.edu.tr\/saglik-bilimleri-enstitusu\/wp-json\/wp\/v2\/pages\/6737","targetHints":{"allow":["GET"]}}],"collection":[{"href":"https:\/\/atauni.edu.tr\/saglik-bilimleri-enstitusu\/wp-json\/wp\/v2\/pages"}],"about":[{"href":"https:\/\/atauni.edu.tr\/saglik-bilimleri-enstitusu\/wp-json\/wp\/v2\/types\/page"}],"author":[{"embeddable":true,"href":"https:\/\/atauni.edu.tr\/saglik-bilimleri-enstitusu\/wp-json\/wp\/v2\/users\/632"}],"replies":[{"embeddable":true,"href":"https:\/\/atauni.edu.tr\/saglik-bilimleri-enstitusu\/wp-json\/wp\/v2\/comments?post=6737"}],"version-history":[{"count":26,"href":"https:\/\/atauni.edu.tr\/saglik-bilimleri-enstitusu\/wp-json\/wp\/v2\/pages\/6737\/revisions"}],"predecessor-version":[{"id":9393,"href":"https:\/\/atauni.edu.tr\/saglik-bilimleri-enstitusu\/wp-json\/wp\/v2\/pages\/6737\/revisions\/9393"}],"wp:attachment":[{"href":"https:\/\/atauni.edu.tr\/saglik-bilimleri-enstitusu\/wp-json\/wp\/v2\/media?parent=6737"}],"curies":[{"name":"wp","href":"https:\/\/api.w.org\/{rel}","templated":true}]}}