{"id":6749,"date":"2024-12-17T15:47:24","date_gmt":"2024-12-17T12:47:24","guid":{"rendered":"https:\/\/birimler.atauni.edu.tr\/saglik-bilimleri-enstitusu\/?page_id=6749"},"modified":"2026-01-19T11:19:52","modified_gmt":"2026-01-19T08:19:52","slug":"ic-degerlendirme-komisyonu","status":"publish","type":"page","link":"https:\/\/atauni.edu.tr\/saglik-bilimleri-enstitusu\/ic-degerlendirme-komisyonu\/","title":{"rendered":"\u0130\u00e7 De\u011ferlendirme Komisyonu"},"content":{"rendered":"\t\t<div data-elementor-type=\"wp-page\" data-elementor-id=\"6749\" class=\"elementor elementor-6749\" data-elementor-post-type=\"page\">\n\t\t\t\t\t\t<section class=\"elementor-section elementor-top-section elementor-element elementor-element-65fdf50 elementor-section-boxed elementor-section-height-default elementor-section-height-default\" data-id=\"65fdf50\" data-element_type=\"section\">\n\t\t\t\t\t\t<div class=\"elementor-container elementor-column-gap-default\">\n\t\t\t\t\t<div class=\"elementor-column elementor-col-100 elementor-top-column elementor-element elementor-element-ba4789d\" data-id=\"ba4789d\" data-element_type=\"column\">\n\t\t\t<div class=\"elementor-widget-wrap elementor-element-populated\">\n\t\t\t\t\t\t<div class=\"elementor-element elementor-element-f75be3c elementor-widget elementor-widget-spacer\" data-id=\"f75be3c\" data-element_type=\"widget\" data-widget_type=\"spacer.default\">\n\t\t\t\t<div class=\"elementor-widget-container\">\n\t\t\t\t\t\t\t<div class=\"elementor-spacer\">\n\t\t\t<div class=\"elementor-spacer-inner\"><\/div>\n\t\t<\/div>\n\t\t\t\t\t\t<\/div>\n\t\t\t\t<\/div>\n\t\t\t\t\t<\/div>\n\t\t<\/div>\n\t\t\t\t\t<\/div>\n\t\t<\/section>\n\t\t\t\t<section class=\"elementor-section elementor-top-section elementor-element elementor-element-2eca562 elementor-section-boxed elementor-section-height-default elementor-section-height-default\" data-id=\"2eca562\" data-element_type=\"section\">\n\t\t\t\t\t\t<div class=\"elementor-container elementor-column-gap-default\">\n\t\t\t\t\t<div class=\"elementor-column elementor-col-100 elementor-top-column elementor-element elementor-element-eedc01a\" data-id=\"eedc01a\" data-element_type=\"column\">\n\t\t\t<div class=\"elementor-widget-wrap elementor-element-populated\">\n\t\t\t\t\t\t<div class=\"elementor-element elementor-element-d2e29c2 elementor-widget elementor-widget-heading\" data-id=\"d2e29c2\" data-element_type=\"widget\" data-widget_type=\"heading.default\">\n\t\t\t\t<div class=\"elementor-widget-container\">\n\t\t\t\t\t<h2 class=\"elementor-heading-title elementor-size-default\">\u0130\u00e7 De\u011ferlendirme Komisyonu<\/h2>\t\t\t\t<\/div>\n\t\t\t\t<\/div>\n\t\t\t\t<div class=\"elementor-element elementor-element-31282a1 elementor-widget-divider--view-line elementor-widget elementor-widget-divider\" data-id=\"31282a1\" data-element_type=\"widget\" data-widget_type=\"divider.default\">\n\t\t\t\t<div class=\"elementor-widget-container\">\n\t\t\t\t\t\t\t<div class=\"elementor-divider\">\n\t\t\t<span class=\"elementor-divider-separator\">\n\t\t\t\t\t\t<\/span>\n\t\t<\/div>\n\t\t\t\t\t\t<\/div>\n\t\t\t\t<\/div>\n\t\t\t\t\t<\/div>\n\t\t<\/div>\n\t\t\t\t\t<\/div>\n\t\t<\/section>\n\t\t\t\t<section class=\"elementor-section elementor-top-section elementor-element elementor-element-c09b1ce elementor-section-boxed elementor-section-height-default elementor-section-height-default\" data-id=\"c09b1ce\" data-element_type=\"section\">\n\t\t\t\t\t\t<div class=\"elementor-container elementor-column-gap-default\">\n\t\t\t\t\t<div class=\"elementor-column elementor-col-100 elementor-top-column elementor-element elementor-element-be7c969\" data-id=\"be7c969\" data-element_type=\"column\">\n\t\t\t<div class=\"elementor-widget-wrap elementor-element-populated\">\n\t\t\t\t\t\t<div class=\"elementor-element elementor-element-df491a9 elementor-widget elementor-widget-text-editor\" data-id=\"df491a9\" data-element_type=\"widget\" data-widget_type=\"text-editor.default\">\n\t\t\t\t<div class=\"elementor-widget-container\">\n\t\t\t\t\t\t\t\t\t<p><span style=\"font-weight: bolder\">Prof. Dr. Ahmet KIZILTUN\u00c7<\/span>\u00a0\u2013 Ba\u015fkan<\/p><p><span style=\"font-weight: bolder\">Do\u00e7. Dr.\u00a0 Mehmet Cemal ADIG\u00dcZEL<\/span>\u00a0\u2013 Ba\u015fkan Yrd.<\/p><p><span style=\"font-weight: bolder\">Prof. Dr. Hilal \u00d6ZBEK<\/span>\u00a0\u2013 \u00dcye \u2013 Enstit\u00fc M\u00fcd\u00fcr Yrd.<\/p><p><span style=\"font-weight: bolder\">Prof. Dr. Mesut B\u00fcnyami HALICI<\/span>\u00a0\u2013 \u00dcye<\/p><p><b>Prof. Dr. Mehmet \u00d6zkan T\u0130MURKAN<\/b>\u2013 \u00dcye<\/p><p><b>Prof. Dr. Ayla KANBUR<\/b>\u2013 \u00dcye<\/p><p><span style=\"font-weight: bolder\">Do\u00e7. Dr. Onur \u015eENOL<\/span>\u00a0\u2013 \u00dcye<\/p><p><span style=\"font-weight: bolder\">Do\u00e7. Dr. Neslihan \u00c7EL\u0130K<\/span>\u00a0\u2013 \u00dcye<\/p><p><span style=\"font-weight: bolder\">Do\u00e7. Dr. Eda BALKAN<\/span>\u00a0\u2013 \u00dcye<\/p><p><span style=\"font-weight: bolder\">Do\u00e7. Dr. Sonay B\u0130LG\u0130N<\/span>\u00a0\u2013 \u00dcye<\/p><p><span style=\"font-weight: bolder\">Do\u00e7. Dr. Fatma KURUD\u0130REK<\/span>\u00a0\u2013 \u00dcye<\/p><p><span style=\"font-weight: bolder\">Do\u00e7. Dr. Sibel \u00d6ZT\u00dcRK<\/span>\u2013 \u00dcye<\/p><p><b>Dr. \u00d6\u011fr. \u00dcyesi Serpil \u00d6ZCAN<\/b>\u2013 \u00dcye<\/p><p><b>Dr. \u00d6\u011fr. \u00dcyesi Ay\u015fe AYDIN<\/b>\u2013 \u00dcye<\/p><p><b>Dr. \u00d6\u011fr. \u00dcyesi Sema Nur SEV\u0130N\u00c7 G\u00dcL<\/b>\u2013 \u00dcye<\/p><p><span style=\"font-weight: bolder\">Ar\u015f. G\u00f6r. Cihan \u00d6Z<\/span>\u00a0\u2013 \u00dcye \u2013 \u00d6\u011frenci Temsilcisi<\/p><p><b>Bedia KUTLU<\/b>\u2013 Raport\u00f6r<\/p>\t\t\t\t\t\t\t\t<\/div>\n\t\t\t\t<\/div>\n\t\t\t\t\t<\/div>\n\t\t<\/div>\n\t\t\t\t\t<\/div>\n\t\t<\/section>\n\t\t\t\t<section class=\"elementor-section elementor-top-section elementor-element elementor-element-d80ca9b elementor-section-boxed elementor-section-height-default elementor-section-height-default\" data-id=\"d80ca9b\" data-element_type=\"section\">\n\t\t\t\t\t\t<div class=\"elementor-container elementor-column-gap-default\">\n\t\t\t\t\t<div class=\"elementor-column elementor-col-100 elementor-top-column elementor-element elementor-element-ca3f055\" data-id=\"ca3f055\" data-element_type=\"column\">\n\t\t\t<div class=\"elementor-widget-wrap elementor-element-populated\">\n\t\t\t\t\t\t<div class=\"elementor-element elementor-element-b7c615e elementor-widget elementor-widget-spacer\" data-id=\"b7c615e\" data-element_type=\"widget\" data-widget_type=\"spacer.default\">\n\t\t\t\t<div class=\"elementor-widget-container\">\n\t\t\t\t\t\t\t<div class=\"elementor-spacer\">\n\t\t\t<div class=\"elementor-spacer-inner\"><\/div>\n\t\t<\/div>\n\t\t\t\t\t\t<\/div>\n\t\t\t\t<\/div>\n\t\t\t\t\t<\/div>\n\t\t<\/div>\n\t\t\t\t\t<\/div>\n\t\t<\/section>\n\t\t\t\t<\/div>\n\t\t","protected":false},"excerpt":{"rendered":"<p>\u0130\u00e7 De\u011ferlendirme Komisyonu Prof. Dr. Ahmet KIZILTUN\u00c7\u00a0\u2013 Ba\u015fkan Do\u00e7. Dr.\u00a0 Mehmet Cemal ADIG\u00dcZEL\u00a0\u2013 Ba\u015fkan Yrd. Prof. Dr. Hilal \u00d6ZBEK\u00a0\u2013 \u00dcye \u2013 Enstit\u00fc M\u00fcd\u00fcr Yrd. Prof. Dr. Mesut B\u00fcnyami HALICI\u00a0\u2013 \u00dcye Prof. Dr. Mehmet \u00d6zkan T\u0130MURKAN\u2013 \u00dcye Prof. Dr. Ayla KANBUR\u2013 \u00dcye Do\u00e7. Dr. Onur \u015eENOL\u00a0\u2013 \u00dcye Do\u00e7. Dr. Neslihan \u00c7EL\u0130K\u00a0\u2013 \u00dcye Do\u00e7. Dr. Eda BALKAN\u00a0\u2013 [&hellip;]<\/p>\n","protected":false},"author":632,"featured_media":0,"parent":0,"menu_order":0,"comment_status":"closed","ping_status":"closed","template":"elementor_header_footer","meta":{"footnotes":""},"class_list":["post-6749","page","type-page","status-publish","hentry"],"_links":{"self":[{"href":"https:\/\/atauni.edu.tr\/saglik-bilimleri-enstitusu\/wp-json\/wp\/v2\/pages\/6749","targetHints":{"allow":["GET"]}}],"collection":[{"href":"https:\/\/atauni.edu.tr\/saglik-bilimleri-enstitusu\/wp-json\/wp\/v2\/pages"}],"about":[{"href":"https:\/\/atauni.edu.tr\/saglik-bilimleri-enstitusu\/wp-json\/wp\/v2\/types\/page"}],"author":[{"embeddable":true,"href":"https:\/\/atauni.edu.tr\/saglik-bilimleri-enstitusu\/wp-json\/wp\/v2\/users\/632"}],"replies":[{"embeddable":true,"href":"https:\/\/atauni.edu.tr\/saglik-bilimleri-enstitusu\/wp-json\/wp\/v2\/comments?post=6749"}],"version-history":[{"count":25,"href":"https:\/\/atauni.edu.tr\/saglik-bilimleri-enstitusu\/wp-json\/wp\/v2\/pages\/6749\/revisions"}],"predecessor-version":[{"id":9405,"href":"https:\/\/atauni.edu.tr\/saglik-bilimleri-enstitusu\/wp-json\/wp\/v2\/pages\/6749\/revisions\/9405"}],"wp:attachment":[{"href":"https:\/\/atauni.edu.tr\/saglik-bilimleri-enstitusu\/wp-json\/wp\/v2\/media?parent=6749"}],"curies":[{"name":"wp","href":"https:\/\/api.w.org\/{rel}","templated":true}]}}