{"id":8811,"date":"2025-05-15T09:32:01","date_gmt":"2025-05-15T06:32:01","guid":{"rendered":"https:\/\/birimler.atauni.edu.tr\/saglik-bilimleri-enstitusu\/?page_id=8811"},"modified":"2026-01-19T11:13:00","modified_gmt":"2026-01-19T08:13:00","slug":"egitim-komisyonu","status":"publish","type":"page","link":"https:\/\/atauni.edu.tr\/saglik-bilimleri-enstitusu\/egitim-komisyonu\/","title":{"rendered":"Dan\u0131\u015fma Kurulu"},"content":{"rendered":"\t\t<div data-elementor-type=\"wp-page\" data-elementor-id=\"8811\" class=\"elementor elementor-8811\" data-elementor-post-type=\"page\">\n\t\t\t\t\t\t<section class=\"elementor-section elementor-top-section elementor-element elementor-element-d2586e7 elementor-section-boxed elementor-section-height-default elementor-section-height-default\" data-id=\"d2586e7\" data-element_type=\"section\">\n\t\t\t\t\t\t<div class=\"elementor-container elementor-column-gap-default\">\n\t\t\t\t\t<div class=\"elementor-column elementor-col-100 elementor-top-column elementor-element elementor-element-0169f1b\" data-id=\"0169f1b\" data-element_type=\"column\">\n\t\t\t<div class=\"elementor-widget-wrap elementor-element-populated\">\n\t\t\t\t\t\t<div class=\"elementor-element elementor-element-ab9ee4f elementor-widget elementor-widget-spacer\" data-id=\"ab9ee4f\" data-element_type=\"widget\" data-widget_type=\"spacer.default\">\n\t\t\t\t<div class=\"elementor-widget-container\">\n\t\t\t\t\t\t\t<div class=\"elementor-spacer\">\n\t\t\t<div class=\"elementor-spacer-inner\"><\/div>\n\t\t<\/div>\n\t\t\t\t\t\t<\/div>\n\t\t\t\t<\/div>\n\t\t\t\t\t<\/div>\n\t\t<\/div>\n\t\t\t\t\t<\/div>\n\t\t<\/section>\n\t\t\t\t<section class=\"elementor-section elementor-top-section elementor-element elementor-element-57f3b05 elementor-section-boxed elementor-section-height-default elementor-section-height-default\" data-id=\"57f3b05\" data-element_type=\"section\">\n\t\t\t\t\t\t<div class=\"elementor-container elementor-column-gap-default\">\n\t\t\t\t\t<div class=\"elementor-column elementor-col-100 elementor-top-column elementor-element elementor-element-874271a\" data-id=\"874271a\" data-element_type=\"column\">\n\t\t\t<div class=\"elementor-widget-wrap elementor-element-populated\">\n\t\t\t\t\t\t<div class=\"elementor-element elementor-element-f0f89c4 elementor-widget elementor-widget-heading\" data-id=\"f0f89c4\" data-element_type=\"widget\" data-widget_type=\"heading.default\">\n\t\t\t\t<div class=\"elementor-widget-container\">\n\t\t\t\t\t<h2 class=\"elementor-heading-title elementor-size-default\">Dan\u0131\u015fma Kurulu<\/h2>\t\t\t\t<\/div>\n\t\t\t\t<\/div>\n\t\t\t\t<div class=\"elementor-element elementor-element-3671aa8 elementor-widget-divider--view-line elementor-widget elementor-widget-divider\" data-id=\"3671aa8\" data-element_type=\"widget\" data-widget_type=\"divider.default\">\n\t\t\t\t<div class=\"elementor-widget-container\">\n\t\t\t\t\t\t\t<div class=\"elementor-divider\">\n\t\t\t<span class=\"elementor-divider-separator\">\n\t\t\t\t\t\t<\/span>\n\t\t<\/div>\n\t\t\t\t\t\t<\/div>\n\t\t\t\t<\/div>\n\t\t\t\t\t<\/div>\n\t\t<\/div>\n\t\t\t\t\t<\/div>\n\t\t<\/section>\n\t\t\t\t<section class=\"elementor-section elementor-top-section elementor-element elementor-element-8e9ec54 elementor-section-boxed elementor-section-height-default elementor-section-height-default\" data-id=\"8e9ec54\" data-element_type=\"section\">\n\t\t\t\t\t\t<div class=\"elementor-container elementor-column-gap-default\">\n\t\t\t\t\t<div class=\"elementor-column elementor-col-100 elementor-top-column elementor-element elementor-element-18426a7\" data-id=\"18426a7\" data-element_type=\"column\">\n\t\t\t<div class=\"elementor-widget-wrap elementor-element-populated\">\n\t\t\t\t\t\t<div class=\"elementor-element elementor-element-8073efe elementor-widget elementor-widget-text-editor\" data-id=\"8073efe\" data-element_type=\"widget\" data-widget_type=\"text-editor.default\">\n\t\t\t\t<div class=\"elementor-widget-container\">\n\t\t\t\t\t\t\t\t\t<p>Prof.Dr. Beyzag\u00fcl ERKAYMAN<\/p><p>Prof.Dr. Hava \u00d6ZKAN<\/p><p>Prof.Dr. Meltem ALKAN MEL\u0130KO\u011eLU<\/p><p>Prof.Dr. Mustafa Sinan AKTA\u015e<\/p><p>Prof.Dr. Recep ORBAK<\/p><p>Prof.Dr. Reva BALCI AKPINAR<\/p><p>Prof.Dr. Hilal \u00d6ZBEK<\/p><p>Do\u00e7.Dr. Mehmet Cemal ADIG\u00dcZEL<\/p><p>Do\u00e7.Dr. Ufuk OKKAY<\/p><p>Ar\u015f. G\u00f6r. Emir Enis YURDG\u00dcL\u00dc (\u00d6\u011frenci Temsilcisi)<\/p>\t\t\t\t\t\t\t\t<\/div>\n\t\t\t\t<\/div>\n\t\t\t\t\t<\/div>\n\t\t<\/div>\n\t\t\t\t\t<\/div>\n\t\t<\/section>\n\t\t\t\t<section class=\"elementor-section elementor-top-section elementor-element elementor-element-26001b5 elementor-section-boxed elementor-section-height-default elementor-section-height-default\" data-id=\"26001b5\" data-element_type=\"section\">\n\t\t\t\t\t\t<div class=\"elementor-container elementor-column-gap-default\">\n\t\t\t\t\t<div class=\"elementor-column elementor-col-100 elementor-top-column elementor-element elementor-element-5cb511a\" data-id=\"5cb511a\" data-element_type=\"column\">\n\t\t\t<div class=\"elementor-widget-wrap elementor-element-populated\">\n\t\t\t\t\t\t<div class=\"elementor-element elementor-element-be5db10 elementor-widget elementor-widget-spacer\" data-id=\"be5db10\" data-element_type=\"widget\" data-widget_type=\"spacer.default\">\n\t\t\t\t<div class=\"elementor-widget-container\">\n\t\t\t\t\t\t\t<div class=\"elementor-spacer\">\n\t\t\t<div class=\"elementor-spacer-inner\"><\/div>\n\t\t<\/div>\n\t\t\t\t\t\t<\/div>\n\t\t\t\t<\/div>\n\t\t\t\t\t<\/div>\n\t\t<\/div>\n\t\t\t\t\t<\/div>\n\t\t<\/section>\n\t\t\t\t<\/div>\n\t\t","protected":false},"excerpt":{"rendered":"<p>Dan\u0131\u015fma Kurulu Prof.Dr. Beyzag\u00fcl ERKAYMAN Prof.Dr. Hava \u00d6ZKAN Prof.Dr. Meltem ALKAN MEL\u0130KO\u011eLU Prof.Dr. Mustafa Sinan AKTA\u015e Prof.Dr. Recep ORBAK Prof.Dr. Reva BALCI AKPINAR Prof.Dr. Hilal \u00d6ZBEK Do\u00e7.Dr. Mehmet Cemal ADIG\u00dcZEL Do\u00e7.Dr. Ufuk OKKAY Ar\u015f. G\u00f6r. Emir Enis YURDG\u00dcL\u00dc (\u00d6\u011frenci Temsilcisi)<\/p>\n","protected":false},"author":650,"featured_media":0,"parent":0,"menu_order":0,"comment_status":"closed","ping_status":"closed","template":"elementor_header_footer","meta":{"footnotes":""},"class_list":["post-8811","page","type-page","status-publish","hentry"],"_links":{"self":[{"href":"https:\/\/atauni.edu.tr\/saglik-bilimleri-enstitusu\/wp-json\/wp\/v2\/pages\/8811","targetHints":{"allow":["GET"]}}],"collection":[{"href":"https:\/\/atauni.edu.tr\/saglik-bilimleri-enstitusu\/wp-json\/wp\/v2\/pages"}],"about":[{"href":"https:\/\/atauni.edu.tr\/saglik-bilimleri-enstitusu\/wp-json\/wp\/v2\/types\/page"}],"author":[{"embeddable":true,"href":"https:\/\/atauni.edu.tr\/saglik-bilimleri-enstitusu\/wp-json\/wp\/v2\/users\/650"}],"replies":[{"embeddable":true,"href":"https:\/\/atauni.edu.tr\/saglik-bilimleri-enstitusu\/wp-json\/wp\/v2\/comments?post=8811"}],"version-history":[{"count":10,"href":"https:\/\/atauni.edu.tr\/saglik-bilimleri-enstitusu\/wp-json\/wp\/v2\/pages\/8811\/revisions"}],"predecessor-version":[{"id":9390,"href":"https:\/\/atauni.edu.tr\/saglik-bilimleri-enstitusu\/wp-json\/wp\/v2\/pages\/8811\/revisions\/9390"}],"wp:attachment":[{"href":"https:\/\/atauni.edu.tr\/saglik-bilimleri-enstitusu\/wp-json\/wp\/v2\/media?parent=8811"}],"curies":[{"name":"wp","href":"https:\/\/api.w.org\/{rel}","templated":true}]}}