{"id":5717,"date":"2021-07-13T11:26:14","date_gmt":"2021-07-13T08:26:14","guid":{"rendered":"https:\/\/portaltest.atauni.edu.tr\/muhendislik-fakultesi\/?page_id=5717"},"modified":"2026-03-30T22:47:42","modified_gmt":"2026-03-30T19:47:42","slug":"komisyonlar","status":"publish","type":"page","link":"https:\/\/atauni.edu.tr\/saglik-bilimleri-fakultesi\/komisyonlar\/","title":{"rendered":"Komisyonlar"},"content":{"rendered":"\t\t<div data-elementor-type=\"wp-page\" data-elementor-id=\"5717\" class=\"elementor elementor-5717\" data-elementor-post-type=\"page\">\n\t\t\t\t\t\t<section class=\"elementor-section elementor-top-section elementor-element elementor-element-46c2cb5d elementor-section-boxed elementor-section-height-default elementor-section-height-default\" data-id=\"46c2cb5d\" data-element_type=\"section\">\n\t\t\t\t\t\t<div class=\"elementor-container elementor-column-gap-default\">\n\t\t\t\t\t<div class=\"elementor-column elementor-col-100 elementor-top-column elementor-element elementor-element-299813e7\" data-id=\"299813e7\" data-element_type=\"column\">\n\t\t\t<div class=\"elementor-widget-wrap elementor-element-populated\">\n\t\t\t\t\t\t<div class=\"elementor-element elementor-element-3ec495a9 elementor-widget elementor-widget-heading\" data-id=\"3ec495a9\" data-element_type=\"widget\" data-widget_type=\"heading.default\">\n\t\t\t\t<div class=\"elementor-widget-container\">\n\t\t\t\t\t<h2 class=\"elementor-heading-title elementor-size-default\">KOM\u0130SYONLAR<\/h2>\t\t\t\t<\/div>\n\t\t\t\t<\/div>\n\t\t\t\t<div class=\"elementor-element elementor-element-2092e3b3 elementor-widget-divider--view-line elementor-widget elementor-widget-divider\" data-id=\"2092e3b3\" data-element_type=\"widget\" data-widget_type=\"divider.default\">\n\t\t\t\t<div class=\"elementor-widget-container\">\n\t\t\t\t\t\t\t<div class=\"elementor-divider\">\n\t\t\t<span class=\"elementor-divider-separator\">\n\t\t\t\t\t\t<\/span>\n\t\t<\/div>\n\t\t\t\t\t\t<\/div>\n\t\t\t\t<\/div>\n\t\t\t\t\t<\/div>\n\t\t<\/div>\n\t\t\t\t\t<\/div>\n\t\t<\/section>\n\t\t\t\t<section class=\"elementor-section elementor-top-section elementor-element elementor-element-df28b07 elementor-section-boxed elementor-section-height-default elementor-section-height-default\" data-id=\"df28b07\" data-element_type=\"section\">\n\t\t\t\t\t\t<div class=\"elementor-container elementor-column-gap-default\">\n\t\t\t\t\t<div class=\"elementor-column elementor-col-100 elementor-top-column elementor-element elementor-element-9a7eaaf\" data-id=\"9a7eaaf\" data-element_type=\"column\">\n\t\t\t<div class=\"elementor-widget-wrap elementor-element-populated\">\n\t\t\t\t\t\t<div class=\"elementor-element elementor-element-8c43314 elementor-widget elementor-widget-text-editor\" data-id=\"8c43314\" data-element_type=\"widget\" data-widget_type=\"text-editor.default\">\n\t\t\t\t<div class=\"elementor-widget-container\">\n\t\t\t\t\t\t\t\t\t<table><tbody><tr><td width=\"226\"><p><strong>Komisyonlar<\/strong><\/p><\/td><td width=\"471\"><p><strong>\u00dcyeler<\/strong><\/p><\/td><\/tr><tr><td width=\"226\"><p><strong>Akademik Birim Kalite Komisyonu<\/strong><\/p><\/td><td width=\"471\"><p>Prof. Dr. Esen TA\u015e\u011eIN (Ba\u015fkan), Do\u00e7. Dr. Safiye A\u011eAPINAR \u015eAH\u0130N, Dr. \u00d6\u011fr. \u00dcyesi Birol \u00d6NAL, Fak\u00fclte Sekreteri Yusuf Ziya Asan, Nazl\u0131 K\u0130RL\u0130 (Ebelik B\u00f6l\u00fcm\u00fc, \u00d6\u011frenci), S\u0131la DUMLU (\u00c7ocuk Geli\u015fim B\u00f6l\u00fcm\u00fc, \u00d6\u011frenci), Bayram DO\u011eAN (Beslenme ve Diyetetik B\u00f6l\u00fcm\u00fc, \u00d6\u011frenci)<\/p><\/td><\/tr><tr><td width=\"226\"><p><strong>Akreditasyon Komisyonu<\/strong><\/p><\/td><td width=\"471\"><p>Prof. Dr. Serap EJDER APAY, Prof. Dr. Esen TA\u015e\u011eIN, Prof. Dr. Ayla KANBUR, Do\u00e7. Dr. Neva KARATA\u015e, Do\u00e7. Dr. Fatma Bet\u00fcl \u00d6ZGER\u0130\u015e, Do\u00e7. Dr. Safinur \u00c7EL\u0130K, Do\u00e7. Dr. Meral KILI\u00c7, Do\u00e7. Dr. Safiye A\u011eAPINAR \u015eAH\u0130N, Dr. \u00d6\u011fr. \u00dcyesi Zehra Demet \u00dcST TA\u015e\u011eIN, Dr. \u00d6\u011fr. \u00dcyesi Birol \u00d6NAL, Ar\u015f. G\u00f6r. Dr. F\u0131rat TAN, Ar\u015f. G\u00f6r. Sena Nur T\u0130MUR<\/p><\/td><\/tr><tr><td width=\"226\"><p><strong>Akademik Te\u015fvik De\u011ferlendirme Komisyonu<\/strong><\/p><\/td><td width=\"471\"><p><strong>Ebelik B\u00f6l\u00fcm\u00fc: <\/strong>Prof. Dr. Ayla KANBUR, Do\u00e7. Dr. Safiye A\u011eAPINAR \u015eAH\u0130N, Do\u00e7. Dr. Funda \u00c7\u0130T\u0130L CANBAY<\/p><p><strong>Beslenme ve Diyetetik B\u00f6l\u00fcm\u00fc: <\/strong>Prof. Dr. Esen TA\u015e\u011eIN<strong>, <\/strong>Do\u00e7. Dr. Neva KARATA\u015e, Do\u00e7. Dr. Fatma Bet\u00fcl \u00d6ZGER\u0130\u015e<\/p><p><strong>\u00c7ocuk Geli\u015fimi B\u00f6l\u00fcm\u00fc: <\/strong>Prof. Dr. Hava \u00d6ZKAN, Do\u00e7. Dr. Safiye A\u011eAPINAR \u015eAH\u0130N, Dr. \u00d6\u011fr. \u00dcyesi \u0130smail M\u00fccahit ALPTEK\u0130N<\/p><p><strong>Fizyoterapi ve Rehabilitasyon B\u00f6l\u00fcm\u00fc: <\/strong>Dr. \u00d6\u011fr. \u00dcyesi Birol \u00d6NAL, Dr. \u00d6\u011fr. \u00dcyesi \u0130smail M\u00fccahit ALPTEK\u0130N, Ar\u015f. G\u00f6r. Dr. F\u0131rat TAN<\/p><\/td><\/tr><tr><td width=\"226\"><p><strong>Bilimsel ve Sosyal Faaliyet \u0130zleme Komisyonu<\/strong><\/p><\/td><td width=\"471\"><p>Do\u00e7. Dr. Fatma Bet\u00fcl \u00d6ZGER\u0130\u015e, Do\u00e7. Dr. Safiye A\u011eAPINAR \u015eAH\u0130N, Dr. \u00d6\u011fr. \u00dcyesi Zehra Demet \u00dcST TA\u015e\u011eIN, Dr. \u00d6\u011fr. \u00dcyesi Birol \u00d6NAL, Dr. \u00d6\u011fr. \u00dcyesi Sultan Esra SAYAR, \u00d6\u011fr. G\u00f6r. Dr. Z\u00fclbiye DEM\u0130R BARBAK, Ar\u015f. G\u00f6r. Tu\u011f\u00e7enur YILMAZ, Ar\u015f. G\u00f6r. Tuba EK\u0130NC\u0130, Ar\u015f. G\u00f6r. Zehra HAZAR<\/p><\/td><\/tr><tr><td width=\"226\"><p><strong>D\u0131\u015f Kurumlarla ve Derneklerle \u0130\u015f Birli\u011fi Komisyonu<\/strong><\/p><\/td><td width=\"471\"><p>Prof. Dr. Serap EJDER APAY, Dr. \u00d6\u011fr. \u00dcyesi Elif ULU\u011e, Dr. \u00d6\u011fr. \u00dcyesi Mevra AYDIN \u00c7\u0130L, Dr. \u00d6\u011fr. \u00dcyesi \u0130smail M\u00fccahit ALPTEK\u0130N, Dr. \u00d6\u011fr. \u00dcyesi Birol \u00d6NAL<\/p><\/td><\/tr><tr><td width=\"226\"><p><strong>Disiplin Komisyonu<\/strong><\/p><\/td><td width=\"471\"><p>Dekan (Ba\u015fkan)\u00a0\u00a0\u00a0\u00a0\u00a0\u00a0\u00a0\u00a0 Prof. Dr. Hava \u00d6ZKAN\u00a0\u00a0\u00a0\u00a0\u00a0\u00a0\u00a0\u00a0 \u00a0\u00a0\u00a0\u00a0\u00a0\u00a0\u00a0\u00a0\u00a0\u00a0\u00a0<\/p><p>\u00a0\u00a0\u00a0\u00a0\u00a0\u00a0\u00a0\u00a0\u00a0\u00a0\u00a0 \u00dcye\u00a0\u00a0\u00a0\u00a0\u00a0\u00a0\u00a0\u00a0\u00a0\u00a0\u00a0\u00a0\u00a0\u00a0\u00a0\u00a0 Prof. Dr. Esen TA\u015e\u011eIN\u00a0\u00a0\u00a0\u00a0\u00a0\u00a0\u00a0\u00a0 \u00a0\u00a0\u00a0\u00a0\u00a0\u00a0\u00a0\u00a0\u00a0\u00a0\u00a0<\/p><p>\u00a0\u00a0\u00a0\u00a0\u00a0\u00a0\u00a0\u00a0\u00a0\u00a0\u00a0 \u00dcye\u00a0\u00a0\u00a0\u00a0\u00a0\u00a0\u00a0\u00a0\u00a0\u00a0\u00a0\u00a0\u00a0\u00a0\u00a0\u00a0 Prof. Dr. Serap EJDER APAY\u00a0\u00a0\u00a0\u00a0\u00a0\u00a0\u00a0\u00a0\u00a0\u00a0<\/p><p>\u00a0 \u00a0 \u00a0 \u00a0 \u00a0 \u00a0 \u00dcye\u00a0\u00a0\u00a0\u00a0\u00a0\u00a0\u00a0\u00a0\u00a0\u00a0\u00a0\u00a0\u00a0\u00a0\u00a0\u00a0 Prof. Dr. Ayla KANBUR\u00a0\u00a0\u00a0\u00a0\u00a0\u00a0\u00a0\u00a0\u00a0\u00a0\u00a0\u00a0\u00a0\u00a0\u00a0\u00a0\u00a0\u00a0<\/p><p>\u00a0\u00a0\u00a0\u00a0\u00a0\u00a0\u00a0\u00a0\u00a0\u00a0\u00a0 \u00dcye\u00a0\u00a0\u00a0\u00a0\u00a0\u00a0\u00a0\u00a0\u00a0\u00a0\u00a0\u00a0\u00a0\u00a0\u00a0\u00a0 Do\u00e7. Dr. Meral KILI\u00c7<\/p><p>\u00a0\u00a0\u00a0\u00a0\u00a0\u00a0\u00a0\u00a0\u00a0\u00a0\u00a0 \u00dcye\u00a0\u00a0\u00a0\u00a0\u00a0\u00a0\u00a0\u00a0\u00a0\u00a0\u00a0\u00a0\u00a0\u00a0\u00a0\u00a0 Do\u00e7. Dr. Neva KARATA\u015e\u00a0\u00a0\u00a0 \u00a0\u00a0\u00a0\u00a0\u00a0\u00a0\u00a0\u00a0\u00a0\u00a0\u00a0<\/p><p>\u00a0\u00a0\u00a0\u00a0\u00a0\u00a0\u00a0\u00a0\u00a0\u00a0\u00a0 \u00dcye\u00a0\u00a0\u00a0\u00a0\u00a0\u00a0\u00a0\u00a0\u00a0\u00a0\u00a0\u00a0\u00a0\u00a0\u00a0\u00a0 Dr. \u00d6\u011fr. \u00dcyesi Zehra Demet \u00dcST TA\u015e\u011eIN \u00a0\u00a0\u00a0\u00a0\u00a0\u00a0\u00a0\u00a0\u00a0\u00a0<\/p><\/td><\/tr><tr><td width=\"226\"><p><strong>E\u011fitim Komisyon<\/strong><\/p><\/td><td width=\"471\"><p>Prof. Dr. Hava \u00d6ZKAN, Prof. Dr. Serap Ejder APAY, Prof. Dr. Esen TA\u015e\u011eIN, Prof. Dr. Ayla KANBUR, Do\u00e7. Dr. Safiye A\u011eAPINAR \u015eAH\u0130N, Dr. \u00d6\u011fr. \u00dcyesi Birol \u00d6NAL<\/p><\/td><\/tr><tr><td width=\"226\"><p><strong>Fak\u00fclte Strateji Komisyonu<\/strong><\/p><\/td><td width=\"471\"><p>Prof. Dr. Serap EJDER APAY, Prof. Dr. Esen TA\u015e\u011eIN, Dr. \u00d6\u011fr. \u00dcyesi Elif ULU\u011e, Ar\u015f. G\u00f6r. Dr. F\u0131rat TAN, Ar\u015f. G\u00f6r. Zehra HAZAR, Ar\u015f G\u00f6r. Gamze CEYLAN, Ar\u015f G\u00f6r. Ebru KILI\u00c7<\/p><\/td><\/tr><tr><td width=\"226\"><p><strong>Fak\u00fclte Web Sayfas\u0131 Komisyonu<\/strong><\/p><\/td><td width=\"471\"><p>Do\u00e7. Dr. Safinur \u00c7EL\u0130K, Ar\u015f. G\u00f6r. Tuba EK\u0130NC\u0130, Ar\u015f. G\u00f6r. Tu\u011f\u00e7enur DO\u011eAN, Ar\u015f.G\u00f6r. Sena Nur T\u0130MUR<\/p><\/td><\/tr><tr><td width=\"226\"><p><strong>Kriter Komisyonu<\/strong><\/p><\/td><td width=\"471\"><p>Prof. Dr. Hava \u00d6ZKAN, Prof. Dr. Esen TA\u015e\u011eIN, Prof. Dr. Ayla KANBUR<\/p><\/td><\/tr><tr><td width=\"226\"><p><strong>Kurumsal \u0130leti\u015fim Birimi Fak\u00fclte Komisyonu<\/strong><\/p><\/td><td width=\"471\"><p>Do\u00e7. Dr. Safiye A\u011eAPINAR \u015eAH\u0130N, Dr. \u00d6\u011fr. \u00dcyesi \u0130smail M\u00fccahit ALPTEK\u0130N<\/p><\/td><\/tr><tr><td width=\"226\"><p><strong>Mezun \u0130zlem Komisyon<\/strong><\/p><\/td><td width=\"471\"><p>Do\u00e7. Dr. Neva KARATA\u015e, Do\u00e7. Dr. Meral KILI\u00c7, Dr. \u00d6\u011fr. \u00dcyesi Elif ULU\u011e,\u00a0<span style=\"letter-spacing: 0px\">Dr. \u00d6\u011fr. \u00dcyesi<\/span><span style=\"letter-spacing: 0px\">\u00a0Sultan Esra SAYAR, Ar\u015f. G\u00f6r. Zehra HAZAR<\/span><\/p><\/td><\/tr><tr><td width=\"226\"><p><strong>Muayene Kabul Komisyonu<\/strong><\/p><\/td><td width=\"471\"><p>Prof. Dr. Esen TA\u015e\u011eIN, Dr. \u00d6\u011fr. \u00dcyesi Birol \u00d6NAL, Fak\u00fclte Sekreteri Yusuf Ziya ASAN<\/p><\/td><\/tr><tr><td width=\"226\"><p><strong>\u00d6l\u00e7me De\u011ferlendirme Komisyonu<\/strong><\/p><\/td><td width=\"471\"><p>Prof. Dr. Esen TA\u015e\u011eIN, Prof. Dr. Ayla KANBUR, Do\u00e7. Dr. Neva Karata\u015f, Do\u00e7. Dr. Safiye A\u011eAPINAR \u015eAH\u0130N, Dr. \u00d6\u011fr. \u00dcyesi Mevra AYDIN \u00c7\u0130L, Dr. \u00d6\u011fr. \u00dcyesi Birol \u00d6NAL<\/p><\/td><\/tr><tr><td width=\"226\"><p><strong>Sat\u0131n Alma Komisyonu<\/strong><\/p><\/td><td width=\"471\"><p>Prof. Dr. Hava \u00d6ZKAN, Fak\u00fclte Sekreteri Yusuf Ziya ASAN, Bilgisayar \u0130\u015fletmeni Abdulkadir A\u011e<\/p><\/td><\/tr><tr><td width=\"226\"><p><strong>Proje Komisyonu<\/strong><\/p><\/td><td width=\"471\"><p>Prof. Dr. Hava \u00d6ZKAN, Prof. Dr. Esen TA\u015e\u011eIN, Prof. Dr. Serap EJDER APAY, Dr. \u00d6\u011fr. \u00dcyesi Mevra AYDIN \u00c7\u0130L<\/p><\/td><\/tr><tr><td width=\"226\"><p><strong>Rehberlik Dan\u0131\u015fmanl\u0131k ve Burs Komisyonu<\/strong><\/p><\/td><td width=\"471\"><p>Prof. Dr. Esen TA\u015e\u011eIN, Do\u00e7. Dr. Safiye A\u011eAPINAR \u015eAH\u0130N, \u00d6\u011fr. G\u00f6r. Dr. Z\u00fclbiye DEM\u0130R BARBAK, \u00a0Ar\u015f. G\u00f6r. Tuba EK\u0130NC\u0130, Ar\u015f. G\u00f6r. Tu\u011f\u00e7enur YILMAZ<\/p><\/td><\/tr><tr><td width=\"226\">\u00a0<\/td><td width=\"471\">\u00a0<\/td><\/tr><tr><td width=\"226\"><p><strong>Yay\u0131n Kurulu Komisyonu<\/strong><\/p><\/td><td width=\"471\"><p>Prof. Dr. Serap EJDER APAY, Prof. Dr. Hava \u00d6ZKAN, Prof. Dr. Ayla KANBUR, \u00a0Dr. \u00d6\u011fr. \u00dcyesi Zehra Demet \u00dcST TA\u015e\u011eIN,\u00a0<span style=\"letter-spacing: 0px\">Dr. \u00d6\u011fr. \u00dcyesi<\/span><span style=\"letter-spacing: 0px\">\u00a0Sultan Esra SAYAR<\/span><\/p><\/td><\/tr><tr><td width=\"226\"><p><strong>\u00d6\u011fretim \u00dcyesi\/\u00d6\u011frenci Geli\u015ftirme Program\u0131 Komisyonu<\/strong><\/p><\/td><td width=\"471\"><p>Do\u00e7. Dr. Fatma Bet\u00fcl \u00d6ZGER\u0130\u015e, Do\u00e7.Dr. Funda \u00c7\u0130T\u0130L CANBAY \u00d6\u011fr. G\u00f6r. Dr. Z\u00fclbiye DEM\u0130R BARBAK<\/p><\/td><\/tr><tr><td width=\"226\"><p><strong>Teknokentle \u0130li\u015fkiler Komisyonu<\/strong><\/p><\/td><td width=\"471\"><p>Dr. \u00d6\u011fr. \u00dcyesi Mevra AYDIN \u00c7\u0130L, Ar\u015f. G\u00f6r. Dr. Gamze CEYLAN<\/p><\/td><\/tr><tr><td width=\"226\"><p><strong>Kariyer Planlama Komisyonu<\/strong><\/p><\/td><td width=\"471\"><p>Do\u00e7. Dr. Funda \u00c7\u0130T\u0130L CANBAY, Dr. \u00d6\u011fr. \u00dcyesi Elif ULU\u011e, Ar\u015f. G\u00f6r. Elif ERDO\u011eAN, \u00a0Ar\u015f. G\u00f6r. Tu\u011f\u00e7enur DO\u011eAN, Ar\u015f. G\u00f6r. Ebru KILI\u00c7<\/p><\/td><\/tr><tr><td width=\"226\"><p><strong>Veri Y\u00f6netimi Komisyonu<\/strong><\/p><\/td><td width=\"471\"><p>Dr. \u00d6\u011fr. \u00dcyesi \u0130smail M\u00fccahit ALPTEK\u0130N, Ar\u015f. G\u00f6r. Ebru KILI\u00c7<\/p><\/td><\/tr><tr><td width=\"226\"><p><strong>SDG Komisyonu<\/strong><\/p><\/td><td width=\"471\"><p>Do\u00e7. Dr. Neva KARATA\u015e, Ar\u015f. G\u00f6r. Ebru KILI\u00c7, Ar\u015f. G\u00f6r. Feray ACAR<\/p><\/td><\/tr><tr><td width=\"226\"><p><strong>Uluslararas\u0131la\u015fma Komisyonu<\/strong><\/p><\/td><td width=\"471\"><p>Prof. Dr. Serap EJDER APAY, Ar\u015f. G\u00f6r. Sena Nur T\u0130MUR<\/p><\/td><\/tr><tr><td width=\"226\"><p><strong>Toplumsal Duyarl\u0131l\u0131k Projeleri Komisyonu<\/strong><\/p><\/td><td width=\"471\"><p>Do\u00e7. Dr. Safinur \u00c7EL\u0130K, Do\u00e7. Dr. Safiye A\u011eAPINAR \u015eAH\u0130N<\/p><\/td><\/tr><tr><td width=\"226\"><p><strong>Dijitalle\u015fme Komisyonu<\/strong><\/p><\/td><td width=\"471\"><p>Do\u00e7. Dr. Safinur \u00c7EL\u0130K, Dr. \u00d6\u011fr. \u00dcyesi Elif ULU\u011e<\/p><\/td><\/tr><tr><td width=\"226\"><p><strong>\u00a0<\/strong><\/p><p><strong>\u00a0<\/strong><strong style=\"letter-spacing: 0px\">E\u011fitim Komisyonu<\/strong><\/p><\/td><td width=\"471\"><p><span style=\"text-align: -webkit-match-parent;letter-spacing: 0px\">Prof. Dr.<\/span><span style=\"text-align: -webkit-match-parent;letter-spacing: 0px\"> Hava \u00d6ZKAN <\/span><span style=\"text-align: -webkit-match-parent;letter-spacing: 0px\">Dekan (Ba\u015fkan)<\/span><\/p><p><span style=\"text-align: -webkit-match-parent;letter-spacing: 0px\">Prof. Dr.<\/span><span style=\"text-align: -webkit-match-parent;letter-spacing: 0px\"> Hava \u00d6ZKAN <\/span><span style=\"text-align: -webkit-match-parent;letter-spacing: 0px\">\u00c7ocuk Geli\u015fimi<\/span> <span style=\"text-align: -webkit-match-parent;letter-spacing: 0px\">B\u00f6l\u00fcm Ba\u015fkan\u0131 (\u00dcye)<\/span><\/p><p><span style=\"letter-spacing: 0px;text-align: -webkit-match-parent\">Prof. Dr<\/span><span style=\"letter-spacing: 0px;text-align: -webkit-match-parent\">. Ayla KANBUR\u00a0<\/span><span style=\"letter-spacing: 0px;text-align: -webkit-match-parent\">\u00a0Ebelik B\u00f6l\u00fcm Ba\u015fkan\u0131 (\u00dcye)<\/span><\/p><p><span style=\"letter-spacing: 0px;text-align: -webkit-match-parent\">Prof. Dr<\/span><span style=\"letter-spacing: 0px;text-align: -webkit-match-parent\">. Esen TA\u015e\u011eIN<\/span><span style=\"letter-spacing: 0px;text-align: -webkit-match-parent\"> Beslenme ve Diyetetik B\u00f6l\u00fcm Ba\u015fkan\u0131 (\u00dcye)<\/span><\/p><p><span style=\"letter-spacing: 0px;text-align: -webkit-match-parent\">Prof. Dr.<\/span><span style=\"letter-spacing: 0px;text-align: -webkit-match-parent\">\u00a0Serap EJDER APAY\u00a0<\/span><span style=\"letter-spacing: 0px;text-align: -webkit-match-parent\">Ebelik B\u00f6l\u00fcm\u00fc \u00d6\u011fretim \u00dcyesi (\u00dcye)<\/span><\/p><p><span style=\"letter-spacing: 0px;text-align: -webkit-match-parent\">Do\u00e7. Dr.<\/span><span style=\"letter-spacing: 0px;text-align: -webkit-match-parent\"> Safiye A\u011eAPINAR \u015eAH\u0130N<\/span><span style=\"letter-spacing: 0px;text-align: -webkit-match-parent\"> Dekan Yard\u0131mc\u0131s\u0131\u00a0 (\u00dcye)<\/span><\/p><p><span style=\"letter-spacing: 0px;text-align: -webkit-match-parent\">Dr. \u00d6\u011fr.<\/span> <span style=\"letter-spacing: 0px;text-align: -webkit-match-parent\">\u00dcyesi<\/span><span style=\"letter-spacing: 0px;text-align: -webkit-match-parent\"> Birol \u00d6NAL<\/span><span style=\"letter-spacing: 0px;text-align: -webkit-match-parent\"> Fizyoterapi ve Rehabilitasyon<\/span> <span style=\"letter-spacing: 0px;text-align: -webkit-match-parent\">B\u00f6l\u00fcm Ba\u015fkan\u0131 (\u00dcye)<\/span><\/p><\/td><\/tr><\/tbody><\/table><table><tbody><tr><td width=\"349\"><p><strong>De\u011fi\u015fim Programlar\u0131 Birim Koordinat\u00f6rl\u00fc\u011f\u00fc<\/strong><\/p><\/td><td width=\"348\"><p><strong>Erasmus:<\/strong> Prof. Dr. Serap EJDER APAY<\/p><p><strong>Mevlana:<\/strong> Prof. Dr. Ayla KANBUR<\/p><p><strong>Farabi:<\/strong> \u00a0Dr. \u00d6\u011fr. \u00dcyesi Elif ULU\u011e<\/p><p><strong>Orhun:<\/strong> Dr. \u00d6\u011fr. \u00dcyesi Birol \u00d6NAL<\/p><\/td><\/tr><tr><td width=\"349\"><p><strong>Fak\u00fclte Engelli \u00d6\u011frenci Birim Koordinat\u00f6rl\u00fc\u011f\u00fc<\/strong><\/p><\/td><td width=\"348\"><p>Dr. \u00d6\u011fr. \u00dcyesi \u0130smail M\u00fccahit ALPTEK\u0130N,\u00a0 Dr. \u00d6\u011fr. \u00dcyesi Birol \u00d6NAL<\/p><\/td><\/tr><tr><td width=\"349\"><p><strong>\u0130\u015f Sa\u011fl\u0131\u011f\u0131 ve G\u00fcvenli\u011fi Komisyonu<\/strong><\/p><\/td><td width=\"348\"><p>Dr. \u00d6\u011fr. \u00dcyesi \u0130smail M\u00fccahit ALPTEK\u0130N (\u0130\u015f Veren Vekili), Prof. Dr. Esen TA\u015e\u011eIN, Ar\u015f. G\u00f6r. Elif ERDO\u011eAN, Fak\u00fclte Sekreteri Yusuf Ziya ASAN, Abdulkadir A\u011e, Aras \u00dcNAL, \u00d6zlem \u00d6NER<\/p><\/td><\/tr><\/tbody><\/table><div>\u00a0<\/div>\t\t\t\t\t\t\t\t<\/div>\n\t\t\t\t<\/div>\n\t\t\t\t\t<\/div>\n\t\t<\/div>\n\t\t\t\t\t<\/div>\n\t\t<\/section>\n\t\t\t\t<\/div>\n\t\t","protected":false},"excerpt":{"rendered":"<p>KOM\u0130SYONLAR Komisyonlar \u00dcyeler Akademik Birim Kalite Komisyonu Prof. Dr. Esen TA\u015e\u011eIN (Ba\u015fkan), Do\u00e7. Dr. Safiye A\u011eAPINAR \u015eAH\u0130N, Dr. \u00d6\u011fr. \u00dcyesi Birol \u00d6NAL, Fak\u00fclte Sekreteri Yusuf Ziya Asan, Nazl\u0131 K\u0130RL\u0130 (Ebelik B\u00f6l\u00fcm\u00fc, \u00d6\u011frenci), S\u0131la DUMLU (\u00c7ocuk Geli\u015fim B\u00f6l\u00fcm\u00fc, \u00d6\u011frenci), Bayram DO\u011eAN (Beslenme ve Diyetetik B\u00f6l\u00fcm\u00fc, \u00d6\u011frenci) Akreditasyon Komisyonu Prof. Dr. Serap EJDER APAY, Prof. Dr. Esen [&hellip;]<\/p>\n","protected":false},"author":1,"featured_media":0,"parent":0,"menu_order":0,"comment_status":"closed","ping_status":"closed","template":"elementor_header_footer","meta":{"footnotes":""},"class_list":["post-5717","page","type-page","status-publish","hentry"],"_links":{"self":[{"href":"https:\/\/atauni.edu.tr\/saglik-bilimleri-fakultesi\/wp-json\/wp\/v2\/pages\/5717","targetHints":{"allow":["GET"]}}],"collection":[{"href":"https:\/\/atauni.edu.tr\/saglik-bilimleri-fakultesi\/wp-json\/wp\/v2\/pages"}],"about":[{"href":"https:\/\/atauni.edu.tr\/saglik-bilimleri-fakultesi\/wp-json\/wp\/v2\/types\/page"}],"author":[{"embeddable":true,"href":"https:\/\/atauni.edu.tr\/saglik-bilimleri-fakultesi\/wp-json\/wp\/v2\/users\/1"}],"replies":[{"embeddable":true,"href":"https:\/\/atauni.edu.tr\/saglik-bilimleri-fakultesi\/wp-json\/wp\/v2\/comments?post=5717"}],"version-history":[{"count":120,"href":"https:\/\/atauni.edu.tr\/saglik-bilimleri-fakultesi\/wp-json\/wp\/v2\/pages\/5717\/revisions"}],"predecessor-version":[{"id":10149,"href":"https:\/\/atauni.edu.tr\/saglik-bilimleri-fakultesi\/wp-json\/wp\/v2\/pages\/5717\/revisions\/10149"}],"wp:attachment":[{"href":"https:\/\/atauni.edu.tr\/saglik-bilimleri-fakultesi\/wp-json\/wp\/v2\/media?parent=5717"}],"curies":[{"name":"wp","href":"https:\/\/api.w.org\/{rel}","templated":true}]}}