{"id":5743,"date":"2021-07-13T11:47:21","date_gmt":"2021-07-13T08:47:21","guid":{"rendered":"https:\/\/portaltest.atauni.edu.tr\/muhendislik-fakultesi\/?page_id=5743"},"modified":"2022-10-19T12:10:15","modified_gmt":"2022-10-19T09:10:15","slug":"misyon-vizyon-ve-temel-degerler","status":"publish","type":"page","link":"https:\/\/atauni.edu.tr\/saglik-bilimleri-fakultesi\/misyon-vizyon-ve-temel-degerler\/","title":{"rendered":"Misyon, Vizyon ve Temel De\u011ferler"},"content":{"rendered":"\t\t<div data-elementor-type=\"wp-page\" data-elementor-id=\"5743\" class=\"elementor elementor-5743\" data-elementor-post-type=\"page\">\n\t\t\t\t\t\t<section class=\"elementor-section elementor-top-section elementor-element elementor-element-46c2cb5d elementor-section-boxed elementor-section-height-default elementor-section-height-default\" data-id=\"46c2cb5d\" data-element_type=\"section\">\n\t\t\t\t\t\t<div class=\"elementor-container elementor-column-gap-default\">\n\t\t\t\t\t<div class=\"elementor-column elementor-col-100 elementor-top-column elementor-element elementor-element-299813e7\" data-id=\"299813e7\" data-element_type=\"column\">\n\t\t\t<div class=\"elementor-widget-wrap elementor-element-populated\">\n\t\t\t\t\t\t<div class=\"elementor-element elementor-element-3ec495a9 elementor-widget elementor-widget-heading\" data-id=\"3ec495a9\" data-element_type=\"widget\" data-widget_type=\"heading.default\">\n\t\t\t\t<div class=\"elementor-widget-container\">\n\t\t\t\t\t<h2 class=\"elementor-heading-title elementor-size-default\">Misyon, Vizyon ve Temel De\u011ferler<\/h2>\t\t\t\t<\/div>\n\t\t\t\t<\/div>\n\t\t\t\t<div class=\"elementor-element elementor-element-2092e3b3 elementor-widget-divider--view-line elementor-widget elementor-widget-divider\" data-id=\"2092e3b3\" data-element_type=\"widget\" data-widget_type=\"divider.default\">\n\t\t\t\t<div class=\"elementor-widget-container\">\n\t\t\t\t\t\t\t<div class=\"elementor-divider\">\n\t\t\t<span class=\"elementor-divider-separator\">\n\t\t\t\t\t\t<\/span>\n\t\t<\/div>\n\t\t\t\t\t\t<\/div>\n\t\t\t\t<\/div>\n\t\t\t\t\t<\/div>\n\t\t<\/div>\n\t\t\t\t\t<\/div>\n\t\t<\/section>\n\t\t\t\t<section class=\"elementor-section elementor-top-section elementor-element elementor-element-d76d987 elementor-section-boxed elementor-section-height-default elementor-section-height-default\" data-id=\"d76d987\" data-element_type=\"section\">\n\t\t\t\t\t\t<div class=\"elementor-container elementor-column-gap-default\">\n\t\t\t\t\t<div class=\"elementor-column elementor-col-50 elementor-top-column elementor-element elementor-element-acd741f\" data-id=\"acd741f\" data-element_type=\"column\">\n\t\t\t<div class=\"elementor-widget-wrap elementor-element-populated\">\n\t\t\t\t\t\t<div class=\"elementor-element elementor-element-dd538b4 elementor-widget elementor-widget-text-editor\" data-id=\"dd538b4\" data-element_type=\"widget\" data-widget_type=\"text-editor.default\">\n\t\t\t\t<div class=\"elementor-widget-container\">\n\t\t\t\t\t\t\t\t\t<p><strong>Vizyonumuz\u00a0<\/strong><\/p><p>Bilimsel d\u00fc\u015f\u00fcnceye sahip her t\u00fcrl\u00fc geli\u015fmenin takip\u00e7isi, halkla b\u00fct\u00fcnle\u015fmi\u015f, insan ya\u015fam\u0131n\u0131n kalitesini y\u00fckseltecek, mesleki bilgi ve becerileri en \u00fcst d\u00fczeyde kazanm\u0131\u015f d\u00fcnya standartlar\u0131nda hizmet sunacak sa\u011fl\u0131k profesyonelleri yeti\u015ftirmek, sa\u011fl\u0131k alan\u0131nda disiplinleraras\u0131 bilimsel ara\u015ft\u0131rmalar yaparak bilime evrensel d\u00fczeyde katk\u0131 sa\u011flamakt\u0131r.\u00a0<\/p><p><strong style=\"letter-spacing: 0px\">Misyonumuz\u00a0<\/strong><\/p><p>E\u011fitim, ara\u015ft\u0131rma ve uygulama alan\u0131nda bilimsel d\u00fc\u015f\u00fcnce g\u00fcc\u00fcn\u00fc kullanarak de\u011fi\u015fime ve geli\u015fime a\u00e7\u0131k, bilgi ve yeteneklerini insanl\u0131k ve \u00fclke yarar\u0131na kullanan sa\u011fl\u0131k profesyonelleri ve bilim insanlar\u0131 ile gelece\u011fe ve sa\u011fl\u0131k hizmetlerine y\u00f6n verebilmektir.<\/p><p><strong style=\"letter-spacing: 0px\">De\u011ferlerimiz<\/strong><\/p><p>Sa\u011fl\u0131k Bilimleri Fak\u00fcltesi\u2019nin hem kurumsal olarak sahip olmas\u0131 ama\u00e7lanan, hem de <br \/>yeti\u015ftirdi\u011fimiz bireylere kazand\u0131rmay\u0131 ama\u00e7lad\u0131\u011f\u0131m\u0131z temel de\u011ferleri:<\/p><ul><li>Evrensellik<\/li><li>\u00c7a\u011fda\u015fl\u0131k<\/li><li>Yenilik\u00e7ilik<\/li><li>Bilimsellik<\/li><li>Yarat\u0131c\u0131 d\u00fc\u015f\u00fcnme<\/li><li>Ele\u015ftiriye a\u00e7\u0131k olma<\/li><li>Kaliteyi \u00f6nemseme<\/li><li>Rekabet\u00e7ilik<\/li><li>Geli\u015fmeye a\u00e7\u0131kl\u0131k<\/li><li>Ara\u015ft\u0131rmac\u0131l\u0131k<\/li><li>Ho\u015fg\u00f6r\u00fcl\u00fc ve \u0131l\u0131ml\u0131 olma<\/li><li>Stratejik d\u00fc\u015f\u00fcnme<\/li><li>Teknolojiyi izleme<\/li><\/ul><p>\u00a0<\/p>\t\t\t\t\t\t\t\t<\/div>\n\t\t\t\t<\/div>\n\t\t\t\t\t<\/div>\n\t\t<\/div>\n\t\t\t\t<div class=\"elementor-column elementor-col-50 elementor-top-column elementor-element elementor-element-d9d9b60\" data-id=\"d9d9b60\" data-element_type=\"column\">\n\t\t\t<div class=\"elementor-widget-wrap elementor-element-populated\">\n\t\t\t\t\t\t<div class=\"elementor-element elementor-element-f786ade elementor-widget elementor-widget-image\" data-id=\"f786ade\" data-element_type=\"widget\" data-widget_type=\"image.default\">\n\t\t\t\t<div class=\"elementor-widget-container\">\n\t\t\t\t\t\t\t\t\t\t\t\t\t\t\t<img fetchpriority=\"high\" decoding=\"async\" width=\"1024\" height=\"768\" src=\"https:\/\/atauni.edu.tr\/saglik-bilimleri-fakultesi\/wp-content\/uploads\/sites\/70\/2021\/12\/WhatsApp-Image-2021-12-16-at-10.16.03-1-1024x768.jpeg\" class=\"attachment-large size-large wp-image-7418\" alt=\"\" srcset=\"https:\/\/atauni.edu.tr\/saglik-bilimleri-fakultesi\/wp-content\/uploads\/sites\/70\/2021\/12\/WhatsApp-Image-2021-12-16-at-10.16.03-1-1024x768.jpeg 1024w, https:\/\/atauni.edu.tr\/saglik-bilimleri-fakultesi\/wp-content\/uploads\/sites\/70\/2021\/12\/WhatsApp-Image-2021-12-16-at-10.16.03-1-300x225.jpeg 300w, https:\/\/atauni.edu.tr\/saglik-bilimleri-fakultesi\/wp-content\/uploads\/sites\/70\/2021\/12\/WhatsApp-Image-2021-12-16-at-10.16.03-1-768x576.jpeg 768w, https:\/\/atauni.edu.tr\/saglik-bilimleri-fakultesi\/wp-content\/uploads\/sites\/70\/2021\/12\/WhatsApp-Image-2021-12-16-at-10.16.03-1-1536x1152.jpeg 1536w, https:\/\/atauni.edu.tr\/saglik-bilimleri-fakultesi\/wp-content\/uploads\/sites\/70\/2021\/12\/WhatsApp-Image-2021-12-16-at-10.16.03-1-600x450.jpeg 600w, https:\/\/atauni.edu.tr\/saglik-bilimleri-fakultesi\/wp-content\/uploads\/sites\/70\/2021\/12\/WhatsApp-Image-2021-12-16-at-10.16.03-1-560x420.jpeg 560w, https:\/\/atauni.edu.tr\/saglik-bilimleri-fakultesi\/wp-content\/uploads\/sites\/70\/2021\/12\/elementor\/thumbs\/WhatsApp-Image-2021-12-16-at-10.16.03-1-phl8sjdhp6fyj4x2qh5e21vgj5oh63ab4izwn3lc54.jpeg 400w, https:\/\/atauni.edu.tr\/saglik-bilimleri-fakultesi\/wp-content\/uploads\/sites\/70\/2021\/12\/WhatsApp-Image-2021-12-16-at-10.16.03-1.jpeg 2048w\" sizes=\"(max-width: 1024px) 100vw, 1024px\" \/>\t\t\t\t\t\t\t\t\t\t\t\t\t\t\t<\/div>\n\t\t\t\t<\/div>\n\t\t\t\t<div class=\"elementor-element elementor-element-030fe7c elementor-widget elementor-widget-image\" data-id=\"030fe7c\" data-element_type=\"widget\" data-widget_type=\"image.default\">\n\t\t\t\t<div class=\"elementor-widget-container\">\n\t\t\t\t\t\t\t\t\t\t\t\t\t\t\t<img decoding=\"async\" width=\"1024\" height=\"768\" src=\"https:\/\/atauni.edu.tr\/saglik-bilimleri-fakultesi\/wp-content\/uploads\/sites\/70\/2021\/12\/WhatsApp-Image-2021-12-23-at-16.45.09-1024x768.jpeg\" class=\"attachment-large size-large wp-image-7490\" alt=\"\" srcset=\"https:\/\/atauni.edu.tr\/saglik-bilimleri-fakultesi\/wp-content\/uploads\/sites\/70\/2021\/12\/WhatsApp-Image-2021-12-23-at-16.45.09-1024x768.jpeg 1024w, https:\/\/atauni.edu.tr\/saglik-bilimleri-fakultesi\/wp-content\/uploads\/sites\/70\/2021\/12\/WhatsApp-Image-2021-12-23-at-16.45.09-300x225.jpeg 300w, https:\/\/atauni.edu.tr\/saglik-bilimleri-fakultesi\/wp-content\/uploads\/sites\/70\/2021\/12\/WhatsApp-Image-2021-12-23-at-16.45.09-768x576.jpeg 768w, https:\/\/atauni.edu.tr\/saglik-bilimleri-fakultesi\/wp-content\/uploads\/sites\/70\/2021\/12\/WhatsApp-Image-2021-12-23-at-16.45.09-1536x1152.jpeg 1536w, https:\/\/atauni.edu.tr\/saglik-bilimleri-fakultesi\/wp-content\/uploads\/sites\/70\/2021\/12\/WhatsApp-Image-2021-12-23-at-16.45.09-600x450.jpeg 600w, https:\/\/atauni.edu.tr\/saglik-bilimleri-fakultesi\/wp-content\/uploads\/sites\/70\/2021\/12\/WhatsApp-Image-2021-12-23-at-16.45.09-560x420.jpeg 560w, https:\/\/atauni.edu.tr\/saglik-bilimleri-fakultesi\/wp-content\/uploads\/sites\/70\/2021\/12\/elementor\/thumbs\/WhatsApp-Image-2021-12-23-at-16.45.09-phz73m9184te3y8i8zjckuldkwhb4zuyngobrfmoc8.jpeg 400w, https:\/\/atauni.edu.tr\/saglik-bilimleri-fakultesi\/wp-content\/uploads\/sites\/70\/2021\/12\/WhatsApp-Image-2021-12-23-at-16.45.09.jpeg 2048w\" sizes=\"(max-width: 1024px) 100vw, 1024px\" \/>\t\t\t\t\t\t\t\t\t\t\t\t\t\t\t<\/div>\n\t\t\t\t<\/div>\n\t\t\t\t\t<\/div>\n\t\t<\/div>\n\t\t\t\t\t<\/div>\n\t\t<\/section>\n\t\t\t\t<\/div>\n\t\t","protected":false},"excerpt":{"rendered":"<p>Misyon, Vizyon ve Temel De\u011ferler Vizyonumuz\u00a0 Bilimsel d\u00fc\u015f\u00fcnceye sahip her t\u00fcrl\u00fc geli\u015fmenin takip\u00e7isi, halkla b\u00fct\u00fcnle\u015fmi\u015f, insan ya\u015fam\u0131n\u0131n kalitesini y\u00fckseltecek, mesleki bilgi ve becerileri en \u00fcst d\u00fczeyde kazanm\u0131\u015f d\u00fcnya standartlar\u0131nda hizmet sunacak sa\u011fl\u0131k profesyonelleri yeti\u015ftirmek, sa\u011fl\u0131k alan\u0131nda disiplinleraras\u0131 bilimsel ara\u015ft\u0131rmalar yaparak bilime evrensel d\u00fczeyde katk\u0131 sa\u011flamakt\u0131r.\u00a0 Misyonumuz\u00a0 E\u011fitim, ara\u015ft\u0131rma ve uygulama alan\u0131nda bilimsel d\u00fc\u015f\u00fcnce g\u00fcc\u00fcn\u00fc kullanarak [&hellip;]<\/p>\n","protected":false},"author":1,"featured_media":0,"parent":0,"menu_order":0,"comment_status":"closed","ping_status":"closed","template":"elementor_header_footer","meta":{"footnotes":""},"class_list":["post-5743","page","type-page","status-publish","hentry"],"_links":{"self":[{"href":"https:\/\/atauni.edu.tr\/saglik-bilimleri-fakultesi\/wp-json\/wp\/v2\/pages\/5743","targetHints":{"allow":["GET"]}}],"collection":[{"href":"https:\/\/atauni.edu.tr\/saglik-bilimleri-fakultesi\/wp-json\/wp\/v2\/pages"}],"about":[{"href":"https:\/\/atauni.edu.tr\/saglik-bilimleri-fakultesi\/wp-json\/wp\/v2\/types\/page"}],"author":[{"embeddable":true,"href":"https:\/\/atauni.edu.tr\/saglik-bilimleri-fakultesi\/wp-json\/wp\/v2\/users\/1"}],"replies":[{"embeddable":true,"href":"https:\/\/atauni.edu.tr\/saglik-bilimleri-fakultesi\/wp-json\/wp\/v2\/comments?post=5743"}],"version-history":[{"count":29,"href":"https:\/\/atauni.edu.tr\/saglik-bilimleri-fakultesi\/wp-json\/wp\/v2\/pages\/5743\/revisions"}],"predecessor-version":[{"id":8981,"href":"https:\/\/atauni.edu.tr\/saglik-bilimleri-fakultesi\/wp-json\/wp\/v2\/pages\/5743\/revisions\/8981"}],"wp:attachment":[{"href":"https:\/\/atauni.edu.tr\/saglik-bilimleri-fakultesi\/wp-json\/wp\/v2\/media?parent=5743"}],"curies":[{"name":"wp","href":"https:\/\/api.w.org\/{rel}","templated":true}]}}