{"id":6877,"date":"2021-11-23T15:56:41","date_gmt":"2021-11-23T12:56:41","guid":{"rendered":"http:\/\/birimler.atauni.edu.tr\/saglik-bilimleri-fakultesi\/?page_id=6877"},"modified":"2025-05-22T15:07:54","modified_gmt":"2025-05-22T12:07:54","slug":"dergi","status":"publish","type":"page","link":"https:\/\/atauni.edu.tr\/saglik-bilimleri-fakultesi\/dergi\/","title":{"rendered":"Dergimiz"},"content":{"rendered":"\t\t<div data-elementor-type=\"wp-page\" data-elementor-id=\"6877\" class=\"elementor elementor-6877\" data-elementor-post-type=\"page\">\n\t\t\t\t\t\t<section class=\"elementor-section elementor-top-section elementor-element elementor-element-5786a40 elementor-section-boxed elementor-section-height-default elementor-section-height-default\" data-id=\"5786a40\" data-element_type=\"section\">\n\t\t\t\t\t\t<div class=\"elementor-container elementor-column-gap-default\">\n\t\t\t\t\t<div class=\"elementor-column elementor-col-100 elementor-top-column elementor-element elementor-element-e4ef9d7\" data-id=\"e4ef9d7\" data-element_type=\"column\">\n\t\t\t<div class=\"elementor-widget-wrap elementor-element-populated\">\n\t\t\t\t\t\t<div class=\"elementor-element elementor-element-475311e elementor-widget elementor-widget-heading\" data-id=\"475311e\" data-element_type=\"widget\" data-widget_type=\"heading.default\">\n\t\t\t\t<div class=\"elementor-widget-container\">\n\t\t\t\t\t<h2 class=\"elementor-heading-title elementor-size-default\">Ebelik ve Sa\u011fl\u0131k Bilimleri Dergisi<\/h2>\t\t\t\t<\/div>\n\t\t\t\t<\/div>\n\t\t\t\t<div class=\"elementor-element elementor-element-f9ea438 elementor-widget-divider--view-line elementor-widget elementor-widget-divider\" data-id=\"f9ea438\" data-element_type=\"widget\" data-widget_type=\"divider.default\">\n\t\t\t\t<div class=\"elementor-widget-container\">\n\t\t\t\t\t\t\t<div class=\"elementor-divider\">\n\t\t\t<span class=\"elementor-divider-separator\">\n\t\t\t\t\t\t<\/span>\n\t\t<\/div>\n\t\t\t\t\t\t<\/div>\n\t\t\t\t<\/div>\n\t\t\t\t\t<\/div>\n\t\t<\/div>\n\t\t\t\t\t<\/div>\n\t\t<\/section>\n\t\t\t\t<section class=\"elementor-section elementor-top-section elementor-element elementor-element-d45ec23 elementor-section-boxed elementor-section-height-default elementor-section-height-default\" data-id=\"d45ec23\" data-element_type=\"section\">\n\t\t\t\t\t\t<div class=\"elementor-container elementor-column-gap-default\">\n\t\t\t\t\t<div class=\"elementor-column elementor-col-50 elementor-top-column elementor-element elementor-element-cf84902\" data-id=\"cf84902\" data-element_type=\"column\">\n\t\t\t<div class=\"elementor-widget-wrap elementor-element-populated\">\n\t\t\t\t\t\t<div class=\"elementor-element elementor-element-19bde1a elementor-widget elementor-widget-image\" data-id=\"19bde1a\" data-element_type=\"widget\" data-widget_type=\"image.default\">\n\t\t\t\t<div class=\"elementor-widget-container\">\n\t\t\t\t\t\t\t\t\t\t\t\t\t\t\t<img fetchpriority=\"high\" decoding=\"async\" width=\"200\" height=\"300\" src=\"https:\/\/atauni.edu.tr\/saglik-bilimleri-fakultesi\/wp-content\/uploads\/sites\/70\/2021\/11\/DERGI-KAPAK.jpg\" class=\"attachment-large size-large wp-image-6879\" alt=\"\" \/>\t\t\t\t\t\t\t\t\t\t\t\t\t\t\t<\/div>\n\t\t\t\t<\/div>\n\t\t\t\t\t<\/div>\n\t\t<\/div>\n\t\t\t\t<div class=\"elementor-column elementor-col-50 elementor-top-column elementor-element elementor-element-7e0466f\" data-id=\"7e0466f\" data-element_type=\"column\">\n\t\t\t<div class=\"elementor-widget-wrap elementor-element-populated\">\n\t\t\t\t\t\t<div class=\"elementor-element elementor-element-4d1eb88 elementor-widget elementor-widget-text-editor\" data-id=\"4d1eb88\" data-element_type=\"widget\" data-widget_type=\"text-editor.default\">\n\t\t\t\t<div class=\"elementor-widget-container\">\n\t\t\t\t\t\t\t\t\t<p>Ebelik ve Sa\u011fl\u0131k Bilimleri Dergisi, sa\u011fl\u0131k bilimleri alan\u0131 ile ilgili bilimsel ara\u015ft\u0131rma ve derleme&nbsp; \u00e7al\u0131\u015fmalar\u0131n\u0131 yay\u0131mlayarak sa\u011fl\u0131k bilimlerinin bilgi birikimine katk\u0131da bulunmay\u0131 ama\u00e7 edinmi\u015f ve 2018 y\u0131l\u0131nda yay\u0131m s\u00fcrecine ba\u015flam\u0131\u015ft\u0131r. Ebelik ve Sa\u011fl\u0131k Bilimleri Dergisi, 4 ayda bir olmak \u00fczere y\u0131lda 3 kez online yay\u0131mlanmaktad\u0131r. Dergi 2024 y\u0131l\u0131ndan itibaren 3 ayda bir olmak \u00fczere y\u0131lda 4 kez online yay\u0131mlanmaya ba\u015flam\u0131\u015ft\u0131r. 2025 y\u0131l\u0131ndan itibaren \u0130ngilizce dilindeki makaleleri&nbsp; kabul etmeye ba\u015flam\u0131\u015ft\u0131r.&nbsp;<\/p><p>Dergimiz&nbsp; T\u00dcRK MEDL\u0130NE, T\u00fcrkiye At\u0131f Dizini, DOAJ, TR dizin, EBSCO ve SCOPUS veritabanlar\u0131nda taranmaktad\u0131r<\/p>\t\t\t\t\t\t\t\t<\/div>\n\t\t\t\t<\/div>\n\t\t\t\t<section class=\"elementor-section elementor-inner-section elementor-element elementor-element-3285167 elementor-section-boxed elementor-section-height-default elementor-section-height-default\" data-id=\"3285167\" data-element_type=\"section\">\n\t\t\t\t\t\t<div class=\"elementor-container elementor-column-gap-default\">\n\t\t\t\t\t<div class=\"elementor-column elementor-col-100 elementor-inner-column elementor-element elementor-element-b450d59\" data-id=\"b450d59\" data-element_type=\"column\">\n\t\t\t<div class=\"elementor-widget-wrap elementor-element-populated\">\n\t\t\t\t\t\t<div class=\"elementor-element elementor-element-7c3b1d0 elementor-widget elementor-widget-button\" data-id=\"7c3b1d0\" data-element_type=\"widget\" data-widget_type=\"button.default\">\n\t\t\t\t<div class=\"elementor-widget-container\">\n\t\t\t\t\t\t\t\t\t<div class=\"elementor-button-wrapper\">\n\t\t\t\t\t<a class=\"elementor-button elementor-button-link elementor-size-sm\" href=\"https:\/\/dergipark.org.tr\/tr\/pub\/esbder\">\n\t\t\t\t\t\t<span class=\"elementor-button-content-wrapper\">\n\t\t\t\t\t\t\t\t\t<span class=\"elementor-button-text\">Derginin Web Sayfas\u0131na Gitmek \u0130\u00e7in Buraya T\u0131klay\u0131n\u0131z<\/span>\n\t\t\t\t\t<\/span>\n\t\t\t\t\t<\/a>\n\t\t\t\t<\/div>\n\t\t\t\t\t\t\t\t<\/div>\n\t\t\t\t<\/div>\n\t\t\t\t\t<\/div>\n\t\t<\/div>\n\t\t\t\t\t<\/div>\n\t\t<\/section>\n\t\t\t\t\t<\/div>\n\t\t<\/div>\n\t\t\t\t\t<\/div>\n\t\t<\/section>\n\t\t\t\t<\/div>\n\t\t","protected":false},"excerpt":{"rendered":"<p>Ebelik ve Sa\u011fl\u0131k Bilimleri Dergisi Ebelik ve Sa\u011fl\u0131k Bilimleri Dergisi, sa\u011fl\u0131k bilimleri alan\u0131 ile ilgili bilimsel ara\u015ft\u0131rma ve derleme&nbsp; \u00e7al\u0131\u015fmalar\u0131n\u0131 yay\u0131mlayarak sa\u011fl\u0131k bilimlerinin bilgi birikimine katk\u0131da bulunmay\u0131 ama\u00e7 edinmi\u015f ve 2018 y\u0131l\u0131nda yay\u0131m s\u00fcrecine ba\u015flam\u0131\u015ft\u0131r. Ebelik ve Sa\u011fl\u0131k Bilimleri Dergisi, 4 ayda bir olmak \u00fczere y\u0131lda 3 kez online yay\u0131mlanmaktad\u0131r. Dergi 2024 y\u0131l\u0131ndan itibaren 3 [&hellip;]<\/p>\n","protected":false},"author":251,"featured_media":0,"parent":0,"menu_order":0,"comment_status":"closed","ping_status":"closed","template":"","meta":{"footnotes":""},"class_list":["post-6877","page","type-page","status-publish","hentry"],"_links":{"self":[{"href":"https:\/\/atauni.edu.tr\/saglik-bilimleri-fakultesi\/wp-json\/wp\/v2\/pages\/6877","targetHints":{"allow":["GET"]}}],"collection":[{"href":"https:\/\/atauni.edu.tr\/saglik-bilimleri-fakultesi\/wp-json\/wp\/v2\/pages"}],"about":[{"href":"https:\/\/atauni.edu.tr\/saglik-bilimleri-fakultesi\/wp-json\/wp\/v2\/types\/page"}],"author":[{"embeddable":true,"href":"https:\/\/atauni.edu.tr\/saglik-bilimleri-fakultesi\/wp-json\/wp\/v2\/users\/251"}],"replies":[{"embeddable":true,"href":"https:\/\/atauni.edu.tr\/saglik-bilimleri-fakultesi\/wp-json\/wp\/v2\/comments?post=6877"}],"version-history":[{"count":20,"href":"https:\/\/atauni.edu.tr\/saglik-bilimleri-fakultesi\/wp-json\/wp\/v2\/pages\/6877\/revisions"}],"predecessor-version":[{"id":9822,"href":"https:\/\/atauni.edu.tr\/saglik-bilimleri-fakultesi\/wp-json\/wp\/v2\/pages\/6877\/revisions\/9822"}],"wp:attachment":[{"href":"https:\/\/atauni.edu.tr\/saglik-bilimleri-fakultesi\/wp-json\/wp\/v2\/media?parent=6877"}],"curies":[{"name":"wp","href":"https:\/\/api.w.org\/{rel}","templated":true}]}}