{"id":7231,"date":"2021-12-14T17:37:51","date_gmt":"2021-12-14T14:37:51","guid":{"rendered":"http:\/\/birimler.atauni.edu.tr\/saglik-bilimleri-fakultesi\/?page_id=7231"},"modified":"2024-10-09T09:51:54","modified_gmt":"2024-10-09T06:51:54","slug":"yonetimden-mesaj","status":"publish","type":"page","link":"https:\/\/atauni.edu.tr\/saglik-bilimleri-fakultesi\/yonetimden-mesaj\/","title":{"rendered":"Y\u00f6netimden Mesaj"},"content":{"rendered":"\t\t<div data-elementor-type=\"wp-page\" data-elementor-id=\"7231\" class=\"elementor elementor-7231\" data-elementor-post-type=\"page\">\n\t\t\t\t\t\t<section class=\"elementor-section elementor-top-section elementor-element elementor-element-46c2cb5d elementor-section-boxed elementor-section-height-default elementor-section-height-default\" data-id=\"46c2cb5d\" data-element_type=\"section\">\n\t\t\t\t\t\t<div class=\"elementor-container elementor-column-gap-default\">\n\t\t\t\t\t<div class=\"elementor-column elementor-col-100 elementor-top-column elementor-element elementor-element-299813e7\" data-id=\"299813e7\" data-element_type=\"column\">\n\t\t\t<div class=\"elementor-widget-wrap elementor-element-populated\">\n\t\t\t\t\t\t<div class=\"elementor-element elementor-element-3ec495a9 elementor-widget elementor-widget-heading\" data-id=\"3ec495a9\" data-element_type=\"widget\" data-widget_type=\"heading.default\">\n\t\t\t\t<div class=\"elementor-widget-container\">\n\t\t\t\t\t<h2 class=\"elementor-heading-title elementor-size-default\">Y\u00f6netimden Mesaj<\/h2>\t\t\t\t<\/div>\n\t\t\t\t<\/div>\n\t\t\t\t<div class=\"elementor-element elementor-element-2092e3b3 elementor-widget-divider--view-line elementor-widget elementor-widget-divider\" data-id=\"2092e3b3\" data-element_type=\"widget\" data-widget_type=\"divider.default\">\n\t\t\t\t<div class=\"elementor-widget-container\">\n\t\t\t\t\t\t\t<div class=\"elementor-divider\">\n\t\t\t<span class=\"elementor-divider-separator\">\n\t\t\t\t\t\t<\/span>\n\t\t<\/div>\n\t\t\t\t\t\t<\/div>\n\t\t\t\t<\/div>\n\t\t\t\t\t<\/div>\n\t\t<\/div>\n\t\t\t\t\t<\/div>\n\t\t<\/section>\n\t\t\t\t<section class=\"elementor-section elementor-top-section elementor-element elementor-element-d76d987 elementor-section-boxed elementor-section-height-default elementor-section-height-default\" data-id=\"d76d987\" data-element_type=\"section\">\n\t\t\t\t\t\t<div class=\"elementor-container elementor-column-gap-default\">\n\t\t\t\t\t<div class=\"elementor-column elementor-col-50 elementor-top-column elementor-element elementor-element-acd741f\" data-id=\"acd741f\" data-element_type=\"column\">\n\t\t\t<div class=\"elementor-widget-wrap elementor-element-populated\">\n\t\t\t\t\t\t<div class=\"elementor-element elementor-element-dd538b4 elementor-widget elementor-widget-text-editor\" data-id=\"dd538b4\" data-element_type=\"widget\" data-widget_type=\"text-editor.default\">\n\t\t\t\t<div class=\"elementor-widget-container\">\n\t\t\t\t\t\t\t\t\t<p>Sevgili \u00d6\u011frenciler,<\/p><p><span style=\"letter-spacing: 0px\">Hedefimiz sa\u011fl\u0131k disiplinleri ile i\u015fbirli\u011fi i\u00e7inde; bilimsel d\u00fc\u015f\u00fcnceye sahip; her t\u00fcrl\u00fc geli\u015fmenin takip\u00e7isi, halkla b\u00fct\u00fcnle\u015fmi\u015f; insan\u0131n ya\u015fam kalitesini y\u00fckseltecek; mesleki bilgi ve becerileri en \u00fcst d\u00fczeyde kazanm\u0131\u015f d\u00fcnya standartlar\u0131nda hizmet sunacak; b\u00f6lgenin ve ulusun sa\u011fl\u0131k \u00f6ncelikleri do\u011frultusunda; birey, aile ve toplumun sa\u011fl\u0131\u011f\u0131n\u0131 koruyacak, geli\u015ftirecek, hastal\u0131klar\u0131 \u00f6nleyecek, hastal\u0131k halinde bak\u0131m ve rehabilitasyon hizmetleri ile bireyin ve sosyal gruplar\u0131n ba\u015f etme g\u00fcc\u00fcn\u00fc artt\u0131racak; \u00e7a\u011fda\u015f, temel insan hak ve \u00f6zg\u00fcrl\u00fcklerine sayg\u0131l\u0131; bilimsel geli\u015fmelere a\u00e7\u0131k, ele\u015ftirel ve yarat\u0131c\u0131 d\u00fc\u015f\u00fcnceye sahip; uygulamalar\u0131nda bilimsel verileri kullanan ve mesleki etik kurallar\u0131 do\u011frultusunda \u00e7al\u0131\u015facak sa\u011fl\u0131k profesyonelleri yeti\u015ftirmektir. Fak\u00fcltemiz bu hedef do\u011frultusunda \u00f6\u011frencilerine gerekli bilgiye ula\u015fman\u0131n yollar\u0131n\u0131 \u00f6\u011freten ve \u00f6m\u00fcr boyu \u00f6\u011frenmeyi hedefleyen bir e\u011fitim sistemine ula\u015fmak i\u00e7in nitelikli akademik kadrosuyla \u00e7al\u0131\u015fmalar\u0131n\u0131 ba\u015far\u0131yla s\u00fcrd\u00fcrmektedir. Fak\u00fcltemiz \u00f6\u011fretim kadrosunda akademik geli\u015fimin her a\u015famas\u0131nda, elemanlar bulunmaktad\u0131r. Fak\u00fcltemiz \u00f6\u011fretim elemanlar\u0131 taraf\u0131ndan ulusal ve uluslararas\u0131 ara\u015ft\u0131rma faaliyetleri y\u00fcr\u00fct\u00fclmekte ayn\u0131 zamanda b\u00f6lgenin sa\u011fl\u0131k sorunlar\u0131na y\u00f6nelik projeler de ger\u00e7ekle\u015ftirilmektedir.<\/span><\/p><p><span style=\"letter-spacing: 0px\">Sevgili \u00f6\u011frencilerimiz, sa\u011fl\u0131k bilimleri alan\u0131nda kariyer yapmak isteyen t\u00fcm gen\u00e7leri fak\u00fcltemize bekliyoruz. Hedeflerinize ve hayallerinize ula\u015fman\u0131z dile\u011fiyle hepinize sa\u011fl\u0131kl\u0131 ve mutlu bir e\u011fitim hayat\u0131 diliyorum.<\/span><\/p><p>Sevgilerimle<\/p><p>Sa\u011fl\u0131k Bilimleri Fak\u00fcltesi Dekan\u0131 Prof. Dr. Hava \u00d6ZKAN<\/p><p>\u00a0<\/p>\t\t\t\t\t\t\t\t<\/div>\n\t\t\t\t<\/div>\n\t\t\t\t\t<\/div>\n\t\t<\/div>\n\t\t\t\t<div class=\"elementor-column elementor-col-50 elementor-top-column elementor-element elementor-element-0f3b5ef\" data-id=\"0f3b5ef\" data-element_type=\"column\">\n\t\t\t<div class=\"elementor-widget-wrap elementor-element-populated\">\n\t\t\t\t\t\t\t<\/div>\n\t\t<\/div>\n\t\t\t\t\t<\/div>\n\t\t<\/section>\n\t\t\t\t<\/div>\n\t\t","protected":false},"excerpt":{"rendered":"<p>Y\u00f6netimden Mesaj Sevgili \u00d6\u011frenciler, Hedefimiz sa\u011fl\u0131k disiplinleri ile i\u015fbirli\u011fi i\u00e7inde; bilimsel d\u00fc\u015f\u00fcnceye sahip; her t\u00fcrl\u00fc geli\u015fmenin takip\u00e7isi, halkla b\u00fct\u00fcnle\u015fmi\u015f; insan\u0131n ya\u015fam kalitesini y\u00fckseltecek; mesleki bilgi ve becerileri en \u00fcst d\u00fczeyde kazanm\u0131\u015f d\u00fcnya standartlar\u0131nda hizmet sunacak; b\u00f6lgenin ve ulusun sa\u011fl\u0131k \u00f6ncelikleri do\u011frultusunda; birey, aile ve toplumun sa\u011fl\u0131\u011f\u0131n\u0131 koruyacak, geli\u015ftirecek, hastal\u0131klar\u0131 \u00f6nleyecek, hastal\u0131k halinde bak\u0131m ve rehabilitasyon [&hellip;]<\/p>\n","protected":false},"author":251,"featured_media":0,"parent":0,"menu_order":0,"comment_status":"closed","ping_status":"closed","template":"elementor_header_footer","meta":{"footnotes":""},"class_list":["post-7231","page","type-page","status-publish","hentry"],"_links":{"self":[{"href":"https:\/\/atauni.edu.tr\/saglik-bilimleri-fakultesi\/wp-json\/wp\/v2\/pages\/7231","targetHints":{"allow":["GET"]}}],"collection":[{"href":"https:\/\/atauni.edu.tr\/saglik-bilimleri-fakultesi\/wp-json\/wp\/v2\/pages"}],"about":[{"href":"https:\/\/atauni.edu.tr\/saglik-bilimleri-fakultesi\/wp-json\/wp\/v2\/types\/page"}],"author":[{"embeddable":true,"href":"https:\/\/atauni.edu.tr\/saglik-bilimleri-fakultesi\/wp-json\/wp\/v2\/users\/251"}],"replies":[{"embeddable":true,"href":"https:\/\/atauni.edu.tr\/saglik-bilimleri-fakultesi\/wp-json\/wp\/v2\/comments?post=7231"}],"version-history":[{"count":34,"href":"https:\/\/atauni.edu.tr\/saglik-bilimleri-fakultesi\/wp-json\/wp\/v2\/pages\/7231\/revisions"}],"predecessor-version":[{"id":9636,"href":"https:\/\/atauni.edu.tr\/saglik-bilimleri-fakultesi\/wp-json\/wp\/v2\/pages\/7231\/revisions\/9636"}],"wp:attachment":[{"href":"https:\/\/atauni.edu.tr\/saglik-bilimleri-fakultesi\/wp-json\/wp\/v2\/media?parent=7231"}],"curies":[{"name":"wp","href":"https:\/\/api.w.org\/{rel}","templated":true}]}}