{"id":7280,"date":"2021-12-15T00:33:39","date_gmt":"2021-12-14T21:33:39","guid":{"rendered":"http:\/\/birimler.atauni.edu.tr\/saglik-bilimleri-fakultesi\/?page_id=7280"},"modified":"2021-12-15T17:38:59","modified_gmt":"2021-12-15T14:38:59","slug":"stratejik-plan-2024-2028-3","status":"publish","type":"page","link":"https:\/\/atauni.edu.tr\/saglik-bilimleri-fakultesi\/stratejik-plan-2024-2028-3\/","title":{"rendered":"Organizasyon \u015eemas\u0131"},"content":{"rendered":"\t\t<div data-elementor-type=\"wp-page\" data-elementor-id=\"7280\" class=\"elementor elementor-7280\" data-elementor-post-type=\"page\">\n\t\t\t\t\t\t<section class=\"elementor-section elementor-top-section elementor-element elementor-element-dbd49c6 elementor-section-boxed elementor-section-height-default elementor-section-height-default\" data-id=\"dbd49c6\" data-element_type=\"section\">\n\t\t\t\t\t\t<div class=\"elementor-container elementor-column-gap-default\">\n\t\t\t\t\t<div class=\"elementor-column elementor-col-100 elementor-top-column elementor-element elementor-element-2f6b98f\" data-id=\"2f6b98f\" data-element_type=\"column\">\n\t\t\t<div class=\"elementor-widget-wrap elementor-element-populated\">\n\t\t\t\t\t\t<div class=\"elementor-element elementor-element-cdf8687 elementor-widget elementor-widget-heading\" data-id=\"cdf8687\" data-element_type=\"widget\" data-widget_type=\"heading.default\">\n\t\t\t\t<div class=\"elementor-widget-container\">\n\t\t\t\t\t<h2 class=\"elementor-heading-title elementor-size-medium\"><a href=\"http:\/\/birimler.atauni.edu.tr\/saglik-bilimleri-fakultesi\/wp-content\/uploads\/sites\/70\/2020\/07\/Stratejik-Plan-2024-2028.pdf\">Organizasyon \u015eemas\u0131<\/a><\/h2>\t\t\t\t<\/div>\n\t\t\t\t<\/div>\n\t\t\t\t<div class=\"elementor-element elementor-element-00a4ca7 elementor-widget-divider--view-line elementor-widget elementor-widget-divider\" data-id=\"00a4ca7\" data-element_type=\"widget\" data-widget_type=\"divider.default\">\n\t\t\t\t<div class=\"elementor-widget-container\">\n\t\t\t\t\t\t\t<div class=\"elementor-divider\">\n\t\t\t<span class=\"elementor-divider-separator\">\n\t\t\t\t\t\t<\/span>\n\t\t<\/div>\n\t\t\t\t\t\t<\/div>\n\t\t\t\t<\/div>\n\t\t\t\t\t<\/div>\n\t\t<\/div>\n\t\t\t\t\t<\/div>\n\t\t<\/section>\n\t\t\t\t<section class=\"elementor-section elementor-top-section elementor-element elementor-element-386d9f9 elementor-section-boxed elementor-section-height-default elementor-section-height-default\" data-id=\"386d9f9\" data-element_type=\"section\">\n\t\t\t\t\t\t<div class=\"elementor-container elementor-column-gap-default\">\n\t\t\t\t\t<div class=\"elementor-column elementor-col-100 elementor-top-column elementor-element elementor-element-5b1c768\" data-id=\"5b1c768\" data-element_type=\"column\">\n\t\t\t<div class=\"elementor-widget-wrap elementor-element-populated\">\n\t\t\t\t\t\t<div class=\"elementor-element elementor-element-91e803e elementor-align-left elementor-widget elementor-widget-button\" data-id=\"91e803e\" data-element_type=\"widget\" data-widget_type=\"button.default\">\n\t\t\t\t<div class=\"elementor-widget-container\">\n\t\t\t\t\t\t\t\t\t<div class=\"elementor-button-wrapper\">\n\t\t\t\t\t<a class=\"elementor-button elementor-button-link elementor-size-sm\" href=\"http:\/\/birimler.atauni.edu.tr\/saglik-bilimleri-fakultesi\/wp-content\/uploads\/sites\/70\/2020\/07\/Organizasyon-Semasi.pdf\">\n\t\t\t\t\t\t<span class=\"elementor-button-content-wrapper\">\n\t\t\t\t\t\t\t\t\t<span class=\"elementor-button-text\">Buraya T\u0131klay\u0131n\u0131z<\/span>\n\t\t\t\t\t<\/span>\n\t\t\t\t\t<\/a>\n\t\t\t\t<\/div>\n\t\t\t\t\t\t\t\t<\/div>\n\t\t\t\t<\/div>\n\t\t\t\t\t<\/div>\n\t\t<\/div>\n\t\t\t\t\t<\/div>\n\t\t<\/section>\n\t\t\t\t<\/div>\n\t\t","protected":false},"excerpt":{"rendered":"<p>Organizasyon \u015eemas\u0131 Buraya T\u0131klay\u0131n\u0131z<\/p>\n","protected":false},"author":251,"featured_media":0,"parent":0,"menu_order":0,"comment_status":"closed","ping_status":"closed","template":"","meta":{"footnotes":""},"class_list":["post-7280","page","type-page","status-publish","hentry"],"_links":{"self":[{"href":"https:\/\/atauni.edu.tr\/saglik-bilimleri-fakultesi\/wp-json\/wp\/v2\/pages\/7280","targetHints":{"allow":["GET"]}}],"collection":[{"href":"https:\/\/atauni.edu.tr\/saglik-bilimleri-fakultesi\/wp-json\/wp\/v2\/pages"}],"about":[{"href":"https:\/\/atauni.edu.tr\/saglik-bilimleri-fakultesi\/wp-json\/wp\/v2\/types\/page"}],"author":[{"embeddable":true,"href":"https:\/\/atauni.edu.tr\/saglik-bilimleri-fakultesi\/wp-json\/wp\/v2\/users\/251"}],"replies":[{"embeddable":true,"href":"https:\/\/atauni.edu.tr\/saglik-bilimleri-fakultesi\/wp-json\/wp\/v2\/comments?post=7280"}],"version-history":[{"count":7,"href":"https:\/\/atauni.edu.tr\/saglik-bilimleri-fakultesi\/wp-json\/wp\/v2\/pages\/7280\/revisions"}],"predecessor-version":[{"id":7310,"href":"https:\/\/atauni.edu.tr\/saglik-bilimleri-fakultesi\/wp-json\/wp\/v2\/pages\/7280\/revisions\/7310"}],"wp:attachment":[{"href":"https:\/\/atauni.edu.tr\/saglik-bilimleri-fakultesi\/wp-json\/wp\/v2\/media?parent=7280"}],"curies":[{"name":"wp","href":"https:\/\/api.w.org\/{rel}","templated":true}]}}