{"id":9416,"date":"2023-09-12T16:21:13","date_gmt":"2023-09-12T13:21:13","guid":{"rendered":"https:\/\/birimler.atauni.edu.tr\/saglik-bilimleri-fakultesi\/?page_id=9416"},"modified":"2023-09-12T16:28:09","modified_gmt":"2023-09-12T13:28:09","slug":"2023-2024-yili-mufredatlari","status":"publish","type":"page","link":"https:\/\/atauni.edu.tr\/saglik-bilimleri-fakultesi\/2023-2024-yili-mufredatlari\/","title":{"rendered":"2023-2024 Y\u0131l\u0131 M\u00fcfredatlar\u0131"},"content":{"rendered":"\t\t<div data-elementor-type=\"wp-page\" data-elementor-id=\"9416\" class=\"elementor elementor-9416\" data-elementor-post-type=\"page\">\n\t\t\t\t\t\t<section class=\"elementor-section elementor-top-section elementor-element elementor-element-46c2cb5d elementor-section-boxed elementor-section-height-default elementor-section-height-default\" data-id=\"46c2cb5d\" data-element_type=\"section\">\n\t\t\t\t\t\t<div class=\"elementor-container elementor-column-gap-default\">\n\t\t\t\t\t<div class=\"elementor-column elementor-col-100 elementor-top-column elementor-element elementor-element-299813e7\" data-id=\"299813e7\" data-element_type=\"column\">\n\t\t\t<div class=\"elementor-widget-wrap elementor-element-populated\">\n\t\t\t\t\t\t<div class=\"elementor-element elementor-element-3ec495a9 elementor-widget elementor-widget-heading\" data-id=\"3ec495a9\" data-element_type=\"widget\" data-widget_type=\"heading.default\">\n\t\t\t\t<div class=\"elementor-widget-container\">\n\t\t\t\t\t<h2 class=\"elementor-heading-title elementor-size-default\">2023-2024 Y\u0131l\u0131 M\u00fcfredatlar\u0131 <\/h2>\t\t\t\t<\/div>\n\t\t\t\t<\/div>\n\t\t\t\t<div class=\"elementor-element elementor-element-2092e3b3 elementor-widget-divider--view-line elementor-widget elementor-widget-divider\" data-id=\"2092e3b3\" data-element_type=\"widget\" data-widget_type=\"divider.default\">\n\t\t\t\t<div class=\"elementor-widget-container\">\n\t\t\t\t\t\t\t<div class=\"elementor-divider\">\n\t\t\t<span class=\"elementor-divider-separator\">\n\t\t\t\t\t\t<\/span>\n\t\t<\/div>\n\t\t\t\t\t\t<\/div>\n\t\t\t\t<\/div>\n\t\t\t\t\t<\/div>\n\t\t<\/div>\n\t\t\t\t\t<\/div>\n\t\t<\/section>\n\t\t\t\t<section class=\"elementor-section elementor-top-section elementor-element elementor-element-6343ba1 elementor-section-boxed elementor-section-height-default elementor-section-height-default\" data-id=\"6343ba1\" data-element_type=\"section\">\n\t\t\t\t\t\t<div class=\"elementor-container elementor-column-gap-default\">\n\t\t\t\t\t<div class=\"elementor-column elementor-col-100 elementor-top-column elementor-element elementor-element-20fe20f\" data-id=\"20fe20f\" data-element_type=\"column\">\n\t\t\t<div class=\"elementor-widget-wrap elementor-element-populated\">\n\t\t\t\t\t\t<div class=\"elementor-element elementor-element-f606ab6 elementor-widget elementor-widget-text-editor\" data-id=\"f606ab6\" data-element_type=\"widget\" data-widget_type=\"text-editor.default\">\n\t\t\t\t<div class=\"elementor-widget-container\">\n\t\t\t\t\t\t\t\t\t<p>2023-2024 E\u011fitim \u00d6\u011fretim Y\u0131l\u0131 itibariyle b\u00fct\u00fcn \u00f6\u011frenciler 2023-2024 Y\u0131l\u0131 M\u00fcfredat\u0131na tabi olmu\u015ftur.<\/p>\t\t\t\t\t\t\t\t<\/div>\n\t\t\t\t<\/div>\n\t\t\t\t\t<\/div>\n\t\t<\/div>\n\t\t\t\t\t<\/div>\n\t\t<\/section>\n\t\t\t\t<section class=\"elementor-section elementor-top-section elementor-element elementor-element-ff9b13f elementor-section-boxed elementor-section-height-default elementor-section-height-default\" data-id=\"ff9b13f\" data-element_type=\"section\">\n\t\t\t\t\t\t<div class=\"elementor-container elementor-column-gap-default\">\n\t\t\t\t\t<div class=\"elementor-column elementor-col-100 elementor-top-column elementor-element elementor-element-78b73b8\" data-id=\"78b73b8\" data-element_type=\"column\">\n\t\t\t<div class=\"elementor-widget-wrap elementor-element-populated\">\n\t\t\t\t\t\t<div class=\"elementor-element elementor-element-d57af0a elementor-icon-list--layout-traditional elementor-list-item-link-full_width elementor-widget elementor-widget-icon-list\" data-id=\"d57af0a\" data-element_type=\"widget\" data-widget_type=\"icon-list.default\">\n\t\t\t\t<div class=\"elementor-widget-container\">\n\t\t\t\t\t\t\t<ul class=\"elementor-icon-list-items\">\n\t\t\t\t\t\t\t<li class=\"elementor-icon-list-item\">\n\t\t\t\t\t\t\t\t\t\t\t<a href=\"http:\/\/birimler.atauni.edu.tr\/saglik-bilimleri-fakultesi\/wp-content\/uploads\/sites\/70\/2020\/07\/2023-SONNN-MUFREDAT-BESLENME-VE-DIYETETIK-PR-07.09.2023-1.pdf\">\n\n\t\t\t\t\t\t\t\t\t\t\t\t<span class=\"elementor-icon-list-icon\">\n\t\t\t\t\t\t\t<i aria-hidden=\"true\" class=\"fas fa-file-download\"><\/i>\t\t\t\t\t\t<\/span>\n\t\t\t\t\t\t\t\t\t\t<span class=\"elementor-icon-list-text\">Beslenme ve Diyetetik B\u00f6l\u00fcm\u00fc M\u00fcfredat\u0131<\/span>\n\t\t\t\t\t\t\t\t\t\t\t<\/a>\n\t\t\t\t\t\t\t\t\t<\/li>\n\t\t\t\t\t\t\t\t<li class=\"elementor-icon-list-item\">\n\t\t\t\t\t\t\t\t\t\t\t<a href=\"http:\/\/birimler.atauni.edu.tr\/saglik-bilimleri-fakultesi\/wp-content\/uploads\/sites\/70\/2020\/07\/Cocuk-Gelisimi-Programi-2023-2024-Ogretim-Plani-.pdf\">\n\n\t\t\t\t\t\t\t\t\t\t\t\t<span class=\"elementor-icon-list-icon\">\n\t\t\t\t\t\t\t<i aria-hidden=\"true\" class=\"fas fa-file-download\"><\/i>\t\t\t\t\t\t<\/span>\n\t\t\t\t\t\t\t\t\t\t<span class=\"elementor-icon-list-text\">\u00c7ocuk Geli\u015fimi B\u00f6l\u00fcm\u00fc M\u00fcfredat\u0131<\/span>\n\t\t\t\t\t\t\t\t\t\t\t<\/a>\n\t\t\t\t\t\t\t\t\t<\/li>\n\t\t\t\t\t\t\t\t<li class=\"elementor-icon-list-item\">\n\t\t\t\t\t\t\t\t\t\t\t<a href=\"http:\/\/birimler.atauni.edu.tr\/saglik-bilimleri-fakultesi\/wp-content\/uploads\/sites\/70\/2020\/07\/Ebelik-Programi-2023-2024-Ogretim-Plani-.pdf\">\n\n\t\t\t\t\t\t\t\t\t\t\t\t<span class=\"elementor-icon-list-icon\">\n\t\t\t\t\t\t\t<i aria-hidden=\"true\" class=\"fas fa-file-download\"><\/i>\t\t\t\t\t\t<\/span>\n\t\t\t\t\t\t\t\t\t\t<span class=\"elementor-icon-list-text\">Ebelik B\u00f6l\u00fcm\u00fc M\u00fcfredat\u0131<\/span>\n\t\t\t\t\t\t\t\t\t\t\t<\/a>\n\t\t\t\t\t\t\t\t\t<\/li>\n\t\t\t\t\t\t<\/ul>\n\t\t\t\t\t\t<\/div>\n\t\t\t\t<\/div>\n\t\t\t\t\t<\/div>\n\t\t<\/div>\n\t\t\t\t\t<\/div>\n\t\t<\/section>\n\t\t\t\t<\/div>\n\t\t","protected":false},"excerpt":{"rendered":"<p>2023-2024 Y\u0131l\u0131 M\u00fcfredatlar\u0131 2023-2024 E\u011fitim \u00d6\u011fretim Y\u0131l\u0131 itibariyle b\u00fct\u00fcn \u00f6\u011frenciler 2023-2024 Y\u0131l\u0131 M\u00fcfredat\u0131na tabi olmu\u015ftur. Beslenme ve Diyetetik B\u00f6l\u00fcm\u00fc M\u00fcfredat\u0131 \u00c7ocuk Geli\u015fimi B\u00f6l\u00fcm\u00fc M\u00fcfredat\u0131 Ebelik B\u00f6l\u00fcm\u00fc M\u00fcfredat\u0131<\/p>\n","protected":false},"author":251,"featured_media":0,"parent":0,"menu_order":0,"comment_status":"closed","ping_status":"closed","template":"","meta":{"footnotes":""},"class_list":["post-9416","page","type-page","status-publish","hentry"],"_links":{"self":[{"href":"https:\/\/atauni.edu.tr\/saglik-bilimleri-fakultesi\/wp-json\/wp\/v2\/pages\/9416","targetHints":{"allow":["GET"]}}],"collection":[{"href":"https:\/\/atauni.edu.tr\/saglik-bilimleri-fakultesi\/wp-json\/wp\/v2\/pages"}],"about":[{"href":"https:\/\/atauni.edu.tr\/saglik-bilimleri-fakultesi\/wp-json\/wp\/v2\/types\/page"}],"author":[{"embeddable":true,"href":"https:\/\/atauni.edu.tr\/saglik-bilimleri-fakultesi\/wp-json\/wp\/v2\/users\/251"}],"replies":[{"embeddable":true,"href":"https:\/\/atauni.edu.tr\/saglik-bilimleri-fakultesi\/wp-json\/wp\/v2\/comments?post=9416"}],"version-history":[{"count":13,"href":"https:\/\/atauni.edu.tr\/saglik-bilimleri-fakultesi\/wp-json\/wp\/v2\/pages\/9416\/revisions"}],"predecessor-version":[{"id":9432,"href":"https:\/\/atauni.edu.tr\/saglik-bilimleri-fakultesi\/wp-json\/wp\/v2\/pages\/9416\/revisions\/9432"}],"wp:attachment":[{"href":"https:\/\/atauni.edu.tr\/saglik-bilimleri-fakultesi\/wp-json\/wp\/v2\/media?parent=9416"}],"curies":[{"name":"wp","href":"https:\/\/api.w.org\/{rel}","templated":true}]}}