{"id":5728,"date":"2021-07-13T11:33:38","date_gmt":"2021-07-13T08:33:38","guid":{"rendered":"https:\/\/portaltest.atauni.edu.tr\/bilgisayar-muhendisligi\/?page_id=5728"},"modified":"2024-02-12T14:46:16","modified_gmt":"2024-02-12T11:46:16","slug":"bolum-tanitimi","status":"publish","type":"page","link":"https:\/\/atauni.edu.tr\/saglik-hizmetleri-meslek-yuksekokulu\/bolum-tanitimi\/","title":{"rendered":"B\u00f6l\u00fcm Tan\u0131t\u0131m\u0131"},"content":{"rendered":"\t\t<div data-elementor-type=\"wp-page\" data-elementor-id=\"5728\" class=\"elementor elementor-5728\" data-elementor-post-type=\"page\">\n\t\t\t\t\t\t<section class=\"elementor-section elementor-top-section elementor-element elementor-element-9be811a elementor-section-boxed elementor-section-height-default elementor-section-height-default\" data-id=\"9be811a\" data-element_type=\"section\">\n\t\t\t\t\t\t<div class=\"elementor-container elementor-column-gap-default\">\n\t\t\t\t\t<div class=\"elementor-column elementor-col-100 elementor-top-column elementor-element elementor-element-1ed847b7\" data-id=\"1ed847b7\" data-element_type=\"column\">\n\t\t\t<div class=\"elementor-widget-wrap elementor-element-populated\">\n\t\t\t\t\t\t<div class=\"elementor-element elementor-element-4ce0d07f elementor-widget elementor-widget-heading\" data-id=\"4ce0d07f\" data-element_type=\"widget\" data-widget_type=\"heading.default\">\n\t\t\t\t<div class=\"elementor-widget-container\">\n\t\t\t\t\t<h2 class=\"elementor-heading-title elementor-size-default\">Y\u00fcksekokul Tan\u0131t\u0131m\u0131<\/h2>\t\t\t\t<\/div>\n\t\t\t\t<\/div>\n\t\t\t\t<div class=\"elementor-element elementor-element-63260862 elementor-widget-divider--view-line elementor-widget elementor-widget-divider\" data-id=\"63260862\" data-element_type=\"widget\" data-widget_type=\"divider.default\">\n\t\t\t\t<div class=\"elementor-widget-container\">\n\t\t\t\t\t\t\t<div class=\"elementor-divider\">\n\t\t\t<span class=\"elementor-divider-separator\">\n\t\t\t\t\t\t<\/span>\n\t\t<\/div>\n\t\t\t\t\t\t<\/div>\n\t\t\t\t<\/div>\n\t\t\t\t\t<\/div>\n\t\t<\/div>\n\t\t\t\t\t<\/div>\n\t\t<\/section>\n\t\t\t\t<section class=\"elementor-section elementor-top-section elementor-element elementor-element-76c2e16 elementor-section-boxed elementor-section-height-default elementor-section-height-default\" data-id=\"76c2e16\" data-element_type=\"section\">\n\t\t\t\t\t\t<div class=\"elementor-container elementor-column-gap-default\">\n\t\t\t\t\t<div class=\"elementor-column elementor-col-100 elementor-top-column elementor-element elementor-element-76b7e95\" data-id=\"76b7e95\" data-element_type=\"column\">\n\t\t\t<div class=\"elementor-widget-wrap elementor-element-populated\">\n\t\t\t\t\t\t<div class=\"elementor-element elementor-element-96114b2 elementor-widget elementor-widget-image\" data-id=\"96114b2\" data-element_type=\"widget\" data-widget_type=\"image.default\">\n\t\t\t\t<div class=\"elementor-widget-container\">\n\t\t\t\t\t\t\t\t\t\t\t\t\t\t\t<img fetchpriority=\"high\" decoding=\"async\" width=\"1024\" height=\"575\" src=\"https:\/\/atauni.edu.tr\/saglik-hizmetleri-meslek-yuksekokulu\/wp-content\/uploads\/sites\/445\/2021\/12\/okul-rerim-1024x575.png\" class=\"attachment-large size-large wp-image-6162\" alt=\"\" srcset=\"https:\/\/atauni.edu.tr\/saglik-hizmetleri-meslek-yuksekokulu\/wp-content\/uploads\/sites\/445\/2021\/12\/okul-rerim-1024x575.png 1024w, https:\/\/atauni.edu.tr\/saglik-hizmetleri-meslek-yuksekokulu\/wp-content\/uploads\/sites\/445\/2021\/12\/okul-rerim-300x168.png 300w, https:\/\/atauni.edu.tr\/saglik-hizmetleri-meslek-yuksekokulu\/wp-content\/uploads\/sites\/445\/2021\/12\/okul-rerim-768x431.png 768w, https:\/\/atauni.edu.tr\/saglik-hizmetleri-meslek-yuksekokulu\/wp-content\/uploads\/sites\/445\/2021\/12\/okul-rerim-1536x863.png 1536w, https:\/\/atauni.edu.tr\/saglik-hizmetleri-meslek-yuksekokulu\/wp-content\/uploads\/sites\/445\/2021\/12\/okul-rerim-600x337.png 600w, https:\/\/atauni.edu.tr\/saglik-hizmetleri-meslek-yuksekokulu\/wp-content\/uploads\/sites\/445\/2021\/12\/okul-rerim-560x314.png 560w, https:\/\/atauni.edu.tr\/saglik-hizmetleri-meslek-yuksekokulu\/wp-content\/uploads\/sites\/445\/2021\/12\/okul-rerim-e1638801537461.png 855w\" sizes=\"(max-width: 1024px) 100vw, 1024px\" \/>\t\t\t\t\t\t\t\t\t\t\t\t\t\t\t<\/div>\n\t\t\t\t<\/div>\n\t\t\t\t\t<\/div>\n\t\t<\/div>\n\t\t\t\t\t<\/div>\n\t\t<\/section>\n\t\t\t\t<section class=\"elementor-section elementor-top-section elementor-element elementor-element-681db8b elementor-section-boxed elementor-section-height-default elementor-section-height-default\" data-id=\"681db8b\" data-element_type=\"section\">\n\t\t\t\t\t\t<div class=\"elementor-container elementor-column-gap-default\">\n\t\t\t\t\t<div class=\"elementor-column elementor-col-100 elementor-top-column elementor-element elementor-element-ad4dac5\" data-id=\"ad4dac5\" data-element_type=\"column\">\n\t\t\t<div class=\"elementor-widget-wrap elementor-element-populated\">\n\t\t\t\t\t\t<div class=\"elementor-element elementor-element-506f2db elementor-widget elementor-widget-wp-widget-text\" data-id=\"506f2db\" data-element_type=\"widget\" data-widget_type=\"wp-widget-text.default\">\n\t\t\t\t<div class=\"elementor-widget-container\">\n\t\t\t\t\t\t\t\t<div class=\"textwidget\"><p><strong><u>TAR\u0130H\u00c7E<\/u><\/strong><\/p>\n<p>a)Kurulu\u015f ve Mevcut Programlar:<\/p>\n<p>Atat\u00fcrk \u00dcniversitesi Rekt\u00f6rl\u00fc\u011f\u00fcne ba\u011fl\u0131 olarak 21.11.1989 g\u00fcn ve 2880 say\u0131l\u0131 kanunun 7\/d-2 maddesi uyar\u0131nca kurulmu\u015f olan Y\u00fcksekokulumuz, 1991-1992 e\u011fitim-\u00f6\u011fretim y\u0131l\u0131nda &#8220;Anestezi&#8221;, &#8220;T\u0131bbi G\u00f6r\u00fcnt\u00fcleme Teknikleri&#8221; (Radyoloji), &#8220;<strong>T\u0131bbi Laboratuar Teknikleri<\/strong>&#8221; ve<strong>\u00a0<\/strong>&#8220;<strong>Hem\u015firelik<\/strong>&#8221; programlar\u0131 ile e\u011fitime ba\u015flam\u0131\u015ft\u0131r.<\/p>\n<p>Hem\u015firelik \u00f6n lisans programlar\u0131n\u0131n \u00fclke genelinde lisans e\u011fitimine d\u00f6n\u00fc\u015ft\u00fcr\u00fclmesi sonucu 1996\u20131997 e\u011fitim-\u00f6\u011fretim y\u0131l\u0131nda &#8220;Hem\u015firelik&#8221; program\u0131 kapat\u0131lm\u0131\u015ft\u0131r.<\/p>\n<p>1997-1998 e\u011fitim-\u00f6\u011fretim y\u0131l\u0131nda &#8220;\u0130lk ve Acil Yard\u0131m (Ambulans ve Acil Bak\u0131m Teknikerli\u011fi)&#8221; ile &#8220;T\u0131bbi Dok\u00fcmantasyon ve Sekreterlik&#8221; programlar\u0131;<\/p>\n<p>2007-2008 e\u011fitim y\u0131l\u0131nda &#8220;Diyaliz&#8221; program\u0131;<\/p>\n<p>2009-2010 e\u011fitim y\u0131l\u0131nda &#8220;<strong>T\u0131bbi Laboratuar Teknikleri (\u0130\u00d6)<\/strong>&#8221; ve &#8220;<strong>T\u0131bbi Dok\u00fcmantasyon ve Sekreterlik (\u0130\u00d6)<\/strong>&#8221; programlar\u0131;<\/p>\n<p>2010-2011 e\u011fitim y\u0131l\u0131nda \u201cYa\u015fl\u0131 Bak\u0131m\u0131\u201d, \u201cDi\u015f Protez Teknolojisi\u201d ve \u201cFizyoterapi\u201d programlar\u0131;<\/p>\n<p>2011-2012 e\u011fitim y\u0131l\u0131nda \u201cOdyometri\u201d ve \u201cOrtopedik Protez-Ortez\u201d programlar\u0131;<\/p>\n<p>2012-2013 e\u011fitim y\u0131l\u0131nda ise \u201c\u0130lk ve Acil Yard\u0131m (\u0130\u00d6)\u201d program\u0131;<\/p>\n<p>2015-2016 e\u011fitim y\u0131l\u0131nda \u201cEczane Hizmetleri\u201d, \u201cEngelli Bak\u0131m\u0131m ve Rehabilitasyon\u201d, ve \u201cAmeliyathane Hizmetleri\u201d programlar\u0131 a\u00e7\u0131larak Y\u00fcksekokulumuzda program say\u0131s\u0131 on yediye \u00e7\u0131kar\u0131lm\u0131\u015ft\u0131r.<\/p>\n<p>2015-2016 e\u011fitim-\u00f6\u011fretim y\u0131l\u0131 itibariyle ikinci \u00f6\u011fretim programlar\u0131na \u00f6\u011frenci al\u0131m\u0131 yap\u0131lmam\u0131\u015ft\u0131r.<\/p>\n<p>2022-2023 e\u011fitim \u00f6\u011fretim y\u0131l\u0131nda &#8220;Elektron\u00f6rofizyoloji&#8221; program\u0131na \u00f6\u011frenci al\u0131m\u0131 ger\u00e7ekle\u015ftirilecek olup y\u00fcksekokulumuzda onbe\u015f adet aktif program bulunmaktad\u0131r.<\/p>\n<p>b)Y\u00fcksekokulumuzda G\u00f6rev Yapan Y\u00fcksekokul M\u00fcd\u00fcrleri:<\/p>\n<p>Prof. Dr. S\u00fcleyman \u015eirin (Eyl\u00fcl 1991-Ekim 1994)<\/p>\n<p>Prof. Dr. Sebahattin USLU (Ekim 1994-Ocak 2001)<\/p>\n<p>Prof. Dr. Ahmet AYYILDIZ (Ocak 2001-Ocak 2005)<\/p>\n<p>Prof. Dr. \u015eenol DANE (Ocak 2005-\u015eubat 2009)<\/p>\n<p>Prof. Dr. Nuri BAKAN (\u015eubat 2009-Eyl\u00fcl 2016)<\/p>\n<p>Prof.Dr.Nimet Y\u0130\u011e\u0130T(Eyl\u00fcl 2016-2021)<\/p>\n<p>Prof.Dr.Necati UTLU(2021 &#8230;.)<\/p>\n<p>c) Y\u00fcksekokulumuzda G\u00f6rev Yapan Y\u00fcksekokul M\u00fcd\u00fcr Yard\u0131mc\u0131lar\u0131:<\/p>\n<p>Prof. Dr. Ahmet AYYILDIZ (Eyl\u00fcl 1991-Ocak 2001)<\/p>\n<p>Prof. Dr. \u015eenol DANE (Ocak 2001-Ocak 2005)<\/p>\n<p>Yrd. Do\u00e7. Dr. Osman Y\u00dcCEL (Ocak 2005-\u015eubat 2009)<\/p>\n<p>Do\u00e7. Dr. Nimet Y\u0130G\u0130T (Temmuz 2011-Ekim 2012)<\/p>\n<p>Prof. Dr. Necati UTLU (\u015eubat 2009-\u2026\u2026\u2026..)<\/p>\n<p>Do\u00e7.Dr. Ay\u015fe G\u00dcROL (Ocak 2013-\u2026..\u2026\u2026)<\/p>\n<p>Yrd.Do\u00e7.Dr. Deniz \u00d6ZT\u00dcK(Eyl\u00fcl 2016-\u2026\u2026..)<\/p>\n<p>Yrd.Do\u00e7.Dr. Mevl\u00fct ALBAYRAK(Eyl\u00fcl 2016-Haziran 2018)<\/p>\n<p>Yrd.Do\u00e7.Dr. Meltem ORAL(Haziran 2018-2021)<\/p>\n<p>Dr.\u00d6\u011fr.\u00dcyesi G\u00fcl\u015fah YILDIZ DEN\u0130Z (2021&#8230;.)<\/p>\n<p>\u00d6\u011fr.G\u00f6r.Y\u0131lmaz \u015eAH\u0130N (2021&#8230;.)<\/p>\n<p>d) Y\u00fcksekokulumuzda G\u00f6rev Yapan Y\u00fcksekokul Sekreterleri:<\/p>\n<p>Dil\u015fad G\u00dcLDA\u011e (Eyl\u00fcl 1991-\u015eubat 2002)<\/p>\n<p>Do\u011fan D\u0130KBA\u015e (\u015eubat 2002-Aral\u0131k 2012)<\/p>\n<p>Erg\u00fcl AKSOY (Aral\u0131k 2012-A\u011fustos 2015)<\/p>\n<p>Erkan C\u0130YAVUL (A\u011fustos 2015- \u2026\u2026\u2026)<\/p>\n<p>Ziya \u00d6ZPEKER (Ekim 2016 -Ocak 2019)<\/p>\n<p>Erkan C\u0130YAVUL(Ocak 2019-2021)<\/p>\n<p>Kas\u0131m G\u00dcNE\u015e (2021 &#8230;.)<\/p>\n<p><strong><u>AKADEM\u0130K KADRO<\/u><\/strong><\/p>\n<p>Y\u00fcksekokulumuzda kadrolu olarak ders veren; iki profes\u00f6r, bir do\u00e7ent, 10 Dr.\u00d6\u011fr. \u00dcyesi 9 \u00f6\u011fretim g\u00f6revlisi, toplam yirmiiki adet akademik personel bulunmaktad\u0131r. Ayr\u0131ca T\u0131p Fak\u00fcltesi a\u011f\u0131rl\u0131kl\u0131 olmak \u00fczere \u00dcniversitemizde bulunan di\u011fer fak\u00fclte ve y\u00fcksekokullardan g\u00f6revlendirilen \u00f6\u011fretim elemanlar\u0131 da e\u011fitim-\u00f6\u011fretime katk\u0131 sa\u011flamaktad\u0131r.<\/p>\n<p><strong><u>\u00a0<\/u><\/strong><\/p>\n<p><strong><u>E\u011e\u0130T\u0130M YER\u0130<\/u><\/strong><\/p>\n<p>Y\u00fcksekokulumuz, Atat\u00fcrk \u00dcniversitesi kampus\u00fc i\u00e7erisinde kendisine tahsis edilen mek\u00e2nda e\u011fitim-\u00f6\u011fretimini s\u00fcrd\u00fcrmektedir. Teorik dersler Y\u00fcksekokulumuza ait dersliklerde ve \u00fcniversite amfilerinde, uygulamal\u0131 dersler ise 112 Komuta Kontrol Merkezi, Erzurum Aile ve Sosyal Politikalar Bakanl\u0131\u011f\u0131na ba\u011fl\u0131 Ya\u015fl\u0131 Bak\u0131m evlerinde, Atat\u00fcrk \u00dcniversitesi T\u0131p Fak\u00fcltesi Hastaneleri, Sa\u011fl\u0131k Bakanl\u0131\u011f\u0131na ait B\u00f6lge E\u011fitim ve Ara\u015ft\u0131rma Hastanesi klinik ve laboratuvarlar\u0131nda yap\u0131lmaktad\u0131r.<\/p>\n<p><strong><u>PUAN \u00a0T\u00dcR\u00dc, KONTENJANI<\/u><\/strong><\/p>\n<table width=\"376\">\n<tbody>\n<tr>\n<td width=\"229\">PROGRAM<\/td>\n<td width=\"64\">PUAN T\u00dcR\u00dc<\/td>\n<td width=\"83\">KONTENJAN<\/td>\n<\/tr>\n<tr>\n<td>Ameliyathane Hizmetleri<\/td>\n<td>TYT<\/td>\n<td>75<\/td>\n<\/tr>\n<tr>\n<td>Anestezi<\/td>\n<td>TYT<\/td>\n<td>75<\/td>\n<\/tr>\n<tr>\n<td>Di\u015f Protez Teknolojisi<\/td>\n<td>TYT<\/td>\n<td>75<\/td>\n<\/tr>\n<tr>\n<td>Diyaliz<\/td>\n<td>TYT<\/td>\n<td>75<\/td>\n<\/tr>\n<tr>\n<td>Eczane Hizmetleri<\/td>\n<td>TYT<\/td>\n<td>70<\/td>\n<\/tr>\n<tr>\n<td>Elektron\u00f6rofizlyoloji<\/td>\n<td>TYT<\/td>\n<td>25<\/td>\n<\/tr>\n<tr>\n<td>Engelli Bak\u0131m\u0131 ve Rehabilitasyon<\/td>\n<td>TYT<\/td>\n<td>70<\/td>\n<\/tr>\n<tr>\n<td>Fizyoterapi<\/td>\n<td>TYT<\/td>\n<td>75<\/td>\n<\/tr>\n<tr>\n<td>\u0130lk ve Acil Yard\u0131m<\/td>\n<td>TYT<\/td>\n<td>75<\/td>\n<\/tr>\n<tr>\n<td>Odyometri<\/td>\n<td>TYT<\/td>\n<td>75<\/td>\n<\/tr>\n<tr>\n<td>Ortopedik Protez-Ortez<\/td>\n<td>TYT<\/td>\n<td>75<\/td>\n<\/tr>\n<tr>\n<td>T\u0131bbi Dok\u00fcmantasyon &amp; Sekreterlik<\/td>\n<td>TYT<\/td>\n<td>75<\/td>\n<\/tr>\n<tr>\n<td>T\u0131bbi G\u00f6r\u00fcnt\u00fcleme Teknikleri<\/td>\n<td>TYT<\/td>\n<td>75<\/td>\n<\/tr>\n<tr>\n<td>T\u0131bbi Laboratuar Teknikleri<\/td>\n<td>TYT<\/td>\n<td>75<\/td>\n<\/tr>\n<tr>\n<td>Ya\u015fl\u0131 Bak\u0131m\u0131<\/td>\n<td>TYT<\/td>\n<td>75<\/td>\n<\/tr>\n<\/tbody>\n<\/table>\n<p>&nbsp;<\/p>\n<p><strong><u>F\u0130Z\u0130K\u0130 DURUM<\/u><\/strong><\/p>\n<p>Y\u00fcksekokulumuzda \u00f6\u011fretim \u00fcyesi odas\u0131 ve idari b\u00fcrolar d\u0131\u015f\u0131nda;<\/p>\n<p>-1 adet 96 ki\u015filik \u201cdershane\u201d (data projeksiyonlu)<\/p>\n<p>-2 adet 72 ki\u015filik \u201cdershane\u201d (data projeksiyonlu)<\/p>\n<p>-1 adet 64 ki\u015filik \u201cdershane\u201d (data projeksiyonlu)<\/p>\n<p>-3 adet 35 ki\u015filik \u201cdershane\u201d (data projeksiyonlu)<\/p>\n<p>-4 adet 32 ki\u015filik \u201cdershane\u201d (data projeksiyonlu)<\/p>\n<p>-6 adet 90 ki\u015filik \u201cdershane\u201d (data projeksiyonlu)<\/p>\n<p>-1 adet 192 ki\u015filik \u201camfi\u201d (data projeksiyonlu)<\/p>\n<p>-1 adet 140 ki\u015filik \u201camfi\u201d (data projeksiyonlu)<\/p>\n<p>-1 adet 28 ki\u015filik \u201cbilgisayar salonu\u201d (data projeksiyonlu ve internet eri\u015fimli)<\/p>\n<p>-1 adet 21 ki\u015filik \u201cklavye ve bilgisayar uygulama salonu\u201d<\/p>\n<p>(data projeksiyonlu ve internet eri\u015fimli)<\/p>\n<p>-1 adet 24 ki\u015filik \u201cbiyokimya, mikrobiyoloji hematoloji \u00f6\u011frenci laboratuar\u0131\u201d<\/p>\n<p>-1 adet 15 ki\u015filik \u201c\u0130lk ve Acil Yard\u0131m uygulama salonu\u201d<\/p>\n<p>-1 adet 50 ki\u015filik \u201cDi\u015f Protez Teknolojisi\u201d laboratuar\u0131<\/p>\n<p>-1 adet 30 ki\u015filik \u201cOrtopedik Protez ve Ortez uygulama\u201d laboratuar\u0131<\/p>\n<p>-1 adet 15 ki\u015filik \u201cOdyometri uygulama \u201c laboratuar\u0131<\/p>\n<p>-1 adet 15 ki\u015filik \u201cYa\u015fl\u0131 Bak\u0131m\u0131 uygulama\u201d laboratuar\u0131<\/p>\n<p>-1 adet 15 ki\u015filik \u201cDiyaliz uygulama\u201d laboratuar\u0131<\/p>\n<p>-1 adet 12 ki\u015filik \u00a0internet eri\u015fim salonu<\/p>\n<p>-1 adet 24 ki\u015filik \u201cokuma ve \u00e7al\u0131\u015fma salonu\u201d<\/p>\n<p>-1 adet 30 ki\u015filik \u201cseminer ve toplant\u0131 salonu\u201d<\/p>\n<p>-1 adet \u00a0\u201c\u00f6\u011frenci kantini\u201d mevcuttur.<\/p>\n<\/div>\n\t\t\t\t\t\t<\/div>\n\t\t\t\t<\/div>\n\t\t\t\t\t<\/div>\n\t\t<\/div>\n\t\t\t\t\t<\/div>\n\t\t<\/section>\n\t\t\t\t<\/div>\n\t\t","protected":false},"excerpt":{"rendered":"<p>Y\u00fcksekokul Tan\u0131t\u0131m\u0131<\/p>\n","protected":false},"author":1,"featured_media":0,"parent":0,"menu_order":0,"comment_status":"closed","ping_status":"closed","template":"elementor_header_footer","meta":{"footnotes":""},"class_list":["post-5728","page","type-page","status-publish","hentry"],"_links":{"self":[{"href":"https:\/\/atauni.edu.tr\/saglik-hizmetleri-meslek-yuksekokulu\/wp-json\/wp\/v2\/pages\/5728","targetHints":{"allow":["GET"]}}],"collection":[{"href":"https:\/\/atauni.edu.tr\/saglik-hizmetleri-meslek-yuksekokulu\/wp-json\/wp\/v2\/pages"}],"about":[{"href":"https:\/\/atauni.edu.tr\/saglik-hizmetleri-meslek-yuksekokulu\/wp-json\/wp\/v2\/types\/page"}],"author":[{"embeddable":true,"href":"https:\/\/atauni.edu.tr\/saglik-hizmetleri-meslek-yuksekokulu\/wp-json\/wp\/v2\/users\/1"}],"replies":[{"embeddable":true,"href":"https:\/\/atauni.edu.tr\/saglik-hizmetleri-meslek-yuksekokulu\/wp-json\/wp\/v2\/comments?post=5728"}],"version-history":[{"count":26,"href":"https:\/\/atauni.edu.tr\/saglik-hizmetleri-meslek-yuksekokulu\/wp-json\/wp\/v2\/pages\/5728\/revisions"}],"predecessor-version":[{"id":9753,"href":"https:\/\/atauni.edu.tr\/saglik-hizmetleri-meslek-yuksekokulu\/wp-json\/wp\/v2\/pages\/5728\/revisions\/9753"}],"wp:attachment":[{"href":"https:\/\/atauni.edu.tr\/saglik-hizmetleri-meslek-yuksekokulu\/wp-json\/wp\/v2\/media?parent=5728"}],"curies":[{"name":"wp","href":"https:\/\/api.w.org\/{rel}","templated":true}]}}