{"id":6262,"date":"2021-12-06T22:16:25","date_gmt":"2021-12-06T19:16:25","guid":{"rendered":"https:\/\/birimler.atauni.edu.tr\/saglik-hizmetleri-meslek-yuksekokulu\/?page_id=6262"},"modified":"2024-06-13T10:39:00","modified_gmt":"2024-06-13T07:39:00","slug":"staj-evraklari","status":"publish","type":"page","link":"https:\/\/atauni.edu.tr\/saglik-hizmetleri-meslek-yuksekokulu\/staj-evraklari\/","title":{"rendered":"Staj Evraklar\u0131"},"content":{"rendered":"\t\t<div data-elementor-type=\"wp-page\" data-elementor-id=\"6262\" class=\"elementor elementor-6262\" data-elementor-post-type=\"page\">\n\t\t\t\t\t\t<section class=\"elementor-section elementor-top-section elementor-element elementor-element-017361f elementor-section-boxed elementor-section-height-default elementor-section-height-default\" data-id=\"017361f\" data-element_type=\"section\">\n\t\t\t\t\t\t<div class=\"elementor-container elementor-column-gap-default\">\n\t\t\t\t\t<div class=\"elementor-column elementor-col-100 elementor-top-column elementor-element elementor-element-1ec49a4\" data-id=\"1ec49a4\" data-element_type=\"column\">\n\t\t\t<div class=\"elementor-widget-wrap elementor-element-populated\">\n\t\t\t\t\t\t<div class=\"elementor-element elementor-element-e6de67d elementor-widget elementor-widget-text-editor\" data-id=\"e6de67d\" data-element_type=\"widget\" data-widget_type=\"text-editor.default\">\n\t\t\t\t<div class=\"elementor-widget-container\">\n\t\t\t\t\t\t\t\t\t<p><span style=\"font-weight: bolder;font-family: Ubuntu;font-size: 18px\">2017-2018<\/span><span style=\"font-family: Ubuntu;font-size: 18px\">&nbsp;E\u011e\u0130T\u0130M VE \u00d6\u011eRET\u0130M M\u00dcFREDATI VE SONRAK\u0130 M\u00dcFREDATLARA TAB\u0130 OLAN \u00d6\u011eRENC\u0130LER\u0130N STAJ DEFTER\u0130 VE STAJ DOSYALARI A\u015eA\u011eIDA VER\u0130LM\u0130\u015eT\u0130R<\/span><br><\/p>\t\t\t\t\t\t\t\t<\/div>\n\t\t\t\t<\/div>\n\t\t\t\t\t<\/div>\n\t\t<\/div>\n\t\t\t\t\t<\/div>\n\t\t<\/section>\n\t\t\t\t<section class=\"elementor-section elementor-top-section elementor-element elementor-element-8255f3a elementor-section-boxed elementor-section-height-default elementor-section-height-default\" data-id=\"8255f3a\" data-element_type=\"section\">\n\t\t\t\t\t\t<div class=\"elementor-container elementor-column-gap-default\">\n\t\t\t\t\t<div class=\"elementor-column elementor-col-100 elementor-top-column elementor-element elementor-element-1d293fe\" data-id=\"1d293fe\" data-element_type=\"column\">\n\t\t\t<div class=\"elementor-widget-wrap elementor-element-populated\">\n\t\t\t\t\t\t<div class=\"elementor-element elementor-element-16e1cb1 elementor-widget elementor-widget-wp-widget-text\" data-id=\"16e1cb1\" data-element_type=\"widget\" data-widget_type=\"wp-widget-text.default\">\n\t\t\t\t<div class=\"elementor-widget-container\">\n\t\t\t\t\t\t\t\t<div class=\"textwidget\"><p><a href=\"http:\/\/birimler.atauni.edu.tr\/saglik-hizmetleri-meslek-yuksekokulu\/wp-content\/uploads\/sites\/445\/2020\/07\/Ameliyathane-Hizmetleri.pdf\" target=\"_blank\" rel=\"noopener\">Ameliyathane Hizmetleri<\/a><\/p>\n<p><a href=\"http:\/\/birimler.atauni.edu.tr\/saglik-hizmetleri-meslek-yuksekokulu\/wp-content\/uploads\/sites\/445\/2020\/07\/Anestezi.pdf\" target=\"_blank\" rel=\"noopener\">Anestezi<\/a><\/p>\n<p><a href=\"http:\/\/birimler.atauni.edu.tr\/saglik-hizmetleri-meslek-yuksekokulu\/wp-content\/uploads\/sites\/445\/2020\/07\/Dis-Protez-Teknolojisi.pdf\" target=\"_blank\" rel=\"noopener\">Di\u015f Protez Teknolojisi<\/a><\/p>\n<p><a href=\"http:\/\/birimler.atauni.edu.tr\/saglik-hizmetleri-meslek-yuksekokulu\/wp-content\/uploads\/sites\/445\/2020\/07\/Diyaliz.pdf\" target=\"_blank\" rel=\"noopener\">Diyaliz<\/a><\/p>\n<p><a href=\"http:\/\/birimler.atauni.edu.tr\/saglik-hizmetleri-meslek-yuksekokulu\/wp-content\/uploads\/sites\/445\/2020\/07\/Eczane-Hizmetleri.pdf\" target=\"_blank\" rel=\"noopener\">Eczane Hizmetleri<\/a><\/p>\n<p><a href=\"http:\/\/birimler.atauni.edu.tr\/saglik-hizmetleri-meslek-yuksekokulu\/wp-content\/uploads\/sites\/445\/2020\/07\/Elektronorofizyoloji.pdf\" target=\"_blank\" rel=\"noopener\">Elektron\u00f6rofizyoloji<\/a><\/p>\n<p><a href=\"https:\/\/birimler.atauni.edu.tr\/saglik-hizmetleri-meslek-yuksekokulu\/engelli-bakimi-ve-rehabilitasyon-3\/\" target=\"_blank\" rel=\"attachment noopener wp-att-7842\">Engelli Bak\u0131m\u0131 ve Rehabilitasyon<\/a><\/p>\n<p><a href=\"http:\/\/birimler.atauni.edu.tr\/saglik-hizmetleri-meslek-yuksekokulu\/wp-content\/uploads\/sites\/445\/2020\/07\/Fizyoterapi.pdf\" target=\"_blank\" rel=\"noopener\">Fizyoterapi<\/a><\/p>\n<p><a href=\"http:\/\/birimler.atauni.edu.tr\/saglik-hizmetleri-meslek-yuksekokulu\/wp-content\/uploads\/sites\/445\/2020\/07\/Ilk-ve-Acil-Yardim.pdf\" target=\"_blank\" rel=\"noopener\">\u0130lk ve Acil Yard\u0131m<\/a><\/p>\n<p><a href=\"http:\/\/birimler.atauni.edu.tr\/saglik-hizmetleri-meslek-yuksekokulu\/wp-content\/uploads\/sites\/445\/2020\/07\/Odyometri.pdf\" target=\"_blank\" rel=\"noopener\">Odyometri<\/a><\/p>\n<p><a href=\"http:\/\/birimler.atauni.edu.tr\/saglik-hizmetleri-meslek-yuksekokulu\/wp-content\/uploads\/sites\/445\/2020\/07\/Ortopedik-Protez-ve-Ortez.pdf\" target=\"_blank\" rel=\"noopener\">Ortopedik Protez ve Ortez<\/a><\/p>\n<p><a href=\"http:\/\/birimler.atauni.edu.tr\/saglik-hizmetleri-meslek-yuksekokulu\/wp-content\/uploads\/sites\/445\/2020\/07\/Tibbi-Dokumantasyon-ve-Sekreterlik.pdf\" target=\"_blank\" rel=\"noopener\">T\u0131bbi Dok\u00fcmantasyon ve Sekreterlik<\/a><\/p>\n<p><a href=\"http:\/\/birimler.atauni.edu.tr\/saglik-hizmetleri-meslek-yuksekokulu\/wp-content\/uploads\/sites\/445\/2020\/07\/Tibbi-Goruntuleme-Teknikleri.pdf\" target=\"_blank\" rel=\"noopener\">T\u0131bbi G\u00f6r\u00fcnt\u00fcleme Teknikleri<\/a><\/p>\n<p><a href=\"http:\/\/birimler.atauni.edu.tr\/saglik-hizmetleri-meslek-yuksekokulu\/wp-content\/uploads\/sites\/445\/2020\/07\/Tibbi-Laboratuvar-Teknikleri.pdf\" target=\"_blank\" rel=\"noopener\">T\u0131bbi Laboratuvar Teknikleri<\/a><\/p>\n<p><a href=\"http:\/\/birimler.atauni.edu.tr\/saglik-hizmetleri-meslek-yuksekokulu\/wp-content\/uploads\/sites\/445\/2020\/07\/Yasli-Bakimi.pdf\" target=\"_blank\" rel=\"noopener\">Ya\u015fl\u0131 Bak\u0131m\u0131<\/a><\/p>\n<p><a href=\"http:\/\/birimler.atauni.edu.tr\/saglik-hizmetleri-meslek-yuksekokulu\/wp-content\/uploads\/sites\/445\/2020\/07\/Staj-Defteri.pdf\">Staj Defteri<\/a><\/p>\n<p>&nbsp;<\/p>\n<\/div>\n\t\t\t\t\t\t<\/div>\n\t\t\t\t<\/div>\n\t\t\t\t\t<\/div>\n\t\t<\/div>\n\t\t\t\t\t<\/div>\n\t\t<\/section>\n\t\t\t\t<\/div>\n\t\t","protected":false},"excerpt":{"rendered":"<p>2017-2018&nbsp;E\u011e\u0130T\u0130M VE \u00d6\u011eRET\u0130M M\u00dcFREDATI VE SONRAK\u0130 M\u00dcFREDATLARA TAB\u0130 OLAN \u00d6\u011eRENC\u0130LER\u0130N STAJ DEFTER\u0130 VE STAJ DOSYALARI A\u015eA\u011eIDA VER\u0130LM\u0130\u015eT\u0130R<\/p>\n","protected":false},"author":258,"featured_media":0,"parent":0,"menu_order":0,"comment_status":"closed","ping_status":"closed","template":"","meta":{"footnotes":""},"class_list":["post-6262","page","type-page","status-publish","hentry"],"_links":{"self":[{"href":"https:\/\/atauni.edu.tr\/saglik-hizmetleri-meslek-yuksekokulu\/wp-json\/wp\/v2\/pages\/6262","targetHints":{"allow":["GET"]}}],"collection":[{"href":"https:\/\/atauni.edu.tr\/saglik-hizmetleri-meslek-yuksekokulu\/wp-json\/wp\/v2\/pages"}],"about":[{"href":"https:\/\/atauni.edu.tr\/saglik-hizmetleri-meslek-yuksekokulu\/wp-json\/wp\/v2\/types\/page"}],"author":[{"embeddable":true,"href":"https:\/\/atauni.edu.tr\/saglik-hizmetleri-meslek-yuksekokulu\/wp-json\/wp\/v2\/users\/258"}],"replies":[{"embeddable":true,"href":"https:\/\/atauni.edu.tr\/saglik-hizmetleri-meslek-yuksekokulu\/wp-json\/wp\/v2\/comments?post=6262"}],"version-history":[{"count":22,"href":"https:\/\/atauni.edu.tr\/saglik-hizmetleri-meslek-yuksekokulu\/wp-json\/wp\/v2\/pages\/6262\/revisions"}],"predecessor-version":[{"id":10095,"href":"https:\/\/atauni.edu.tr\/saglik-hizmetleri-meslek-yuksekokulu\/wp-json\/wp\/v2\/pages\/6262\/revisions\/10095"}],"wp:attachment":[{"href":"https:\/\/atauni.edu.tr\/saglik-hizmetleri-meslek-yuksekokulu\/wp-json\/wp\/v2\/media?parent=6262"}],"curies":[{"name":"wp","href":"https:\/\/api.w.org\/{rel}","templated":true}]}}