{"id":6538,"date":"2021-12-07T13:32:18","date_gmt":"2021-12-07T10:32:18","guid":{"rendered":"https:\/\/birimler.atauni.edu.tr\/saglik-hizmetleri-meslek-yuksekokulu\/?page_id=6538"},"modified":"2021-12-09T15:08:46","modified_gmt":"2021-12-09T12:08:46","slug":"ortopedik-protez-ve-ortez-laboratuvari","status":"publish","type":"page","link":"https:\/\/atauni.edu.tr\/saglik-hizmetleri-meslek-yuksekokulu\/ortopedik-protez-ve-ortez-laboratuvari\/","title":{"rendered":"Ortopedik Protez ve Ortez Laboratuvar\u0131"},"content":{"rendered":"\t\t<div data-elementor-type=\"wp-page\" data-elementor-id=\"6538\" class=\"elementor elementor-6538\" data-elementor-post-type=\"page\">\n\t\t\t\t\t\t<section class=\"elementor-section elementor-top-section elementor-element elementor-element-e61ff48 elementor-section-boxed elementor-section-height-default elementor-section-height-default\" data-id=\"e61ff48\" data-element_type=\"section\">\n\t\t\t\t\t\t<div class=\"elementor-container elementor-column-gap-default\">\n\t\t\t\t\t<div class=\"elementor-column elementor-col-100 elementor-top-column elementor-element elementor-element-1fb06d2\" data-id=\"1fb06d2\" data-element_type=\"column\">\n\t\t\t<div class=\"elementor-widget-wrap elementor-element-populated\">\n\t\t\t\t\t\t<div class=\"elementor-element elementor-element-d51cec5 elementor-arrows-position-inside elementor-pagination-position-outside elementor-widget elementor-widget-image-carousel\" data-id=\"d51cec5\" data-element_type=\"widget\" data-settings=\"{&quot;navigation&quot;:&quot;both&quot;,&quot;autoplay&quot;:&quot;yes&quot;,&quot;pause_on_hover&quot;:&quot;yes&quot;,&quot;pause_on_interaction&quot;:&quot;yes&quot;,&quot;autoplay_speed&quot;:5000,&quot;infinite&quot;:&quot;yes&quot;,&quot;speed&quot;:500}\" data-widget_type=\"image-carousel.default\">\n\t\t\t\t<div class=\"elementor-widget-container\">\n\t\t\t\t\t\t\t<div class=\"elementor-image-carousel-wrapper swiper\" role=\"region\" aria-roledescription=\"carousel\" aria-label=\"Resim D\u00f6ng\u00fcs\u00fc\" dir=\"ltr\">\n\t\t\t<div class=\"elementor-image-carousel swiper-wrapper\" aria-live=\"off\">\n\t\t\t\t\t\t\t\t<div class=\"swiper-slide\" role=\"group\" aria-roledescription=\"slide\" aria-label=\"1 \/ 9\"><figure class=\"swiper-slide-inner\"><img decoding=\"async\" class=\"swiper-slide-image\" src=\"https:\/\/atauni.edu.tr\/saglik-hizmetleri-meslek-yuksekokulu\/wp-content\/uploads\/sites\/445\/2020\/07\/WhatsApp-Image-2021-12-09-at-11.53.00.jpeg\" alt=\"WhatsApp Image 2021-12-09 at 11.53.00\" \/><\/figure><\/div><div class=\"swiper-slide\" role=\"group\" aria-roledescription=\"slide\" aria-label=\"2 \/ 9\"><figure class=\"swiper-slide-inner\"><img decoding=\"async\" class=\"swiper-slide-image\" src=\"https:\/\/atauni.edu.tr\/saglik-hizmetleri-meslek-yuksekokulu\/wp-content\/uploads\/sites\/445\/2020\/07\/WhatsApp-Image-2021-12-09-at-11.53.01-2.jpeg\" alt=\"WhatsApp Image 2021-12-09 at 11.53.01 (2)\" \/><\/figure><\/div><div class=\"swiper-slide\" role=\"group\" aria-roledescription=\"slide\" aria-label=\"3 \/ 9\"><figure class=\"swiper-slide-inner\"><img decoding=\"async\" class=\"swiper-slide-image\" src=\"https:\/\/atauni.edu.tr\/saglik-hizmetleri-meslek-yuksekokulu\/wp-content\/uploads\/sites\/445\/2020\/07\/WhatsApp-Image-2021-12-09-at-11.53.01.jpeg\" alt=\"WhatsApp Image 2021-12-09 at 11.53.01\" \/><\/figure><\/div><div class=\"swiper-slide\" role=\"group\" aria-roledescription=\"slide\" aria-label=\"4 \/ 9\"><figure class=\"swiper-slide-inner\"><img decoding=\"async\" class=\"swiper-slide-image\" src=\"https:\/\/atauni.edu.tr\/saglik-hizmetleri-meslek-yuksekokulu\/wp-content\/uploads\/sites\/445\/2020\/07\/WhatsApp-Image-2021-12-09-at-11.53.03-1.jpeg\" alt=\"WhatsApp Image 2021-12-09 at 11.53.03 (1)\" \/><\/figure><\/div><div class=\"swiper-slide\" role=\"group\" aria-roledescription=\"slide\" aria-label=\"5 \/ 9\"><figure class=\"swiper-slide-inner\"><img decoding=\"async\" class=\"swiper-slide-image\" src=\"https:\/\/atauni.edu.tr\/saglik-hizmetleri-meslek-yuksekokulu\/wp-content\/uploads\/sites\/445\/2020\/07\/WhatsApp-Image-2021-12-09-at-11.53.07.jpeg\" alt=\"WhatsApp Image 2021-12-09 at 11.53.07\" \/><\/figure><\/div><div class=\"swiper-slide\" role=\"group\" aria-roledescription=\"slide\" aria-label=\"6 \/ 9\"><figure class=\"swiper-slide-inner\"><img decoding=\"async\" class=\"swiper-slide-image\" src=\"https:\/\/atauni.edu.tr\/saglik-hizmetleri-meslek-yuksekokulu\/wp-content\/uploads\/sites\/445\/2020\/07\/WhatsApp-Image-2021-12-09-at-11.53.03-2.jpeg\" alt=\"WhatsApp Image 2021-12-09 at 11.53.03 (2)\" \/><\/figure><\/div><div class=\"swiper-slide\" role=\"group\" aria-roledescription=\"slide\" aria-label=\"7 \/ 9\"><figure class=\"swiper-slide-inner\"><img decoding=\"async\" class=\"swiper-slide-image\" src=\"https:\/\/atauni.edu.tr\/saglik-hizmetleri-meslek-yuksekokulu\/wp-content\/uploads\/sites\/445\/2020\/07\/WhatsApp-Image-2021-12-09-at-11.53.04-2.jpeg\" alt=\"WhatsApp Image 2021-12-09 at 11.53.04 (2)\" \/><\/figure><\/div><div class=\"swiper-slide\" role=\"group\" aria-roledescription=\"slide\" aria-label=\"8 \/ 9\"><figure class=\"swiper-slide-inner\"><img decoding=\"async\" class=\"swiper-slide-image\" src=\"https:\/\/atauni.edu.tr\/saglik-hizmetleri-meslek-yuksekokulu\/wp-content\/uploads\/sites\/445\/2020\/07\/WhatsApp-Image-2021-12-09-at-11.53.04-3.jpeg\" alt=\"WhatsApp Image 2021-12-09 at 11.53.04 (3)\" \/><\/figure><\/div><div class=\"swiper-slide\" role=\"group\" aria-roledescription=\"slide\" aria-label=\"9 \/ 9\"><figure class=\"swiper-slide-inner\"><img decoding=\"async\" class=\"swiper-slide-image\" src=\"https:\/\/atauni.edu.tr\/saglik-hizmetleri-meslek-yuksekokulu\/wp-content\/uploads\/sites\/445\/2020\/07\/WhatsApp-Image-2021-12-09-at-11.53.05.jpeg\" alt=\"WhatsApp Image 2021-12-09 at 11.53.05\" \/><\/figure><\/div>\t\t\t<\/div>\n\t\t\t\t\t\t\t\t\t\t\t\t<div class=\"elementor-swiper-button elementor-swiper-button-prev\" role=\"button\" tabindex=\"0\">\n\t\t\t\t\t\t<i aria-hidden=\"true\" class=\"eicon-chevron-left\"><\/i>\t\t\t\t\t<\/div>\n\t\t\t\t\t<div class=\"elementor-swiper-button elementor-swiper-button-next\" role=\"button\" tabindex=\"0\">\n\t\t\t\t\t\t<i aria-hidden=\"true\" class=\"eicon-chevron-right\"><\/i>\t\t\t\t\t<\/div>\n\t\t\t\t\n\t\t\t\t\t\t\t\t\t<div class=\"swiper-pagination\"><\/div>\n\t\t\t\t\t\t\t\t\t<\/div>\n\t\t\t\t\t\t<\/div>\n\t\t\t\t<\/div>\n\t\t\t\t\t<\/div>\n\t\t<\/div>\n\t\t\t\t\t<\/div>\n\t\t<\/section>\n\t\t\t\t<\/div>\n\t\t","protected":false},"excerpt":{"rendered":"<p>\u00d6nceki Sonraki<\/p>\n","protected":false},"author":258,"featured_media":0,"parent":0,"menu_order":0,"comment_status":"closed","ping_status":"closed","template":"","meta":{"footnotes":""},"class_list":["post-6538","page","type-page","status-publish","hentry"],"_links":{"self":[{"href":"https:\/\/atauni.edu.tr\/saglik-hizmetleri-meslek-yuksekokulu\/wp-json\/wp\/v2\/pages\/6538","targetHints":{"allow":["GET"]}}],"collection":[{"href":"https:\/\/atauni.edu.tr\/saglik-hizmetleri-meslek-yuksekokulu\/wp-json\/wp\/v2\/pages"}],"about":[{"href":"https:\/\/atauni.edu.tr\/saglik-hizmetleri-meslek-yuksekokulu\/wp-json\/wp\/v2\/types\/page"}],"author":[{"embeddable":true,"href":"https:\/\/atauni.edu.tr\/saglik-hizmetleri-meslek-yuksekokulu\/wp-json\/wp\/v2\/users\/258"}],"replies":[{"embeddable":true,"href":"https:\/\/atauni.edu.tr\/saglik-hizmetleri-meslek-yuksekokulu\/wp-json\/wp\/v2\/comments?post=6538"}],"version-history":[{"count":10,"href":"https:\/\/atauni.edu.tr\/saglik-hizmetleri-meslek-yuksekokulu\/wp-json\/wp\/v2\/pages\/6538\/revisions"}],"predecessor-version":[{"id":6804,"href":"https:\/\/atauni.edu.tr\/saglik-hizmetleri-meslek-yuksekokulu\/wp-json\/wp\/v2\/pages\/6538\/revisions\/6804"}],"wp:attachment":[{"href":"https:\/\/atauni.edu.tr\/saglik-hizmetleri-meslek-yuksekokulu\/wp-json\/wp\/v2\/media?parent=6538"}],"curies":[{"name":"wp","href":"https:\/\/api.w.org\/{rel}","templated":true}]}}