{"id":6565,"date":"2021-12-07T15:02:14","date_gmt":"2021-12-07T12:02:14","guid":{"rendered":"https:\/\/birimler.atauni.edu.tr\/saglik-hizmetleri-meslek-yuksekokulu\/?page_id=6565"},"modified":"2026-04-16T16:27:06","modified_gmt":"2026-04-16T13:27:06","slug":"calisma-gruplari-koordinatorler-ve-temsilciler","status":"publish","type":"page","link":"https:\/\/atauni.edu.tr\/saglik-hizmetleri-meslek-yuksekokulu\/calisma-gruplari-koordinatorler-ve-temsilciler\/","title":{"rendered":"\u00c7al\u0131\u015fma Gruplar\u0131\/Koordinat\u00f6rler ve Temsilciler"},"content":{"rendered":"\t\t<div data-elementor-type=\"wp-page\" data-elementor-id=\"6565\" class=\"elementor elementor-6565\" data-elementor-post-type=\"page\">\n\t\t\t\t\t\t<section class=\"elementor-section elementor-top-section elementor-element elementor-element-8d524bf elementor-section-boxed elementor-section-height-default elementor-section-height-default\" data-id=\"8d524bf\" data-element_type=\"section\">\n\t\t\t\t\t\t<div class=\"elementor-container elementor-column-gap-default\">\n\t\t\t\t\t<div class=\"elementor-column elementor-col-100 elementor-top-column elementor-element elementor-element-b3e7793\" data-id=\"b3e7793\" data-element_type=\"column\">\n\t\t\t<div class=\"elementor-widget-wrap elementor-element-populated\">\n\t\t\t\t\t\t<div class=\"elementor-element elementor-element-149e74a elementor-widget elementor-widget-text-editor\" data-id=\"149e74a\" data-element_type=\"widget\" data-widget_type=\"text-editor.default\">\n\t\t\t\t<div class=\"elementor-widget-container\">\n\t\t\t\t\t\t\t\t\t<table width=\"727\"><tbody><tr><td width=\"380\"><p><strong>\u00a0 \u00a0 \u00a0 \u00a0 \u00a0 \u00a0 \u00a0<\/strong><strong style=\"font-family: inherit;font-size: inherit\">\u00c7ALI\u015eMA GRUBU\/KOORD\u0130NAT\u00d6R VE <\/strong><strong style=\"font-family: inherit;font-size: inherit\">TEMS\u0130LC\u0130LER<\/strong><\/p><\/td><td width=\"346\"><p><strong>G\u00d6REVL\u0130LER <\/strong><\/p><\/td><\/tr><tr><td width=\"380\"><p><strong>Y\u00dcKSEKOKUL KURULU <\/strong><\/p><\/td><td width=\"346\"><p>Prof.Dr. Necati UTLU (Ba\u015fkan)<\/p><p>Prof.Dr.Nimet Y\u0130G\u0130T (\u00dcye)<\/p><p>Do\u00e7.Dr. Fatma G\u00dcR (\u00dcye)<\/p><p>Do\u00e7.Dr.G\u00fcl\u015fah YILDIZ DEN\u0130Z (\u00dcye)<\/p><p>Do\u00e7.Dr. Cihan G\u00dcR (\u00dcye)<\/p><p>Dr.\u00d6\u011fr:\u00dcyesi Deniz \u00d6ZT\u00dcRK (\u00dcye)<\/p><p>\u00d6\u011fr.G\u00f6r. Murat AKIN (\u00dcye)<\/p><p>Kas\u0131m G\u00dcNE\u015e (Raport\u00f6r)<\/p><\/td><\/tr><tr><td width=\"380\"><p><strong>Y\u00d6NET\u0130M KURULU <\/strong><\/p><\/td><td width=\"346\"><p>Prof.Dr. Necati UTLU (Ba\u015fkan)<\/p><p>Do\u00e7.Dr. Cihan G\u00dcR (\u00dcye)<\/p><p>Do\u00e7.Dr.Mevl\u00fct ALBAYRAK (\u00dcye)<\/p><p>Dr.\u00d6\u011fr.\u00dcyesi Akar KARAKO\u00c7 (\u00dcye)<\/p><p>Dr.\u00d6\u011fr.\u00dcyesi Deniz \u00d6ZT\u00dcRK (\u00dcye)<\/p><p>\u00d6\u011fr.G\u00f6r. Murat AKIN (\u00dcye)<\/p><p>Kas\u0131m G\u00dcNE\u015e (Raport\u00f6r)<\/p><\/td><\/tr><tr><td width=\"380\"><p><strong>D\u0130S\u0130PL\u0130N KURULU <\/strong><\/p><\/td><td width=\"346\"><p>Prof.Dr. Necati UTLU (Ba\u015fkan)<\/p><p>Do\u00e7.Dr. G\u00fcl\u015fah YILDIZ DEN\u0130Z (\u00dcye)<\/p><p>Do\u00e7.Dr. Mevl\u00fct ALBAYRAK (\u00dcye)<\/p><p>Dr.\u00d6\u011fr.\u00dcyesi Deniz \u00d6ZT\u00dcRK (\u00dcye)<\/p><p>\u00d6\u011fr.G\u00f6r.Dr. Murat AKIN (\u00dcye)<\/p><p>Kas\u0131m G\u00dcNE\u015e (Raport\u00f6r)<\/p><\/td><\/tr><tr><td width=\"380\"><p><strong>\u00a0<\/strong><\/p><p><strong>BOLOGNA KOORD\u0130NAT\u00d6R\u00dc <\/strong><\/p><\/td><td width=\"346\"><p>Do\u00e7.Dr. Cihan G\u00dcR<\/p><\/td><\/tr><tr><td width=\"380\"><p><strong>ERASMUS\/FARAB\u0130 VE MEVLANA\u00a0<\/strong><strong>KOORD\u0130NAT\u00d6R\u00dc <\/strong><\/p><\/td><td width=\"346\"><p>Do\u00e7.Dr. Cihan G\u00dcR<\/p><\/td><\/tr><tr><td width=\"380\"><strong>SINAV PROGRAMI KOORD\u0130NAT\u00d6R\u00dc <\/strong><\/td><td width=\"346\"><p>Do\u00e7.Dr. Cihan G\u00dcR<\/p><\/td><\/tr><tr><td width=\"380\"><strong>DERS PROGRAMI KOORD\u0130NAT\u00d6R\u00dc <\/strong><\/td><td width=\"346\"><p>\u00d6\u011fr.G\u00f6r. Murat AKIN<\/p><\/td><\/tr><tr><td width=\"380\"><p><strong>SPOR KOM\u0130SYONU <\/strong><\/p><\/td><td width=\"346\"><p>Prof.Dr.Neati UTLU (Ba\u015fkan)<\/p><p>Do\u00e7.Dr. G\u00fcl\u015fah YILDIZ DEN\u0130Z (\u00dcye)<\/p><p>Do\u00e7.Dr. Mevl\u00fct ALBAYRAK (\u00dcye)<\/p><p>\u00d6\u011fr.G\u00f6r. Dr.Serap BUZTEPE (Temsilci)<\/p><p>\u00d6\u011fr.G\u00f6r. Murat AKIN (\u00dcye)<\/p><\/td><\/tr><\/tbody><\/table><table width=\"727\"><tbody><tr><td width=\"380\"><p><strong>AKADEM\u0130K TE\u015eV\u0130K \u00d6N \u0130NCELEME VE <\/strong>\u00a0\u00a0<\/p><p><strong>AKADEM\u0130K PERFORMANS <\/strong>\u00a0\u00a0<\/p><p><strong>DE\u011eERLEND\u0130RME S\u00dcRE\u00c7 Y\u00d6NET\u0130M <\/strong>\u00a0\u00a0<\/p><p><strong>S\u0130STEM\u0130 (APS\u0130S) KOM\u0130SYONU <\/strong>\u00a0\u00a0<\/p><\/td><td width=\"347\"><p>Do\u00e7.Dr. Mevl\u00fct ALBAYRAK (Ba\u015fkan) \u00a0\u00a0<\/p><p>Do\u00e7.Dr.G\u00fcl\u015fah YILDIZ DEN\u0130Z (\u00dcye) \u00a0\u00a0<\/p><p>Do\u00e7.Dr. Fatma G\u00dcR (\u00dcye) \u00a0\u00a0<\/p><p>Do\u00e7.Dr. Seda A\u015eKIN\u00a0 ( \u00dcye)<\/p><p>\u00d6\u011fr.G\u00f6r.Dr. Murat AKIN (\u00dcye) \u00a0\u00a0<\/p><\/td><\/tr><tr><td width=\"380\"><p><strong>KR\u0130TER KOM\u0130SYONU <\/strong>\u00a0\u00a0<\/p><\/td><td width=\"347\"><p>Prof.Dr. Necati UTLU (Ba\u015fkan) \u00a0\u00a0<\/p><p>Prof.Dr. Nimet Y\u0130G\u0130T (\u00dcye) \u00a0\u00a0<\/p><p>Do\u00e7.Dr. Mevl\u00fct ALBAYRAK (\u00dcye) \u00a0\u00a0<\/p><p>Do\u00e7.Dr.Fatma G\u00dcR (\u00dcye) \u00a0\u00a0<\/p><\/td><\/tr><tr><td width=\"380\"><p><strong>ENGELL\u0130 \u00d6\u011eRENC\u0130 DANI\u015eMANI <\/strong>\u00a0\u00a0<\/p><\/td><td width=\"347\"><p>Do\u00e7.Dr. G\u00fcl\u015fah YILDIZ DEN\u0130Z \u00a0\u00a0<\/p><\/td><\/tr><tr><td width=\"380\"><p><strong>E\u011e\u0130T\u0130M-\u00d6\u011eRET\u0130M\u00a0<\/strong><strong style=\"letter-spacing: 0px\">KOM\u0130SYONU <\/strong><span style=\"letter-spacing: 0px\">\u00a0\u00a0<\/span><\/p><\/td><td width=\"347\"><p>Prof.Dr. Necati UTLU (Ba\u015fkan) \u00a0\u00a0<\/p><p>Prof.Dr.Nimet Y\u0130G\u0130T (\u00dcye) \u00a0\u00a0<\/p><p>Do\u00e7.Dr. Cihan G\u00dcR (\u00dcye)\u00a0 \u00a0\u00a0<\/p><p>Do\u00e7.Dr. Sibel \u00d6ZT\u00dcRK (\u00dcye)\u00a0 \u00a0<\/p><p>Do\u00e7.Dr. Deniz \u00d6ZT\u00dcRK (\u00dcye)\u00a0<\/p><p><span style=\"letter-spacing: 0px\">Dr.\u00d6\u011fr.\u00dcyesi Seda A\u015eKIN (\u00dcye)\u00a0 \u00a0<\/span><\/p><p>Dr.\u00d6\u011fr.\u00dcyesi G\u00fcl\u015fah ALYAR (\u00dcye) \u00a0\u00a0<\/p><p>\u00d6\u011fr.G\u00f6r.Murat AKIN( \u00dcye)<\/p><p>\u00d6\u011fr.G\u00f6r. Seval USLU (\u00dcye)<\/p><\/td><\/tr><tr><td width=\"380\"><p><strong>SOSYAL K\u00dcLT\u00dcREL ETK\u0130NL\u0130KLER <\/strong>\u00a0\u00a0<\/p><p><strong>KOM\u0130SYONU <\/strong>\u00a0\u00a0<\/p><\/td><td width=\"347\"><p>Prof.Dr. Necati UTLU (Ba\u015fkan)\u00a0 \u00a0<\/p><p>Do\u00e7.Dr. Mevl\u00fct ALBAYRAK (\u00dcye) \u00a0\u00a0<\/p><p>Dr.\u00d6\u011fr.\u00dcyesi Seda A\u015eKIN (\u00dcye) \u00a0\u00a0<\/p><p>Dr .\u00d6\u011fr. \u00dcyesi Arzu GEZER (\u00dcye) \u00a0\u00a0<\/p><p>Dr. \u00d6\u011fr. \u00dcyesi Elif KANT (\u00dcye) \u00a0\u00a0<\/p><p>\u00d6\u011fr.G\u00f6r.Dr. Murat AKIN (\u00dcye)<\/p><p>\u00d6\u011fr.G\u00f6r.\u00d6mer \u00d6MERO\u011eLU (\u00dcye) \u00a0\u00a0<\/p><p>\u00d6\u011fr.G\u00f6r. Esra BAYRAK\u00c7EKEN (\u00dcye) \u00a0\u00a0<\/p><\/td><\/tr><tr><td width=\"380\"><p><strong>MUAYENE KOM\u0130SYONU <\/strong>\u00a0\u00a0<\/p><\/td><td width=\"347\"><p>Do\u00e7.Dr. G\u00fcl\u015fah YILDIZ DEN\u0130Z (Ba\u015fkan) \u00a0\u00a0<\/p><p>Dr.\u00d6\u011fr.\u00dcyesi Osman Y\u00dcCEL (\u00dcye) \u00a0\u00a0<\/p><p>\u00d6\u011fr.G\u00f6r. Dr. Murat AKIN\u00a0 (\u00dcye) \u00a0\u00a0<\/p><\/td><\/tr><\/tbody><\/table><table width=\"727\"><tbody><tr><td width=\"380\"><p><strong>PROJE KOORD\u0130NAT\u00d6R\u00dc <\/strong>\u00a0\u00a0<\/p><\/td><td width=\"347\"><p>Prof.Dr. Necati UTLU \u00a0\u00a0<\/p><\/td><\/tr><tr><td width=\"380\"><p><strong>KATI VE TEHL\u0130KEL\u0130 ATIK Y\u00d6NET\u0130M\u0130 <\/strong>\u00a0\u00a0<\/p><p><strong>KOORD\u0130NAT\u00d6RL\u00dc\u011e\u00dc TEMS\u0130LC\u0130LER <\/strong>\u00a0\u00a0<\/p><p><strong>KURULU \u00dcYES\u0130 <\/strong>\u00a0\u00a0<\/p><\/td><td width=\"347\"><p>Dr.\u00d6\u011fr.\u00dcyesi Akar KARAKO\u00c7 \u00a0\u00a0<\/p><\/td><\/tr><tr><td width=\"380\"><p><strong>B\u0130R\u0130M KAL\u0130TE KOM\u0130SYONU <\/strong>\u00a0\u00a0<\/p><\/td><td width=\"347\"><p>Prof.Dr.Necati UTLU (Ba\u015fkan) \u00a0\u00a0<\/p><p>Prof.Dr.Nimet Y\u0130\u011e\u0130T (\u00dcye) \u00a0\u00a0<\/p><p>Do\u00e7.Dr. G\u00fcl\u015fah YILDIZ DEN\u0130Z (\u00dcye)\u00a0 \u00a0<\/p><p>Do\u00e7.Dr. Mevl\u00fct ALBAYRAK (\u00dcye)<\/p><p>Dr.\u00d6\u011fr.\u00dcyesi Osman Y\u00dcCEL (\u00dcye) \u00a0\u00a0<\/p><p>Dr.\u00d6\u011fr.\u00dcyesi Figen ORHAN (\u00dcye) \u00a0\u00a0<\/p><p>\u00d6\u011fr.G\u00f6r.Murat AKIN (\u00dcye)<\/p><p>Kas\u0131m \u00a0G\u00dcNE\u015e (Y\u00fck.Okul Sek) \u00a0\u00a0<\/p><\/td><\/tr><tr><td width=\"380\"><p><strong>PROGRAM DE\u011eERLEND\u0130RME VE <\/strong>\u00a0\u00a0<\/p><p><strong>M\u00dcFREDAT GEL\u0130\u015eT\u0130RME KOM\u0130SYONU <\/strong>\u00a0\u00a0<\/p><\/td><td width=\"347\"><p>Prof.Dr. Necati UTLU (Ba\u015fkan) \u00a0\u00a0<\/p><p>Prof.Dr.Nimet Y\u0130G\u0130T (\u00dcye) \u00a0\u00a0<\/p><p>Do\u00e7.Dr. G\u00fcl\u015fah YILDIZ DEN\u0130Z (\u00dcye) \u00a0\u00a0<\/p><p>Do\u00e7:Dr. Fatma G\u00dcR (\u00dcye) \u00a0\u00a0<\/p><p>Do\u00e7.Dr. Mevl\u00fct ALBAYRAK (\u00dcye) \u00a0\u00a0<\/p><p>Dr.\u00d6\u011fr:\u00dcyesi Arzu GEZER (\u00dcye) \u00a0\u00a0<\/p><p>\u00a0<\/p><\/td><\/tr><tr><td width=\"380\"><p>\u00a0<strong>M\u00dcFREDAT\u00a0 VE\u00a0 \u00a0\u00d6L\u00c7ME- <\/strong><\/p><p><strong>DE\u011eERLEND\u0130RME KOM\u0130SYONU <\/strong>\u00a0\u00a0<\/p><\/td><td width=\"347\"><p>Prof.Dr. Necati UTLU (Ba\u015fkan) \u00a0\u00a0<\/p><p>Prof.Dr.Nimet Y\u0130G\u0130T (\u00dcye) \u00a0\u00a0<\/p><p>Do\u00e7.Dr. G\u00fcl\u015fah YILDIZ DEN\u0130Z (\u00dcye) \u00a0\u00a0<\/p><p>Do\u00e7.Dr. Fatma G\u00dcR (\u00dcye) \u00a0\u00a0<\/p><p>Do\u00e7.Dr. Mevl\u00fct ALBAYRAK (\u00dcye) \u00a0\u00a0<\/p><p>Dr.\u00d6\u011fr.\u00dcyesi Elif KANT(\u00dcye) \u00a0\u00a0<\/p><p>\u00a0<\/p><\/td><\/tr><\/tbody><\/table><table width=\"727\"><tbody><tr><td width=\"447\"><p><strong>MEZUN \u0130ZLEME KOM\u0130SYONU <\/strong>\u00a0\u00a0<\/p><\/td><td width=\"280\"><p>Do\u00e7.Dr.G\u00fcl\u015fahYILDIZ DEN\u0130Z<\/p><p>(Ba\u015fkan) \u00a0\u00a0<\/p><p>\u00d6\u011fr.G\u00f6r. Serap BUZTEPE (Ba\u015fkan<\/p><p>Yad.)\u00a0 \u00a0\u00a0<\/p><p>\u00a0<\/p><p>\u00d6\u011fr.G\u00f6r.Esra BAYRAK\u00c7EKEN<\/p><p>(\u00dcye) \u00a0\u00a0<\/p><p>\u00d6\u011fr.G\u00f6r. Tubanur \u00c7EB\u0130 (\u00dcye) \u00a0\u00a0<\/p><\/td><\/tr><tr><td rowspan=\"2\" width=\"447\"><p><strong>K\u0130\u015e\u0130SEL VER\u0130LER\u0130 KORUMA KANUNU <\/strong><\/p><p><strong>KAPSAMINDA\u00a0\u00a0 YAPILACAK OLAN <\/strong>\u00a0\u00a0<\/p><p><strong>\u00c7ALI\u015eMALARDA G\u00d6REVLEND\u0130R\u0130LEN <\/strong>\u00a0\u00a0<\/p><p><strong>B\u0130R\u0130M SORUMLULARI <\/strong>\u00a0\u00a0<\/p><\/td><td width=\"280\"><p>Do\u00e7.Dr. G\u00fcl\u015fah YILDIZ DEN\u0130Z (Birim \u00dcst \u00a0\u00a0D\u00fczey Veri Sor.) \u00a0\u00a0<\/p><\/td><\/tr><tr><td width=\"280\"><p>&#8230;&#8230;&#8230;&#8230;&#8230;&#8230;&#8230;&#8230;&#8230;(Veri Giri\u015f \u00a0\u00a0<\/p><p>Sorumlusu<\/p><\/td><\/tr><\/tbody><\/table><table width=\"727\"><tbody><tr><td width=\"447\"><p><strong>ATAMA Y\u00dcKSELTME VE PERFORMANS\u00a0 <\/strong><\/p><p><strong>KR\u0130TERLER\u0130 DE\u011eERLEND\u0130RME <\/strong><\/p><p><strong>KOM\u0130SYONU<\/strong><\/p><\/td><td width=\"280\"><p>Prof.Dr. Necati UTLU (Ba\u015fkan)<\/p><p>Do\u00e7.Dr.G\u00fcl\u015fah YILDIZ DEN\u0130Z (\u00dcye)<\/p><p>Do\u00e7.Dr. Mevl\u00fct ALBAYRAK (\u00dcye)<\/p><p>Dr.\u00d6\u011fr.\u00dcyesi Seda A\u015eKIN (\u00dcye)<\/p><p>\u00a0<\/p><p>\u00d6\u011fr.G\u00f6r.Dr. G\u00fcl\u015fah ALYAR (\u00dcye)<\/p><\/td><\/tr><\/tbody><\/table><p>\u00a0<\/p>\t\t\t\t\t\t\t\t<\/div>\n\t\t\t\t<\/div>\n\t\t\t\t\t<\/div>\n\t\t<\/div>\n\t\t\t\t\t<\/div>\n\t\t<\/section>\n\t\t\t\t<\/div>\n\t\t","protected":false},"excerpt":{"rendered":"<p>\u00a0 \u00a0 \u00a0 \u00a0 \u00a0 \u00a0 \u00a0\u00c7ALI\u015eMA GRUBU\/KOORD\u0130NAT\u00d6R VE TEMS\u0130LC\u0130LER G\u00d6REVL\u0130LER Y\u00dcKSEKOKUL KURULU Prof.Dr. Necati UTLU (Ba\u015fkan) Prof.Dr.Nimet Y\u0130G\u0130T (\u00dcye) Do\u00e7.Dr. Fatma G\u00dcR (\u00dcye) Do\u00e7.Dr.G\u00fcl\u015fah YILDIZ DEN\u0130Z (\u00dcye) Do\u00e7.Dr. Cihan G\u00dcR (\u00dcye) Dr.\u00d6\u011fr:\u00dcyesi Deniz \u00d6ZT\u00dcRK (\u00dcye) \u00d6\u011fr.G\u00f6r. Murat AKIN (\u00dcye) Kas\u0131m G\u00dcNE\u015e (Raport\u00f6r) Y\u00d6NET\u0130M KURULU Prof.Dr. Necati UTLU (Ba\u015fkan) Do\u00e7.Dr. Cihan G\u00dcR (\u00dcye) Do\u00e7.Dr.Mevl\u00fct ALBAYRAK [&hellip;]<\/p>\n","protected":false},"author":258,"featured_media":0,"parent":0,"menu_order":0,"comment_status":"closed","ping_status":"closed","template":"","meta":{"footnotes":""},"class_list":["post-6565","page","type-page","status-publish","hentry"],"_links":{"self":[{"href":"https:\/\/atauni.edu.tr\/saglik-hizmetleri-meslek-yuksekokulu\/wp-json\/wp\/v2\/pages\/6565","targetHints":{"allow":["GET"]}}],"collection":[{"href":"https:\/\/atauni.edu.tr\/saglik-hizmetleri-meslek-yuksekokulu\/wp-json\/wp\/v2\/pages"}],"about":[{"href":"https:\/\/atauni.edu.tr\/saglik-hizmetleri-meslek-yuksekokulu\/wp-json\/wp\/v2\/types\/page"}],"author":[{"embeddable":true,"href":"https:\/\/atauni.edu.tr\/saglik-hizmetleri-meslek-yuksekokulu\/wp-json\/wp\/v2\/users\/258"}],"replies":[{"embeddable":true,"href":"https:\/\/atauni.edu.tr\/saglik-hizmetleri-meslek-yuksekokulu\/wp-json\/wp\/v2\/comments?post=6565"}],"version-history":[{"count":199,"href":"https:\/\/atauni.edu.tr\/saglik-hizmetleri-meslek-yuksekokulu\/wp-json\/wp\/v2\/pages\/6565\/revisions"}],"predecessor-version":[{"id":11213,"href":"https:\/\/atauni.edu.tr\/saglik-hizmetleri-meslek-yuksekokulu\/wp-json\/wp\/v2\/pages\/6565\/revisions\/11213"}],"wp:attachment":[{"href":"https:\/\/atauni.edu.tr\/saglik-hizmetleri-meslek-yuksekokulu\/wp-json\/wp\/v2\/media?parent=6565"}],"curies":[{"name":"wp","href":"https:\/\/api.w.org\/{rel}","templated":true}]}}