{"id":6584,"date":"2021-12-07T15:15:27","date_gmt":"2021-12-07T12:15:27","guid":{"rendered":"https:\/\/birimler.atauni.edu.tr\/saglik-hizmetleri-meslek-yuksekokulu\/?page_id=6584"},"modified":"2025-09-22T13:59:04","modified_gmt":"2025-09-22T10:59:04","slug":"ogrenci-danismanlari","status":"publish","type":"page","link":"https:\/\/atauni.edu.tr\/saglik-hizmetleri-meslek-yuksekokulu\/ogrenci-danismanlari\/","title":{"rendered":"\u00d6\u011frenci Dan\u0131\u015fmanlar\u0131"},"content":{"rendered":"\t\t<div data-elementor-type=\"wp-page\" data-elementor-id=\"6584\" class=\"elementor elementor-6584\" data-elementor-post-type=\"page\">\n\t\t\t\t\t\t<section class=\"elementor-section elementor-top-section elementor-element elementor-element-394e489 elementor-section-boxed elementor-section-height-default elementor-section-height-default\" data-id=\"394e489\" data-element_type=\"section\">\n\t\t\t\t\t\t<div class=\"elementor-container elementor-column-gap-default\">\n\t\t\t\t\t<div class=\"elementor-column elementor-col-100 elementor-top-column elementor-element elementor-element-223bb03\" data-id=\"223bb03\" data-element_type=\"column\">\n\t\t\t<div class=\"elementor-widget-wrap elementor-element-populated\">\n\t\t\t\t\t\t<div class=\"elementor-element elementor-element-03ac3c3 elementor-widget elementor-widget-wp-widget-text\" data-id=\"03ac3c3\" data-element_type=\"widget\" data-widget_type=\"wp-widget-text.default\">\n\t\t\t\t<div class=\"elementor-widget-container\">\n\t\t\t\t\t\t\t\t<div class=\"textwidget\"><div class=\"col-md-12 p-0\">\n<h3 class=\"p-baslik mt-3\">DANI\u015eMAN L\u0130STES\u0130<\/h3>\n<\/div>\n<div class=\"col-md-12 media content p-0\">\n<div class=\"text sans servis-hedef\">\n<table style=\"height: 588px\" width=\"582\">\n<tbody>\n<tr>\n<td width=\"234\"><strong>Program Ad\u0131<\/strong><\/td>\n<td width=\"220\"><strong>Dan\u0131\u015fman \u00d6\u011fretim \u00dcyesi\/Elaman\u0131<\/strong><\/td>\n<\/tr>\n<tr>\n<td>Ameliyathane Hizmetleri<\/td>\n<td>Do\u00e7.Dr. Fatma G\u00dcR<\/td>\n<\/tr>\n<tr>\n<td>Anestezi<\/td>\n<td>Dr.\u00d6\u011fr.\u00dcyesi G\u00fcnay MERHAN MU\u011eLU<\/td>\n<\/tr>\n<tr>\n<td>Di\u015f Protez Teknolojisi<\/td>\n<td>\u00d6\u011fr. G\u00f6r. Dr. Mine CENG\u0130Z<\/td>\n<\/tr>\n<tr>\n<td>Diyaliz<\/td>\n<td>\u00d6\u011fr.G\u00f6r.Dr. G\u00fcl\u015fah ALYAR<\/td>\n<\/tr>\n<tr>\n<td>Eczane Hizmetleri<\/td>\n<td>Dr.\u00d6\u011fr.\u00dcyesi Seda A\u015eKIN<\/td>\n<\/tr>\n<tr>\n<td>Elektron\u00f6rofizyoloji<\/td>\n<td>Dr.\u00d6\u011fr.\u00dcyesi Osman Y\u00dcCEL<\/td>\n<\/tr>\n<tr>\n<td>Engelli Bak\u0131m\u0131 ve Rehabilitasyonu<\/td>\n<td>Do\u00e7.Dr. Sibel \u00d6ZT\u00dcRK<\/td>\n<\/tr>\n<tr>\n<td>Fizyoterapi<\/td>\n<td>\u00d6\u011fr.G\u00f6r. Dr. Serap BUZTEPE<\/td>\n<\/tr>\n<tr>\n<td>\u0130lk ve Acil Yard\u0131m<\/td>\n<td>\u00d6\u011fr.G\u00f6r. Seval USLU<\/td>\n<\/tr>\n<tr>\n<td>Odyometri<\/td>\n<td>\u00d6\u011fr.G\u00f6r. S\u00fcreyya \u00d6ZDEM\u0130R<\/td>\n<\/tr>\n<tr>\n<td>Ortopedik Protez ve Ortez<\/td>\n<td>Dr.\u00d6\u011fr.\u00dcyesi Akar KARAKO\u00c7<\/td>\n<\/tr>\n<tr>\n<td>T\u0131bbi Dok\u00fcmantasyon ve Sekreterlik<\/td>\n<td>\u00d6\u011fr.G\u00f6r. \u00d6mer \u00d6MERO\u011eLU<\/td>\n<\/tr>\n<tr>\n<td>T\u0131bbi G\u00f6r\u00fcnt\u00fcleme Teknikleri<\/td>\n<td>\u00d6\u011fr. G\u00f6r. Elif G\u00f6vez KILI\u00c7<\/td>\n<\/tr>\n<tr>\n<td>T\u0131bbi Laboratuvar Teknikleri<\/td>\n<td>Dr.\u00d6\u011fr.\u00dcyesi Figen ORHAN<\/td>\n<\/tr>\n<tr>\n<td>Ya\u015fl\u0131 Bak\u0131m\u0131<\/td>\n<td>Dr.\u00d6\u011fr.\u00dcyesi. Elif KANT<\/td>\n<\/tr>\n<\/tbody>\n<\/table>\n<\/div>\n<\/div>\n<\/div>\n\t\t\t\t\t\t<\/div>\n\t\t\t\t<\/div>\n\t\t\t\t\t<\/div>\n\t\t<\/div>\n\t\t\t\t\t<\/div>\n\t\t<\/section>\n\t\t\t\t<section class=\"elementor-section elementor-top-section elementor-element elementor-element-2852661 elementor-section-boxed elementor-section-height-default elementor-section-height-default\" data-id=\"2852661\" data-element_type=\"section\">\n\t\t\t\t\t\t<div class=\"elementor-container elementor-column-gap-default\">\n\t\t\t\t\t<div class=\"elementor-column elementor-col-100 elementor-top-column elementor-element elementor-element-cd61c27\" data-id=\"cd61c27\" data-element_type=\"column\">\n\t\t\t<div class=\"elementor-widget-wrap elementor-element-populated\">\n\t\t\t\t\t\t<div class=\"elementor-element elementor-element-953ec9f elementor-widget elementor-widget-text-editor\" data-id=\"953ec9f\" data-element_type=\"widget\" data-widget_type=\"text-editor.default\">\n\t\t\t\t<div class=\"elementor-widget-container\">\n\t\t\t\t\t\t\t\t\t<p>Lorem ipsum dolor sit amet, consectetur adipiscing elit. Ut elit tellus, luctus nec ullamcorper mattis, pulvinar dapibus leo.<\/p>\t\t\t\t\t\t\t\t<\/div>\n\t\t\t\t<\/div>\n\t\t\t\t\t<\/div>\n\t\t<\/div>\n\t\t\t\t\t<\/div>\n\t\t<\/section>\n\t\t\t\t<\/div>\n\t\t","protected":false},"excerpt":{"rendered":"<p>Lorem ipsum dolor sit amet, consectetur adipiscing elit. Ut elit tellus, luctus nec ullamcorper mattis, pulvinar dapibus leo.<\/p>\n","protected":false},"author":258,"featured_media":0,"parent":0,"menu_order":0,"comment_status":"closed","ping_status":"closed","template":"","meta":{"footnotes":""},"class_list":["post-6584","page","type-page","status-publish","hentry"],"_links":{"self":[{"href":"https:\/\/atauni.edu.tr\/saglik-hizmetleri-meslek-yuksekokulu\/wp-json\/wp\/v2\/pages\/6584","targetHints":{"allow":["GET"]}}],"collection":[{"href":"https:\/\/atauni.edu.tr\/saglik-hizmetleri-meslek-yuksekokulu\/wp-json\/wp\/v2\/pages"}],"about":[{"href":"https:\/\/atauni.edu.tr\/saglik-hizmetleri-meslek-yuksekokulu\/wp-json\/wp\/v2\/types\/page"}],"author":[{"embeddable":true,"href":"https:\/\/atauni.edu.tr\/saglik-hizmetleri-meslek-yuksekokulu\/wp-json\/wp\/v2\/users\/258"}],"replies":[{"embeddable":true,"href":"https:\/\/atauni.edu.tr\/saglik-hizmetleri-meslek-yuksekokulu\/wp-json\/wp\/v2\/comments?post=6584"}],"version-history":[{"count":61,"href":"https:\/\/atauni.edu.tr\/saglik-hizmetleri-meslek-yuksekokulu\/wp-json\/wp\/v2\/pages\/6584\/revisions"}],"predecessor-version":[{"id":10880,"href":"https:\/\/atauni.edu.tr\/saglik-hizmetleri-meslek-yuksekokulu\/wp-json\/wp\/v2\/pages\/6584\/revisions\/10880"}],"wp:attachment":[{"href":"https:\/\/atauni.edu.tr\/saglik-hizmetleri-meslek-yuksekokulu\/wp-json\/wp\/v2\/media?parent=6584"}],"curies":[{"name":"wp","href":"https:\/\/api.w.org\/{rel}","templated":true}]}}