{"id":7366,"date":"2022-02-28T09:57:48","date_gmt":"2022-02-28T06:57:48","guid":{"rendered":"https:\/\/birimler.atauni.edu.tr\/saglik-hizmetleri-meslek-yuksekokulu\/?page_id=7366"},"modified":"2026-02-11T13:53:11","modified_gmt":"2026-02-11T10:53:11","slug":"ders-programlari","status":"publish","type":"page","link":"https:\/\/atauni.edu.tr\/saglik-hizmetleri-meslek-yuksekokulu\/ders-programlari\/","title":{"rendered":"Ders Programlar\u0131"},"content":{"rendered":"\t\t<div data-elementor-type=\"wp-page\" data-elementor-id=\"7366\" class=\"elementor elementor-7366\" data-elementor-post-type=\"page\">\n\t\t\t\t\t\t<section class=\"elementor-section elementor-top-section elementor-element elementor-element-401b02f elementor-section-boxed elementor-section-height-default elementor-section-height-default\" data-id=\"401b02f\" data-element_type=\"section\">\n\t\t\t\t\t\t<div class=\"elementor-container elementor-column-gap-default\">\n\t\t\t\t\t<div class=\"elementor-column elementor-col-100 elementor-top-column elementor-element elementor-element-77435ca\" data-id=\"77435ca\" data-element_type=\"column\">\n\t\t\t<div class=\"elementor-widget-wrap elementor-element-populated\">\n\t\t\t\t\t\t<div class=\"elementor-element elementor-element-75ec068 elementor-widget elementor-widget-text-editor\" data-id=\"75ec068\" data-element_type=\"widget\" data-widget_type=\"text-editor.default\">\n\t\t\t\t<div class=\"elementor-widget-container\">\n\t\t\t\t\t\t\t\t\t<p><a href=\"https:\/\/birimler.atauni.edu.tr\/saglik-hizmetleri-meslek-yuksekokulu\/2026\/02\/11\/2025-2026-bahar-yariyili-haftalik-ders-programi\/\" target=\"_blank\" rel=\"noopener\">2025-2026 Bahar Yar\u0131y\u0131l\u0131 Haftal\u0131k Ders Program\u0131<\/a><\/p><p><a href=\"https:\/\/birimler.atauni.edu.tr\/saglik-hizmetleri-meslek-yuksekokulu\/ders-programlari\/\" target=\"_blank\" rel=\"noopener\">2025-2026 G\u00fcz Yar\u0131y\u0131l\u0131 Haftal\u0131k Ders Program<\/a>\u0131<\/p><p><a href=\"http:\/\/birimler.atauni.edu.tr\/saglik-hizmetleri-meslek-yuksekokulu\/wp-content\/uploads\/sites\/445\/2025\/03\/2024-2025-BAHAR-YARIYILI-DERS-PROGRAMI.pdf\" target=\"_blank\" rel=\"noopener\">2024-2025 Bahar Yar\u0131y\u0131l\u0131 Haftal\u0131k Ders Program\u0131<\/a><\/p><p><a href=\"http:\/\/birimler.atauni.edu.tr\/saglik-hizmetleri-meslek-yuksekokulu\/wp-content\/uploads\/sites\/445\/2020\/07\/2024-2025-GUZ-YARIYILI-DERS-PROGRAMI.pdf\" target=\"_blank\" rel=\"noopener\">2024-2025 G\u00fcz Yar\u0131y\u0131l\u0131 Haftal\u0131k Ders Program\u0131<\/a><\/p><p><a href=\"http:\/\/birimler.atauni.edu.tr\/saglik-hizmetleri-meslek-yuksekokulu\/wp-content\/uploads\/sites\/445\/2020\/07\/2023-2024-BAHAR-YARIYILI-DERS-PROGRAMI.pdf\" target=\"_blank\" rel=\"noopener\">2023-2024 bahar Yar\u0131l\u0131y\u0131 Haftal\u0131k Ders Program\u0131<\/a><\/p><p><a href=\"http:\/\/birimler.atauni.edu.tr\/saglik-hizmetleri-meslek-yuksekokulu\/wp-content\/uploads\/sites\/445\/2020\/07\/2023-2024-GUZ-YARIYILI-DERS-PROGRAMI.pdf\" target=\"_blank\" rel=\"noopener\">2023-2024 G\u00fcz Yar\u0131y\u0131l\u0131 Haftal\u0131k Ders Program\u0131<\/a><\/p><p><a href=\"http:\/\/birimler.atauni.edu.tr\/saglik-hizmetleri-meslek-yuksekokulu\/wp-content\/uploads\/sites\/445\/2023\/04\/2022-2023-BAHAR-YARIYILI-DERS-PROGRAMI.pdf\" target=\"_blank\" rel=\"noopener\">2022-2023\u00a0 Bahar Yar\u0131y\u0131l\u0131 Haftal\u0131k Ders Program\u0131<\/a><\/p><p><a href=\"http:\/\/birimler.atauni.edu.tr\/saglik-hizmetleri-meslek-yuksekokulu\/wp-content\/uploads\/sites\/445\/2020\/07\/2022-2023-Guz-Yariyili-Haftalik-Ders-Programi.pdf\">2022-2023 G\u00fcz Yar\u0131y\u0131l\u0131 Haftal\u0131k Ders Program\u0131<\/a><\/p>\t\t\t\t\t\t\t\t<\/div>\n\t\t\t\t<\/div>\n\t\t\t\t\t<\/div>\n\t\t<\/div>\n\t\t\t\t\t<\/div>\n\t\t<\/section>\n\t\t\t\t<\/div>\n\t\t","protected":false},"excerpt":{"rendered":"<p>2025-2026 Bahar Yar\u0131y\u0131l\u0131 Haftal\u0131k Ders Program\u0131 2025-2026 G\u00fcz Yar\u0131y\u0131l\u0131 Haftal\u0131k Ders Program\u0131 2024-2025 Bahar Yar\u0131y\u0131l\u0131 Haftal\u0131k Ders Program\u0131 2024-2025 G\u00fcz Yar\u0131y\u0131l\u0131 Haftal\u0131k Ders Program\u0131 2023-2024 bahar Yar\u0131l\u0131y\u0131 Haftal\u0131k Ders Program\u0131 2023-2024 G\u00fcz Yar\u0131y\u0131l\u0131 Haftal\u0131k Ders Program\u0131 2022-2023\u00a0 Bahar Yar\u0131y\u0131l\u0131 Haftal\u0131k Ders Program\u0131 2022-2023 G\u00fcz Yar\u0131y\u0131l\u0131 Haftal\u0131k Ders Program\u0131<\/p>\n","protected":false},"author":258,"featured_media":0,"parent":0,"menu_order":0,"comment_status":"closed","ping_status":"closed","template":"","meta":{"footnotes":""},"class_list":["post-7366","page","type-page","status-publish","hentry"],"_links":{"self":[{"href":"https:\/\/atauni.edu.tr\/saglik-hizmetleri-meslek-yuksekokulu\/wp-json\/wp\/v2\/pages\/7366","targetHints":{"allow":["GET"]}}],"collection":[{"href":"https:\/\/atauni.edu.tr\/saglik-hizmetleri-meslek-yuksekokulu\/wp-json\/wp\/v2\/pages"}],"about":[{"href":"https:\/\/atauni.edu.tr\/saglik-hizmetleri-meslek-yuksekokulu\/wp-json\/wp\/v2\/types\/page"}],"author":[{"embeddable":true,"href":"https:\/\/atauni.edu.tr\/saglik-hizmetleri-meslek-yuksekokulu\/wp-json\/wp\/v2\/users\/258"}],"replies":[{"embeddable":true,"href":"https:\/\/atauni.edu.tr\/saglik-hizmetleri-meslek-yuksekokulu\/wp-json\/wp\/v2\/comments?post=7366"}],"version-history":[{"count":136,"href":"https:\/\/atauni.edu.tr\/saglik-hizmetleri-meslek-yuksekokulu\/wp-json\/wp\/v2\/pages\/7366\/revisions"}],"predecessor-version":[{"id":11176,"href":"https:\/\/atauni.edu.tr\/saglik-hizmetleri-meslek-yuksekokulu\/wp-json\/wp\/v2\/pages\/7366\/revisions\/11176"}],"wp:attachment":[{"href":"https:\/\/atauni.edu.tr\/saglik-hizmetleri-meslek-yuksekokulu\/wp-json\/wp\/v2\/media?parent=7366"}],"curies":[{"name":"wp","href":"https:\/\/api.w.org\/{rel}","templated":true}]}}