{"id":8796,"date":"2023-03-03T14:29:48","date_gmt":"2023-03-03T11:29:48","guid":{"rendered":"https:\/\/birimler.atauni.edu.tr\/saglik-hizmetleri-meslek-yuksekokulu\/?page_id=8796"},"modified":"2023-03-03T14:31:46","modified_gmt":"2023-03-03T11:31:46","slug":"adiyaman-universitesi-ogrencileri-hakkinda-bilgilendirme-sayfasi","status":"publish","type":"page","link":"https:\/\/atauni.edu.tr\/saglik-hizmetleri-meslek-yuksekokulu\/adiyaman-universitesi-ogrencileri-hakkinda-bilgilendirme-sayfasi\/","title":{"rendered":"Ad\u0131yaman \u00dcniversitesi \u00d6\u011frencileri Hakk\u0131nda Bilgilendirme Sayfas\u0131"},"content":{"rendered":"\t\t<div data-elementor-type=\"wp-page\" data-elementor-id=\"8796\" class=\"elementor elementor-8796\" data-elementor-post-type=\"page\">\n\t\t\t\t\t\t<section class=\"elementor-section elementor-top-section elementor-element elementor-element-cf5e2c2 elementor-section-boxed elementor-section-height-default elementor-section-height-default\" data-id=\"cf5e2c2\" data-element_type=\"section\">\n\t\t\t\t\t\t<div class=\"elementor-container elementor-column-gap-default\">\n\t\t\t\t\t<div class=\"elementor-column elementor-col-100 elementor-top-column elementor-element elementor-element-c266398\" data-id=\"c266398\" data-element_type=\"column\">\n\t\t\t<div class=\"elementor-widget-wrap elementor-element-populated\">\n\t\t\t\t\t\t<div class=\"elementor-element elementor-element-7de306e elementor-widget elementor-widget-text-editor\" data-id=\"7de306e\" data-element_type=\"widget\" data-widget_type=\"text-editor.default\">\n\t\t\t\t<div class=\"elementor-widget-container\">\n\t\t\t\t\t\t\t\t\t<p style=\"text-align: center\">\u00a0 Y\u00fcksek\u00f6\u011fretim Kurulu Ba\u015fkanl\u0131\u011f\u0131 Genel Kurul karar\u0131 kapsam\u0131nda olmak \u00fczere \u00dcniversitemizle e\u015fle\u015ftirilerek 2022-2023 e\u011fitim \u00f6\u011fretim y\u0131l\u0131 bahar yar\u0131y\u0131l\u0131nda \u00dcniversitemizden e\u011fitim alacak olan <strong>Ad\u0131yaman \u00dcniversitesi \u00f6\u011frencilerin<\/strong>in e\u011fitim-\u00f6\u011fretim s\u00fcre\u00e7leri ile ilgili bilgilendirmeler bu sayfa \u00fczerinden yap\u0131lacakt\u0131r.<\/p><p style=\"text-align: center\"><a href=\"https:\/\/birimler.atauni.edu.tr\/ogrenci-isleri-daire-baskanligi\/adiyaman-universitesi\/\"><strong>Ayr\u0131nt\u0131l\u0131 bilgi almak i\u00e7in t\u0131klay\u0131n\u0131z.<\/strong><\/a><\/p><p>\u0130rtibat Masas\u0131 ileti\u015fim numaralar\u0131;<br \/>Telefon 1 : 0 (442) 231 14 08<br \/>Telefon 2 : 0 (442) 231 21 97<br \/>Telefon 3 : 0 (442) 231 14 04<br \/>e-posta : <span id=\"OBJ_PREFIX_DWT44_ZmEmailObjectHandler\" class=\"Object\" role=\"link\"><span id=\"OBJ_PREFIX_DWT45_ZmEmailObjectHandler\" class=\"Object\" role=\"link\">adiyaman@atauni.edu.tr<\/span><\/span><\/p>\t\t\t\t\t\t\t\t<\/div>\n\t\t\t\t<\/div>\n\t\t\t\t\t<\/div>\n\t\t<\/div>\n\t\t\t\t\t<\/div>\n\t\t<\/section>\n\t\t\t\t<section class=\"elementor-section elementor-top-section elementor-element elementor-element-c1ea0e1 elementor-section-boxed elementor-section-height-default elementor-section-height-default\" data-id=\"c1ea0e1\" data-element_type=\"section\">\n\t\t\t\t\t\t<div class=\"elementor-container elementor-column-gap-default\">\n\t\t\t\t\t<div class=\"elementor-column elementor-col-100 elementor-top-column elementor-element elementor-element-009c951\" data-id=\"009c951\" data-element_type=\"column\">\n\t\t\t<div class=\"elementor-widget-wrap elementor-element-populated\">\n\t\t\t\t\t\t<div class=\"elementor-element elementor-element-27520e9 elementor-widget-divider--view-line elementor-widget elementor-widget-divider\" data-id=\"27520e9\" data-element_type=\"widget\" data-widget_type=\"divider.default\">\n\t\t\t\t<div class=\"elementor-widget-container\">\n\t\t\t\t\t\t\t<div class=\"elementor-divider\">\n\t\t\t<span class=\"elementor-divider-separator\">\n\t\t\t\t\t\t<\/span>\n\t\t<\/div>\n\t\t\t\t\t\t<\/div>\n\t\t\t\t<\/div>\n\t\t\t\t\t<\/div>\n\t\t<\/div>\n\t\t\t\t\t<\/div>\n\t\t<\/section>\n\t\t\t\t<section class=\"elementor-section elementor-top-section elementor-element elementor-element-98f3164 elementor-section-boxed elementor-section-height-default elementor-section-height-default\" data-id=\"98f3164\" data-element_type=\"section\">\n\t\t\t\t\t\t<div class=\"elementor-container elementor-column-gap-default\">\n\t\t\t\t\t<div class=\"elementor-column elementor-col-100 elementor-top-column elementor-element elementor-element-2649e38\" data-id=\"2649e38\" data-element_type=\"column\">\n\t\t\t<div class=\"elementor-widget-wrap elementor-element-populated\">\n\t\t\t\t\t\t<div class=\"elementor-element elementor-element-9da7970 elementor-widget elementor-widget-text-editor\" data-id=\"9da7970\" data-element_type=\"widget\" data-widget_type=\"text-editor.default\">\n\t\t\t\t<div class=\"elementor-widget-container\">\n\t\t\t\t\t\t\t\t\t<p>Ad\u0131yaman \u00dcniversitesi Sa\u011fl\u0131k Hizmetleri Meslek Y\u00fcksekokulu\u2019ndan Y\u00fcksekokulumuza \u00f6zel \u00f6\u011frenci stat\u00fcs\u00fcnde gelen \u00f6\u011frencilerimiz; teorik derslerini \u00dcniversitemiz \u00d6\u011frenci Bilgi Sisteminde giri\u015f yaparak Ders Bilgi Sistemi (DBS) \u00fczerinden \u00e7evrimi\u00e7i olarak i\u015fleyeceklerdir.<\/p><p><span style=\"color: var( --e-global-color-text );font-family: var( --e-global-typography-text-font-family ), Sans-serif;font-weight: var( --e-global-typography-text-font-weight );letter-spacing: 0px\">A\u015fa\u011f\u0131daki \u00e7izelgeye isimleri \u00e7\u0131kart\u0131lan Uygulama derslerini talep eden \u00f6\u011frenciler Y\u00fcksekokulumuz taraf\u0131ndan y\u00fcr\u00fct\u00fclen uygulamalara y\u00fczy\u00fcze kat\u0131larak i\u015fleyebileceklerdir. \u0130mk\u00e2nlar\u0131 do\u011frultusunda birimimiz taraf\u0131ndan y\u00fczy\u00fcze y\u00fcr\u00fct\u00fclecek olan uygulama derslerine kat\u0131lamayacak \u00f6zel \u00f6\u011frenciler ise kendi se\u00e7ecekleri \u015fehirlerde ki birimlerde uygulama derslerini yapabilirler. Uygulama derslerini kendi se\u00e7ecekleri \u015fehirlerde ki birimlerde yapacak \u00f6\u011frencilerin ilgili birimin bilgilerini ekledikleri dilek\u00e7e ile 10 Mart 2023 tarihine kadar Y\u00fcksekokulumuza e-posta yoluyla (<\/span><a style=\"font-family: var( --e-global-typography-text-font-family ), Sans-serif;font-weight: var( --e-global-typography-text-font-weight );background-color: #ffffff;letter-spacing: 0px\" href=\"mailto:shmyo@atauni.edu.tr\">shmyo@atauni.edu.tr<\/a><span style=\"color: var( --e-global-color-text );font-family: var( --e-global-typography-text-font-family ), Sans-serif;font-weight: var( --e-global-typography-text-font-weight );letter-spacing: 0px\">) ba\u015fvurmalar\u0131 gerekmektedir. Ba\u015fvurular do\u011frultusunda ilgili kurumlarla Atat\u00fcrk \u00dcniversitesi Rekt\u00f6rl\u00fc\u011f\u00fc olarak gerekli yaz\u0131\u015fmalar yap\u0131lacakt\u0131r.<\/span><\/p><p>\u00d6\u011frencilerimize \u00f6nemle duyurulur.<\/p><p>\u00a0<\/p><table width=\"0\"><tbody><tr><td width=\"226\"><p><strong>E\u015fle\u015ftirilen Program<\/strong><\/p><\/td><td width=\"284\"><p><strong>Ders Ad\u0131<\/strong><\/p><\/td><td width=\"117\"><p><strong>Uygulama Saati<\/strong><\/p><\/td><\/tr><tr><td width=\"226\"><p>\u0130lk ve Acil Yard\u0131m<\/p><\/td><td width=\"284\"><p>Mesleki Uygulama II<\/p><\/td><td width=\"117\"><p>10<\/p><\/td><\/tr><tr><td width=\"226\"><p>T\u0131bbi Laboratuvar Teknikleri<\/p><\/td><td width=\"284\"><p>Temel Laboratuvar Uygulamalar\u0131 II<\/p><\/td><td width=\"117\"><p>16<\/p><\/td><\/tr><\/tbody><\/table>\t\t\t\t\t\t\t\t<\/div>\n\t\t\t\t<\/div>\n\t\t\t\t<div class=\"elementor-element elementor-element-9d004e2 elementor-widget elementor-widget-spacer\" data-id=\"9d004e2\" data-element_type=\"widget\" data-widget_type=\"spacer.default\">\n\t\t\t\t<div class=\"elementor-widget-container\">\n\t\t\t\t\t\t\t<div class=\"elementor-spacer\">\n\t\t\t<div class=\"elementor-spacer-inner\"><\/div>\n\t\t<\/div>\n\t\t\t\t\t\t<\/div>\n\t\t\t\t<\/div>\n\t\t\t\t\t<\/div>\n\t\t<\/div>\n\t\t\t\t\t<\/div>\n\t\t<\/section>\n\t\t\t\t<\/div>\n\t\t","protected":false},"excerpt":{"rendered":"<p>\u00a0 Y\u00fcksek\u00f6\u011fretim Kurulu Ba\u015fkanl\u0131\u011f\u0131 Genel Kurul karar\u0131 kapsam\u0131nda olmak \u00fczere \u00dcniversitemizle e\u015fle\u015ftirilerek 2022-2023 e\u011fitim \u00f6\u011fretim y\u0131l\u0131 bahar yar\u0131y\u0131l\u0131nda \u00dcniversitemizden e\u011fitim alacak olan Ad\u0131yaman \u00dcniversitesi \u00f6\u011frencilerinin e\u011fitim-\u00f6\u011fretim s\u00fcre\u00e7leri ile ilgili bilgilendirmeler bu sayfa \u00fczerinden yap\u0131lacakt\u0131r. Ayr\u0131nt\u0131l\u0131 bilgi almak i\u00e7in t\u0131klay\u0131n\u0131z. \u0130rtibat Masas\u0131 ileti\u015fim numaralar\u0131;Telefon 1 : 0 (442) 231 14 08Telefon 2 : 0 (442) 231 [&hellip;]<\/p>\n","protected":false},"author":258,"featured_media":0,"parent":0,"menu_order":0,"comment_status":"closed","ping_status":"closed","template":"","meta":{"footnotes":""},"class_list":["post-8796","page","type-page","status-publish","hentry"],"_links":{"self":[{"href":"https:\/\/atauni.edu.tr\/saglik-hizmetleri-meslek-yuksekokulu\/wp-json\/wp\/v2\/pages\/8796","targetHints":{"allow":["GET"]}}],"collection":[{"href":"https:\/\/atauni.edu.tr\/saglik-hizmetleri-meslek-yuksekokulu\/wp-json\/wp\/v2\/pages"}],"about":[{"href":"https:\/\/atauni.edu.tr\/saglik-hizmetleri-meslek-yuksekokulu\/wp-json\/wp\/v2\/types\/page"}],"author":[{"embeddable":true,"href":"https:\/\/atauni.edu.tr\/saglik-hizmetleri-meslek-yuksekokulu\/wp-json\/wp\/v2\/users\/258"}],"replies":[{"embeddable":true,"href":"https:\/\/atauni.edu.tr\/saglik-hizmetleri-meslek-yuksekokulu\/wp-json\/wp\/v2\/comments?post=8796"}],"version-history":[{"count":10,"href":"https:\/\/atauni.edu.tr\/saglik-hizmetleri-meslek-yuksekokulu\/wp-json\/wp\/v2\/pages\/8796\/revisions"}],"predecessor-version":[{"id":8806,"href":"https:\/\/atauni.edu.tr\/saglik-hizmetleri-meslek-yuksekokulu\/wp-json\/wp\/v2\/pages\/8796\/revisions\/8806"}],"wp:attachment":[{"href":"https:\/\/atauni.edu.tr\/saglik-hizmetleri-meslek-yuksekokulu\/wp-json\/wp\/v2\/media?parent=8796"}],"curies":[{"name":"wp","href":"https:\/\/api.w.org\/{rel}","templated":true}]}}