{"id":6280,"date":"2021-10-01T18:41:25","date_gmt":"2021-10-01T15:41:25","guid":{"rendered":"http:\/\/birimler.atauni.edu.tr\/saglik-kultur-ve-spor-daire-baskanligi\/?page_id=6280"},"modified":"2025-05-24T10:32:03","modified_gmt":"2025-05-24T07:32:03","slug":"beslenme-hizmetleri-sube-mudurlugu","status":"publish","type":"page","link":"https:\/\/atauni.edu.tr\/saglik-kultur-ve-spor-daire-baskanligi\/beslenme-hizmetleri-sube-mudurlugu\/","title":{"rendered":"Beslenme Hizmetleri \u015eube M\u00fcd\u00fcrl\u00fc\u011f\u00fc"},"content":{"rendered":"\t\t<div data-elementor-type=\"wp-page\" data-elementor-id=\"6280\" class=\"elementor elementor-6280\" data-elementor-post-type=\"page\">\n\t\t\t\t\t\t<section class=\"elementor-section elementor-top-section elementor-element elementor-element-5e7cfba elementor-section-boxed elementor-section-height-default elementor-section-height-default\" data-id=\"5e7cfba\" data-element_type=\"section\">\n\t\t\t\t\t\t<div class=\"elementor-container elementor-column-gap-default\">\n\t\t\t\t\t<div class=\"elementor-column elementor-col-100 elementor-top-column elementor-element elementor-element-c09c327\" data-id=\"c09c327\" data-element_type=\"column\">\n\t\t\t<div class=\"elementor-widget-wrap elementor-element-populated\">\n\t\t\t\t\t\t<div class=\"elementor-element elementor-element-85ad723 elementor-arrows-position-inside elementor-pagination-position-outside elementor-widget elementor-widget-image-carousel\" data-id=\"85ad723\" data-element_type=\"widget\" data-settings=\"{&quot;navigation&quot;:&quot;both&quot;,&quot;autoplay&quot;:&quot;yes&quot;,&quot;pause_on_hover&quot;:&quot;yes&quot;,&quot;pause_on_interaction&quot;:&quot;yes&quot;,&quot;autoplay_speed&quot;:5000,&quot;infinite&quot;:&quot;yes&quot;,&quot;speed&quot;:500}\" data-widget_type=\"image-carousel.default\">\n\t\t\t\t<div class=\"elementor-widget-container\">\n\t\t\t\t\t\t\t<div class=\"elementor-image-carousel-wrapper swiper\" role=\"region\" aria-roledescription=\"carousel\" aria-label=\"Resim D\u00f6ng\u00fcs\u00fc\" dir=\"ltr\">\n\t\t\t<div class=\"elementor-image-carousel swiper-wrapper swiper-image-stretch\" aria-live=\"off\">\n\t\t\t\t\t\t\t\t<div class=\"swiper-slide\" role=\"group\" aria-roledescription=\"slide\" aria-label=\"1 \/ 9\"><figure class=\"swiper-slide-inner\"><img decoding=\"async\" class=\"swiper-slide-image\" src=\"https:\/\/atauni.edu.tr\/saglik-kultur-ve-spor-daire-baskanligi\/wp-content\/uploads\/sites\/220\/2020\/07\/9e41ccb06f416302285390155ac4cf04-768x512.jpg\" alt=\"9e41ccb06f416302285390155ac4cf04\" \/><\/figure><\/div><div class=\"swiper-slide\" role=\"group\" aria-roledescription=\"slide\" aria-label=\"2 \/ 9\"><figure class=\"swiper-slide-inner\"><img decoding=\"async\" class=\"swiper-slide-image\" src=\"https:\/\/atauni.edu.tr\/saglik-kultur-ve-spor-daire-baskanligi\/wp-content\/uploads\/sites\/220\/2020\/07\/77f69cc4d8f9c889a47110a5fde33384-768x512.jpg\" alt=\"77f69cc4d8f9c889a47110a5fde33384\" \/><\/figure><\/div><div class=\"swiper-slide\" role=\"group\" aria-roledescription=\"slide\" aria-label=\"3 \/ 9\"><figure class=\"swiper-slide-inner\"><img decoding=\"async\" class=\"swiper-slide-image\" src=\"https:\/\/atauni.edu.tr\/saglik-kultur-ve-spor-daire-baskanligi\/wp-content\/uploads\/sites\/220\/2020\/07\/6b77eb47d47fe8f83ba456faa3a203fe-768x512.jpg\" alt=\"6b77eb47d47fe8f83ba456faa3a203fe\" \/><\/figure><\/div><div class=\"swiper-slide\" role=\"group\" aria-roledescription=\"slide\" aria-label=\"4 \/ 9\"><figure class=\"swiper-slide-inner\"><img decoding=\"async\" class=\"swiper-slide-image\" src=\"https:\/\/atauni.edu.tr\/saglik-kultur-ve-spor-daire-baskanligi\/wp-content\/uploads\/sites\/220\/2020\/07\/y4-768x512.jpg\" alt=\"y4\" \/><\/figure><\/div><div class=\"swiper-slide\" role=\"group\" aria-roledescription=\"slide\" aria-label=\"5 \/ 9\"><figure class=\"swiper-slide-inner\"><img decoding=\"async\" class=\"swiper-slide-image\" src=\"https:\/\/atauni.edu.tr\/saglik-kultur-ve-spor-daire-baskanligi\/wp-content\/uploads\/sites\/220\/2020\/07\/y5-768x512.jpg\" alt=\"y5\" \/><\/figure><\/div><div class=\"swiper-slide\" role=\"group\" aria-roledescription=\"slide\" aria-label=\"6 \/ 9\"><figure class=\"swiper-slide-inner\"><img decoding=\"async\" class=\"swiper-slide-image\" src=\"https:\/\/atauni.edu.tr\/saglik-kultur-ve-spor-daire-baskanligi\/wp-content\/uploads\/sites\/220\/2020\/07\/y6-768x512.jpg\" alt=\"y6\" \/><\/figure><\/div><div class=\"swiper-slide\" role=\"group\" aria-roledescription=\"slide\" aria-label=\"7 \/ 9\"><figure class=\"swiper-slide-inner\"><img decoding=\"async\" class=\"swiper-slide-image\" src=\"https:\/\/atauni.edu.tr\/saglik-kultur-ve-spor-daire-baskanligi\/wp-content\/uploads\/sites\/220\/2020\/07\/y3-768x512.jpg\" alt=\"y3\" \/><\/figure><\/div><div class=\"swiper-slide\" role=\"group\" aria-roledescription=\"slide\" aria-label=\"8 \/ 9\"><figure class=\"swiper-slide-inner\"><img decoding=\"async\" class=\"swiper-slide-image\" src=\"https:\/\/atauni.edu.tr\/saglik-kultur-ve-spor-daire-baskanligi\/wp-content\/uploads\/sites\/220\/2020\/07\/a07fcab4f2fdf1a75bccfe4b4e468270-768x512.jpg\" alt=\"a07fcab4f2fdf1a75bccfe4b4e468270\" \/><\/figure><\/div><div class=\"swiper-slide\" role=\"group\" aria-roledescription=\"slide\" aria-label=\"9 \/ 9\"><figure class=\"swiper-slide-inner\"><img decoding=\"async\" class=\"swiper-slide-image\" src=\"https:\/\/atauni.edu.tr\/saglik-kultur-ve-spor-daire-baskanligi\/wp-content\/uploads\/sites\/220\/2020\/07\/7f0e4367eaa4ff525c9c08ce0ee82eee-768x512.jpg\" alt=\"7f0e4367eaa4ff525c9c08ce0ee82eee\" \/><\/figure><\/div>\t\t\t<\/div>\n\t\t\t\t\t\t\t\t\t\t\t\t<div class=\"elementor-swiper-button elementor-swiper-button-prev\" role=\"button\" tabindex=\"0\">\n\t\t\t\t\t\t<i aria-hidden=\"true\" class=\"eicon-chevron-left\"><\/i>\t\t\t\t\t<\/div>\n\t\t\t\t\t<div class=\"elementor-swiper-button elementor-swiper-button-next\" role=\"button\" tabindex=\"0\">\n\t\t\t\t\t\t<i aria-hidden=\"true\" class=\"eicon-chevron-right\"><\/i>\t\t\t\t\t<\/div>\n\t\t\t\t\n\t\t\t\t\t\t\t\t\t<div class=\"swiper-pagination\"><\/div>\n\t\t\t\t\t\t\t\t\t<\/div>\n\t\t\t\t\t\t<\/div>\n\t\t\t\t<\/div>\n\t\t\t\t\t<\/div>\n\t\t<\/div>\n\t\t\t\t\t<\/div>\n\t\t<\/section>\n\t\t\t\t<section class=\"elementor-section elementor-top-section elementor-element elementor-element-38ddd59 elementor-section-boxed elementor-section-height-default elementor-section-height-default\" data-id=\"38ddd59\" data-element_type=\"section\">\n\t\t\t\t\t\t<div class=\"elementor-container elementor-column-gap-default\">\n\t\t\t\t\t<div class=\"elementor-column elementor-col-100 elementor-top-column elementor-element elementor-element-232682c\" data-id=\"232682c\" data-element_type=\"column\">\n\t\t\t<div class=\"elementor-widget-wrap elementor-element-populated\">\n\t\t\t\t\t\t<div class=\"elementor-element elementor-element-cb3c759 elementor-widget elementor-widget-text-editor\" data-id=\"cb3c759\" data-element_type=\"widget\" data-widget_type=\"text-editor.default\">\n\t\t\t\t<div class=\"elementor-widget-container\">\n\t\t\t\t\t\t\t\t\t<p>\u00a0 \u00a0 \u00a0 \u00a0Ba\u015fkanl\u0131\u011f\u0131m\u0131z; \u00fcniversitemizde \u00f6\u011frenimini s\u00fcrd\u00fcren \u00f6\u011frenciler ile personelimizin beslenme ihtiya\u00e7lar\u0131n\u0131 kar\u015f\u0131lamak \u00fczere bir \u00f6\u011f\u00fcnde almalar\u0131 gereken enerji ve makro besin \u00f6\u011feleri hesaplan\u0131p mutfa\u011f\u0131m\u0131zda kaliteli yemek \u00fcreterek, merkezde 9 yemekhane, il\u00e7elerle beraber 17 yemekhane ile \u00f6\u011flen yeme\u011fi hizmeti sunmaktad\u0131r.\u00a0<\/p><p><span style=\"letter-spacing: 0px\">(<a href=\"https:\/\/odeme.atauni.edu.tr\/\" target=\"_blank\" rel=\"noopener\"><strong>Yemek Kart\u0131na Para Y\u00fcklemek \u0130\u00e7in T\u0131klay\u0131n\u0131z)<\/strong><\/a>\u00a0y\u00fckleme yap\u0131larak, otomatik turnikelerden kart\u0131n\u0131 okutarak ge\u00e7ip yemek hizmetinden faydalan\u0131lmaktad\u0131r.<\/span><\/p>\t\t\t\t\t\t\t\t<\/div>\n\t\t\t\t<\/div>\n\t\t\t\t\t<\/div>\n\t\t<\/div>\n\t\t\t\t\t<\/div>\n\t\t<\/section>\n\t\t\t\t<\/div>\n\t\t","protected":false},"excerpt":{"rendered":"<p>\u00a0 \u00a0 \u00a0 \u00a0Ba\u015fkanl\u0131\u011f\u0131m\u0131z; \u00fcniversitemizde \u00f6\u011frenimini s\u00fcrd\u00fcren \u00f6\u011frenciler ile personelimizin beslenme ihtiya\u00e7lar\u0131n\u0131 kar\u015f\u0131lamak \u00fczere bir \u00f6\u011f\u00fcnde almalar\u0131 gereken enerji ve makro besin \u00f6\u011feleri hesaplan\u0131p mutfa\u011f\u0131m\u0131zda kaliteli yemek \u00fcreterek, merkezde 9 yemekhane, il\u00e7elerle beraber 17 yemekhane ile \u00f6\u011flen yeme\u011fi hizmeti sunmaktad\u0131r.\u00a0 (Yemek Kart\u0131na Para Y\u00fcklemek \u0130\u00e7in T\u0131klay\u0131n\u0131z)\u00a0y\u00fckleme yap\u0131larak, otomatik turnikelerden kart\u0131n\u0131 okutarak ge\u00e7ip yemek hizmetinden faydalan\u0131lmaktad\u0131r.<\/p>\n","protected":false},"author":198,"featured_media":0,"parent":0,"menu_order":0,"comment_status":"closed","ping_status":"closed","template":"","meta":{"footnotes":""},"class_list":["post-6280","page","type-page","status-publish","hentry"],"publishpress_future_action":{"enabled":false,"date":"2026-04-11 16:41:27","action":"change-status","newStatus":"draft","terms":[],"taxonomy":"","extraData":[]},"publishpress_future_workflow_manual_trigger":{"enabledWorkflows":[]},"_links":{"self":[{"href":"https:\/\/atauni.edu.tr\/saglik-kultur-ve-spor-daire-baskanligi\/wp-json\/wp\/v2\/pages\/6280","targetHints":{"allow":["GET"]}}],"collection":[{"href":"https:\/\/atauni.edu.tr\/saglik-kultur-ve-spor-daire-baskanligi\/wp-json\/wp\/v2\/pages"}],"about":[{"href":"https:\/\/atauni.edu.tr\/saglik-kultur-ve-spor-daire-baskanligi\/wp-json\/wp\/v2\/types\/page"}],"author":[{"embeddable":true,"href":"https:\/\/atauni.edu.tr\/saglik-kultur-ve-spor-daire-baskanligi\/wp-json\/wp\/v2\/users\/198"}],"replies":[{"embeddable":true,"href":"https:\/\/atauni.edu.tr\/saglik-kultur-ve-spor-daire-baskanligi\/wp-json\/wp\/v2\/comments?post=6280"}],"version-history":[{"count":405,"href":"https:\/\/atauni.edu.tr\/saglik-kultur-ve-spor-daire-baskanligi\/wp-json\/wp\/v2\/pages\/6280\/revisions"}],"predecessor-version":[{"id":17345,"href":"https:\/\/atauni.edu.tr\/saglik-kultur-ve-spor-daire-baskanligi\/wp-json\/wp\/v2\/pages\/6280\/revisions\/17345"}],"wp:attachment":[{"href":"https:\/\/atauni.edu.tr\/saglik-kultur-ve-spor-daire-baskanligi\/wp-json\/wp\/v2\/media?parent=6280"}],"curies":[{"name":"wp","href":"https:\/\/api.w.org\/{rel}","templated":true}]}}