{"id":6282,"date":"2021-10-01T18:42:17","date_gmt":"2021-10-01T15:42:17","guid":{"rendered":"http:\/\/birimler.atauni.edu.tr\/saglik-kultur-ve-spor-daire-baskanligi\/?page_id=6282"},"modified":"2025-07-24T23:59:35","modified_gmt":"2025-07-24T20:59:35","slug":"sosyal-hizmetler-sube-mudurlugu","status":"publish","type":"page","link":"https:\/\/atauni.edu.tr\/saglik-kultur-ve-spor-daire-baskanligi\/sosyal-hizmetler-sube-mudurlugu\/","title":{"rendered":"Sosyal Hizmetler \u015eube M\u00fcd\u00fcrl\u00fc\u011f\u00fc"},"content":{"rendered":"\t\t<div data-elementor-type=\"wp-page\" data-elementor-id=\"6282\" class=\"elementor elementor-6282\" data-elementor-post-type=\"page\">\n\t\t\t\t\t\t<section class=\"elementor-section elementor-top-section elementor-element elementor-element-f8a2ddc elementor-section-boxed elementor-section-height-default elementor-section-height-default\" data-id=\"f8a2ddc\" data-element_type=\"section\">\n\t\t\t\t\t\t<div class=\"elementor-container elementor-column-gap-default\">\n\t\t\t\t\t<div class=\"elementor-column elementor-col-100 elementor-top-column elementor-element elementor-element-859f988\" data-id=\"859f988\" data-element_type=\"column\">\n\t\t\t<div class=\"elementor-widget-wrap elementor-element-populated\">\n\t\t\t\t\t\t<div class=\"elementor-element elementor-element-798f951 elementor-widget elementor-widget-text-editor\" data-id=\"798f951\" data-element_type=\"widget\" data-widget_type=\"text-editor.default\">\n\t\t\t\t<div class=\"elementor-widget-container\">\n\t\t\t\t\t\t\t\t\t<h4 style=\"text-align: center\"><span style=\"color: #ff6600\"><strong>BURSLAR<\/strong><\/span><\/h4><p><strong><span style=\"color: #ff6600\">\u00a0Yemek Bursu<\/span> :<\/strong> Ba\u015far\u0131l\u0131 ve gelir d\u00fczeyi d\u00fc\u015f\u00fck \u00f6\u011frencilerimizin beslenme ihtiya\u00e7lar\u0131n\u0131 kar\u015f\u0131lamak i\u00e7in verilmektedir. Yemek bursu ba\u015fvurular\u0131 her \u00f6\u011frencinin kay\u0131tl\u0131 bulundu\u011fu akademik birime,\u00a0 Ekim ay\u0131 sonuna kadar yap\u0131l\u0131r. Akademik y\u0131l boyunca, hafta i\u00e7i her g\u00fcn bir \u00f6\u011f\u00fcn Sa\u011fl\u0131k K\u00fclt\u00fcr ve Spor Daire Ba\u015fkanl\u0131\u011f\u0131na ba\u011fl\u0131 yemekhanelerden \u00fccretsiz yararlan\u0131l\u0131r.<\/p><h5><span style=\"color: #ff6600\"><a style=\"color: #ff6600\" href=\"https:\/\/atauni.edu.tr\/yuklemeler\/035fa07b92684b66ad1d3e4d193e5788.pdf\" target=\"_blank\" rel=\"noopener\"><strong>Atat\u00fcrk \u00dcniversitesi Ba\u015far\u0131 Bursu<\/strong><\/a><\/span><\/h5><h5><span style=\"color: #ff6600\"><a style=\"color: #ff6600\" href=\"https:\/\/www.tev.org.tr\/burs\/tr\" target=\"_blank\" rel=\"noopener\">(TEV) T\u00fcrk E\u011fitim Vakf\u0131 Bursu<\/a><\/span><\/h5><h5><span style=\"color: #ff6600\"><a style=\"color: #ff6600\" href=\"https:\/\/www.vkv.org.tr\/kategori_detay.aspx?id=11&amp;hl=tr\" target=\"_blank\" rel=\"noopener\">Vehbi Ko\u00e7 Vakf\u0131 Bursu<\/a><\/span><\/h5><h5><span style=\"color: #ff6600\"><a style=\"color: #ff6600\" href=\"https:\/\/tesyev.org\/burslar\/\" target=\"_blank\" rel=\"noopener\">(TESYEV) T\u00fcrkiye Engelliler Spor Yard\u0131m ve E\u011fitim Vakf\u0131 Bursu<\/a><\/span><\/h5><h5>\u00a0<\/h5><div id=\"4BBD07FF_8735_4684_A90E_5D4FABD7277E\">\u00a0<\/div>\t\t\t\t\t\t\t\t<\/div>\n\t\t\t\t<\/div>\n\t\t\t\t\t<\/div>\n\t\t<\/div>\n\t\t\t\t\t<\/div>\n\t\t<\/section>\n\t\t\t\t<section class=\"elementor-section elementor-top-section elementor-element elementor-element-6082075 elementor-section-boxed elementor-section-height-default elementor-section-height-default\" data-id=\"6082075\" data-element_type=\"section\">\n\t\t\t\t\t\t<div class=\"elementor-container elementor-column-gap-default\">\n\t\t\t\t\t<div class=\"elementor-column elementor-col-100 elementor-top-column elementor-element elementor-element-e88e467\" data-id=\"e88e467\" data-element_type=\"column\">\n\t\t\t<div class=\"elementor-widget-wrap elementor-element-populated\">\n\t\t\t\t\t\t<div class=\"elementor-element elementor-element-39803f7 elementor-widget elementor-widget-text-editor\" data-id=\"39803f7\" data-element_type=\"widget\" data-widget_type=\"text-editor.default\">\n\t\t\t\t<div class=\"elementor-widget-container\">\n\t\t\t\t\t\t\t\t\t<h4 style=\"text-align: center\"><strong><span style=\"color: #800000\">\u00a0\u00d6\u011eRENC\u0130 \u0130ST\u0130HDAMI<\/span><\/strong><\/h4><p>\u00a0 \u00a0 \u00a0<strong><span style=\"color: #800000\"> \u00a0 K\u0131smi Zamanl\u0131 \u00c7al\u0131\u015fma:<\/span> <\/strong>Her e\u011fitim ve \u00f6\u011fretim y\u0131l\u0131 ba\u015f\u0131nda, fak\u00fclte\/y\u00fcksekokul\/enstit\u00fc\/merkez m\u00fcd\u00fcrl\u00fck ve koordinat\u00f6rl\u00fcklerde \u00e7al\u0131\u015fmak isteyen \u00f6\u011frencilerin s\u00f6zle\u015fmeleri, sigorta giri\u015f \u00e7\u0131k\u0131\u015f ve maa\u015f i\u015flemleri K\u0131smi Zamanl\u0131 \u00d6\u011frenci Birimi taraf\u0131ndan y\u00fcr\u00fct\u00fclmektedir. K\u0131smi zamanl\u0131 \u00e7al\u0131\u015fma ba\u015fvurular\u0131 her \u00f6\u011frencinin kay\u0131tl\u0131 bulundu\u011fu akademik birimine yap\u0131l\u0131r.<\/p><h5><span style=\"color: #800000\"><a style=\"color: #800000\" href=\"http:\/\/birimler.atauni.edu.tr\/saglik-kultur-ve-spor-daire-baskanligi\/wp-content\/uploads\/sites\/220\/2020\/07\/Kismi-Zamanli-Ogrenci-Calistirma-Usul-ve-Esaslari.pdf\" target=\"_blank\" rel=\"noopener\">K\u0131smi Zamanl\u0131 \u00d6\u011frenci \u00c7al\u0131\u015ft\u0131rma Usul ve Esaslar\u0131 i\u00e7in t\u0131klay\u0131n\u0131z<\/a><\/span><\/h5><h5><span style=\"color: #800000\"><a style=\"color: #800000\" href=\"https:\/\/birimler.atauni.edu.tr\/saglik-kultur-ve-spor-daire-baskanligi\/wp-content\/uploads\/sites\/220\/2020\/07\/Kismi-Zamanli-Calisma-Sozlesmesi.pdf\" target=\"_blank\" rel=\"noopener\">K\u0131smi Zamanl\u0131 \u00d6\u011frenci \u00c7al\u0131\u015ft\u0131rma S\u00f6zle\u015fmesi i\u00e7in t\u0131klay\u0131n\u0131z<\/a><\/span><\/h5><h5><span style=\"color: #800000\"><a style=\"color: #800000\" href=\"http:\/\/birimler.atauni.edu.tr\/saglik-kultur-ve-spor-daire-baskanligi\/wp-content\/uploads\/sites\/220\/2020\/07\/Kismi-Zamanli-Ogrenci-Aydinlatma-ve-Acik-Riza-Metni.pdf\" target=\"_blank\" rel=\"noopener\">K\u0131smi Zamanl\u0131 \u00d6\u011frenci Ayd\u0131nlatma ve A\u00e7\u0131k R\u0131za Metni<\/a>\u00a0<\/span><\/h5><h5><span style=\"color: #ff0000\"><a style=\"color: #ff0000\" href=\"https:\/\/genclik.iskur.gov.tr\/\" target=\"_blank\" rel=\"noopener\">\u0130\u015eKUR Gen\u00e7lik Program\u0131<\/a><\/span><\/h5>\t\t\t\t\t\t\t\t<\/div>\n\t\t\t\t<\/div>\n\t\t\t\t\t<\/div>\n\t\t<\/div>\n\t\t\t\t\t<\/div>\n\t\t<\/section>\n\t\t\t\t<section class=\"elementor-section elementor-top-section elementor-element elementor-element-0051713 elementor-section-boxed elementor-section-height-default elementor-section-height-default\" data-id=\"0051713\" data-element_type=\"section\">\n\t\t\t\t\t\t<div class=\"elementor-container elementor-column-gap-default\">\n\t\t\t\t\t<div class=\"elementor-column elementor-col-100 elementor-top-column elementor-element elementor-element-33b19ab\" data-id=\"33b19ab\" data-element_type=\"column\">\n\t\t\t<div class=\"elementor-widget-wrap elementor-element-populated\">\n\t\t\t\t\t\t<div class=\"elementor-element elementor-element-9863f71 elementor-widget elementor-widget-text-editor\" data-id=\"9863f71\" data-element_type=\"widget\" data-widget_type=\"text-editor.default\">\n\t\t\t\t<div class=\"elementor-widget-container\">\n\t\t\t\t\t\t\t\t\t<h4 style=\"text-align: center\"><span style=\"color: #000080\">STAJ VE \u0130\u015eLEMLER\u0130<\/span><\/h4><h5><span style=\"text-decoration: underline;color: #000080\"><strong>\u00d6\u011frenci Staj ve \u0130\u015flemleri<\/strong><\/span><\/h5><p>Teorik ve uygulamal\u0131 dersler d\u0131\u015f\u0131nda, \u00f6\u011frencilerin \u00f6\u011fretim programlar\u0131yla kazand\u0131r\u0131lmas\u0131 \u00f6ng\u00f6r\u00fclen mesleki bilgi, beceri, tutum ve davran\u0131\u015flar\u0131n\u0131 geli\u015ftirmeleri, sekt\u00f6r\u00fc tan\u0131malar\u0131, i\u015f hayat\u0131na uyumlar\u0131, ger\u00e7ek \u00fcretim ve hizmet ortam\u0131nda yeti\u015fmeleri amac\u0131yla i\u015fletmede yapt\u0131klar\u0131 mesleki \u00e7al\u0131\u015fmad\u0131r.<\/p><h5><span style=\"color: #000080\"><strong>\u00a0Zorunlu Staj \u0130\u015flemleri S\u00fcreci:<\/strong><\/span><\/h5><p><strong><u><span style=\"color: #000080\">\u00d6\u011frenci;<\/span>\u00a0\u00a0<\/u><\/strong>\u00dcniversitemiz \u00d6\u011frenci Bilgi sisteminden (\u00d6BS) zorunlu staj ba\u015fvurusunu yapar.\u00a0<u>(Zorunlu Staj\u00a0<\/u>Formu (1))<br \/><u><\/u><\/p><p><strong><u><span style=\"color: #000080\">Fak\u00fclte\/Y\u00fcksekokul;<\/span>\u00a0<\/u><\/strong>Yap\u0131lan ba\u015fvuru Fak\u00fclte\/Y\u00fcksekokul staj komisyonu ve Dekanl\u0131k\/M\u00fcd\u00fcrl\u00fck onay\u0131ndan sonra sistem \u00fczerinden sigorta i\u015flemleri i\u00e7in Sa\u011fl\u0131k K\u00fclt\u00fcr ve Spor Daire Ba\u015fkanl\u0131\u011f\u0131\u2019na gelir.<\/p><p><span style=\"color: #000080\"><strong><u>Sa\u011fl\u0131k K\u00fclt\u00fcr ve Spor Daire Ba\u015fkanl\u0131\u011f\u0131;\u00a0\u00a0<\/u><\/strong><\/span>Staj formu \u00fczerinde beyan edilen bilgiler esas al\u0131narak SGK\u2019 n\u0131n 4-a \u0130\u015fe Giri\u015f Bildirgesi sayfas\u0131na aktar\u0131l\u0131p \u0130\u015f Kazas\u0131 ve Meslek Hastal\u0131\u011f\u0131 sigortas\u0131 yap\u0131l\u0131r.\u00a0\u00a0<u>(SGK Sigortal\u0131 \u0130\u015fe Giri\u015f Bildirgesi (2) )<\/u>\u00a0Zorunlu staj\u0131 biten \u00f6\u011frenci i\u00e7in SGK \u00fczerinden sigorta \u00e7\u0131k\u0131\u015f i\u015flemi yap\u0131l\u0131r.\u00a0<u>(SGK Sigortal\u0131 \u0130\u015ften Ayr\u0131l\u0131\u015f Bildirgesi (3) )\u00a0<\/u>\u0130\u015fe giri\u015f ve i\u015ften ayr\u0131l\u0131\u015f bildirgelerine e-Devlet Kap\u0131s\u0131 \u00fczerinden ula\u015f\u0131labilir.<\/p><h6><a href=\"https:\/\/birimler.atauni.edu.tr\/saglik-kultur-ve-spor-daire-baskanligi\/wp-content\/uploads\/sites\/220\/2020\/07\/ATATURK-UNIVERSITESI-UYGULAMALI-EGITIMLER-YONERGESI.pdf\" target=\"_blank\" rel=\"noopener\">A<span style=\"color: #000080\">tat\u00fcrk \u00dcniversitesi Uygulamal\u0131 E\u011fitimler Y\u00f6nergesi<\/span><\/a><\/h6><h6><span style=\"color: #000080\"><a style=\"color: #000080\" href=\"https:\/\/birimler.atauni.edu.tr\/saglik-kultur-ve-spor-daire-baskanligi\/wp-content\/uploads\/sites\/220\/2020\/07\/TUBITAK-PROJELERI-BURSIYER-SGK-BILGI-FORMU.docx\" target=\"_blank\" rel=\"noopener\">T\u00dcB\u0130TAK Projeleri Bursiyer SGK Bilgi Formu i\u00e7in t\u0131klay\u0131n\u0131z<\/a><\/span><\/h6><h6><span style=\"color: #000080\"><a style=\"color: #000080\" href=\"https:\/\/kariyerkapisi.cbiko.gov.tr\/\" target=\"_blank\" rel=\"noopener\">Staj Seferberli\u011fi. Bilgi i\u00e7in t\u0131klay\u0131n\u0131z<\/a><\/span><\/h6>\t\t\t\t\t\t\t\t<\/div>\n\t\t\t\t<\/div>\n\t\t\t\t\t<\/div>\n\t\t<\/div>\n\t\t\t\t\t<\/div>\n\t\t<\/section>\n\t\t\t\t<\/div>\n\t\t","protected":false},"excerpt":{"rendered":"<p>BURSLAR \u00a0Yemek Bursu : Ba\u015far\u0131l\u0131 ve gelir d\u00fczeyi d\u00fc\u015f\u00fck \u00f6\u011frencilerimizin beslenme ihtiya\u00e7lar\u0131n\u0131 kar\u015f\u0131lamak i\u00e7in verilmektedir. Yemek bursu ba\u015fvurular\u0131 her \u00f6\u011frencinin kay\u0131tl\u0131 bulundu\u011fu akademik birime,\u00a0 Ekim ay\u0131 sonuna kadar yap\u0131l\u0131r. Akademik y\u0131l boyunca, hafta i\u00e7i her g\u00fcn bir \u00f6\u011f\u00fcn Sa\u011fl\u0131k K\u00fclt\u00fcr ve Spor Daire Ba\u015fkanl\u0131\u011f\u0131na ba\u011fl\u0131 yemekhanelerden \u00fccretsiz yararlan\u0131l\u0131r. Atat\u00fcrk \u00dcniversitesi Ba\u015far\u0131 Bursu (TEV) T\u00fcrk E\u011fitim [&hellip;]<\/p>\n","protected":false},"author":198,"featured_media":0,"parent":0,"menu_order":0,"comment_status":"closed","ping_status":"closed","template":"","meta":{"footnotes":""},"class_list":["post-6282","page","type-page","status-publish","hentry"],"publishpress_future_action":{"enabled":false,"date":"2026-04-12 10:36:59","action":"change-status","newStatus":"draft","terms":[],"taxonomy":"","extraData":[]},"publishpress_future_workflow_manual_trigger":{"enabledWorkflows":[]},"_links":{"self":[{"href":"https:\/\/atauni.edu.tr\/saglik-kultur-ve-spor-daire-baskanligi\/wp-json\/wp\/v2\/pages\/6282","targetHints":{"allow":["GET"]}}],"collection":[{"href":"https:\/\/atauni.edu.tr\/saglik-kultur-ve-spor-daire-baskanligi\/wp-json\/wp\/v2\/pages"}],"about":[{"href":"https:\/\/atauni.edu.tr\/saglik-kultur-ve-spor-daire-baskanligi\/wp-json\/wp\/v2\/types\/page"}],"author":[{"embeddable":true,"href":"https:\/\/atauni.edu.tr\/saglik-kultur-ve-spor-daire-baskanligi\/wp-json\/wp\/v2\/users\/198"}],"replies":[{"embeddable":true,"href":"https:\/\/atauni.edu.tr\/saglik-kultur-ve-spor-daire-baskanligi\/wp-json\/wp\/v2\/comments?post=6282"}],"version-history":[{"count":288,"href":"https:\/\/atauni.edu.tr\/saglik-kultur-ve-spor-daire-baskanligi\/wp-json\/wp\/v2\/pages\/6282\/revisions"}],"predecessor-version":[{"id":17693,"href":"https:\/\/atauni.edu.tr\/saglik-kultur-ve-spor-daire-baskanligi\/wp-json\/wp\/v2\/pages\/6282\/revisions\/17693"}],"wp:attachment":[{"href":"https:\/\/atauni.edu.tr\/saglik-kultur-ve-spor-daire-baskanligi\/wp-json\/wp\/v2\/media?parent=6282"}],"curies":[{"name":"wp","href":"https:\/\/api.w.org\/{rel}","templated":true}]}}