{"id":68,"date":"2020-07-10T03:09:24","date_gmt":"2020-07-10T00:09:24","guid":{"rendered":"http:\/\/demo.ovathemes.com\/egovt\/?page_id=68"},"modified":"2026-03-19T09:01:25","modified_gmt":"2026-03-19T06:01:25","slug":"anasayfa","status":"publish","type":"page","link":"https:\/\/atauni.edu.tr\/saglik-kultur-ve-spor-daire-baskanligi\/","title":{"rendered":""},"content":{"rendered":"\t\t<div data-elementor-type=\"wp-page\" data-elementor-id=\"68\" class=\"elementor elementor-68\" data-elementor-post-type=\"page\">\n\t\t\t\t\t\t<section class=\"elementor-section elementor-top-section elementor-element elementor-element-8302c0a elementor-section-boxed elementor-section-height-default elementor-section-height-default\" data-id=\"8302c0a\" data-element_type=\"section\">\n\t\t\t\t\t\t<div class=\"elementor-container elementor-column-gap-default\">\n\t\t\t\t\t<div class=\"elementor-column elementor-col-100 elementor-top-column elementor-element elementor-element-4459a6e\" data-id=\"4459a6e\" data-element_type=\"column\">\n\t\t\t<div class=\"elementor-widget-wrap elementor-element-populated\">\n\t\t\t\t\t\t<div class=\"elementor-element elementor-element-290ffb6 elementor--h-position-left elementor--v-position-bottom elementor-arrows-position-inside elementor-pagination-position-inside elementor-widget elementor-widget-slides\" data-id=\"290ffb6\" data-element_type=\"widget\" data-settings=\"{&quot;navigation&quot;:&quot;both&quot;,&quot;autoplay&quot;:&quot;yes&quot;,&quot;pause_on_hover&quot;:&quot;yes&quot;,&quot;pause_on_interaction&quot;:&quot;yes&quot;,&quot;autoplay_speed&quot;:5000,&quot;infinite&quot;:&quot;yes&quot;,&quot;transition&quot;:&quot;slide&quot;,&quot;transition_speed&quot;:500}\" data-widget_type=\"slides.default\">\n\t\t\t\t<div class=\"elementor-widget-container\">\n\t\t\t\t\t\t\t\t\t<div class=\"elementor-swiper\">\n\t\t\t\t\t<div class=\"elementor-slides-wrapper elementor-main-swiper swiper\" role=\"region\" aria-roledescription=\"carousel\" aria-label=\"Slides\" dir=\"ltr\" data-animation=\"fadeInUp\">\n\t\t\t\t<div class=\"swiper-wrapper elementor-slides\">\n\t\t\t\t\t\t\t\t\t\t<div class=\"elementor-repeater-item-dc1c0f2 swiper-slide\" role=\"group\" aria-roledescription=\"slide\"><div class=\"swiper-slide-bg\" role=\"img\" aria-label=\"s.d.k\"><\/div><div class=\"swiper-slide-inner\" ><div class=\"swiper-slide-contents\"><div class=\"elementor-slide-heading\"> <\/div><div class=\"elementor-slide-description\"> <\/div><div  class=\"elementor-button elementor-slide-button elementor-size-sm\"> <\/div><\/div><\/div><\/div><div class=\"elementor-repeater-item-26c4ffd swiper-slide\" role=\"group\" aria-roledescription=\"slide\"><div class=\"swiper-slide-bg\" role=\"img\" aria-label=\"45x15 -100 Buz Hokeyi Erkek\"><\/div><div class=\"swiper-slide-inner\" ><div class=\"swiper-slide-contents\"><div class=\"elementor-slide-heading\"> ATAUN\u0130  Buz Hokeyi Erkek Tak\u0131m\u0131<\/div><div class=\"elementor-slide-description\"> T\u00fcrkiye \u015eampiyonu<\/div><div  class=\"elementor-button elementor-slide-button elementor-size-sm\"> <\/div><\/div><\/div><\/div><div class=\"elementor-repeater-item-b03882d swiper-slide\" role=\"group\" aria-roledescription=\"slide\"><div class=\"swiper-slide-bg\" role=\"img\" aria-label=\"45x15-100 Buz Hokeyi Kad\u0131n Tak\u0131m\"><\/div><div class=\"swiper-slide-inner\" ><div class=\"swiper-slide-contents\"><div class=\"elementor-slide-heading\">ATAUN\u0130 Buz Hokeyi Kad\u0131n Tak\u0131m\u0131<\/div><div class=\"elementor-slide-description\"> T\u00fcrkiye \u015eampiyonu<\/div><div  class=\"elementor-button elementor-slide-button elementor-size-sm\"> <\/div><\/div><\/div><\/div><div class=\"elementor-repeater-item-aad93a6 swiper-slide\" role=\"group\" aria-roledescription=\"slide\"><div class=\"swiper-slide-bg\" role=\"img\" aria-label=\"CURL\u0130NG 2026\"><\/div><div class=\"swiper-slide-inner\" ><div class=\"swiper-slide-contents\"><div class=\"elementor-slide-heading\"> ATAUN\u0130 Curling Tak\u0131m\u0131<\/div><div class=\"elementor-slide-description\"> \u00dcN\u0130L\u0130G Curling Tak\u0131m\u0131 T\u00fcrkiye \u015eampiyonu <\/div><div  class=\"elementor-button elementor-slide-button elementor-size-sm\"> <\/div><\/div><\/div><\/div><div class=\"elementor-repeater-item-7787f15 swiper-slide\" role=\"group\" aria-roledescription=\"slide\"><div class=\"swiper-slide-bg\" role=\"img\" aria-label=\"K\u0130CKBOKS 2026\"><\/div><div class=\"swiper-slide-inner\" ><div class=\"swiper-slide-contents\"><div class=\"elementor-slide-heading\"> ATAUN\u0130 Kick Boks Tak\u0131m\u0131<\/div><div class=\"elementor-slide-description\">  <\/div><div  class=\"elementor-button elementor-slide-button elementor-size-sm\"> <\/div><\/div><\/div><\/div><div class=\"elementor-repeater-item-2f611e9 swiper-slide\" role=\"group\" aria-roledescription=\"slide\"><div class=\"swiper-slide-bg\" role=\"img\" aria-label=\"Ba\u015fl\u0131ks\u0131z-1\"><\/div><div class=\"swiper-slide-inner\" ><div class=\"swiper-slide-contents\"><div class=\"elementor-slide-heading\"> Atauni Futsal Erkek Tak\u0131m\u0131<\/div><div class=\"elementor-slide-description\"> <\/div><div  class=\"elementor-button elementor-slide-button elementor-size-sm\"> 2025 B\u00f6lgesel Lig \u015eampiyonu<\/div><\/div><\/div><\/div><div class=\"elementor-repeater-item-6335ff7 swiper-slide\" role=\"group\" aria-roledescription=\"slide\"><div class=\"swiper-slide-bg\" role=\"img\" aria-label=\"Basket 3X3\"><\/div><div class=\"swiper-slide-inner\" ><div class=\"swiper-slide-contents\"><div class=\"elementor-slide-heading\"> ATAUN\u0130 3X3 Basketbol Kad\u0131n ve Erkek Tak\u0131m\u0131<\/div><div class=\"elementor-slide-description\"> 2025 Erkekler T\u00fcrkiye \u0130kincisi\nKad\u0131nlar T\u00fcrkiye \u00dc\u00e7\u00fcnc\u00fcs\u00fc  <\/div><div  class=\"elementor-button elementor-slide-button elementor-size-sm\"> <\/div><\/div><\/div><\/div><div class=\"elementor-repeater-item-667ae57 swiper-slide\" role=\"group\" aria-roledescription=\"slide\"><div class=\"swiper-slide-bg\" role=\"img\" aria-label=\"45x15-100 Futbol\"><\/div><div class=\"swiper-slide-inner\" ><div class=\"swiper-slide-contents\"><div class=\"elementor-slide-heading\"> ATAUN\u0130 Futbol Tak\u0131m\u0131<\/div><div class=\"elementor-slide-description\">B\u00f6lgesel Lig \u015eampiyonu<\/div><div  class=\"elementor-button elementor-slide-button elementor-size-sm\"> <\/div><\/div><\/div><\/div><div class=\"elementor-repeater-item-482a0f2 swiper-slide\" role=\"group\" aria-roledescription=\"slide\"><div class=\"swiper-slide-bg\" role=\"img\" aria-label=\"G\u00dcRE\u015e 2025\"><\/div><div class=\"swiper-slide-inner\" ><div class=\"swiper-slide-contents\"><div class=\"elementor-slide-heading\">ATAUN\u0130 G\u00fcre\u015f Tak\u0131m\u0131<\/div><div class=\"elementor-slide-description\"> A Klasman Serbest Sitil T\u00fcrkiye \u015eampiyonu<\/div><div  class=\"elementor-button elementor-slide-button elementor-size-sm\"> <\/div><\/div><\/div><\/div><div class=\"elementor-repeater-item-370356f swiper-slide\" role=\"group\" aria-roledescription=\"slide\"><div class=\"swiper-slide-bg\" role=\"img\" aria-label=\"KROS 2026\"><\/div><div class=\"swiper-slide-inner\" ><div class=\"swiper-slide-contents\"><div class=\"elementor-slide-heading\"> ATAUN\u0130 Kros Tak\u0131m\u0131<\/div><div class=\"elementor-slide-description\"> KROS Erkek Tak\u0131m\u0131 2025 T\u00dcRK\u0130YE \u015eAMP\u0130YONU<\/div><div  class=\"elementor-button elementor-slide-button elementor-size-sm\"> <\/div><\/div><\/div><\/div><div class=\"elementor-repeater-item-5bcb637 swiper-slide\" role=\"group\" aria-roledescription=\"slide\"><div class=\"swiper-slide-bg\" role=\"img\" aria-label=\"Bowling\"><\/div><div class=\"swiper-slide-inner\" ><div class=\"swiper-slide-contents\"><div class=\"elementor-slide-heading\"> ATAUN\u0130 Bowling Tak\u0131m\u0131<\/div><div class=\"elementor-slide-description\"> \u00dcniversitemiz Bowling Tak\u0131m\u0131, Kad\u0131nlar \u00dcN\u0130L\u0130G Bowling T\u00fcrkiye \u015eampiyonu, Erkekler T\u00fcrkiye \u0130kincisi<\/div><div  class=\"elementor-button elementor-slide-button elementor-size-sm\"> <\/div><\/div><\/div><\/div><div class=\"elementor-repeater-item-5525f85 swiper-slide\" role=\"group\" aria-roledescription=\"slide\"><div class=\"swiper-slide-bg\" role=\"img\" aria-label=\"Futbol 2025-2\"><\/div><div class=\"swiper-slide-inner\" ><div class=\"swiper-slide-contents\"><div class=\"elementor-slide-heading\"> Futbol Turnuvas\u0131 2025<\/div><div class=\"elementor-slide-description\"> \u00d6d\u00fcl T\u00f6reni<\/div><div  class=\"elementor-button elementor-slide-button elementor-size-sm\"> <\/div><\/div><\/div><\/div><div class=\"elementor-repeater-item-cff619d swiper-slide\" role=\"group\" aria-roledescription=\"slide\"><div class=\"swiper-slide-bg\" role=\"img\" aria-label=\"Futbol 2025-1\"><\/div><div class=\"swiper-slide-inner\" ><div class=\"swiper-slide-contents\"><div class=\"elementor-slide-heading\">  Futbol Turnuvas\u0131 2025<\/div><div class=\"elementor-slide-description\">  \u00d6d\u00fcl T\u00f6reni<\/div><div  class=\"elementor-button elementor-slide-button elementor-size-sm\"> <\/div><\/div><\/div><\/div><div class=\"elementor-repeater-item-8b78d9a swiper-slide\" role=\"group\" aria-roledescription=\"slide\"><div class=\"swiper-slide-bg\" role=\"img\" aria-label=\"Yemek 1\"><\/div><div class=\"swiper-slide-inner\" ><div class=\"swiper-slide-contents\"><div class=\"elementor-slide-heading\"> <\/div><div class=\"elementor-slide-description\"> <\/div><div  class=\"elementor-button elementor-slide-button elementor-size-sm\"> <\/div><\/div><\/div><\/div><div class=\"elementor-repeater-item-9caf0b3 swiper-slide\" role=\"group\" aria-roledescription=\"slide\"><div class=\"swiper-slide-bg\" role=\"img\" aria-label=\"Yemek 2\"><\/div><div class=\"swiper-slide-inner\" ><div class=\"swiper-slide-contents\"><div class=\"elementor-slide-heading\"> <\/div><div class=\"elementor-slide-description\"> <\/div><div  class=\"elementor-button elementor-slide-button elementor-size-sm\"> <\/div><\/div><\/div><\/div><div class=\"elementor-repeater-item-6573d7f swiper-slide\" role=\"group\" aria-roledescription=\"slide\"><div class=\"swiper-slide-bg\" role=\"img\" aria-label=\"VOLEYBOL 2025\"><\/div><div class=\"swiper-slide-inner\" ><div class=\"swiper-slide-contents\"><div class=\"elementor-slide-heading\"> ATAUN\u0130 Voleybol Tak\u0131m\u0131<\/div><div class=\"elementor-slide-description\"> <\/div><div  class=\"elementor-button elementor-slide-button elementor-size-sm\"> <\/div><\/div><\/div><\/div>\t\t\t\t<\/div>\n\t\t\t\t\t\t\t\t\t\t\t\t\t\t\t<div class=\"elementor-swiper-button elementor-swiper-button-prev\" role=\"button\" tabindex=\"0\" aria-label=\"Previous slide\">\n\t\t\t\t\t\t\t<i aria-hidden=\"true\" class=\"eicon-chevron-left\"><\/i>\t\t\t\t\t\t<\/div>\n\t\t\t\t\t\t<div class=\"elementor-swiper-button elementor-swiper-button-next\" role=\"button\" tabindex=\"0\" aria-label=\"Next slide\">\n\t\t\t\t\t\t\t<i aria-hidden=\"true\" class=\"eicon-chevron-right\"><\/i>\t\t\t\t\t\t<\/div>\n\t\t\t\t\t\t\t\t\t\t\t\t\t\t\t\t<div class=\"swiper-pagination\"><\/div>\n\t\t\t\t\t\t\t\t\t\t\t\t<\/div>\n\t\t\t\t<\/div>\n\t\t\t\t\t\t\t\t<\/div>\n\t\t\t\t<\/div>\n\t\t\t\t\t<\/div>\n\t\t<\/div>\n\t\t\t\t\t<\/div>\n\t\t<\/section>\n\t\t\t\t<section class=\"elementor-section elementor-top-section elementor-element elementor-element-3023f89f elementor-section-boxed elementor-section-height-default elementor-section-height-default\" data-id=\"3023f89f\" data-element_type=\"section\">\n\t\t\t\t\t\t<div class=\"elementor-container elementor-column-gap-default\">\n\t\t\t\t\t<div class=\"elementor-column elementor-col-33 elementor-top-column elementor-element elementor-element-42159541\" data-id=\"42159541\" data-element_type=\"column\">\n\t\t\t<div class=\"elementor-widget-wrap elementor-element-populated\">\n\t\t\t\t\t\t<div class=\"elementor-element elementor-element-6229a0b4 elementor-widget elementor-widget-heading\" data-id=\"6229a0b4\" data-element_type=\"widget\" data-widget_type=\"heading.default\">\n\t\t\t\t<div class=\"elementor-widget-container\">\n\t\t\t\t\t<h2 class=\"elementor-heading-title elementor-size-default\">Haberler \/ Duyurular<\/h2>\t\t\t\t<\/div>\n\t\t\t\t<\/div>\n\t\t\t\t<div class=\"elementor-element elementor-element-7fdf1402 elementor-widget-divider--view-line elementor-widget elementor-widget-divider\" data-id=\"7fdf1402\" data-element_type=\"widget\" data-widget_type=\"divider.default\">\n\t\t\t\t<div class=\"elementor-widget-container\">\n\t\t\t\t\t\t\t<div class=\"elementor-divider\">\n\t\t\t<span class=\"elementor-divider-separator\">\n\t\t\t\t\t\t<\/span>\n\t\t<\/div>\n\t\t\t\t\t\t<\/div>\n\t\t\t\t<\/div>\n\t\t\t\t<div class=\"elementor-element elementor-element-607e19c elementor-widget elementor-widget-shortcode\" data-id=\"607e19c\" data-element_type=\"widget\" data-widget_type=\"shortcode.default\">\n\t\t\t\t<div class=\"elementor-widget-container\">\n\t\t\t\t\t\t\t<div class=\"elementor-shortcode\"><ul class=\"kategori-yazilari-liste\"><li style=\"display: flex; margin-bottom: 10px;\"><div class=\"post-content\" style=\"flex-grow: 1;\"><span class=\"post-date habertarih\" style=\"display: block; font-weight: bold; margin-bottom: 5px;\">7 Ekim 2025<\/span><a class=\"haberbaslik\" href=\"https:\/\/atauni.edu.tr\/saglik-kultur-ve-spor-daire-baskanligi\/2025\/10\/07\/halk-oyunlari-calismalari\/\" style=\"\">Halk Oyunlar\u0131 \u00c7al\u0131\u015fmalar\u0131<\/a><\/div><\/li><li style=\"display: flex; margin-bottom: 10px;\"><div class=\"post-content\" style=\"flex-grow: 1;\"><span class=\"post-date habertarih\" style=\"display: block; font-weight: bold; margin-bottom: 5px;\">27 Haziran 2025<\/span><a class=\"haberbaslik\" href=\"https:\/\/atauni.edu.tr\/saglik-kultur-ve-spor-daire-baskanligi\/2025\/06\/27\/yemek-fiyat-listesi\/\" style=\"\">G\u00fcncel Yemek Fiyat Listesi<\/a><\/div><\/li><\/ul>\n<\/div>\n\t\t\t\t\t\t<\/div>\n\t\t\t\t<\/div>\n\t\t\t\t<div class=\"elementor-element elementor-element-544a22f elementor-widget elementor-widget-ova_blog_slide\" data-id=\"544a22f\" data-element_type=\"widget\" data-settings=\"{&quot;_animation&quot;:&quot;none&quot;,&quot;pause_on_hover&quot;:&quot;yes&quot;,&quot;infinite&quot;:&quot;yes&quot;,&quot;autoplay&quot;:&quot;yes&quot;,&quot;autoplay_speed&quot;:3000}\" data-widget_type=\"ova_blog_slide.default\">\n\t\t\t\t<div class=\"elementor-widget-container\">\n\t\t\t\t\t\n\t\t<div class=\"ova-blog-slide blog-grid\">\n\t\t\t<div class=\"ova-wrap-grid blog-slide owl-carousel owl-theme\" data-options=\"{&quot;items&quot;:&quot;1&quot;,&quot;slideBy&quot;:1,&quot;margin&quot;:30,&quot;autoplayHoverPause&quot;:true,&quot;loop&quot;:true,&quot;autoplay&quot;:true,&quot;autoplayTimeout&quot;:3000,&quot;smartSpeed&quot;:500,&quot;dots&quot;:false,&quot;nav&quot;:false,&quot;center&quot;:false}\">\n\t\t\t\t\t\t<\/div>\n\t\t<\/div>\n\t\t\t\t\t\t<\/div>\n\t\t\t\t<\/div>\n\t\t\t\t\t<\/div>\n\t\t<\/div>\n\t\t\t\t<div class=\"elementor-column elementor-col-33 elementor-top-column elementor-element elementor-element-abefd54\" data-id=\"abefd54\" data-element_type=\"column\">\n\t\t\t<div class=\"elementor-widget-wrap elementor-element-populated\">\n\t\t\t\t\t\t<div class=\"elementor-element elementor-element-08fb938 elementor-widget elementor-widget-heading\" data-id=\"08fb938\" data-element_type=\"widget\" data-widget_type=\"heading.default\">\n\t\t\t\t<div class=\"elementor-widget-container\">\n\t\t\t\t\t<h2 class=\"elementor-heading-title elementor-size-default\">Etkinlikler<\/h2>\t\t\t\t<\/div>\n\t\t\t\t<\/div>\n\t\t\t\t<div class=\"elementor-element elementor-element-fa33ceb elementor-widget-divider--view-line elementor-widget elementor-widget-divider\" data-id=\"fa33ceb\" data-element_type=\"widget\" data-widget_type=\"divider.default\">\n\t\t\t\t<div class=\"elementor-widget-container\">\n\t\t\t\t\t\t\t<div class=\"elementor-divider\">\n\t\t\t<span class=\"elementor-divider-separator\">\n\t\t\t\t\t\t<\/span>\n\t\t<\/div>\n\t\t\t\t\t\t<\/div>\n\t\t\t\t<\/div>\n\t\t\t\t<div class=\"elementor-element elementor-element-e82c128 elementor-widget elementor-widget-shortcode\" data-id=\"e82c128\" data-element_type=\"widget\" data-widget_type=\"shortcode.default\">\n\t\t\t\t<div class=\"elementor-widget-container\">\n\t\t\t\t\t\t\t<div class=\"elementor-shortcode\"><div class=\"swiper etkinlikler-swiper\"><div class=\"swiper-wrapper\"><div class=\"swiper-slide\"><div class=\"etkinlik-slide\"><div class=\"etkinlik-date\"><span class=\"day\">23<\/span><span class=\"month\">Ocak<\/span><span class=\"year\">2026<\/span><\/div><a href=\"https:\/\/atauni.edu.tr\/saglik-kultur-ve-spor-daire-baskanligi\/2026\/01\/23\/kis-sporlari-unilig-turkiye-sampiyonasi\/\" class=\"etkinlik-title\">KI\u015e SPORLARI \u00dcN\u0130L\u0130G T\u00dcRK\u0130YE \u015eAMP\u0130YONASI<\/a><\/div><\/div><\/div><div class=\"swiper-button-next\"><\/div><div class=\"swiper-button-prev\"><\/div><\/div><\/div>\n\t\t\t\t\t\t<\/div>\n\t\t\t\t<\/div>\n\t\t\t\t\t<\/div>\n\t\t<\/div>\n\t\t\t\t<div class=\"elementor-column elementor-col-33 elementor-top-column elementor-element elementor-element-a08ae94\" data-id=\"a08ae94\" data-element_type=\"column\">\n\t\t\t<div class=\"elementor-widget-wrap elementor-element-populated\">\n\t\t\t\t\t\t<div class=\"elementor-element elementor-element-2ca0e777 elementor-widget elementor-widget-heading\" data-id=\"2ca0e777\" data-element_type=\"widget\" data-widget_type=\"heading.default\">\n\t\t\t\t<div class=\"elementor-widget-container\">\n\t\t\t\t\t<h2 class=\"elementor-heading-title elementor-size-default\"><a href=\"\">Yemek Listesi<\/a><\/h2>\t\t\t\t<\/div>\n\t\t\t\t<\/div>\n\t\t\t\t<div class=\"elementor-element elementor-element-6ecb9c81 elementor-widget-divider--view-line elementor-widget elementor-widget-divider\" data-id=\"6ecb9c81\" data-element_type=\"widget\" data-widget_type=\"divider.default\">\n\t\t\t\t<div class=\"elementor-widget-container\">\n\t\t\t\t\t\t\t<div class=\"elementor-divider\">\n\t\t\t<span class=\"elementor-divider-separator\">\n\t\t\t\t\t\t<\/span>\n\t\t<\/div>\n\t\t\t\t\t\t<\/div>\n\t\t\t\t<\/div>\n\t\t\t\t<div class=\"elementor-element elementor-element-7e5fd44 elementor-posts--align-center elementor-grid-2 elementor-grid-tablet-2 elementor-grid-mobile-1 elementor-posts--thumbnail-top elementor-widget elementor-widget-posts\" data-id=\"7e5fd44\" data-element_type=\"widget\" data-settings=\"{&quot;classic_columns&quot;:&quot;2&quot;,&quot;classic_columns_tablet&quot;:&quot;2&quot;,&quot;classic_columns_mobile&quot;:&quot;1&quot;,&quot;classic_row_gap&quot;:{&quot;unit&quot;:&quot;px&quot;,&quot;size&quot;:35,&quot;sizes&quot;:[]},&quot;classic_row_gap_tablet&quot;:{&quot;unit&quot;:&quot;px&quot;,&quot;size&quot;:&quot;&quot;,&quot;sizes&quot;:[]},&quot;classic_row_gap_mobile&quot;:{&quot;unit&quot;:&quot;px&quot;,&quot;size&quot;:&quot;&quot;,&quot;sizes&quot;:[]}}\" data-widget_type=\"posts.classic\">\n\t\t\t\t<div class=\"elementor-widget-container\">\n\t\t\t\t\t\t\t<div class=\"elementor-posts-container elementor-posts elementor-posts--skin-classic elementor-grid\" role=\"list\">\n\t\t\t\t<article class=\"elementor-post elementor-grid-item post-18720 post type-post status-publish format-standard has-post-thumbnail hentry category-yemek\" role=\"listitem\">\n\t\t\t\t<a class=\"elementor-post__thumbnail__link\" href=\"https:\/\/atauni.edu.tr\/saglik-kultur-ve-spor-daire-baskanligi\/2026\/04\/07\/09-nisan-2026\/\" tabindex=\"-1\" target=&quot;_blank&quot;>\n\t\t\t<div class=\"elementor-post__thumbnail\"><img decoding=\"async\" width=\"227\" height=\"189\" src=\"https:\/\/atauni.edu.tr\/saglik-kultur-ve-spor-daire-baskanligi\/wp-content\/uploads\/sites\/220\/2020\/07\/Yemek2.jpg\" class=\"attachment-full size-full wp-image-8949\" alt=\"\" \/><\/div>\n\t\t<\/a>\n\t\t\t\t<div class=\"elementor-post__text\">\n\t\t\t\t<h3 class=\"elementor-post__title\">\n\t\t\t<a href=\"https:\/\/atauni.edu.tr\/saglik-kultur-ve-spor-daire-baskanligi\/2026\/04\/07\/09-nisan-2026\/\" target=&quot;_blank&quot;>\n\t\t\t\t09 Nisan 2026\t\t\t<\/a>\n\t\t<\/h3>\n\t\t\n\t\t<a class=\"elementor-post__read-more\" href=\"https:\/\/atauni.edu.tr\/saglik-kultur-ve-spor-daire-baskanligi\/2026\/04\/07\/09-nisan-2026\/\" aria-label=\"Read more about 09 Nisan 2026\" tabindex=\"-1\" target=\"_blank\">\n\t\t\tDetayl\u0131 Bilgi \u00bb\t\t<\/a>\n\n\t\t\t\t<\/div>\n\t\t\t\t<\/article>\n\t\t\t\t<article class=\"elementor-post elementor-grid-item post-18618 post type-post status-publish format-standard has-post-thumbnail hentry category-yemek\" role=\"listitem\">\n\t\t\t\t<a class=\"elementor-post__thumbnail__link\" href=\"https:\/\/atauni.edu.tr\/saglik-kultur-ve-spor-daire-baskanligi\/2026\/04\/08\/10-nisan-2026\/\" tabindex=\"-1\" target=&quot;_blank&quot;>\n\t\t\t<div class=\"elementor-post__thumbnail\"><img decoding=\"async\" width=\"227\" height=\"189\" src=\"https:\/\/atauni.edu.tr\/saglik-kultur-ve-spor-daire-baskanligi\/wp-content\/uploads\/sites\/220\/2020\/07\/Yemek1.jpg\" class=\"attachment-full size-full wp-image-8948\" alt=\"\" \/><\/div>\n\t\t<\/a>\n\t\t\t\t<div class=\"elementor-post__text\">\n\t\t\t\t<h3 class=\"elementor-post__title\">\n\t\t\t<a href=\"https:\/\/atauni.edu.tr\/saglik-kultur-ve-spor-daire-baskanligi\/2026\/04\/08\/10-nisan-2026\/\" target=&quot;_blank&quot;>\n\t\t\t\t10 Nisan 2026\t\t\t<\/a>\n\t\t<\/h3>\n\t\t\n\t\t<a class=\"elementor-post__read-more\" href=\"https:\/\/atauni.edu.tr\/saglik-kultur-ve-spor-daire-baskanligi\/2026\/04\/08\/10-nisan-2026\/\" aria-label=\"Read more about 10 Nisan 2026\" tabindex=\"-1\" target=\"_blank\">\n\t\t\tDetayl\u0131 Bilgi \u00bb\t\t<\/a>\n\n\t\t\t\t<\/div>\n\t\t\t\t<\/article>\n\t\t\t\t<\/div>\n\t\t\n\t\t\t\t\t\t<\/div>\n\t\t\t\t<\/div>\n\t\t\t\t\t<\/div>\n\t\t<\/div>\n\t\t\t\t\t<\/div>\n\t\t<\/section>\n\t\t\t\t<\/div>\n\t\t","protected":false},"excerpt":{"rendered":"<p>ATAUN\u0130 Buz Hokeyi Erkek Tak\u0131m\u0131 T\u00fcrkiye \u015eampiyonu ATAUN\u0130 Buz Hokeyi Kad\u0131n Tak\u0131m\u0131 T\u00fcrkiye \u015eampiyonu ATAUN\u0130 Curling Tak\u0131m\u0131 \u00dcN\u0130L\u0130G Curling Tak\u0131m\u0131 T\u00fcrkiye \u015eampiyonu ATAUN\u0130 Kick Boks<\/p>\n","protected":false},"author":1,"featured_media":0,"parent":0,"menu_order":0,"comment_status":"closed","ping_status":"closed","template":"","meta":{"footnotes":""},"class_list":["post-68","page","type-page","status-publish","hentry"],"publishpress_future_action":{"enabled":false,"date":"2026-04-16 12:57:40","action":"change-status","newStatus":"draft","terms":[],"taxonomy":"","extraData":[]},"publishpress_future_workflow_manual_trigger":{"enabledWorkflows":[]},"_links":{"self":[{"href":"https:\/\/atauni.edu.tr\/saglik-kultur-ve-spor-daire-baskanligi\/wp-json\/wp\/v2\/pages\/68","targetHints":{"allow":["GET"]}}],"collection":[{"href":"https:\/\/atauni.edu.tr\/saglik-kultur-ve-spor-daire-baskanligi\/wp-json\/wp\/v2\/pages"}],"about":[{"href":"https:\/\/atauni.edu.tr\/saglik-kultur-ve-spor-daire-baskanligi\/wp-json\/wp\/v2\/types\/page"}],"author":[{"embeddable":true,"href":"https:\/\/atauni.edu.tr\/saglik-kultur-ve-spor-daire-baskanligi\/wp-json\/wp\/v2\/users\/1"}],"replies":[{"embeddable":true,"href":"https:\/\/atauni.edu.tr\/saglik-kultur-ve-spor-daire-baskanligi\/wp-json\/wp\/v2\/comments?post=68"}],"version-history":[{"count":1937,"href":"https:\/\/atauni.edu.tr\/saglik-kultur-ve-spor-daire-baskanligi\/wp-json\/wp\/v2\/pages\/68\/revisions"}],"predecessor-version":[{"id":18788,"href":"https:\/\/atauni.edu.tr\/saglik-kultur-ve-spor-daire-baskanligi\/wp-json\/wp\/v2\/pages\/68\/revisions\/18788"}],"wp:attachment":[{"href":"https:\/\/atauni.edu.tr\/saglik-kultur-ve-spor-daire-baskanligi\/wp-json\/wp\/v2\/media?parent=68"}],"curies":[{"name":"wp","href":"https:\/\/api.w.org\/{rel}","templated":true}]}}