{"id":8730,"date":"2021-11-29T18:12:23","date_gmt":"2021-11-29T15:12:23","guid":{"rendered":"http:\/\/birimler.atauni.edu.tr\/saglik-kultur-ve-spor-daire-baskanligi\/?page_id=8730"},"modified":"2025-04-10T21:25:35","modified_gmt":"2025-04-10T18:25:35","slug":"formlar","status":"publish","type":"page","link":"https:\/\/atauni.edu.tr\/saglik-kultur-ve-spor-daire-baskanligi\/formlar\/","title":{"rendered":"Formlar"},"content":{"rendered":"\t\t<div data-elementor-type=\"wp-page\" data-elementor-id=\"8730\" class=\"elementor elementor-8730\" data-elementor-post-type=\"page\">\n\t\t\t\t\t\t<section class=\"elementor-section elementor-top-section elementor-element elementor-element-ac3465c elementor-section-boxed elementor-section-height-default elementor-section-height-default\" data-id=\"ac3465c\" data-element_type=\"section\">\n\t\t\t\t\t\t<div class=\"elementor-container elementor-column-gap-default\">\n\t\t\t\t\t<div class=\"elementor-column elementor-col-33 elementor-top-column elementor-element elementor-element-2bba6b0\" data-id=\"2bba6b0\" data-element_type=\"column\">\n\t\t\t<div class=\"elementor-widget-wrap elementor-element-populated\">\n\t\t\t\t\t\t<div class=\"elementor-element elementor-element-779f2f2 elementor-invisible elementor-widget elementor-widget-text-editor\" data-id=\"779f2f2\" data-element_type=\"widget\" data-settings=\"{&quot;motion_fx_motion_fx_scrolling&quot;:&quot;yes&quot;,&quot;motion_fx_scale_effect&quot;:&quot;yes&quot;,&quot;motion_fx_scale_speed&quot;:{&quot;unit&quot;:&quot;px&quot;,&quot;size&quot;:&quot;0&quot;,&quot;sizes&quot;:[]},&quot;motion_fx_scale_range&quot;:{&quot;unit&quot;:&quot;%&quot;,&quot;size&quot;:&quot;&quot;,&quot;sizes&quot;:{&quot;start&quot;:&quot;20&quot;,&quot;end&quot;:&quot;82&quot;}},&quot;_animation&quot;:&quot;pulse&quot;,&quot;motion_fx_scale_direction&quot;:&quot;out-in&quot;,&quot;motion_fx_devices&quot;:[&quot;desktop&quot;,&quot;tablet&quot;,&quot;mobile&quot;]}\" data-widget_type=\"text-editor.default\">\n\t\t\t\t<div class=\"elementor-widget-container\">\n\t\t\t\t\t\t\t\t\t<p><a href=\"https:\/\/birimler.atauni.edu.tr\/saglik-kultur-ve-spor-daire-baskanligi\/wp-content\/uploads\/sites\/220\/2020\/07\/TUBITAK-PROJELERI-BURSIYER-SGK-BILGI-FORMU.docx\" target=\"_blank\" rel=\"noopener\">\u00a0<span style=\"color: #008000\">T\u00dcB\u0130TAK Projeleri Bursiyer SGK Bilgi Formu<\/span><\/a><\/p><p><a href=\"https:\/\/birimler.atauni.edu.tr\/saglik-kultur-ve-spor-daire-baskanligi\/wp-content\/uploads\/sites\/220\/2020\/07\/ZORUNLU-STAJ-FORMU.docx\" target=\"_blank\" rel=\"noopener\"><strong><span style=\"color: #0000ff\">Zorunlu Staj Formu<\/span><\/strong><\/a><\/p><p><span style=\"color: #800000\"><a style=\"color: #800000\" href=\"https:\/\/birimler.atauni.edu.tr\/saglik-kultur-ve-spor-daire-baskanligi\/wp-content\/uploads\/sites\/220\/2020\/07\/Kismi-Zamanli-Calisma-Sozlesmesi.pdf\" target=\"_blank\" rel=\"noopener\">K\u0131smi Zamanl\u0131 \u00d6\u011frenci \u00c7al\u0131\u015ft\u0131rma S\u00f6zle\u015fmesi<\/a><\/span><\/p><div id=\"7F463AE1_8ED6_CE5B_71F2_EA7CAA8F8C1D\">\u00a0<\/div><div id=\"7F463AE1_8ED6_CE5B_71F2_EA7CAA8F8C1D\">\u00a0<\/div>\t\t\t\t\t\t\t\t<\/div>\n\t\t\t\t<\/div>\n\t\t\t\t\t<\/div>\n\t\t<\/div>\n\t\t\t\t<div class=\"elementor-column elementor-col-33 elementor-top-column elementor-element elementor-element-55dd5ba\" data-id=\"55dd5ba\" data-element_type=\"column\">\n\t\t\t<div class=\"elementor-widget-wrap elementor-element-populated\">\n\t\t\t\t\t\t<div class=\"elementor-element elementor-element-f55c3b4 elementor-widget elementor-widget-text-editor\" data-id=\"f55c3b4\" data-element_type=\"widget\" data-widget_type=\"text-editor.default\">\n\t\t\t\t<div class=\"elementor-widget-container\">\n\t\t\t\t\t\t\t\t\t<p><a href=\"https:\/\/birimler.atauni.edu.tr\/saglik-kultur-ve-spor-daire-baskanligi\/wp-content\/uploads\/sites\/220\/2020\/07\/Sporcu-Acik-Riza-Metni.pdf\" target=\"_blank\" rel=\"noopener\">KVKK Sporcu A\u00e7\u0131k R\u0131za Metni<\/a><\/p><p style=\"line-height: 18.0pt;background: white\"><span style=\"font-size: 13.0pt;font-family: 'Ubuntu',serif;color: #7a7a7a\"><a href=\"https:\/\/birimler.atauni.edu.tr\/saglik-kultur-ve-spor-daire-baskanligi\/wp-content\/uploads\/sites\/220\/2020\/07\/Sporcu-Aydinlatma-Metni.pdf\" target=\"_blank\" rel=\"noopener\"><span style=\"color: #007bff;text-decoration: none\">\u00a0KVKK Sporcu Ayd\u0131nlatma Metni<\/span><\/a><\/span><\/p>\t\t\t\t\t\t\t\t<\/div>\n\t\t\t\t<\/div>\n\t\t\t\t\t<\/div>\n\t\t<\/div>\n\t\t\t\t<div class=\"elementor-column elementor-col-33 elementor-top-column elementor-element elementor-element-6f159a2\" data-id=\"6f159a2\" data-element_type=\"column\">\n\t\t\t<div class=\"elementor-widget-wrap elementor-element-populated\">\n\t\t\t\t\t\t\t<\/div>\n\t\t<\/div>\n\t\t\t\t\t<\/div>\n\t\t<\/section>\n\t\t\t\t<section class=\"elementor-section elementor-top-section elementor-element elementor-element-5523cc7 elementor-section-boxed elementor-section-height-default elementor-section-height-default\" data-id=\"5523cc7\" data-element_type=\"section\">\n\t\t\t\t\t\t<div class=\"elementor-container elementor-column-gap-default\">\n\t\t\t\t\t<div class=\"elementor-column elementor-col-25 elementor-top-column elementor-element elementor-element-32226cd\" data-id=\"32226cd\" data-element_type=\"column\">\n\t\t\t<div class=\"elementor-widget-wrap elementor-element-populated\">\n\t\t\t\t\t\t<div class=\"elementor-element elementor-element-b6f549a elementor-widget elementor-widget-text-editor\" data-id=\"b6f549a\" data-element_type=\"widget\" data-widget_type=\"text-editor.default\">\n\t\t\t\t<div class=\"elementor-widget-container\">\n\t\t\t\t\t\t\t\t\t<p><a href=\"https:\/\/birimler.atauni.edu.tr\/saglik-kultur-ve-spor-daire-baskanligi\/wp-content\/uploads\/sites\/220\/2025\/04\/Basketbol-Kafile-Listesi.docx\" target=\"_blank\" rel=\"noopener\">Basketbol Kafile Listesi<\/a><\/p><p><a href=\"https:\/\/birimler.atauni.edu.tr\/saglik-kultur-ve-spor-daire-baskanligi\/wp-content\/uploads\/sites\/220\/2020\/07\/Basketbol-Musabaka-Liste.doc\" target=\"_blank\" rel=\"noopener\">Basketbol M\u00fcsabaka Listesi<\/a><\/p><div id=\"4BBD07FF_8735_4684_A90E_5D4FABD7277E\">\u00a0<\/div><div id=\"7F463AE1_8ED6_CE5B_71F2_EA7CAA8F8C1D\">\u00a0<\/div><div id=\"7F463AE1_8ED6_CE5B_71F2_EA7CAA8F8C1D\">\u00a0<\/div><div id=\"7F463AE1_8ED6_CE5B_71F2_EA7CAA8F8C1D\">\u00a0<\/div>\t\t\t\t\t\t\t\t<\/div>\n\t\t\t\t<\/div>\n\t\t\t\t\t<\/div>\n\t\t<\/div>\n\t\t\t\t<div class=\"elementor-column elementor-col-25 elementor-top-column elementor-element elementor-element-8725ddc\" data-id=\"8725ddc\" data-element_type=\"column\">\n\t\t\t<div class=\"elementor-widget-wrap elementor-element-populated\">\n\t\t\t\t\t\t<div class=\"elementor-element elementor-element-6519405 elementor-widget elementor-widget-text-editor\" data-id=\"6519405\" data-element_type=\"widget\" data-widget_type=\"text-editor.default\">\n\t\t\t\t<div class=\"elementor-widget-container\">\n\t\t\t\t\t\t\t\t\t<p><a href=\"https:\/\/birimler.atauni.edu.tr\/saglik-kultur-ve-spor-daire-baskanligi\/wp-content\/uploads\/sites\/220\/2025\/04\/Voleybol-Kafile-Listesi.docx\" target=\"_blank\" rel=\"noopener\">\u00a0Voleybol Kafile Listesi<\/a><\/p><p><a href=\"https:\/\/birimler.atauni.edu.tr\/saglik-kultur-ve-spor-daire-baskanligi\/wp-content\/uploads\/sites\/220\/2020\/07\/Voleybol-Musabaka-List.doc\" target=\"_blank\" rel=\"noopener\">Voleybol M\u00fcsabaka Listesi<\/a><\/p><div id=\"4BBD07FF_8735_4684_A90E_5D4FABD7277E\">\u00a0<\/div><div id=\"7F463AE1_8ED6_CE5B_71F2_EA7CAA8F8C1D\">\u00a0<\/div><div id=\"7F463AE1_8ED6_CE5B_71F2_EA7CAA8F8C1D\">\u00a0<\/div>\t\t\t\t\t\t\t\t<\/div>\n\t\t\t\t<\/div>\n\t\t\t\t\t<\/div>\n\t\t<\/div>\n\t\t\t\t<div class=\"elementor-column elementor-col-25 elementor-top-column elementor-element elementor-element-db218ad\" data-id=\"db218ad\" data-element_type=\"column\">\n\t\t\t<div class=\"elementor-widget-wrap elementor-element-populated\">\n\t\t\t\t\t\t<div class=\"elementor-element elementor-element-19adcc2 elementor-widget elementor-widget-text-editor\" data-id=\"19adcc2\" data-element_type=\"widget\" data-widget_type=\"text-editor.default\">\n\t\t\t\t<div class=\"elementor-widget-container\">\n\t\t\t\t\t\t\t\t\t<p><a href=\"https:\/\/birimler.atauni.edu.tr\/saglik-kultur-ve-spor-daire-baskanligi\/wp-content\/uploads\/sites\/220\/2025\/04\/Futbol-Kafile-Listesi.docx\" target=\"_blank\" rel=\"noopener\">\u00a0Futbol Kafile Listesi<\/a><\/p><p><a href=\"https:\/\/birimler.atauni.edu.tr\/saglik-kultur-ve-spor-daire-baskanligi\/wp-content\/uploads\/sites\/220\/2020\/07\/Futbol-Musabaka-Listesi.docx\" target=\"_blank\" rel=\"noopener\">Futbol M\u00fcsabaka Listesi<\/a><\/p><p><a href=\"https:\/\/birimler.atauni.edu.tr\/saglik-kultur-ve-spor-daire-baskanligi\/wp-content\/uploads\/sites\/220\/2020\/07\/Futbol-Oyuncu-Degistirme-Kagidi.pdf\" target=\"_blank\" rel=\"noopener\">Oyuncu De\u011fi\u015fiklik Kart\u0131<\/a><\/p><div id=\"4BBD07FF_8735_4684_A90E_5D4FABD7277E\">\u00a0<\/div><div id=\"4BBD07FF_8735_4684_A90E_5D4FABD7277E\">\u00a0<\/div><div id=\"7F463AE1_8ED6_CE5B_71F2_EA7CAA8F8C1D\">\u00a0<\/div><div id=\"7F463AE1_8ED6_CE5B_71F2_EA7CAA8F8C1D\">\u00a0<\/div>\t\t\t\t\t\t\t\t<\/div>\n\t\t\t\t<\/div>\n\t\t\t\t\t<\/div>\n\t\t<\/div>\n\t\t\t\t<div class=\"elementor-column elementor-col-25 elementor-top-column elementor-element elementor-element-b8acadc\" data-id=\"b8acadc\" data-element_type=\"column\">\n\t\t\t<div class=\"elementor-widget-wrap elementor-element-populated\">\n\t\t\t\t\t\t<div class=\"elementor-element elementor-element-f03dec7 elementor-widget elementor-widget-text-editor\" data-id=\"f03dec7\" data-element_type=\"widget\" data-widget_type=\"text-editor.default\">\n\t\t\t\t<div class=\"elementor-widget-container\">\n\t\t\t\t\t\t\t\t\t<p><a href=\"https:\/\/birimler.atauni.edu.tr\/saglik-kultur-ve-spor-daire-baskanligi\/wp-content\/uploads\/sites\/220\/2025\/04\/Masa-Tenisi-Kafile-Listesi.doc\" target=\"_blank\" rel=\"noopener\">Masa Tenisi Tak\u0131m Listes<\/a>\u00a0<\/p><p><a href=\"https:\/\/birimler.atauni.edu.tr\/saglik-kultur-ve-spor-daire-baskanligi\/wp-content\/uploads\/sites\/220\/2025\/04\/Satranc-Takim-Listesi.doc\" target=\"_blank\" rel=\"noopener\">Satran\u00e7 Tak\u0131m Listesi<\/a><\/p><p><a href=\"https:\/\/birimler.atauni.edu.tr\/saglik-kultur-ve-spor-daire-baskanligi\/wp-content\/uploads\/sites\/220\/2025\/04\/Bowling-Kafile-Listesi.doc\" target=\"_blank\" rel=\"noopener\">Bowling Tak\u0131m Listesi<\/a><\/p><div id=\"7F463AE1_8ED6_CE5B_71F2_EA7CAA8F8C1D\">\u00a0<\/div><div id=\"7F463AE1_8ED6_CE5B_71F2_EA7CAA8F8C1D\">\u00a0<\/div><div id=\"7F463AE1_8ED6_CE5B_71F2_EA7CAA8F8C1D\">\u00a0<\/div>\t\t\t\t\t\t\t\t<\/div>\n\t\t\t\t<\/div>\n\t\t\t\t\t<\/div>\n\t\t<\/div>\n\t\t\t\t\t<\/div>\n\t\t<\/section>\n\t\t\t\t<\/div>\n\t\t","protected":false},"excerpt":{"rendered":"<p>\u00a0T\u00dcB\u0130TAK Projeleri Bursiyer SGK Bilgi Formu Zorunlu Staj Formu K\u0131smi Zamanl\u0131 \u00d6\u011frenci \u00c7al\u0131\u015ft\u0131rma S\u00f6zle\u015fmesi \u00a0\u00a0 KVKK Sporcu A\u00e7\u0131k R\u0131za Metni \u00a0KVKK Sporcu Ayd\u0131nlatma Metni Basketbol Kafile Listesi Basketbol M\u00fcsabaka Listesi \u00a0\u00a0\u00a0\u00a0 \u00a0Voleybol Kafile Listesi Voleybol M\u00fcsabaka Listesi \u00a0\u00a0\u00a0 \u00a0Futbol Kafile Listesi Futbol M\u00fcsabaka Listesi Oyuncu De\u011fi\u015fiklik Kart\u0131 \u00a0\u00a0\u00a0\u00a0 Masa Tenisi Tak\u0131m Listes\u00a0 Satran\u00e7 Tak\u0131m Listesi [&hellip;]<\/p>\n","protected":false},"author":198,"featured_media":0,"parent":0,"menu_order":0,"comment_status":"closed","ping_status":"closed","template":"","meta":{"footnotes":""},"class_list":["post-8730","page","type-page","status-publish","hentry"],"publishpress_future_action":{"enabled":false,"date":"2026-04-12 11:03:13","action":"change-status","newStatus":"draft","terms":[],"taxonomy":"","extraData":[]},"publishpress_future_workflow_manual_trigger":{"enabledWorkflows":[]},"_links":{"self":[{"href":"https:\/\/atauni.edu.tr\/saglik-kultur-ve-spor-daire-baskanligi\/wp-json\/wp\/v2\/pages\/8730","targetHints":{"allow":["GET"]}}],"collection":[{"href":"https:\/\/atauni.edu.tr\/saglik-kultur-ve-spor-daire-baskanligi\/wp-json\/wp\/v2\/pages"}],"about":[{"href":"https:\/\/atauni.edu.tr\/saglik-kultur-ve-spor-daire-baskanligi\/wp-json\/wp\/v2\/types\/page"}],"author":[{"embeddable":true,"href":"https:\/\/atauni.edu.tr\/saglik-kultur-ve-spor-daire-baskanligi\/wp-json\/wp\/v2\/users\/198"}],"replies":[{"embeddable":true,"href":"https:\/\/atauni.edu.tr\/saglik-kultur-ve-spor-daire-baskanligi\/wp-json\/wp\/v2\/comments?post=8730"}],"version-history":[{"count":361,"href":"https:\/\/atauni.edu.tr\/saglik-kultur-ve-spor-daire-baskanligi\/wp-json\/wp\/v2\/pages\/8730\/revisions"}],"predecessor-version":[{"id":17077,"href":"https:\/\/atauni.edu.tr\/saglik-kultur-ve-spor-daire-baskanligi\/wp-json\/wp\/v2\/pages\/8730\/revisions\/17077"}],"wp:attachment":[{"href":"https:\/\/atauni.edu.tr\/saglik-kultur-ve-spor-daire-baskanligi\/wp-json\/wp\/v2\/media?parent=8730"}],"curies":[{"name":"wp","href":"https:\/\/api.w.org\/{rel}","templated":true}]}}