{"id":5638,"date":"2021-07-13T09:49:25","date_gmt":"2021-07-13T06:49:25","guid":{"rendered":"https:\/\/portaltest.atauni.edu.tr\/bilgisayar-muhendisligi\/?page_id=5638"},"modified":"2025-10-14T17:35:51","modified_gmt":"2025-10-14T14:35:51","slug":"tarihce","status":"publish","type":"page","link":"https:\/\/atauni.edu.tr\/sahne-sanatlari-bolumu\/tarihce\/","title":{"rendered":"Tarih\u00e7e"},"content":{"rendered":"\t\t<div data-elementor-type=\"wp-page\" data-elementor-id=\"5638\" class=\"elementor elementor-5638\" data-elementor-post-type=\"page\">\n\t\t\t\t\t\t<section class=\"elementor-section elementor-top-section elementor-element elementor-element-21deeb11 elementor-section-boxed elementor-section-height-default elementor-section-height-default\" data-id=\"21deeb11\" data-element_type=\"section\">\n\t\t\t\t\t\t<div class=\"elementor-container elementor-column-gap-default\">\n\t\t\t\t\t<div class=\"elementor-column elementor-col-100 elementor-top-column elementor-element elementor-element-a5181a1\" data-id=\"a5181a1\" data-element_type=\"column\">\n\t\t\t<div class=\"elementor-widget-wrap elementor-element-populated\">\n\t\t\t\t\t\t<div class=\"elementor-element elementor-element-6baccc9a elementor-widget elementor-widget-text-editor\" data-id=\"6baccc9a\" data-element_type=\"widget\" data-widget_type=\"text-editor.default\">\n\t\t\t\t<div class=\"elementor-widget-container\">\n\t\t\t\t\t\t\t\t\t<p class=\"has-black-color has-text-color has-link-color\">\u00a0<\/p>\n<p><!-- \/wp:paragraph --><!-- wp:paragraph --><\/p>\n<p><!-- \/wp:paragraph --><\/p>\n<h2>Tarih\u00e7e<\/h2>\n<p>Sahne Sanatlar\u0131 B\u00f6l\u00fcm\u00fc, Atat\u00fcrk \u00dcniversitesi G\u00fczel Sanatlar Fak\u00fcltesi\u2019nde 1992 y\u0131l\u0131ndan beri E\u011fitim- \u00d6\u011fretim vermektedir. Oyunculuk, Dramatik Yazarl\u0131k ve Sahne Tasar\u0131m\u0131 Ana Sanat Dallar\u0131 olarak akademi ve sanat d\u00fcnyas\u0131na katk\u0131da bulunmaktad\u0131r.<\/p>\n<p>T\u00fcrk Akademi d\u00fcnyas\u0131 i\u00e7inde az say\u0131da bulunan b\u00f6l\u00fcm\u00fcm\u00fcz, \u00fclkemizde sadece birka\u00e7 \u00fcniversitede bulunmaktad\u0131r. Bu ba\u011flamda \u00f6nemli ve \u00f6zel bir b\u00f6l\u00fcm\u00a0 olan Sahne Sanatlar\u0131 B\u00f6l\u00fcm\u00fc bug\u00fcne kadar y\u00fczlerce sanat\u00e7\u0131 ve akademisyen yeti\u015ftirmi\u015ftir. B\u00f6l\u00fcm kuran bir b\u00f6l\u00fcm olarak, akademi ve sanat d\u00fcnyas\u0131na katk\u0131da bulunmaya devam etmektedir. B\u00f6l\u00fcm\u00fcm\u00fcz nicelik ba\u011flam\u0131nda \u00f6zel bir alanda olmas\u0131n\u0131n yan\u0131nda verdi\u011fi e\u011fitim ile ulusal ve uluslararas\u0131 alanda nitelik ba\u011flam\u0131nda da kendini ispatlam\u0131\u015f ve kabullendirmi\u015ftir.<\/p>\n<p><!-- \/wp:paragraph --><\/p>\t\t\t\t\t\t\t\t<\/div>\n\t\t\t\t<\/div>\n\t\t\t\t\t<\/div>\n\t\t<\/div>\n\t\t\t\t\t<\/div>\n\t\t<\/section>\n\t\t\t\t<\/div>\n\t\t","protected":false},"excerpt":{"rendered":"<p>\u00a0 Tarih\u00e7e Sahne Sanatlar\u0131 B\u00f6l\u00fcm\u00fc, Atat\u00fcrk \u00dcniversitesi G\u00fczel Sanatlar Fak\u00fcltesi\u2019nde 1992 y\u0131l\u0131ndan beri E\u011fitim- \u00d6\u011fretim vermektedir. Oyunculuk, Dramatik Yazarl\u0131k ve Sahne Tasar\u0131m\u0131 Ana Sanat Dallar\u0131 olarak akademi ve sanat d\u00fcnyas\u0131na katk\u0131da bulunmaktad\u0131r. T\u00fcrk Akademi d\u00fcnyas\u0131 i\u00e7inde az say\u0131da bulunan b\u00f6l\u00fcm\u00fcm\u00fcz, \u00fclkemizde sadece birka\u00e7 \u00fcniversitede bulunmaktad\u0131r. Bu ba\u011flamda \u00f6nemli ve \u00f6zel bir b\u00f6l\u00fcm\u00a0 olan Sahne Sanatlar\u0131 [&hellip;]<\/p>\n","protected":false},"author":1,"featured_media":0,"parent":0,"menu_order":0,"comment_status":"closed","ping_status":"closed","template":"","meta":{"footnotes":""},"class_list":["post-5638","page","type-page","status-publish","hentry"],"_links":{"self":[{"href":"https:\/\/atauni.edu.tr\/sahne-sanatlari-bolumu\/wp-json\/wp\/v2\/pages\/5638","targetHints":{"allow":["GET"]}}],"collection":[{"href":"https:\/\/atauni.edu.tr\/sahne-sanatlari-bolumu\/wp-json\/wp\/v2\/pages"}],"about":[{"href":"https:\/\/atauni.edu.tr\/sahne-sanatlari-bolumu\/wp-json\/wp\/v2\/types\/page"}],"author":[{"embeddable":true,"href":"https:\/\/atauni.edu.tr\/sahne-sanatlari-bolumu\/wp-json\/wp\/v2\/users\/1"}],"replies":[{"embeddable":true,"href":"https:\/\/atauni.edu.tr\/sahne-sanatlari-bolumu\/wp-json\/wp\/v2\/comments?post=5638"}],"version-history":[{"count":38,"href":"https:\/\/atauni.edu.tr\/sahne-sanatlari-bolumu\/wp-json\/wp\/v2\/pages\/5638\/revisions"}],"predecessor-version":[{"id":7389,"href":"https:\/\/atauni.edu.tr\/sahne-sanatlari-bolumu\/wp-json\/wp\/v2\/pages\/5638\/revisions\/7389"}],"wp:attachment":[{"href":"https:\/\/atauni.edu.tr\/sahne-sanatlari-bolumu\/wp-json\/wp\/v2\/media?parent=5638"}],"curies":[{"name":"wp","href":"https:\/\/api.w.org\/{rel}","templated":true}]}}