{"id":5682,"date":"2021-07-13T10:10:01","date_gmt":"2021-07-13T07:10:01","guid":{"rendered":"https:\/\/portaltest.atauni.edu.tr\/bilgisayar-muhendisligi\/?page_id=5682"},"modified":"2025-10-09T12:47:49","modified_gmt":"2025-10-09T09:47:49","slug":"misyon-vizyon-ve-temel-degerler","status":"publish","type":"page","link":"https:\/\/atauni.edu.tr\/sahne-sanatlari-bolumu\/misyon-vizyon-ve-temel-degerler\/","title":{"rendered":"Misyon, Vizyon ve Temel De\u011ferler"},"content":{"rendered":"\t\t<div data-elementor-type=\"wp-page\" data-elementor-id=\"5682\" class=\"elementor elementor-5682\" data-elementor-post-type=\"page\">\n\t\t\t\t\t\t<section class=\"elementor-section elementor-top-section elementor-element elementor-element-730d320 elementor-section-boxed elementor-section-height-default elementor-section-height-default\" data-id=\"730d320\" data-element_type=\"section\">\n\t\t\t\t\t\t<div class=\"elementor-container elementor-column-gap-default\">\n\t\t\t\t\t<div class=\"elementor-column elementor-col-100 elementor-top-column elementor-element elementor-element-753d0860\" data-id=\"753d0860\" data-element_type=\"column\">\n\t\t\t<div class=\"elementor-widget-wrap\">\n\t\t\t\t\t\t\t<\/div>\n\t\t<\/div>\n\t\t\t\t\t<\/div>\n\t\t<\/section>\n\t\t\t\t<section class=\"elementor-section elementor-top-section elementor-element elementor-element-9be811a elementor-section-boxed elementor-section-height-default elementor-section-height-default\" data-id=\"9be811a\" data-element_type=\"section\">\n\t\t\t\t\t\t<div class=\"elementor-container elementor-column-gap-default\">\n\t\t\t\t\t<div class=\"elementor-column elementor-col-100 elementor-top-column elementor-element elementor-element-1ed847b7\" data-id=\"1ed847b7\" data-element_type=\"column\">\n\t\t\t<div class=\"elementor-widget-wrap elementor-element-populated\">\n\t\t\t\t\t\t<div class=\"elementor-element elementor-element-4ce0d07f elementor-widget elementor-widget-heading\" data-id=\"4ce0d07f\" data-element_type=\"widget\" data-widget_type=\"heading.default\">\n\t\t\t\t<div class=\"elementor-widget-container\">\n\t\t\t\t\t<h2 class=\"elementor-heading-title elementor-size-default\">Misyon, Vizyon ve Temel De\u011ferler<\/h2>\t\t\t\t<\/div>\n\t\t\t\t<\/div>\n\t\t\t\t<div class=\"elementor-element elementor-element-63260862 elementor-widget-divider--view-line elementor-widget elementor-widget-divider\" data-id=\"63260862\" data-element_type=\"widget\" data-widget_type=\"divider.default\">\n\t\t\t\t<div class=\"elementor-widget-container\">\n\t\t\t\t\t\t\t<div class=\"elementor-divider\">\n\t\t\t<span class=\"elementor-divider-separator\">\n\t\t\t\t\t\t<\/span>\n\t\t<\/div>\n\t\t\t\t\t\t<\/div>\n\t\t\t\t<\/div>\n\t\t\t\t\t<\/div>\n\t\t<\/div>\n\t\t\t\t\t<\/div>\n\t\t<\/section>\n\t\t\t\t<section class=\"elementor-section elementor-top-section elementor-element elementor-element-681db8b elementor-section-boxed elementor-section-height-default elementor-section-height-default\" data-id=\"681db8b\" data-element_type=\"section\">\n\t\t\t\t\t\t<div class=\"elementor-container elementor-column-gap-default\">\n\t\t\t\t\t<div class=\"elementor-column elementor-col-100 elementor-top-column elementor-element elementor-element-ad4dac5\" data-id=\"ad4dac5\" data-element_type=\"column\">\n\t\t\t<div class=\"elementor-widget-wrap elementor-element-populated\">\n\t\t\t\t\t\t<div class=\"elementor-element elementor-element-2f96b3d elementor-widget elementor-widget-text-editor\" data-id=\"2f96b3d\" data-element_type=\"widget\" data-widget_type=\"text-editor.default\">\n\t\t\t\t<div class=\"elementor-widget-container\">\n\t\t\t\t\t\t\t\t\t<h2>M\u0130SYON<\/h2><p>&#8220;Akademide ve Sanatta De\u011fer Yaratmak&#8221;<\/p><p>Sahne Sanatlar\u0131 B\u00f6l\u00fcm\u00fc, \u00fclkemizin tiyatro alan\u0131na akademisyen ve sanat\u00e7\u0131\u00a0 yeti\u015ftirmeyi ama\u00e7 edinmi\u015ftir. Sanat, Bilim ve \u00f6zellikle Tiyatro Sanat\u0131 ba\u011flam\u0131nda donan\u0131ml\u0131 \u00f6\u011frenciler yeti\u015ftirmeyi hedefleyerek e\u011fitim politikas\u0131n\u0131 evrensel normlara ve uluslararas\u0131 geli\u015fmelere g\u00f6re planlam\u0131\u015f, yenili\u011fe ve geli\u015fime a\u00e7\u0131k bir b\u00f6l\u00fcm olarak e\u011fitim vermeyi ama\u00e7 edinmi\u015ftir. Sahne Sanatlar\u0131 B\u00f6l\u00fcm\u00fc, Dramatik Yazarl\u0131k, Sahne Tasar\u0131m\u0131 ve Oyunculuk Sanat Dallar\u0131ndan mezun olacak \u00f6\u011frencilerinin Akademik D\u00fcnya, T\u00fcrk Tiyatrosu, Sinema, Radyo ve \u00e7e\u015fitli g\u00f6rsel ve yaz\u0131nsal alanlarda \u00e7al\u0131\u015facak de\u011ferli, iyi y\u00fcrekli ve donan\u0131ml\u0131 bireyler yeti\u015ftirmeyi hedeflemi\u015ftir.\u00a0<\/p><h2>V\u0130ZYON<\/h2><p>&#8220;Do\u011fru ve \u0130yi Bir E\u011fitim Anlay\u0131\u015f\u0131&#8221;<\/p><p>B\u00f6l\u00fcm\u00fcm\u00fcz kendini s\u00fcrekli geli\u015ftirdi\u011fi gibi \u015fehrimizi, b\u00f6lgemizi ve \u00fclkemizi akademi ve sanat alanlar\u0131nda geli\u015ftirmeyi \u00fclk\u00fc edinmi\u015ftir.<\/p><p>B\u00f6l\u00fcm\u00fcm\u00fcz, \u00f6\u011frenci odakl\u0131 e\u011fitim anlay\u0131\u015f\u0131n\u0131, aktif e\u011fitim modelini\u00a0 ve gelecek nesilleri \u00e7a\u011fda\u015f gerekliliklerle donatmay\u0131 hedeflemektedir. Sahne Sanatlar\u0131 B\u00f6l\u00fcm\u00fc,\u00a0 uluslararas\u0131 tan\u0131n\u0131rl\u0131\u011f\u0131 ve marka de\u011feri y\u00fcksek bir b\u00f6l\u00fcm olarak toplumsal katma de\u011feri en \u00fcst d\u00fczeye \u00e7\u0131karmay\u0131 hedeflemektedir.<\/p><h2 style=\"font-weight: 500\">TEMEL DE\u011eERLER<\/h2><ul><li style=\"font-weight: 400\"><i><em>Bilimsellik: <\/em><\/i>Ald\u0131\u011f\u0131 karar ve uygulamalarda bilimsel kriter ve do\u011frular\u0131 temel al\u0131r.<\/li><li style=\"font-weight: 400\"><i><em>Yenilik\u00e7ilik ve Giri\u015fimcilik:<\/em><\/i>\u00a0Etkinli\u011fini art\u0131racak alanlarda yeni ve farkl\u0131 uygulamalar\u0131 hayata ge\u00e7irir.<\/li><li style=\"font-weight: 400\"><i><em>Kat\u0131l\u0131mc\u0131l\u0131k ve Payla\u015f\u0131mc\u0131l\u0131k:<\/em><\/i>\u00a0Kararlar kat\u0131l\u0131ml\u0131 \u015fekilde al\u0131n\u0131r, bilgiler \u015feffaf \u015fekilde payla\u015f\u0131l\u0131r.<\/li><li style=\"font-weight: 400\"><i><em>\u00d6\u011frenme Odakl\u0131l\u0131k: <\/em><\/i>T\u00fcm bireylerin \u00f6\u011frenme deneyimlerini kolayla\u015ft\u0131r\u0131r ve geli\u015ftirir.\u00a0<\/li><li style=\"font-weight: 400\"><i><\/i><i><em>Eme\u011fe Sayg\u0131 G\u00f6sterme ve Ba\u015far\u0131y\u0131 Takdir Etme<\/em><\/i><i><em>:<\/em><\/i>\u00a0G\u00f6sterilen \u00e7abalara sayg\u0131 g\u00f6sterilir ve ba\u015far\u0131lar tan\u0131n\u0131r.<\/li><li style=\"font-weight: 400\"><i><em>Ulusal ve Evrensel De\u011ferlere Ba\u011fl\u0131l\u0131k:<\/em><\/i>\u00a0\u00dclkemizin de\u011ferlerine ba\u011fl\u0131l\u0131\u011f\u0131n yan\u0131nda evrensel de\u011ferlere de sahip \u00e7\u0131k\u0131l\u0131r. Milli m\u00fczik k\u00fclt\u00fcr\u00fcm\u00fcz\u00fcn hem ge\u00e7mi\u015fine sahip \u00e7\u0131k\u0131l\u0131p korunur hem de k\u00fclt\u00fcr\u00fcn devaml\u0131l\u0131\u011f\u0131 ve geli\u015fimi i\u00e7in yeni \u00fcretimler te\u015fvik edilir.<\/li><li style=\"font-weight: 400\"><i><em>Toplumsal, K\u00fclt\u00fcrel, \u00c7evresel ve Sanatsal Duyarl\u0131l\u0131k:<\/em><\/i>\u00a0Toplumsal alanlardaki sorun ve ihtiya\u00e7lara kar\u015f\u0131 duyarl\u0131 davran\u0131l\u0131r. Sanatsal pratikler yoluyla bu duyarl\u0131l\u0131k ifade edilir ve toplumun dikkati s\u00f6z konusu sorun ve ihtiya\u00e7lara \u00e7ekilir.<\/li><\/ul>\t\t\t\t\t\t\t\t<\/div>\n\t\t\t\t<\/div>\n\t\t\t\t\t<\/div>\n\t\t<\/div>\n\t\t\t\t\t<\/div>\n\t\t<\/section>\n\t\t\t\t<\/div>\n\t\t","protected":false},"excerpt":{"rendered":"<p>Misyon, Vizyon ve Temel De\u011ferler M\u0130SYON &#8220;Akademide ve Sanatta De\u011fer Yaratmak&#8221; Sahne Sanatlar\u0131 B\u00f6l\u00fcm\u00fc, \u00fclkemizin tiyatro alan\u0131na akademisyen ve sanat\u00e7\u0131\u00a0 yeti\u015ftirmeyi ama\u00e7 edinmi\u015ftir. Sanat, Bilim ve \u00f6zellikle Tiyatro Sanat\u0131 ba\u011flam\u0131nda donan\u0131ml\u0131 \u00f6\u011frenciler yeti\u015ftirmeyi hedefleyerek e\u011fitim politikas\u0131n\u0131 evrensel normlara ve uluslararas\u0131 geli\u015fmelere g\u00f6re planlam\u0131\u015f, yenili\u011fe ve geli\u015fime a\u00e7\u0131k bir b\u00f6l\u00fcm olarak e\u011fitim vermeyi ama\u00e7 edinmi\u015ftir. Sahne [&hellip;]<\/p>\n","protected":false},"author":1,"featured_media":0,"parent":0,"menu_order":0,"comment_status":"closed","ping_status":"closed","template":"elementor_header_footer","meta":{"footnotes":""},"class_list":["post-5682","page","type-page","status-publish","hentry"],"_links":{"self":[{"href":"https:\/\/atauni.edu.tr\/sahne-sanatlari-bolumu\/wp-json\/wp\/v2\/pages\/5682","targetHints":{"allow":["GET"]}}],"collection":[{"href":"https:\/\/atauni.edu.tr\/sahne-sanatlari-bolumu\/wp-json\/wp\/v2\/pages"}],"about":[{"href":"https:\/\/atauni.edu.tr\/sahne-sanatlari-bolumu\/wp-json\/wp\/v2\/types\/page"}],"author":[{"embeddable":true,"href":"https:\/\/atauni.edu.tr\/sahne-sanatlari-bolumu\/wp-json\/wp\/v2\/users\/1"}],"replies":[{"embeddable":true,"href":"https:\/\/atauni.edu.tr\/sahne-sanatlari-bolumu\/wp-json\/wp\/v2\/comments?post=5682"}],"version-history":[{"count":23,"href":"https:\/\/atauni.edu.tr\/sahne-sanatlari-bolumu\/wp-json\/wp\/v2\/pages\/5682\/revisions"}],"predecessor-version":[{"id":7374,"href":"https:\/\/atauni.edu.tr\/sahne-sanatlari-bolumu\/wp-json\/wp\/v2\/pages\/5682\/revisions\/7374"}],"wp:attachment":[{"href":"https:\/\/atauni.edu.tr\/sahne-sanatlari-bolumu\/wp-json\/wp\/v2\/media?parent=5682"}],"curies":[{"name":"wp","href":"https:\/\/api.w.org\/{rel}","templated":true}]}}