{"id":5728,"date":"2021-07-13T11:33:38","date_gmt":"2021-07-13T08:33:38","guid":{"rendered":"https:\/\/portaltest.atauni.edu.tr\/bilgisayar-muhendisligi\/?page_id=5728"},"modified":"2025-10-07T13:44:23","modified_gmt":"2025-10-07T10:44:23","slug":"bolum-tanitimi","status":"publish","type":"page","link":"https:\/\/atauni.edu.tr\/sahne-sanatlari-bolumu\/bolum-tanitimi\/","title":{"rendered":"B\u00f6l\u00fcm Tan\u0131t\u0131m\u0131"},"content":{"rendered":"\t\t<div data-elementor-type=\"wp-page\" data-elementor-id=\"5728\" class=\"elementor elementor-5728\" data-elementor-post-type=\"page\">\n\t\t\t\t\t\t<section class=\"elementor-section elementor-top-section elementor-element elementor-element-730d320 elementor-section-boxed elementor-section-height-default elementor-section-height-default\" data-id=\"730d320\" data-element_type=\"section\">\n\t\t\t\t\t\t<div class=\"elementor-container elementor-column-gap-default\">\n\t\t\t\t\t<div class=\"elementor-column elementor-col-100 elementor-top-column elementor-element elementor-element-753d0860\" data-id=\"753d0860\" data-element_type=\"column\">\n\t\t\t<div class=\"elementor-widget-wrap\">\n\t\t\t\t\t\t\t<\/div>\n\t\t<\/div>\n\t\t\t\t\t<\/div>\n\t\t<\/section>\n\t\t\t\t<section class=\"elementor-section elementor-top-section elementor-element elementor-element-9be811a elementor-section-boxed elementor-section-height-default elementor-section-height-default\" data-id=\"9be811a\" data-element_type=\"section\">\n\t\t\t\t\t\t<div class=\"elementor-container elementor-column-gap-default\">\n\t\t\t\t\t<div class=\"elementor-column elementor-col-100 elementor-top-column elementor-element elementor-element-1ed847b7\" data-id=\"1ed847b7\" data-element_type=\"column\">\n\t\t\t<div class=\"elementor-widget-wrap elementor-element-populated\">\n\t\t\t\t\t\t<div class=\"elementor-element elementor-element-4ce0d07f elementor-widget elementor-widget-heading\" data-id=\"4ce0d07f\" data-element_type=\"widget\" data-widget_type=\"heading.default\">\n\t\t\t\t<div class=\"elementor-widget-container\">\n\t\t\t\t\t<h2 class=\"elementor-heading-title elementor-size-default\">B\u00f6l\u00fcm Tan\u0131t\u0131m\u0131<\/h2>\t\t\t\t<\/div>\n\t\t\t\t<\/div>\n\t\t\t\t<div class=\"elementor-element elementor-element-63260862 elementor-widget-divider--view-line elementor-widget elementor-widget-divider\" data-id=\"63260862\" data-element_type=\"widget\" data-widget_type=\"divider.default\">\n\t\t\t\t<div class=\"elementor-widget-container\">\n\t\t\t\t\t\t\t<div class=\"elementor-divider\">\n\t\t\t<span class=\"elementor-divider-separator\">\n\t\t\t\t\t\t<\/span>\n\t\t<\/div>\n\t\t\t\t\t\t<\/div>\n\t\t\t\t<\/div>\n\t\t\t\t\t<\/div>\n\t\t<\/div>\n\t\t\t\t\t<\/div>\n\t\t<\/section>\n\t\t\t\t<section class=\"elementor-section elementor-top-section elementor-element elementor-element-681db8b elementor-section-boxed elementor-section-height-default elementor-section-height-default\" data-id=\"681db8b\" data-element_type=\"section\">\n\t\t\t\t\t\t<div class=\"elementor-container elementor-column-gap-default\">\n\t\t\t\t\t<div class=\"elementor-column elementor-col-100 elementor-top-column elementor-element elementor-element-ad4dac5\" data-id=\"ad4dac5\" data-element_type=\"column\">\n\t\t\t<div class=\"elementor-widget-wrap elementor-element-populated\">\n\t\t\t\t\t\t<div class=\"elementor-element elementor-element-2f96b3d elementor-widget elementor-widget-text-editor\" data-id=\"2f96b3d\" data-element_type=\"widget\" data-widget_type=\"text-editor.default\">\n\t\t\t\t<div class=\"elementor-widget-container\">\n\t\t\t\t\t\t\t\t\t<div><h2>Sahne Sanatlar\u0131 B\u00f6l\u00fcm\u00fc<\/h2><\/div><div><p><strong>Hakk\u0131nda<\/strong><\/p><p>Sahne Sanatlar\u0131 B\u00f6l\u00fcm\u00fc\u2019n\u00fcn amac\u0131, uygulamal\u0131 ve deneysel \u00e7al\u0131\u015fmalar\u0131n yan\u0131 s\u0131ra, kuramsal \u00e7al\u0131\u015fmalar\u0131n da \u00f6nemli oldu\u011fu Tiyatro Sanat\u0131 ve Bilimi alan\u0131nda, \u00fclkemizin gereksinimlerini kar\u015f\u0131layacak nitelikte Oyuncu, Dramatik Yazar ve Sahne Tasar\u0131mc\u0131s\u0131 (dekor, giysi, \u0131\u015f\u0131klama, efekt, i\u00e7 tasar\u0131m vb.) yeti\u015ftirmektir. B\u00f6l\u00fcmde 1 Profes\u00f6r, 2 Do\u00e7ent, 1 Dr. \u00d6\u011fr. \u00dcyesi, . 2 Dr. \u00d6\u011fretim G\u00f6revlisi, 1 \u00d6\u011fretim G\u00f6revlisi 2\u00a0 Ara\u015ft\u0131rma G\u00f6revlisi Dr. 1 Ara\u015ft\u0131rma G\u00f6revlisi . olmak \u00fczere toplam 10 \u00d6\u011fretim Eleman\u0131 g\u00f6rev yapmaktad\u0131r.\u00a0<\/p><p>Sahne Sanatlar\u0131 B\u00f6l\u00fcm\u00fc, Dramatik Yazarl\u0131k Sanat Dal\u0131, Oyunculuk Sanat Dal\u0131 ve Sahne Tasar\u0131m\u0131 Sanat Dal\u0131 olmak \u00fczere \u00fc\u00e7 sanat dal\u0131nda lisans d\u00fczeyinde e\u011fitim vermektedir. Her bir sanat dal\u0131n\u0131n \u00f6\u011frencisi, Tiyatro Tarihi ve Kuramlar\u0131, Oyun \u0130ncelemesi, T\u00fcrk Tiyatrosu Tarihi, Sahne Uygulamas\u0131 gibi ortak derslerin yan\u0131 s\u0131ra kazanm\u0131\u015f olduklar\u0131 Ana Sanat Dal\u0131&#8217;n\u0131n \u00f6zelli\u011fine g\u00f6re belirlenmi\u015f olan bran\u015f derslerini almaktad\u0131rlar.\u00a0<\/p><p><strong>Tarih\u00e7e<\/strong><\/p><p>Atat\u00fcrk \u00dcniversitesi G\u00fczel Sanatlar Fak\u00fcltesi, 11.07.1992 tarih 21281 say\u0131l\u0131 Resm\u00ee Gazete\u2019de yay\u0131nlanan 3837 say\u0131l\u0131 Y\u00fcksek \u00d6\u011frenim Kurumlar\u0131 Te\u015fkilat\u0131 hakk\u0131nda 41 kanun h\u00fckm\u00fcndeki kararnamenin de\u011fi\u015ftirilerek yap\u0131lmas\u0131 hakk\u0131nda karar gere\u011fince, 16.07.1993 tarih ve 2703 say\u0131l\u0131 karar\u0131 ile kurulmu\u015ftur. Sahne Sanatlar\u0131 B\u00f6l\u00fcm\u00fc, Atat\u00fcrk \u00dcniversitesi G\u00fczel Sanatlar Fak\u00fcltesi\u2019nde 1992 y\u0131l\u0131ndan beri E\u011fitim- \u00d6\u011fretim vermektedir. Oyunculuk, Dramatik Yazarl\u0131k ve Sahne Tasar\u0131m\u0131 Ana Sanat dallar\u0131 olarak \u00fc\u00e7 Ana Sanat Dal\u0131 olarak akademi ve sanat d\u00fcnyas\u0131na katk\u0131da bulunmaktad\u0131r.<\/p><p>T\u00fcrk Akademik d\u00fcnyas\u0131 i\u00e7inde az say\u0131da olan b\u00f6l\u00fcm\u00fcm\u00fcz, \u00fclkemizde birka\u00e7 \u00fcniversitede e\u011fitim vermektedir. Bu ba\u011flamda \u00f6nemli ve \u00f6zel bir b\u00f6l\u00fcm olan Sahne Sanatlar\u0131 B\u00f6l\u00fcm\u00fc bu g\u00fcne kadar bir\u00e7ok sanat\u00e7\u0131 ve akademisyen yeti\u015ftirmi\u015ftir. B\u00f6l\u00fcm kuran bir b\u00f6l\u00fcm olarak akademiye ve sanat d\u00fcnyas\u0131na katk\u0131da bulunmaya devam etmektedir. B\u00f6l\u00fcm\u00fcm\u00fcz, nicelik olarak \u00f6zel bir alanda olmas\u0131n\u0131n yan\u0131nda verdi\u011fi e\u011fitim ile ulusal ve uluslar aras\u0131 alanda nitelik ba\u011flam\u0131nda da kendini ispatlam\u0131\u015f ve kabullendirmi\u015ftir.<\/p><\/div><p><strong>Ula\u015f\u0131m Olanaklar\u0131<\/strong><\/p><p>Sahne Sanatlar\u0131 B\u00f6l\u00fcm\u00fc \u00a0G\u00fczel Sanatlar Fak\u00fcltesi binas\u0131 i\u00e7indedir.\u00a0 Fak\u00fclte binas\u0131 Atat\u00fcrk \u00dcniversitesi Ara\u015ft\u0131rma Hastanesi kar\u015f\u0131s\u0131ndad\u0131r. T\u00fcm toplu ta\u015f\u0131ma ara\u00e7lar\u0131n\u0131n ula\u015f\u0131m sa\u011flad\u0131\u011f\u0131 konumdad\u0131r<\/p>\t\t\t\t\t\t\t\t<\/div>\n\t\t\t\t<\/div>\n\t\t\t\t\t<\/div>\n\t\t<\/div>\n\t\t\t\t\t<\/div>\n\t\t<\/section>\n\t\t\t\t<\/div>\n\t\t","protected":false},"excerpt":{"rendered":"<p>B\u00f6l\u00fcm Tan\u0131t\u0131m\u0131 Sahne Sanatlar\u0131 B\u00f6l\u00fcm\u00fc Hakk\u0131nda Sahne Sanatlar\u0131 B\u00f6l\u00fcm\u00fc\u2019n\u00fcn amac\u0131, uygulamal\u0131 ve deneysel \u00e7al\u0131\u015fmalar\u0131n yan\u0131 s\u0131ra, kuramsal \u00e7al\u0131\u015fmalar\u0131n da \u00f6nemli oldu\u011fu Tiyatro Sanat\u0131 ve Bilimi alan\u0131nda, \u00fclkemizin gereksinimlerini kar\u015f\u0131layacak nitelikte Oyuncu, Dramatik Yazar ve Sahne Tasar\u0131mc\u0131s\u0131 (dekor, giysi, \u0131\u015f\u0131klama, efekt, i\u00e7 tasar\u0131m vb.) yeti\u015ftirmektir. B\u00f6l\u00fcmde 1 Profes\u00f6r, 2 Do\u00e7ent, 1 Dr. \u00d6\u011fr. \u00dcyesi, . 2 [&hellip;]<\/p>\n","protected":false},"author":1,"featured_media":0,"parent":0,"menu_order":0,"comment_status":"closed","ping_status":"closed","template":"elementor_header_footer","meta":{"footnotes":""},"class_list":["post-5728","page","type-page","status-publish","hentry"],"_links":{"self":[{"href":"https:\/\/atauni.edu.tr\/sahne-sanatlari-bolumu\/wp-json\/wp\/v2\/pages\/5728","targetHints":{"allow":["GET"]}}],"collection":[{"href":"https:\/\/atauni.edu.tr\/sahne-sanatlari-bolumu\/wp-json\/wp\/v2\/pages"}],"about":[{"href":"https:\/\/atauni.edu.tr\/sahne-sanatlari-bolumu\/wp-json\/wp\/v2\/types\/page"}],"author":[{"embeddable":true,"href":"https:\/\/atauni.edu.tr\/sahne-sanatlari-bolumu\/wp-json\/wp\/v2\/users\/1"}],"replies":[{"embeddable":true,"href":"https:\/\/atauni.edu.tr\/sahne-sanatlari-bolumu\/wp-json\/wp\/v2\/comments?post=5728"}],"version-history":[{"count":26,"href":"https:\/\/atauni.edu.tr\/sahne-sanatlari-bolumu\/wp-json\/wp\/v2\/pages\/5728\/revisions"}],"predecessor-version":[{"id":7358,"href":"https:\/\/atauni.edu.tr\/sahne-sanatlari-bolumu\/wp-json\/wp\/v2\/pages\/5728\/revisions\/7358"}],"wp:attachment":[{"href":"https:\/\/atauni.edu.tr\/sahne-sanatlari-bolumu\/wp-json\/wp\/v2\/media?parent=5728"}],"curies":[{"name":"wp","href":"https:\/\/api.w.org\/{rel}","templated":true}]}}