{"id":5751,"date":"2021-07-13T12:50:27","date_gmt":"2021-07-13T09:50:27","guid":{"rendered":"https:\/\/portaltest.atauni.edu.tr\/bilgisayar-muhendisligi\/?page_id=5751"},"modified":"2024-03-26T13:30:13","modified_gmt":"2024-03-26T10:30:13","slug":"lisansustu-ders-listesi","status":"publish","type":"page","link":"https:\/\/atauni.edu.tr\/sahne-sanatlari-bolumu\/lisansustu-ders-listesi\/","title":{"rendered":"Ders Listesi"},"content":{"rendered":"\t\t<div data-elementor-type=\"wp-page\" data-elementor-id=\"5751\" class=\"elementor elementor-5751\" data-elementor-post-type=\"page\">\n\t\t\t\t\t\t<section class=\"elementor-section elementor-top-section elementor-element elementor-element-730d320 elementor-section-boxed elementor-section-height-default elementor-section-height-default\" data-id=\"730d320\" data-element_type=\"section\">\n\t\t\t\t\t\t<div class=\"elementor-container elementor-column-gap-default\">\n\t\t\t\t\t<div class=\"elementor-column elementor-col-100 elementor-top-column elementor-element elementor-element-753d0860\" data-id=\"753d0860\" data-element_type=\"column\">\n\t\t\t<div class=\"elementor-widget-wrap\">\n\t\t\t\t\t\t\t<\/div>\n\t\t<\/div>\n\t\t\t\t\t<\/div>\n\t\t<\/section>\n\t\t\t\t<section class=\"elementor-section elementor-top-section elementor-element elementor-element-9be811a elementor-section-boxed elementor-section-height-default elementor-section-height-default\" data-id=\"9be811a\" data-element_type=\"section\">\n\t\t\t\t\t\t<div class=\"elementor-container elementor-column-gap-default\">\n\t\t\t\t\t<div class=\"elementor-column elementor-col-100 elementor-top-column elementor-element elementor-element-1ed847b7\" data-id=\"1ed847b7\" data-element_type=\"column\">\n\t\t\t<div class=\"elementor-widget-wrap elementor-element-populated\">\n\t\t\t\t\t\t<div class=\"elementor-element elementor-element-4ce0d07f elementor-widget elementor-widget-heading\" data-id=\"4ce0d07f\" data-element_type=\"widget\" data-widget_type=\"heading.default\">\n\t\t\t\t<div class=\"elementor-widget-container\">\n\t\t\t\t\t<h2 class=\"elementor-heading-title elementor-size-default\">Lisans\u00fcst\u00fc Ders Listesi<\/h2>\t\t\t\t<\/div>\n\t\t\t\t<\/div>\n\t\t\t\t<div class=\"elementor-element elementor-element-63260862 elementor-widget-divider--view-line elementor-widget elementor-widget-divider\" data-id=\"63260862\" data-element_type=\"widget\" data-widget_type=\"divider.default\">\n\t\t\t\t<div class=\"elementor-widget-container\">\n\t\t\t\t\t\t\t<div class=\"elementor-divider\">\n\t\t\t<span class=\"elementor-divider-separator\">\n\t\t\t\t\t\t<\/span>\n\t\t<\/div>\n\t\t\t\t\t\t<\/div>\n\t\t\t\t<\/div>\n\t\t\t\t\t<\/div>\n\t\t<\/div>\n\t\t\t\t\t<\/div>\n\t\t<\/section>\n\t\t\t\t<section class=\"elementor-section elementor-top-section elementor-element elementor-element-6a5b7ef elementor-section-boxed elementor-section-height-default elementor-section-height-default\" data-id=\"6a5b7ef\" data-element_type=\"section\">\n\t\t\t\t\t\t<div class=\"elementor-container elementor-column-gap-default\">\n\t\t\t\t\t<div class=\"elementor-column elementor-col-100 elementor-top-column elementor-element elementor-element-ce70762\" data-id=\"ce70762\" data-element_type=\"column\">\n\t\t\t<div class=\"elementor-widget-wrap elementor-element-populated\">\n\t\t\t\t\t\t<div class=\"elementor-element elementor-element-b780842 elementor-widget elementor-widget-text-editor\" data-id=\"b780842\" data-element_type=\"widget\" data-widget_type=\"text-editor.default\">\n\t\t\t\t<div class=\"elementor-widget-container\">\n\t\t\t\t\t\t\t\t\t<html>\n<p>Atat\u00fcrk \u00dcniversitesi Sahne Sanatlar\u0131 B\u00f6l\u00fcm\u00fc, \u00f6\u011frencilerine geni\u015f bir yelpazede ders se\u00e7enekleri sunar. B\u00f6l\u00fcm\u00fcn ders listesi, tiyatro ve sahne sanatlar\u0131na ili\u015fkin \u00e7e\u015fitli konular\u0131 kapsar.<\/p>\n\n<p>Dersler aras\u0131nda oyun yap\u0131m\u0131, oyunculuk teknikleri, sahne tasar\u0131m\u0131, \u0131\u015f\u0131k ve ses tasar\u0131m\u0131, dramaturji ve tiyatro tarihi gibi konular bulunur. Ayr\u0131ca, \u00f6\u011frencilere sahne sanatlar\u0131n\u0131n farkl\u0131 dallar\u0131nda uzmanla\u015fmalar\u0131 i\u00e7in olanaklar sa\u011flan\u0131r.<\/p>\n\n<p>B\u00f6l\u00fcm\u00fcn amac\u0131, \u00f6\u011frencilerin sahne sanatlar\u0131 alan\u0131nda bilgi ve becerilerini geli\u015ftirmelerine yard\u0131mc\u0131 olmak ve sekt\u00f6rde ba\u015far\u0131l\u0131 olmalar\u0131n\u0131 sa\u011flamakt\u0131r. Ders listesi, bu amaca ula\u015fmak i\u00e7in gerekli olan teorik ve pratik e\u011fitimi i\u00e7erir.<\/p>\n\n<p>\u00d6\u011frenciler, b\u00f6l\u00fcmden mezun olduklar\u0131nda, tiyatro ve sahne sanatlar\u0131 alan\u0131nda wide bir perspektife sahip olurlar ve sekt\u00f6rde \u00e7e\u015fitli rollerde \u00e7al\u0131\u015fmaya haz\u0131rlan\u0131rlar. B\u00f6l\u00fcm\u00fcn ders listesi, \u00f6\u011frencilerin bu hedefe ula\u015fmalar\u0131na katk\u0131da bulunur.<\/p>\n<\/html>\t\t\t\t\t\t\t\t<\/div>\n\t\t\t\t<\/div>\n\t\t\t\t\t<\/div>\n\t\t<\/div>\n\t\t\t\t\t<\/div>\n\t\t<\/section>\n\t\t\t\t<\/div>\n\t\t","protected":false},"excerpt":{"rendered":"<p>Ders Listesi B\u00f6l\u00fcm Akademik Kurulumuz 22.01.2024 tarihinde toplanm\u0131\u015f ve ek\u2019te sunulan belgedeki \u015fekli ile Akademik \u00dcyelerimizin talep ettikleri lisans\u00fcst\u00fc derslerin 2023-2024 \u00f6\u011fretim y\u0131l\u0131 Bahar d\u00f6neminde a\u00e7\u0131lmas\u0131 hususunda 2024\/01 say\u0131 ile kurul karar\u0131 alm\u0131\u015ft\u0131r. 2023\/2024 \u00d6\u011eRET\u0130M YILI G\u00dcZ D\u00d6NEM\u0130SAHNE SANATLARI Y\u00dcKSEK L\u0130SANS PROGRAMI SAHNE SANATLARI DOKTORA PROGRAMI<\/p>\n","protected":false},"author":1,"featured_media":0,"parent":0,"menu_order":0,"comment_status":"closed","ping_status":"closed","template":"elementor_header_footer","meta":{"footnotes":""},"class_list":["post-5751","page","type-page","status-publish","hentry"],"_links":{"self":[{"href":"https:\/\/atauni.edu.tr\/sahne-sanatlari-bolumu\/wp-json\/wp\/v2\/pages\/5751","targetHints":{"allow":["GET"]}}],"collection":[{"href":"https:\/\/atauni.edu.tr\/sahne-sanatlari-bolumu\/wp-json\/wp\/v2\/pages"}],"about":[{"href":"https:\/\/atauni.edu.tr\/sahne-sanatlari-bolumu\/wp-json\/wp\/v2\/types\/page"}],"author":[{"embeddable":true,"href":"https:\/\/atauni.edu.tr\/sahne-sanatlari-bolumu\/wp-json\/wp\/v2\/users\/1"}],"replies":[{"embeddable":true,"href":"https:\/\/atauni.edu.tr\/sahne-sanatlari-bolumu\/wp-json\/wp\/v2\/comments?post=5751"}],"version-history":[{"count":53,"href":"https:\/\/atauni.edu.tr\/sahne-sanatlari-bolumu\/wp-json\/wp\/v2\/pages\/5751\/revisions"}],"predecessor-version":[{"id":6401,"href":"https:\/\/atauni.edu.tr\/sahne-sanatlari-bolumu\/wp-json\/wp\/v2\/pages\/5751\/revisions\/6401"}],"wp:attachment":[{"href":"https:\/\/atauni.edu.tr\/sahne-sanatlari-bolumu\/wp-json\/wp\/v2\/media?parent=5751"}],"curies":[{"name":"wp","href":"https:\/\/api.w.org\/{rel}","templated":true}]}}