{"id":5762,"date":"2021-07-13T12:55:48","date_gmt":"2021-07-13T09:55:48","guid":{"rendered":"https:\/\/portaltest.atauni.edu.tr\/bilgisayar-muhendisligi\/?page_id=5762"},"modified":"2025-02-14T12:26:47","modified_gmt":"2025-02-14T09:26:47","slug":"lisans-ders-listesi","status":"publish","type":"page","link":"https:\/\/atauni.edu.tr\/sahne-sanatlari-bolumu\/lisans-ders-listesi\/","title":{"rendered":"Ders Listesi"},"content":{"rendered":"\n<h2 class=\"wp-block-heading has-text-align-center\">Ders Listesi<\/h2>\n\n\n\n<p class=\"has-text-align-center\">ATAT\u00dcRK \u00dcN\u0130VERS\u0130TES\u0130G\u00dcZEL SANATLAR FAK\u00dcLTES\u0130<br>SAHNE SANATLARI B\u00d6L\u00dcM\u00dc <br>2024-2025 BAHAR D\u00d6NEM\u0130 DERS PROGRAMI<br><\/p>\n\n\n\n<hr class=\"wp-block-separator has-alpha-channel-opacity is-style-dots\" \/>\n\n\n\n<h2 class=\"wp-block-heading has-text-align-center\">DRAMAT\u0130K YAZARLIK ANASANAT DALI<\/h2>\n\n\n\n<div data-wp-interactive=\"core\/file\" class=\"wp-block-file aligncenter\"><object data-wp-bind--hidden=\"!state.hasPdfPreview\" hidden class=\"wp-block-file__embed\" data=\"https:\/\/birimler.atauni.edu.tr\/sahne-sanatlari-bolumu\/wp-content\/uploads\/sites\/150\/2025\/02\/Yazarlik-BAHAR-24-25-1.pdf\" type=\"application\/pdf\" style=\"width:100%;height:600px\" aria-label=\"Yazarl\u0131k BAHAR 24-25 g\u00f6m\u00fcs\u00fc.\"><\/object><a id=\"wp-block-file--media-01cc4d01-b428-4bc6-95ba-089e815d9448\" href=\"https:\/\/birimler.atauni.edu.tr\/sahne-sanatlari-bolumu\/wp-content\/uploads\/sites\/150\/2025\/02\/Yazarlik-BAHAR-24-25-1.pdf\">Yazarl\u0131k BAHAR 24-25<\/a><a href=\"https:\/\/birimler.atauni.edu.tr\/sahne-sanatlari-bolumu\/wp-content\/uploads\/sites\/150\/2025\/02\/Yazarlik-BAHAR-24-25-1.pdf\" class=\"wp-block-file__button wp-element-button\" download aria-describedby=\"wp-block-file--media-01cc4d01-b428-4bc6-95ba-089e815d9448\">\u0130ndir<\/a><\/div>\n\n\n\n<hr class=\"wp-block-separator has-alpha-channel-opacity is-style-dots\" \/>\n\n\n\n<h2 class=\"wp-block-heading has-text-align-center\">OYUNCULUK ANASANAT DALI<\/h2>\n\n\n\n<div data-wp-interactive=\"core\/file\" class=\"wp-block-file aligncenter\"><object data-wp-bind--hidden=\"!state.hasPdfPreview\" hidden class=\"wp-block-file__embed\" data=\"https:\/\/birimler.atauni.edu.tr\/sahne-sanatlari-bolumu\/wp-content\/uploads\/sites\/150\/2025\/02\/Oyunculuk-BAHAR-24-25-1.pdf\" type=\"application\/pdf\" style=\"width:100%;height:600px\" aria-label=\"Oyunculuk BAHAR 24-25 g\u00f6m\u00fcs\u00fc.\"><\/object><a id=\"wp-block-file--media-01ead271-0f88-4632-a0bb-8b3333b77d62\" href=\"https:\/\/birimler.atauni.edu.tr\/sahne-sanatlari-bolumu\/wp-content\/uploads\/sites\/150\/2025\/02\/Oyunculuk-BAHAR-24-25-1.pdf\">Oyunculuk BAHAR 24-25<\/a><a href=\"https:\/\/birimler.atauni.edu.tr\/sahne-sanatlari-bolumu\/wp-content\/uploads\/sites\/150\/2025\/02\/Oyunculuk-BAHAR-24-25-1.pdf\" class=\"wp-block-file__button wp-element-button\" download aria-describedby=\"wp-block-file--media-01ead271-0f88-4632-a0bb-8b3333b77d62\">\u0130ndir<\/a><\/div>\n\n\n\n<hr class=\"wp-block-separator has-text-color has-alpha-channel-opacity has-background is-style-dots\" style=\"background-color:#010000;color:#010000\" \/>\n\n\n\n<h2 class=\"wp-block-heading has-text-align-center\">SAHNE TASARIMI ANASANAT DALI<\/h2>\n\n\n\n<div data-wp-interactive=\"core\/file\" class=\"wp-block-file aligncenter\"><object data-wp-bind--hidden=\"!state.hasPdfPreview\" hidden class=\"wp-block-file__embed\" data=\"https:\/\/birimler.atauni.edu.tr\/sahne-sanatlari-bolumu\/wp-content\/uploads\/sites\/150\/2025\/02\/Sahne-Tasarimi-BAHAR-24-25-1.pdf\" type=\"application\/pdf\" style=\"width:100%;height:600px\" aria-label=\"Sahne Tasar\u0131m\u0131 BAHAR 24-25 g\u00f6m\u00fcs\u00fc.\"><\/object><a id=\"wp-block-file--media-fd15e0e2-e425-4ea7-918d-efa015a6d078\" href=\"https:\/\/birimler.atauni.edu.tr\/sahne-sanatlari-bolumu\/wp-content\/uploads\/sites\/150\/2025\/02\/Sahne-Tasarimi-BAHAR-24-25-1.pdf\">Sahne Tasar\u0131m\u0131 BAHAR 24-25<\/a><a href=\"https:\/\/birimler.atauni.edu.tr\/sahne-sanatlari-bolumu\/wp-content\/uploads\/sites\/150\/2025\/02\/Sahne-Tasarimi-BAHAR-24-25-1.pdf\" class=\"wp-block-file__button wp-element-button\" download aria-describedby=\"wp-block-file--media-fd15e0e2-e425-4ea7-918d-efa015a6d078\">\u0130ndir<\/a><\/div>\n\n\n\n<hr class=\"wp-block-separator has-alpha-channel-opacity is-style-dots\" \/>\n\n\n\n<div style=\"height:252px\" aria-hidden=\"true\" class=\"wp-block-spacer\"><\/div>\n\n\n\n<p><\/p>\n","protected":false},"excerpt":{"rendered":"<p>Ders Listesi ATAT\u00dcRK \u00dcN\u0130VERS\u0130TES\u0130G\u00dcZEL SANATLAR FAK\u00dcLTES\u0130SAHNE SANATLARI B\u00d6L\u00dcM\u00dc 2024-2025 BAHAR D\u00d6NEM\u0130 DERS PROGRAMI DRAMAT\u0130K YAZARLIK ANASANAT DALI OYUNCULUK ANASANAT DALI SAHNE TASARIMI ANASANAT DALI<\/p>\n","protected":false},"author":1,"featured_media":0,"parent":0,"menu_order":0,"comment_status":"closed","ping_status":"closed","template":"elementor_header_footer","meta":{"footnotes":""},"class_list":["post-5762","page","type-page","status-publish","hentry"],"_links":{"self":[{"href":"https:\/\/atauni.edu.tr\/sahne-sanatlari-bolumu\/wp-json\/wp\/v2\/pages\/5762","targetHints":{"allow":["GET"]}}],"collection":[{"href":"https:\/\/atauni.edu.tr\/sahne-sanatlari-bolumu\/wp-json\/wp\/v2\/pages"}],"about":[{"href":"https:\/\/atauni.edu.tr\/sahne-sanatlari-bolumu\/wp-json\/wp\/v2\/types\/page"}],"author":[{"embeddable":true,"href":"https:\/\/atauni.edu.tr\/sahne-sanatlari-bolumu\/wp-json\/wp\/v2\/users\/1"}],"replies":[{"embeddable":true,"href":"https:\/\/atauni.edu.tr\/sahne-sanatlari-bolumu\/wp-json\/wp\/v2\/comments?post=5762"}],"version-history":[{"count":29,"href":"https:\/\/atauni.edu.tr\/sahne-sanatlari-bolumu\/wp-json\/wp\/v2\/pages\/5762\/revisions"}],"predecessor-version":[{"id":7062,"href":"https:\/\/atauni.edu.tr\/sahne-sanatlari-bolumu\/wp-json\/wp\/v2\/pages\/5762\/revisions\/7062"}],"wp:attachment":[{"href":"https:\/\/atauni.edu.tr\/sahne-sanatlari-bolumu\/wp-json\/wp\/v2\/media?parent=5762"}],"curies":[{"name":"wp","href":"https:\/\/api.w.org\/{rel}","templated":true}]}}