{"id":5765,"date":"2021-07-13T12:56:51","date_gmt":"2021-07-13T09:56:51","guid":{"rendered":"https:\/\/portaltest.atauni.edu.tr\/bilgisayar-muhendisligi\/?page_id=5765"},"modified":"2025-10-09T16:24:38","modified_gmt":"2025-10-09T13:24:38","slug":"anabilim-dallari","status":"publish","type":"page","link":"https:\/\/atauni.edu.tr\/sahne-sanatlari-bolumu\/anabilim-dallari\/","title":{"rendered":"Anabilim Dallar\u0131"},"content":{"rendered":"\t\t<div data-elementor-type=\"wp-page\" data-elementor-id=\"5765\" class=\"elementor elementor-5765\" data-elementor-post-type=\"page\">\n\t\t\t\t\t\t<section class=\"elementor-section elementor-top-section elementor-element elementor-element-730d320 elementor-section-boxed elementor-section-height-default elementor-section-height-default\" data-id=\"730d320\" data-element_type=\"section\">\n\t\t\t\t\t\t<div class=\"elementor-container elementor-column-gap-default\">\n\t\t\t\t\t<div class=\"elementor-column elementor-col-100 elementor-top-column elementor-element elementor-element-753d0860\" data-id=\"753d0860\" data-element_type=\"column\">\n\t\t\t<div class=\"elementor-widget-wrap\">\n\t\t\t\t\t\t\t<\/div>\n\t\t<\/div>\n\t\t\t\t\t<\/div>\n\t\t<\/section>\n\t\t\t\t<section class=\"elementor-section elementor-top-section elementor-element elementor-element-9be811a elementor-section-boxed elementor-section-height-default elementor-section-height-default\" data-id=\"9be811a\" data-element_type=\"section\">\n\t\t\t\t\t\t<div class=\"elementor-container elementor-column-gap-default\">\n\t\t\t\t\t<div class=\"elementor-column elementor-col-100 elementor-top-column elementor-element elementor-element-1ed847b7\" data-id=\"1ed847b7\" data-element_type=\"column\">\n\t\t\t<div class=\"elementor-widget-wrap elementor-element-populated\">\n\t\t\t\t\t\t<div class=\"elementor-element elementor-element-4ce0d07f elementor-widget elementor-widget-heading\" data-id=\"4ce0d07f\" data-element_type=\"widget\" data-widget_type=\"heading.default\">\n\t\t\t\t<div class=\"elementor-widget-container\">\n\t\t\t\t\t<h2 class=\"elementor-heading-title elementor-size-default\">Anabilim Dallar\u0131<br><\/h2>\t\t\t\t<\/div>\n\t\t\t\t<\/div>\n\t\t\t\t<div class=\"elementor-element elementor-element-63260862 elementor-widget-divider--view-line elementor-widget elementor-widget-divider\" data-id=\"63260862\" data-element_type=\"widget\" data-widget_type=\"divider.default\">\n\t\t\t\t<div class=\"elementor-widget-container\">\n\t\t\t\t\t\t\t<div class=\"elementor-divider\">\n\t\t\t<span class=\"elementor-divider-separator\">\n\t\t\t\t\t\t<\/span>\n\t\t<\/div>\n\t\t\t\t\t\t<\/div>\n\t\t\t\t<\/div>\n\t\t\t\t\t<\/div>\n\t\t<\/div>\n\t\t\t\t\t<\/div>\n\t\t<\/section>\n\t\t\t\t<section class=\"elementor-section elementor-top-section elementor-element elementor-element-681db8b elementor-section-boxed elementor-section-height-default elementor-section-height-default\" data-id=\"681db8b\" data-element_type=\"section\">\n\t\t\t\t\t\t<div class=\"elementor-container elementor-column-gap-default\">\n\t\t\t\t\t<div class=\"elementor-column elementor-col-100 elementor-top-column elementor-element elementor-element-ad4dac5\" data-id=\"ad4dac5\" data-element_type=\"column\">\n\t\t\t<div class=\"elementor-widget-wrap elementor-element-populated\">\n\t\t\t\t\t\t<div class=\"elementor-element elementor-element-2f96b3d elementor-widget elementor-widget-text-editor\" data-id=\"2f96b3d\" data-element_type=\"widget\" data-widget_type=\"text-editor.default\">\n\t\t\t\t<div class=\"elementor-widget-container\">\n\t\t\t\t\t\t\t\t\t<h1><strong>ANA SANAT DALLARI<\/strong><\/h1><div><h2>DRAMAT\u0130K YAZARLIK ANA SANAT DALI<\/h2><p><strong>Hakk\u0131nda<\/strong><\/p><\/div><div><p>Atat\u00fcrk \u00dcniversitesi G\u00fczel Sanatlar Fak\u00fcltesi\u2019nde1993 y\u0131l\u0131ndan beri Sahne Sanatlar\u0131 B\u00f6l\u00fcm\u00fc\u2019nde E\u011fitim- \u00d6\u011fretim veren Dramatik Yazarl\u0131k Sanat Dal\u0131, T\u00fcrkiye genelinde bu sanat dal\u0131nda \u00f6\u011frenci yeti\u015ftiren nadir sanat dallar\u0131ndan biridir.\u00a0<\/p><p>Verdi\u011fi e\u011fitimin tiyatro merkezli olmas\u0131 yan\u0131nda sinema, televizyon, radyo, gazete, reklam sekt\u00f6rlerini kapsayacak bir m\u00fcfredata sahiptir.<\/p><p>Dramatik Yazarl\u0131k Sanat Dal\u0131, her y\u0131l \u00f6zel yetenek s\u0131nav\u0131yla on \u00f6\u011frenci almakta ve yeti\u015ftirmektedir. M\u00fcfredat\u0131n yo\u011funlu\u011fu ve yazarl\u0131k eyleminin \u00f6znelli\u011finden dolay\u0131 \u00e7ok az say\u0131da \u00f6\u011frenci al\u0131nmakta ve \u00f6zel ders titizli\u011finde bir e\u011fitim verilmektedir. \u00dcniversal d\u00fczlemde bu \u00f6\u011frenci say\u0131s\u0131, d\u00fcnyan\u0131n t\u00fcm \u00fcniversitelerinde dahi \u00e7ok nadirdir. Bu ba\u011flamda e\u011fitimimizi \u00f6zel ve \u00e7ok de\u011ferli k\u0131lan unsurlardan biri bu k\u0131s\u0131tl\u0131 \u00f6\u011frenici say\u0131s\u0131 ile e\u011fitim vermektir.<\/p><p>Atat\u00fcrk \u00dcniversitesi G\u00fczel Sanatlar Fak\u00fcltesi\u2019nde 1993 y\u0131l\u0131ndan beri Sahne Sanatlar\u0131 B\u00f6l\u00fcm\u00fc\u2019nde E\u011fitim- \u00d6\u011fretim veren Dramatik Yazarl\u0131k Sanat Dal\u0131, T\u00fcrkiye genelinde bu Sanat Dal\u0131nda \u00f6\u011frenci yeti\u015ftiren nadir sanat dallar\u0131ndan biridir. ( Ankara \u00fcniversitesi Dil Tarih Co\u011frafya Fak\u00fcltesi, Dokuz Eyl\u00fcl \u00dcniversitesi G\u00fczel Sanatlar Fak\u00fcltesi, Kocaeli \u00dcniversitesi G\u00fczel Sanatlar Fak\u00fcltesi, S\u00fcleyman Demirel \u00dcniversitesi G\u00fczel Sanatlar Fak\u00fcltesi, Y\u00fcz\u00fcnc\u00fc Y\u0131l \u00dcniversitesi G\u00fczel Sanatlar Fak\u00fcltesi, Uluda\u011f \u00dcniversitesi G\u00fczel Sanatlar Fak\u00fcltesi) Kuruldu\u011fundan bug\u00fcne onlarca \u00f6\u011frenci yeti\u015ftiren ve mezun eden Dramatik Yazarl\u0131k Sanat Dal\u0131, tiyatro, sinema, radyo gibi sahne ve g\u00f6r\u00fcnt\u00fc sanatlar\u0131 alan\u0131nda gereksinim duyulan yazarlar\u0131 yeti\u015ftirmek amac\u0131n\u0131 ta\u015f\u0131r. \u00d6\u011frencilerin Dramatik Yazarl\u0131k tekni\u011finin gerektirdi\u011fi gibi bilgi ve uygulamalar\u0131n yan\u0131 s\u0131ra, dramaturgi ve tiyatro ara\u015ft\u0131rmac\u0131l\u0131\u011f\u0131 alanlar\u0131nda gerekli bi\u00e7imlenmeyi kazanacaklar\u0131 bir e\u011fitim program\u0131 uygulamaktad\u0131r. Ba\u015far\u0131yla temsil etti\u011fi Atat\u00fcrk \u00dcniversitesi G\u00fczel Sanatlar Fak\u00fcltesi\u2019ni sanat ve bilimsel anlamda daha ileri seviyelere ula\u015ft\u0131rmay\u0131 hedef edinen ve ulusal d\u00fczlemde etkinli\u011fini daha da art\u0131rarak uluslar aras\u0131 d\u00fczeyde e\u011fitim verme \u00e7abas\u0131ndad\u0131r.<\/p><p><strong>Ama\u00e7<\/strong><\/p><p>Dramatik Yazarl\u0131k Ana Sanat Dal\u0131 Tiyatro D\u00fcnyas\u0131na kuramc\u0131, oyun yazar\u0131, senarist ve akademisyen yeti\u015ftirmeyi ama\u00e7 edinmi\u015ftir.<\/p><p><strong>Giri\u015f \u015eart\u0131 ve Puan\u0131<\/strong><\/p><p>Ana Sanat Dal\u0131m\u0131zda okumaya ba\u015flamak i\u00e7in, \u00d6SYM nin belirledi\u011fi taban puan\u0131 ge\u00e7mi\u015f ve yetenek s\u0131nav\u0131ndan ba\u015far\u0131l\u0131 olma \u015fart\u0131 bulunmaktad\u0131r.<\/p><p><strong>Mezun \u0130statistikleri<\/strong><\/p><p>\u00c7e\u015fitli \u00fcniversitelerde bir\u00e7ok \u00f6\u011frencimiz akdemiysen, Devlet Tiyatrolar\u0131nda Sahne Amiri, dramaturg ve TRT de \u00e7e\u015fitli alanlarda \u00e7al\u0131\u015fmaktad\u0131r.<\/p><p><strong>Konferans ve Seminer Mekan Olanaklar\u0131<\/strong><\/p><p>Ana Sanat Dal\u0131m\u0131zda konferans ve seminer verilebilecek salonlar\u0131m\u0131z, fiziki ve akademik alt yap\u0131 bulunmaktad\u0131r.<\/p><p><strong>S\u0131n\u0131f ve At\u00f6lye Olanaklar\u0131<\/strong><\/p><p>Ana Sanat Dal\u0131m\u0131z\u0131n iki Yazarl\u0131k St\u00fcdyosu, bir Senaryo st\u00fcdyosu, ve dersli\u011fi mevcuttur.<\/p><p><strong>Ula\u015f\u0131m Olanaklar\u0131<\/strong><\/p><p>Sahne Sanatlar\u0131 B\u00f6l\u00fcm\u00fc Dramatik Yazarl\u0131k Ana Sanat Dal\u0131 G\u00fczel Sanatlar Fak\u00fcltesi binas\u0131 i\u00e7indedir. Fak\u00fcltemiz Atat\u00fcrk \u00dcniversitesi Ara\u015ft\u0131rma Hastanesi kar\u015f\u0131s\u0131ndad\u0131r. T\u00fcm toplu ta\u015f\u0131ma ara\u00e7lar\u0131n\u0131n ula\u015f\u0131m sa\u011flad\u0131\u011f\u0131 konumdad\u0131r.<\/p><p><strong>Lisans\u00fcst\u00fc E\u011fitim<\/strong><\/p><p>Dramatik Yazarl\u0131k Ana Sanat Dal\u0131, Sahne Sanatlar\u0131 B\u00f6l\u00fcm\u00fc \u00c7at\u0131s\u0131 alt\u0131nda T\u00fcrk Tiyatrosu\u2019na ve Akademisine Tiyatro uzmanlar\u0131, Y\u00fcksek Lisans ve Doktora d\u00fczeyinde yeti\u015ftirmeyi ama\u00e7 edinmi\u015ftir.<\/p><p><strong>OYUNCULUK ANA SANAT DALI<\/strong><\/p><p><strong>Hakk\u0131nda<\/strong><\/p><p>Atat\u00fcrk \u00dcniversitesi G\u00fczel Sanatlar Fak\u00fcltesi\u2019nde 1993 y\u0131l\u0131ndan beri sahne Sanatlar\u0131 B\u00f6l\u00fcm\u00fc\u2019nde E\u011fitim- \u00d6\u011fretim veren Oyunculuk Ana Sanat Dal\u0131, T\u00fcrkiye genelinde bu sanat dal\u0131nda \u00f6\u011frenci yeti\u015ftiren nadir sanat dallar\u0131ndan biridir. Kuruldu\u011fundan bug\u00fcne onlarca \u00f6\u011frenci yeti\u015ftiren ve mezun eden Oyunculuk Sanat Dal\u0131, tiyatro, sinema, radyo gibi sahne ve g\u00f6r\u00fcnt\u00fc sanatlar\u0131 alan\u0131nda gereksinim duyulan oyuncular\u0131 yeti\u015ftirmeyi ama\u00e7 edinir. \u00d6\u011frencilerin oyunculuk tekni\u011finin gerektirdi\u011fi gibi bilgi ve uygulamalar\u0131n yan\u0131 s\u0131ra, tiyatro ara\u015ft\u0131rmac\u0131l\u0131\u011f\u0131 alanlar\u0131nda gerekli bi\u00e7imlenmeyi kazanacaklar\u0131 bir e\u011fitim program\u0131 uygulamaktad\u0131r. Ba\u015far\u0131yla temsil etti\u011fi Atat\u00fcrk \u00dcniversitesi G\u00fczel Sanatlar Fak\u00fcltesi\u2019ni sanat ve bilimsel anlamda daha ileri seviyelere ula\u015ft\u0131rmay\u0131 hedef edinen ve ulusal d\u00fczlemde etkinli\u011fini daha da art\u0131rarak uluslar aras\u0131 d\u00fczeyde e\u011fitim verme \u00e7abas\u0131ndad\u0131r. Verdi\u011fi e\u011fitimin tiyatro merkezli olmas\u0131 yan\u0131nda sinema, televizyon, radyo, reklam sekt\u00f6rlerini kapsayacak bir m\u00fcfredata sahiptir.<\/p><p>Kuruldu\u011fundan bug\u00fcne onlarca \u00f6\u011frenci yeti\u015ftiren ve mezun eden Oyunculuk An Sanat Dal\u0131, tiyatro, sinema, radyo gibi sahne ve g\u00f6r\u00fcnt\u00fc sanatlar\u0131 alan\u0131nda gereksinim duyulan oyuncular\u0131 yeti\u015ftirmeyi amac\u0131n\u0131 edinir. \u00d6\u011frencilerin oyunculuk tekni\u011finin gerektirdi\u011fi gibi bilgi ve uygulamalar\u0131n yan\u0131 s\u0131ra, tiyatro ara\u015ft\u0131rmac\u0131l\u0131\u011f\u0131 alanlar\u0131nda gerekli bi\u00e7imlenmeyi kazanacaklar\u0131 bir e\u011fitim program\u0131 uygulamaktad\u0131r. Ba\u015far\u0131yla temsil etti\u011fi Atat\u00fcrk \u00dcniversitesi G\u00fczel Sanatlar Fak\u00fcltesi\u2019ni sanat ve bilimsel anlamda daha ileri seviyelere ula\u015ft\u0131rmay\u0131 hedef edinen ve ulusal d\u00fczlemde etkinli\u011fini daha da art\u0131rarak uluslar aras\u0131 d\u00fczeyde e\u011fitim verme \u00e7abas\u0131ndad\u0131r.\u00a0Verdi\u011fi e\u011fitimin tiyatro merkezli olmas\u0131 yan\u0131nda sinema, televizyon, radyo, reklam sekt\u00f6rlerini kapsayacak bir m\u00fcfredata sahiptir.<\/p><p><strong>Ama\u00e7<\/strong><\/p><\/div><p>Oyunculuk Ana Sanat Dal\u0131 Tiyatro D\u00fcnyas\u0131na Oyuncu, Kuramc\u0131 ve akademisyen kazand\u0131rmay\u0131 ama\u00e7 edinmi\u015ftir.<\/p><p><strong>Giri\u015f \u015eart\u0131 ve Puan\u0131<\/strong><\/p><p>Ana Sanat Dal\u0131m\u0131zda okumaya ba\u015flamak i\u00e7in, \u00d6SYM nin belirledi\u011fi taban puan\u0131 ge\u00e7mi\u015f ve yetenek s\u0131nav\u0131ndan ba\u015far\u0131l\u0131 olma \u015fart\u0131 bulunmaktad\u0131r.<\/p><p><strong>Mezun \u0130statistikleri<\/strong><\/p><p>Oyunculuk Ana Sanat Dal\u0131\u2019ndan mezun \u00f6\u011frencilerimizin %80\u2019i Devlet Tiyatrosunda, \u015eehir Tiyatrolar\u0131nda, \u00d6zel tiyatrolarda TV ve Sinema sekt\u00f6r\u00fcnde \u00e7al\u0131\u015fmaktad\u0131r.<\/p><p><strong>Konferans ve Seminer Olanaklar\u0131<\/strong><\/p><p>Ana Sanat Dal\u0131m\u0131zda konferans ve seminer verilebilecek salonlar, fiziki ve akademik alt yap\u0131 bulunmaktad\u0131r.<\/p><p><strong>S\u0131n\u0131f, Sahne ve At\u00f6lye \u0130mkanlar\u0131<\/strong><\/p><p>Oyunculuk Ana Sanat Dal\u0131\u2019n\u0131n bir b\u00fcy\u00fck Sahnesi, bir deneme sahnesi, \u015ean ve solfej st\u00fcdyosu, dans st\u00fcdyosu ve derslikleri mevcuttur.<\/p><p><strong>Ula\u015f\u0131m \u0130mkanlar\u0131<\/strong><\/p><p>Sahne Sanatlar\u0131 B\u00f6l\u00fcm\u00fc Oyunculuk Ana Sanat Dal\u0131 G\u00fczel Sanatlar Fak\u00fcltesi binas\u0131 i\u00e7indedir. Atat\u00fcrk \u00dcniversitesi Ara\u015ft\u0131rma Hastanesi kar\u015f\u0131s\u0131ndad\u0131r. T\u00fcm toplu ta\u015f\u0131ma ara\u00e7lar\u0131n\u0131n ula\u015f\u0131m sa\u011flad\u0131\u011f\u0131 konumdad\u0131r.<\/p><p><strong>Lisans\u00fcst\u00fc E\u011fitim<\/strong><\/p><p>Oyunculuk Ana Sanat Dal\u0131, Sahne Sanatlar\u0131 B\u00f6l\u00fcm\u00fc \u00c7at\u0131s\u0131 alt\u0131nda T\u00fcrk Tiyatrosu\u2019na ve Akademisine Tiyatro uzmanlar\u0131, y\u00fcksek lisans ve Doktora d\u00fczeyinde yeti\u015ftirmeyi ama\u00e7 edinmi\u015ftir.<\/p><p><strong>SAHNE TASARIMI ANA SANAT DALI<\/strong><\/p><p><strong>Hakk\u0131nda<\/strong><\/p><p>Sahne Tasar\u0131m\u0131 Sanat Dal\u0131, tiyatro, sinema, TV gibi alanlarda gereksinim duyulan sahne ve set d\u00fczenlemelerinin t\u00fcm teknik-estetik sorunlar\u0131n\u0131 \u00e7\u00f6zebilecek bilgi ve beceriyi edinmi\u015f sahne tasar\u0131m\u0131 sanat\u00e7\u0131lar\u0131n\u0131 yeti\u015ftirmeyi ama\u00e7lamaktad\u0131r. Dekor, kost\u00fcm, \u0131\u015f\u0131k, efekt, vitrin tasar\u0131m\u0131, TV -sinema set tasar\u0131m\u0131 ve i\u00e7 dekorasyon konular\u0131nda kuramsal ve uygulamal\u0131 bir e\u011fitim program\u0131 y\u00fcr\u00fct\u00fclmektedir.\u00a0<\/p><p><strong>Ama\u00e7<\/strong><\/p><p>Sahne Tasar\u0131m\u0131 Ana Sanat Dal\u0131 Tiyatro D\u00fcnyas\u0131na Sahne tasar\u0131mc\u0131s\u0131, Sahne Dekorcusu, Kost\u00fcm ve Aksesuarc\u0131s\u0131, Sahne \u0131\u015f\u0131k Tasar\u0131mc\u0131s\u0131, Kuramc\u0131 ve akademisyen kazand\u0131rmay\u0131 ama\u00e7 edinmi\u015ftir.<\/p><p><strong>Giri\u015f \u015eart\u0131 ve Puan\u0131<\/strong><\/p><p>Ana Sanat Dal\u0131m\u0131zda okumaya ba\u015flamak i\u00e7in, \u00d6SYM nin belirledi\u011fi taban puan\u0131 ge\u00e7mi\u015f ve yetenek s\u0131nav\u0131ndan ba\u015far\u0131l\u0131 olma \u015fart\u0131 bulunmaktad\u0131r.<\/p><p><strong>Mezun \u0130statistikleri<\/strong><\/p><p>\u0130\u015f Olanaklar\u0131: B\u00f6l\u00fcm mezunlar\u0131; devlet tiyatrolar\u0131 ile \u00f6zel tiyatrolarda, TV setlerinde, i\u00e7 dekorasyon ve mobilya tasar\u0131m firmalar\u0131nda \u00e7al\u0131\u015fma olana\u011f\u0131 bulabilmektedirler. Devlet opera ve balelerinde dekor ve kost\u00fcm tasar\u0131mc\u0131s\u0131 olarak i\u015f bulabilen b\u00f6l\u00fcm mezunlar\u0131 ayr\u0131ca TV set tasar\u0131m\u0131, vitrin tasar\u0131m\u0131 alanlar\u0131nda da \u00e7al\u0131\u015fabilmektedirler.\u00a0<\/p><p><strong>Konferans ve Seminer Olanaklar\u0131<\/strong><\/p><p>Ana Sanat Dal\u0131m\u0131zda konferans ve seminer verilebilecek salonlar, fiziki ve akademik alt yap\u0131 bulunmaktad\u0131r.<\/p><p><strong>S\u0131n\u0131f ve At\u00f6lye Olanaklar\u0131<\/strong><\/p><p>Sahne Tasar\u0131m\u0131 Ana Sanat Dal\u0131nda Kost\u00fcm At\u00f6lyesi, Dekor at\u00f6lyesi, Bilgisayar laboratuvar\u0131 ve dersli\u011fi mevcuttur.<\/p><p><strong>Ula\u015f\u0131m \u0130mkanlar\u0131<\/strong><\/p><p>Sahne Sanatlar\u0131 B\u00f6l\u00fcm\u00fc Oyunculuk Ana Sanat Dal\u0131 G\u00fczel Sanatlar Fak\u00fcltesi binas\u0131 i\u00e7indedir. Atat\u00fcrk \u00dcniversitesi Ara\u015ft\u0131rma Hastanesi kar\u015f\u0131s\u0131ndad\u0131r. T\u00fcm toplu ta\u015f\u0131ma ara\u00e7lar\u0131n\u0131n ula\u015f\u0131m sa\u011flad\u0131\u011f\u0131 konumdad\u0131r.<\/p><p><strong>Lisans\u00fcst\u00fc E\u011fitim<\/strong><\/p><p>\u00a0Sahne Tasar\u0131m\u0131 Ana Sanat Dal\u0131, Sahne Sanatlar\u0131 B\u00f6l\u00fcm\u00fc \u00c7at\u0131s\u0131 alt\u0131nda T\u00fcrk Tiyatrosu\u2019na ve Akademisine Tiyatro uzmanlar\u0131, y\u00fcksek lisans ve Doktora d\u00fczeyinde yeti\u015ftirmeyi ama\u00e7 edinmi\u015ftir.<\/p>\t\t\t\t\t\t\t\t<\/div>\n\t\t\t\t<\/div>\n\t\t\t\t\t<\/div>\n\t\t<\/div>\n\t\t\t\t\t<\/div>\n\t\t<\/section>\n\t\t\t\t<\/div>\n\t\t","protected":false},"excerpt":{"rendered":"<p>Anabilim Dallar\u0131 ANA SANAT DALLARI DRAMAT\u0130K YAZARLIK ANA SANAT DALI Hakk\u0131nda Atat\u00fcrk \u00dcniversitesi G\u00fczel Sanatlar Fak\u00fcltesi\u2019nde1993 y\u0131l\u0131ndan beri Sahne Sanatlar\u0131 B\u00f6l\u00fcm\u00fc\u2019nde E\u011fitim- \u00d6\u011fretim veren Dramatik Yazarl\u0131k Sanat Dal\u0131, T\u00fcrkiye genelinde bu sanat dal\u0131nda \u00f6\u011frenci yeti\u015ftiren nadir sanat dallar\u0131ndan biridir.\u00a0 Verdi\u011fi e\u011fitimin tiyatro merkezli olmas\u0131 yan\u0131nda sinema, televizyon, radyo, gazete, reklam sekt\u00f6rlerini kapsayacak bir m\u00fcfredata sahiptir. [&hellip;]<\/p>\n","protected":false},"author":1,"featured_media":0,"parent":0,"menu_order":0,"comment_status":"closed","ping_status":"closed","template":"elementor_header_footer","meta":{"footnotes":""},"class_list":["post-5765","page","type-page","status-publish","hentry"],"_links":{"self":[{"href":"https:\/\/atauni.edu.tr\/sahne-sanatlari-bolumu\/wp-json\/wp\/v2\/pages\/5765","targetHints":{"allow":["GET"]}}],"collection":[{"href":"https:\/\/atauni.edu.tr\/sahne-sanatlari-bolumu\/wp-json\/wp\/v2\/pages"}],"about":[{"href":"https:\/\/atauni.edu.tr\/sahne-sanatlari-bolumu\/wp-json\/wp\/v2\/types\/page"}],"author":[{"embeddable":true,"href":"https:\/\/atauni.edu.tr\/sahne-sanatlari-bolumu\/wp-json\/wp\/v2\/users\/1"}],"replies":[{"embeddable":true,"href":"https:\/\/atauni.edu.tr\/sahne-sanatlari-bolumu\/wp-json\/wp\/v2\/comments?post=5765"}],"version-history":[{"count":30,"href":"https:\/\/atauni.edu.tr\/sahne-sanatlari-bolumu\/wp-json\/wp\/v2\/pages\/5765\/revisions"}],"predecessor-version":[{"id":7385,"href":"https:\/\/atauni.edu.tr\/sahne-sanatlari-bolumu\/wp-json\/wp\/v2\/pages\/5765\/revisions\/7385"}],"wp:attachment":[{"href":"https:\/\/atauni.edu.tr\/sahne-sanatlari-bolumu\/wp-json\/wp\/v2\/media?parent=5765"}],"curies":[{"name":"wp","href":"https:\/\/api.w.org\/{rel}","templated":true}]}}