{"id":7394,"date":"2025-10-14T18:01:34","date_gmt":"2025-10-14T15:01:34","guid":{"rendered":"https:\/\/birimler.atauni.edu.tr\/sahne-sanatlari-bolumu\/?page_id=7394"},"modified":"2025-10-14T18:01:34","modified_gmt":"2025-10-14T15:01:34","slug":"egitim-ogretim","status":"publish","type":"page","link":"https:\/\/atauni.edu.tr\/sahne-sanatlari-bolumu\/egitim-ogretim\/","title":{"rendered":"E\u011fitim-\u00d6\u011fretim"},"content":{"rendered":"","protected":false},"excerpt":{"rendered":"","protected":false},"author":135,"featured_media":0,"parent":0,"menu_order":0,"comment_status":"closed","ping_status":"closed","template":"","meta":{"footnotes":""},"class_list":["post-7394","page","type-page","status-publish","hentry"],"_links":{"self":[{"href":"https:\/\/atauni.edu.tr\/sahne-sanatlari-bolumu\/wp-json\/wp\/v2\/pages\/7394","targetHints":{"allow":["GET"]}}],"collection":[{"href":"https:\/\/atauni.edu.tr\/sahne-sanatlari-bolumu\/wp-json\/wp\/v2\/pages"}],"about":[{"href":"https:\/\/atauni.edu.tr\/sahne-sanatlari-bolumu\/wp-json\/wp\/v2\/types\/page"}],"author":[{"embeddable":true,"href":"https:\/\/atauni.edu.tr\/sahne-sanatlari-bolumu\/wp-json\/wp\/v2\/users\/135"}],"replies":[{"embeddable":true,"href":"https:\/\/atauni.edu.tr\/sahne-sanatlari-bolumu\/wp-json\/wp\/v2\/comments?post=7394"}],"version-history":[{"count":1,"href":"https:\/\/atauni.edu.tr\/sahne-sanatlari-bolumu\/wp-json\/wp\/v2\/pages\/7394\/revisions"}],"predecessor-version":[{"id":7401,"href":"https:\/\/atauni.edu.tr\/sahne-sanatlari-bolumu\/wp-json\/wp\/v2\/pages\/7394\/revisions\/7401"}],"wp:attachment":[{"href":"https:\/\/atauni.edu.tr\/sahne-sanatlari-bolumu\/wp-json\/wp\/v2\/media?parent=7394"}],"curies":[{"name":"wp","href":"https:\/\/api.w.org\/{rel}","templated":true}]}}