{"id":7399,"date":"2025-10-14T18:01:34","date_gmt":"2025-10-14T15:01:34","guid":{"rendered":"https:\/\/birimler.atauni.edu.tr\/sahne-sanatlari-bolumu\/?page_id=7399"},"modified":"2025-10-19T16:17:51","modified_gmt":"2025-10-19T13:17:51","slug":"bolum-komisyonlari","status":"publish","type":"page","link":"https:\/\/atauni.edu.tr\/sahne-sanatlari-bolumu\/bolum-komisyonlari\/","title":{"rendered":"B\u00f6l\u00fcm Komisyonlar\u0131"},"content":{"rendered":"\t\t<div data-elementor-type=\"wp-page\" data-elementor-id=\"7399\" class=\"elementor elementor-7399\" data-elementor-post-type=\"page\">\n\t\t\t\t\t\t<section class=\"elementor-section elementor-top-section elementor-element elementor-element-249e8db elementor-section-boxed elementor-section-height-default elementor-section-height-default\" data-id=\"249e8db\" data-element_type=\"section\">\n\t\t\t\t\t\t<div class=\"elementor-container elementor-column-gap-default\">\n\t\t\t\t\t<div class=\"elementor-column elementor-col-100 elementor-top-column elementor-element elementor-element-ada9aef\" data-id=\"ada9aef\" data-element_type=\"column\">\n\t\t\t<div class=\"elementor-widget-wrap elementor-element-populated\">\n\t\t\t\t\t\t<div class=\"elementor-element elementor-element-921749f elementor-widget-divider--view-line elementor-widget elementor-widget-divider\" data-id=\"921749f\" data-element_type=\"widget\" data-widget_type=\"divider.default\">\n\t\t\t\t<div class=\"elementor-widget-container\">\n\t\t\t\t\t\t\t<div class=\"elementor-divider\">\n\t\t\t<span class=\"elementor-divider-separator\">\n\t\t\t\t\t\t<\/span>\n\t\t<\/div>\n\t\t\t\t\t\t<\/div>\n\t\t\t\t<\/div>\n\t\t\t\t<div class=\"elementor-element elementor-element-a1da309 elementor-widget elementor-widget-heading\" data-id=\"a1da309\" data-element_type=\"widget\" data-widget_type=\"heading.default\">\n\t\t\t\t<div class=\"elementor-widget-container\">\n\t\t\t\t\t<h3 class=\"elementor-heading-title elementor-size-default\">B\u00d6L\u00dcM KURULU<\/h3>\t\t\t\t<\/div>\n\t\t\t\t<\/div>\n\t\t\t\t<div class=\"elementor-element elementor-element-538348b elementor-widget elementor-widget-text-editor\" data-id=\"538348b\" data-element_type=\"widget\" data-widget_type=\"text-editor.default\">\n\t\t\t\t<div class=\"elementor-widget-container\">\n\t\t\t\t\t\t\t\t\t<p><span style=\"font-weight: 400;color: #1c1c1c\">Prof. Dr. B\u00fcnyamin AYDEM\u0130R <\/span><span style=\"color: #000000\"><b>(Ba\u015fkan)<\/b><\/span><\/p><p><span style=\"font-weight: 400;color: #1c1c1c\">Do\u00e7. Dr. Elif \u00d6ZHANCI<\/span><span style=\"color: #000000\"><b> (\u00dcye)<\/b><\/span><\/p><p><span style=\"font-weight: 400;color: #1c1c1c\">Dr. \u00d6\u011fr. \u00dcyesi Elif CANDAN <\/span><span style=\"color: #000000\"><b>(\u00dcye)<\/b><\/span><\/p><p><span style=\"font-weight: 400;color: #1c1c1c\">\u00d6\u011fr.G\u00f6r. Orhan KAPLAN <\/span><span style=\"color: #000000\"><b>(\u00dcye)<\/b><\/span><\/p>\t\t\t\t\t\t\t\t<\/div>\n\t\t\t\t<\/div>\n\t\t\t\t<div class=\"elementor-element elementor-element-e14824e elementor-widget-divider--view-line elementor-widget elementor-widget-divider\" data-id=\"e14824e\" data-element_type=\"widget\" data-widget_type=\"divider.default\">\n\t\t\t\t<div class=\"elementor-widget-container\">\n\t\t\t\t\t\t\t<div class=\"elementor-divider\">\n\t\t\t<span class=\"elementor-divider-separator\">\n\t\t\t\t\t\t<\/span>\n\t\t<\/div>\n\t\t\t\t\t\t<\/div>\n\t\t\t\t<\/div>\n\t\t\t\t<div class=\"elementor-element elementor-element-cb325d7 elementor-widget elementor-widget-heading\" data-id=\"cb325d7\" data-element_type=\"widget\" data-widget_type=\"heading.default\">\n\t\t\t\t<div class=\"elementor-widget-container\">\n\t\t\t\t\t<h3 class=\"elementor-heading-title elementor-size-default\">B\u0130L\u0130M KURULU<\/h3>\t\t\t\t<\/div>\n\t\t\t\t<\/div>\n\t\t\t\t<div class=\"elementor-element elementor-element-b7dd20d elementor-widget elementor-widget-text-editor\" data-id=\"b7dd20d\" data-element_type=\"widget\" data-widget_type=\"text-editor.default\">\n\t\t\t\t<div class=\"elementor-widget-container\">\n\t\t\t\t\t\t\t\t\t<p><span style=\"color: #1c1c1c\"><span style=\"font-weight: 400\">Prof. Dr. B\u00fcnyamin AYDEM\u0130R <\/span><span style=\"color: #000000\"><b>(Ba\u015fkan)<\/b><\/span><\/span><\/p><p><span style=\"color: #1c1c1c\"><span style=\"font-weight: 400\">Do\u00e7. Dr. Elif \u00d6ZHANCI<\/span><span style=\"color: #000000\"><b> (\u00dcye)<\/b><\/span><\/span><\/p><p><span style=\"color: #1c1c1c\"><span style=\"font-weight: 400\">Do\u00e7. Dr. Tamer TEMEL <\/span><span style=\"color: #000000\"><b>(\u00dcye)<\/b><\/span><\/span><\/p><p><span style=\"color: #1c1c1c\"><span style=\"font-weight: 400\">Dr. \u00d6\u011fr. \u00dcyesi Elif CANDAN <\/span><span style=\"color: #000000\"><b>(\u00dcye)<\/b><\/span><\/span><\/p>\t\t\t\t\t\t\t\t<\/div>\n\t\t\t\t<\/div>\n\t\t\t\t<div class=\"elementor-element elementor-element-d311b2e elementor-widget-divider--view-line elementor-widget elementor-widget-divider\" data-id=\"d311b2e\" data-element_type=\"widget\" data-widget_type=\"divider.default\">\n\t\t\t\t<div class=\"elementor-widget-container\">\n\t\t\t\t\t\t\t<div class=\"elementor-divider\">\n\t\t\t<span class=\"elementor-divider-separator\">\n\t\t\t\t\t\t<\/span>\n\t\t<\/div>\n\t\t\t\t\t\t<\/div>\n\t\t\t\t<\/div>\n\t\t\t\t<div class=\"elementor-element elementor-element-1d60255 elementor-widget elementor-widget-heading\" data-id=\"1d60255\" data-element_type=\"widget\" data-widget_type=\"heading.default\">\n\t\t\t\t<div class=\"elementor-widget-container\">\n\t\t\t\t\t<h3 class=\"elementor-heading-title elementor-size-default\">E\u011e\u0130T\u0130M KOM\u0130SYONU<\/h3>\t\t\t\t<\/div>\n\t\t\t\t<\/div>\n\t\t\t\t<div class=\"elementor-element elementor-element-77ee455 elementor-widget elementor-widget-text-editor\" data-id=\"77ee455\" data-element_type=\"widget\" data-widget_type=\"text-editor.default\">\n\t\t\t\t<div class=\"elementor-widget-container\">\n\t\t\t\t\t\t\t\t\t<p><span style=\"color: #1c1c1c\"><span style=\"font-weight: 400\">Prof. Dr. B\u00fcnyamin AYDEM\u0130R <\/span><span style=\"color: #000000\"><b>(Ba\u015fkan)<\/b><\/span><\/span><\/p><p><span style=\"color: #1c1c1c\"><span style=\"font-weight: 400\">Do\u00e7. Dr. Elif \u00d6ZHANCI<\/span><span style=\"color: #000000\"><b> (\u00dcye)<\/b><\/span><\/span><\/p><p><span style=\"color: #1c1c1c\"><span style=\"font-weight: 400\">Do\u00e7. Dr. Tamer TEMEL <\/span><span style=\"color: #000000\"><b>(\u00dcye)<\/b><\/span><\/span><\/p><p><span style=\"color: #1c1c1c\"><span style=\"font-weight: 400\">\u00d6\u011fr.G\u00f6r.Orhan KAPLAN <\/span><span style=\"color: #000000\"><b>(\u00dcye)<\/b><\/span><\/span><\/p><p><span style=\"color: #1c1c1c\"><span style=\"font-weight: 400\">Ar\u015f.G\u00f6r.Dr.Fatih YAR\u015e\u0130 <\/span><span style=\"color: #000000\"><b>(\u00dcye)<\/b><\/span><\/span><\/p>\t\t\t\t\t\t\t\t<\/div>\n\t\t\t\t<\/div>\n\t\t\t\t<div class=\"elementor-element elementor-element-7efa0f6 elementor-widget-divider--view-line elementor-widget elementor-widget-divider\" data-id=\"7efa0f6\" data-element_type=\"widget\" data-widget_type=\"divider.default\">\n\t\t\t\t<div class=\"elementor-widget-container\">\n\t\t\t\t\t\t\t<div class=\"elementor-divider\">\n\t\t\t<span class=\"elementor-divider-separator\">\n\t\t\t\t\t\t<\/span>\n\t\t<\/div>\n\t\t\t\t\t\t<\/div>\n\t\t\t\t<\/div>\n\t\t\t\t<div class=\"elementor-element elementor-element-aad8d99 elementor-widget elementor-widget-heading\" data-id=\"aad8d99\" data-element_type=\"widget\" data-widget_type=\"heading.default\">\n\t\t\t\t<div class=\"elementor-widget-container\">\n\t\t\t\t\t<h3 class=\"elementor-heading-title elementor-size-default\">FAAL\u0130YETLER KOM\u0130SYONU<\/h3>\t\t\t\t<\/div>\n\t\t\t\t<\/div>\n\t\t\t\t<div class=\"elementor-element elementor-element-65fc7cc elementor-widget elementor-widget-text-editor\" data-id=\"65fc7cc\" data-element_type=\"widget\" data-widget_type=\"text-editor.default\">\n\t\t\t\t<div class=\"elementor-widget-container\">\n\t\t\t\t\t\t\t\t\t<p><span style=\"color: #1c1c1c\"><span style=\"color: #000000\"><b><span style=\"font-weight: 400\">Do\u00e7. Dr. Tamer TEMEL <\/span>(Koordinat\u00f6r\/Ba\u015fkan)<\/b><\/span><\/span><\/p><p><span style=\"color: #1c1c1c\"><span style=\"color: #000000\"><b><span style=\"font-weight: 400\">\u00d6\u011fr.G\u00f6r.Dr.Erdo\u011fan G\u00d6\u011eEBAKAN<\/span> (\u00dcye)<\/b><\/span><\/span><\/p><p><span style=\"color: #1c1c1c\"><span style=\"font-weight: 400\">\u00d6\u011fr.G\u00f6r.Selim C\u0130N\u0130SL\u0130 <\/span><span style=\"color: #000000\"><b>(\u00dcye)<\/b><\/span><\/span><\/p><p><span style=\"color: #1c1c1c\"><span style=\"font-weight: 400\">\u00d6\u011fr.G\u00f6r.Orhan KAPLAN <\/span><span style=\"color: #000000\"><b>(\u00dcye)<\/b><\/span><\/span><\/p>\t\t\t\t\t\t\t\t<\/div>\n\t\t\t\t<\/div>\n\t\t\t\t<div class=\"elementor-element elementor-element-8fc1a70 elementor-widget elementor-widget-spacer\" data-id=\"8fc1a70\" data-element_type=\"widget\" data-widget_type=\"spacer.default\">\n\t\t\t\t<div class=\"elementor-widget-container\">\n\t\t\t\t\t\t\t<div class=\"elementor-spacer\">\n\t\t\t<div class=\"elementor-spacer-inner\"><\/div>\n\t\t<\/div>\n\t\t\t\t\t\t<\/div>\n\t\t\t\t<\/div>\n\t\t\t\t\t<\/div>\n\t\t<\/div>\n\t\t\t\t\t<\/div>\n\t\t<\/section>\n\t\t\t\t<\/div>\n\t\t","protected":false},"excerpt":{"rendered":"<p>B\u00d6L\u00dcM KURULU Prof. Dr. B\u00fcnyamin AYDEM\u0130R (Ba\u015fkan) Do\u00e7. Dr. Elif \u00d6ZHANCI (\u00dcye) Dr. \u00d6\u011fr. \u00dcyesi Elif CANDAN (\u00dcye) \u00d6\u011fr.G\u00f6r. Orhan KAPLAN (\u00dcye) B\u0130L\u0130M KURULU Prof. Dr. B\u00fcnyamin AYDEM\u0130R (Ba\u015fkan) Do\u00e7. Dr. Elif \u00d6ZHANCI (\u00dcye) Do\u00e7. Dr. Tamer TEMEL (\u00dcye) Dr. \u00d6\u011fr. \u00dcyesi Elif CANDAN (\u00dcye) E\u011e\u0130T\u0130M KOM\u0130SYONU Prof. Dr. B\u00fcnyamin AYDEM\u0130R (Ba\u015fkan) Do\u00e7. Dr. Elif [&hellip;]<\/p>\n","protected":false},"author":135,"featured_media":0,"parent":0,"menu_order":0,"comment_status":"closed","ping_status":"closed","template":"","meta":{"footnotes":""},"class_list":["post-7399","page","type-page","status-publish","hentry"],"_links":{"self":[{"href":"https:\/\/atauni.edu.tr\/sahne-sanatlari-bolumu\/wp-json\/wp\/v2\/pages\/7399","targetHints":{"allow":["GET"]}}],"collection":[{"href":"https:\/\/atauni.edu.tr\/sahne-sanatlari-bolumu\/wp-json\/wp\/v2\/pages"}],"about":[{"href":"https:\/\/atauni.edu.tr\/sahne-sanatlari-bolumu\/wp-json\/wp\/v2\/types\/page"}],"author":[{"embeddable":true,"href":"https:\/\/atauni.edu.tr\/sahne-sanatlari-bolumu\/wp-json\/wp\/v2\/users\/135"}],"replies":[{"embeddable":true,"href":"https:\/\/atauni.edu.tr\/sahne-sanatlari-bolumu\/wp-json\/wp\/v2\/comments?post=7399"}],"version-history":[{"count":28,"href":"https:\/\/atauni.edu.tr\/sahne-sanatlari-bolumu\/wp-json\/wp\/v2\/pages\/7399\/revisions"}],"predecessor-version":[{"id":7448,"href":"https:\/\/atauni.edu.tr\/sahne-sanatlari-bolumu\/wp-json\/wp\/v2\/pages\/7399\/revisions\/7448"}],"wp:attachment":[{"href":"https:\/\/atauni.edu.tr\/sahne-sanatlari-bolumu\/wp-json\/wp\/v2\/media?parent=7399"}],"curies":[{"name":"wp","href":"https:\/\/api.w.org\/{rel}","templated":true}]}}